{"id":10577,"date":"2018-10-30T01:07:02","date_gmt":"2018-10-30T00:07:02","guid":{"rendered":"http:\/\/culturesconnection.com\/?page_id=10577"},"modified":"2022-12-09T11:39:05","modified_gmt":"2022-12-09T10:39:05","slug":"traduction-scientifique-danois","status":"publish","type":"page","link":"https:\/\/culturesconnection.com\/fr\/services-de-traduction-danois\/traduction-scientifique-danois\/","title":{"rendered":"Agence de traduction scientifique en danois"},"content":{"rendered":"\n<h2 class=\"wp-block-heading\">NOS SERVICES DE TRADUCTION SCIENTIFIQUE DANOIS-FRAN\u00c7AIS<\/h2>\n\n\n\n<p>Dans le domaine de <a href=\"https:\/\/culturesconnection.com\/fr\/traduction-scientifique\/\">la traduction scientifique<\/a>, la terminologie prime avant tout. Le traducteur doit effectuer de nombreuses recherches de termes et de concepts pour \u00eatre \u00e0 m\u00eame de rendre un produit final de qualit\u00e9. La pr\u00e9cision et la rigueur sont essentielles dans ce type de travail car les erreurs de traduction peuvent \u00eatre lourdes de cons\u00e9quences. Il est fondamental de faire appel \u00e0 un traducteur sp\u00e9cialis\u00e9 dans le secteur qui ma\u00eetrise totalement la terminologie. Prenez le temps de bien choisir l\u2019agence de traduction pour vous assurer une traduction irr\u00e9prochable.<\/p>\n\n\n\n<h2 class=\"wp-block-heading\">NOTRE AGENCE DE TRADUCTION SCIENTIFIQUE<\/h2>\n\n\n\n<p><a href=\"https:\/\/culturesconnection.com\/fr\/\">Notre agence de traduction<\/a> vous propose les services de traducteurs sp\u00e9cialis\u00e9s dans la traduction scientifique pour qui le fran\u00e7ais et le danois n\u2019ont plus de secrets. Ils traduisent tous uniquement vers leur langue maternelle pour vous assurer des services de qualit\u00e9. Les sp\u00e9cialisations sont nombreuses dans le monde scientifique. Que votre projet traite de la biodiversit\u00e9, du domaine m\u00e9dical ou encore de l\u2019environnement, nous avons l\u2019expert qu\u2019il vous faut. Ainsi, si vous avez un document scientifique \u00e0 faire traduire du danois vers le fran\u00e7ais ou du fran\u00e7ais vers le danois, n\u2019h\u00e9sitez pas \u00e0 faire appel \u00e0 notre agence de traduction.<\/p>\n\n\n\n<h2 class=\"wp-block-heading\">LA TRADUCTION DE VOS DOCUMENTS SCIENTIFIQUES EN DANOIS<\/h2>\n\n\n\n<p>Cultures Connection vous propose une large gamme de prestations linguistiques pour la traduction de documents scientifiques. Voici quelques exemples de traductions r\u00e9alis\u00e9es en danois :<\/p>\n\n\n\n<ul class=\"wp-block-list\">\n<li>Lexiques, encyclop\u00e9dies scientifiques et glossaires<\/li>\n\n\n\n<li>Documents techniques et articles de recherche<\/li>\n\n\n\n<li>Manuels op\u00e9rateurs et utilisateurs<\/li>\n\n\n\n<li>Essais de laboratoire, protocoles d\u2019essais<\/li>\n\n\n\n<li>Documents juridiques, brevets et directives<\/li>\n\n\n\n<li>Cahiers des charges<\/li>\n\n\n\n<li>Projets et \u00e9tudes de march\u00e9 multipays<\/li>\n\n\n\n<li>Logiciels de simulation (biotech, environnement, r\u00e9habilitation de sites industriels)<\/li>\n\n\n\n<li>Pr\u00e9sentations multim\u00e9dia et vid\u00e9os<\/li>\n\n\n\n<li>Traduction et localisation de sites web<\/li>\n\n\n\n<li>Traduction de notices techniques, pr\u00e9sentation de congr\u00e8s<\/li>\n<\/ul>\n","protected":false},"excerpt":{"rendered":"<p>NOS SERVICES DE TRADUCTION SCIENTIFIQUE DANOIS-FRAN\u00c7AIS Dans le domaine de la traduction scientifique, la terminologie prime avant tout. Le traducteur doit effectuer de nombreuses recherches [&#8230;]<\/p>\n<p><a class=\"btn btn-secondary understrap-read-more-link\" href=\"https:\/\/culturesconnection.com\/fr\/services-de-traduction-danois\/traduction-scientifique-danois\/\">Lire la suite\u2026<span class=\"screen-reader-text\"> from Agence de traduction scientifique en danois<\/span><\/a><\/p>\n","protected":false},"author":42,"featured_media":24329,"parent":6570,"menu_order":0,"comment_status":"closed","ping_status":"closed","template":"","meta":{"_acf_changed":false,"_editorskit_title_hidden":false,"_editorskit_reading_time":1,"_editorskit_is_block_options_detached":false,"_editorskit_block_options_position":"{}","footnotes":""},"class_list":["post-10577","page","type-page","status-publish","has-post-thumbnail","hentry"],"acf":[],"yoast_head":"<!-- This site is optimized with the Yoast SEO Premium plugin v23.4 (Yoast SEO v27.3) - https:\/\/yoast.com\/product\/yoast-seo-premium-wordpress\/ -->\n<title>Services de traduction scientifique danois<\/title>\n<meta name=\"description\" content=\"Besoin d&#039;une traduction scientifique danois-fran\u00e7ais ? Faites confiance \u00e0 Cultures Connection et son large r\u00e9seau de traducteurs professionnels.\" \/>\n<meta name=\"robots\" content=\"index, follow, max-snippet:-1, max-image-preview:large, max-video-preview:-1\" \/>\n<link rel=\"canonical\" href=\"https:\/\/culturesconnection.com\/fr\/services-de-traduction-danois\/traduction-scientifique-danois\/\" \/>\n<meta property=\"og:locale\" content=\"fr_FR\" \/>\n<meta property=\"og:type\" content=\"article\" \/>\n<meta property=\"og:title\" content=\"Agence de traduction scientifique en danois\" \/>\n<meta property=\"og:description\" content=\"Besoin d&#039;une traduction scientifique danois-fran\u00e7ais ? Faites confiance \u00e0 Cultures Connection et son large r\u00e9seau de traducteurs professionnels.\" \/>\n<meta property=\"og:url\" content=\"https:\/\/culturesconnection.com\/fr\/services-de-traduction-danois\/traduction-scientifique-danois\/\" \/>\n<meta property=\"og:site_name\" content=\"Cultures Connection\" \/>\n<meta property=\"article:publisher\" content=\"https:\/\/www.facebook.com\/CulturesConnection\" \/>\n<meta property=\"article:modified_time\" content=\"2022-12-09T10:39:05+00:00\" \/>\n<meta property=\"og:image\" content=\"https:\/\/culturesconnection.com\/wp-content\/uploads\/2020\/09\/P\u00e1gina_Subservicios_de_traducci\u00f3n_por_idioma.png\" \/>\n\t<meta property=\"og:image:width\" content=\"1417\" \/>\n\t<meta property=\"og:image:height\" content=\"561\" \/>\n\t<meta property=\"og:image:type\" content=\"image\/png\" \/>\n<meta name=\"twitter:card\" content=\"summary_large_image\" \/>\n<meta name=\"twitter:site\" content=\"@CulturesCo_\" \/>\n<meta name=\"twitter:label1\" content=\"Dur\u00e9e de lecture estim\u00e9e\" \/>\n\t<meta name=\"twitter:data1\" content=\"2 minutes\" \/>\n<script type=\"application\/ld+json\" class=\"yoast-schema-graph\">{\"@context\":\"https:\\\/\\\/schema.org\",\"@graph\":[{\"@type\":\"WebPage\",\"@id\":\"https:\\\/\\\/culturesconnection.com\\\/fr\\\/services-de-traduction-danois\\\/traduction-scientifique-danois\\\/\",\"url\":\"https:\\\/\\\/culturesconnection.com\\\/fr\\\/services-de-traduction-danois\\\/traduction-scientifique-danois\\\/\",\"name\":\"Services de traduction scientifique danois\",\"isPartOf\":{\"@id\":\"https:\\\/\\\/culturesconnection.com\\\/fr\\\/#website\"},\"primaryImageOfPage\":{\"@id\":\"https:\\\/\\\/culturesconnection.com\\\/fr\\\/services-de-traduction-danois\\\/traduction-scientifique-danois\\\/#primaryimage\"},\"image\":{\"@id\":\"https:\\\/\\\/culturesconnection.com\\\/fr\\\/services-de-traduction-danois\\\/traduction-scientifique-danois\\\/#primaryimage\"},\"thumbnailUrl\":\"https:\\\/\\\/culturesconnection.com\\\/wp-content\\\/uploads\\\/2020\\\/09\\\/P\u00e1gina_Subservicios_de_traducci\u00f3n_por_idioma.png\",\"datePublished\":\"2018-10-30T00:07:02+00:00\",\"dateModified\":\"2022-12-09T10:39:05+00:00\",\"description\":\"Besoin d'une traduction scientifique danois-fran\u00e7ais ? Faites confiance \u00e0 Cultures Connection et son large r\u00e9seau de traducteurs professionnels.\",\"breadcrumb\":{\"@id\":\"https:\\\/\\\/culturesconnection.com\\\/fr\\\/services-de-traduction-danois\\\/traduction-scientifique-danois\\\/#breadcrumb\"},\"inLanguage\":\"fr-FR\",\"potentialAction\":[{\"@type\":\"ReadAction\",\"target\":[\"https:\\\/\\\/culturesconnection.com\\\/fr\\\/services-de-traduction-danois\\\/traduction-scientifique-danois\\\/\"]}]},{\"@type\":\"ImageObject\",\"inLanguage\":\"fr-FR\",\"@id\":\"https:\\\/\\\/culturesconnection.com\\\/fr\\\/services-de-traduction-danois\\\/traduction-scientifique-danois\\\/#primaryimage\",\"url\":\"https:\\\/\\\/culturesconnection.com\\\/wp-content\\\/uploads\\\/2020\\\/09\\\/P\u00e1gina_Subservicios_de_traducci\u00f3n_por_idioma.png\",\"contentUrl\":\"https:\\\/\\\/culturesconnection.com\\\/wp-content\\\/uploads\\\/2020\\\/09\\\/P\u00e1gina_Subservicios_de_traducci\u00f3n_por_idioma.png\",\"width\":1417,\"height\":561},{\"@type\":\"BreadcrumbList\",\"@id\":\"https:\\\/\\\/culturesconnection.com\\\/fr\\\/services-de-traduction-danois\\\/traduction-scientifique-danois\\\/#breadcrumb\",\"itemListElement\":[{\"@type\":\"ListItem\",\"position\":1,\"name\":\"Home\",\"item\":\"https:\\\/\\\/culturesconnection.com\\\/fr\\\/\"},{\"@type\":\"ListItem\",\"position\":2,\"name\":\"Agence de traduction en danois\",\"item\":\"https:\\\/\\\/culturesconnection.com\\\/fr\\\/services-de-traduction-danois\\\/\"},{\"@type\":\"ListItem\",\"position\":3,\"name\":\"Agence de traduction scientifique en danois\"}]},{\"@type\":\"WebSite\",\"@id\":\"https:\\\/\\\/culturesconnection.com\\\/fr\\\/#website\",\"url\":\"https:\\\/\\\/culturesconnection.com\\\/fr\\\/\",\"name\":\"Cultures Connection\",\"description\":\"Cultures Connection is a translation agency dedicated to the success of its international clients.\",\"publisher\":{\"@id\":\"https:\\\/\\\/culturesconnection.com\\\/fr\\\/#organization\"},\"potentialAction\":[{\"@type\":\"SearchAction\",\"target\":{\"@type\":\"EntryPoint\",\"urlTemplate\":\"https:\\\/\\\/culturesconnection.com\\\/fr\\\/?s={search_term_string}\"},\"query-input\":{\"@type\":\"PropertyValueSpecification\",\"valueRequired\":true,\"valueName\":\"search_term_string\"}}],\"inLanguage\":\"fr-FR\"},{\"@type\":\"Organization\",\"@id\":\"https:\\\/\\\/culturesconnection.com\\\/fr\\\/#organization\",\"name\":\"Cultures Connection\",\"url\":\"https:\\\/\\\/culturesconnection.com\\\/fr\\\/\",\"logo\":{\"@type\":\"ImageObject\",\"inLanguage\":\"fr-FR\",\"@id\":\"https:\\\/\\\/culturesconnection.com\\\/fr\\\/#\\\/schema\\\/logo\\\/image\\\/\",\"url\":\"https:\\\/\\\/culturesconnection.com\\\/wp-content\\\/uploads\\\/2022\\\/06\\\/cropped-favicon512x512.png\",\"contentUrl\":\"https:\\\/\\\/culturesconnection.com\\\/wp-content\\\/uploads\\\/2022\\\/06\\\/cropped-favicon512x512.png\",\"width\":512,\"height\":512,\"caption\":\"Cultures Connection\"},\"image\":{\"@id\":\"https:\\\/\\\/culturesconnection.com\\\/fr\\\/#\\\/schema\\\/logo\\\/image\\\/\"},\"sameAs\":[\"https:\\\/\\\/www.facebook.com\\\/CulturesConnection\",\"https:\\\/\\\/x.com\\\/CulturesCo_\"]}]}<\/script>\n<!-- \/ Yoast SEO Premium plugin. -->","yoast_head_json":{"title":"Services de traduction scientifique danois","description":"Besoin d'une traduction scientifique danois-fran\u00e7ais ? Faites confiance \u00e0 Cultures Connection et son large r\u00e9seau de traducteurs professionnels.","robots":{"index":"index","follow":"follow","max-snippet":"max-snippet:-1","max-image-preview":"max-image-preview:large","max-video-preview":"max-video-preview:-1"},"canonical":"https:\/\/culturesconnection.com\/fr\/services-de-traduction-danois\/traduction-scientifique-danois\/","og_locale":"fr_FR","og_type":"article","og_title":"Agence de traduction scientifique en danois","og_description":"Besoin d'une traduction scientifique danois-fran\u00e7ais ? Faites confiance \u00e0 Cultures Connection et son large r\u00e9seau de traducteurs professionnels.","og_url":"https:\/\/culturesconnection.com\/fr\/services-de-traduction-danois\/traduction-scientifique-danois\/","og_site_name":"Cultures Connection","article_publisher":"https:\/\/www.facebook.com\/CulturesConnection","article_modified_time":"2022-12-09T10:39:05+00:00","og_image":[{"width":1417,"height":561,"url":"https:\/\/culturesconnection.com\/wp-content\/uploads\/2020\/09\/P\u00e1gina_Subservicios_de_traducci\u00f3n_por_idioma.png","type":"image\/png"}],"twitter_card":"summary_large_image","twitter_site":"@CulturesCo_","twitter_misc":{"Dur\u00e9e de lecture estim\u00e9e":"2 minutes"},"schema":{"@context":"https:\/\/schema.org","@graph":[{"@type":"WebPage","@id":"https:\/\/culturesconnection.com\/fr\/services-de-traduction-danois\/traduction-scientifique-danois\/","url":"https:\/\/culturesconnection.com\/fr\/services-de-traduction-danois\/traduction-scientifique-danois\/","name":"Services de traduction scientifique danois","isPartOf":{"@id":"https:\/\/culturesconnection.com\/fr\/#website"},"primaryImageOfPage":{"@id":"https:\/\/culturesconnection.com\/fr\/services-de-traduction-danois\/traduction-scientifique-danois\/#primaryimage"},"image":{"@id":"https:\/\/culturesconnection.com\/fr\/services-de-traduction-danois\/traduction-scientifique-danois\/#primaryimage"},"thumbnailUrl":"https:\/\/culturesconnection.com\/wp-content\/uploads\/2020\/09\/P\u00e1gina_Subservicios_de_traducci\u00f3n_por_idioma.png","datePublished":"2018-10-30T00:07:02+00:00","dateModified":"2022-12-09T10:39:05+00:00","description":"Besoin d'une traduction scientifique danois-fran\u00e7ais ? Faites confiance \u00e0 Cultures Connection et son large r\u00e9seau de traducteurs professionnels.","breadcrumb":{"@id":"https:\/\/culturesconnection.com\/fr\/services-de-traduction-danois\/traduction-scientifique-danois\/#breadcrumb"},"inLanguage":"fr-FR","potentialAction":[{"@type":"ReadAction","target":["https:\/\/culturesconnection.com\/fr\/services-de-traduction-danois\/traduction-scientifique-danois\/"]}]},{"@type":"ImageObject","inLanguage":"fr-FR","@id":"https:\/\/culturesconnection.com\/fr\/services-de-traduction-danois\/traduction-scientifique-danois\/#primaryimage","url":"https:\/\/culturesconnection.com\/wp-content\/uploads\/2020\/09\/P\u00e1gina_Subservicios_de_traducci\u00f3n_por_idioma.png","contentUrl":"https:\/\/culturesconnection.com\/wp-content\/uploads\/2020\/09\/P\u00e1gina_Subservicios_de_traducci\u00f3n_por_idioma.png","width":1417,"height":561},{"@type":"BreadcrumbList","@id":"https:\/\/culturesconnection.com\/fr\/services-de-traduction-danois\/traduction-scientifique-danois\/#breadcrumb","itemListElement":[{"@type":"ListItem","position":1,"name":"Home","item":"https:\/\/culturesconnection.com\/fr\/"},{"@type":"ListItem","position":2,"name":"Agence de traduction en danois","item":"https:\/\/culturesconnection.com\/fr\/services-de-traduction-danois\/"},{"@type":"ListItem","position":3,"name":"Agence de traduction scientifique en danois"}]},{"@type":"WebSite","@id":"https:\/\/culturesconnection.com\/fr\/#website","url":"https:\/\/culturesconnection.com\/fr\/","name":"Cultures Connection","description":"Cultures Connection is a translation agency dedicated to the success of its international clients.","publisher":{"@id":"https:\/\/culturesconnection.com\/fr\/#organization"},"potentialAction":[{"@type":"SearchAction","target":{"@type":"EntryPoint","urlTemplate":"https:\/\/culturesconnection.com\/fr\/?s={search_term_string}"},"query-input":{"@type":"PropertyValueSpecification","valueRequired":true,"valueName":"search_term_string"}}],"inLanguage":"fr-FR"},{"@type":"Organization","@id":"https:\/\/culturesconnection.com\/fr\/#organization","name":"Cultures Connection","url":"https:\/\/culturesconnection.com\/fr\/","logo":{"@type":"ImageObject","inLanguage":"fr-FR","@id":"https:\/\/culturesconnection.com\/fr\/#\/schema\/logo\/image\/","url":"https:\/\/culturesconnection.com\/wp-content\/uploads\/2022\/06\/cropped-favicon512x512.png","contentUrl":"https:\/\/culturesconnection.com\/wp-content\/uploads\/2022\/06\/cropped-favicon512x512.png","width":512,"height":512,"caption":"Cultures Connection"},"image":{"@id":"https:\/\/culturesconnection.com\/fr\/#\/schema\/logo\/image\/"},"sameAs":["https:\/\/www.facebook.com\/CulturesConnection","https:\/\/x.com\/CulturesCo_"]}]}},"_links":{"self":[{"href":"https:\/\/culturesconnection.com\/fr\/wp-json\/wp\/v2\/pages\/10577","targetHints":{"allow":["GET"]}}],"collection":[{"href":"https:\/\/culturesconnection.com\/fr\/wp-json\/wp\/v2\/pages"}],"about":[{"href":"https:\/\/culturesconnection.com\/fr\/wp-json\/wp\/v2\/types\/page"}],"author":[{"embeddable":true,"href":"https:\/\/culturesconnection.com\/fr\/wp-json\/wp\/v2\/users\/42"}],"replies":[{"embeddable":true,"href":"https:\/\/culturesconnection.com\/fr\/wp-json\/wp\/v2\/comments?post=10577"}],"version-history":[{"count":0,"href":"https:\/\/culturesconnection.com\/fr\/wp-json\/wp\/v2\/pages\/10577\/revisions"}],"up":[{"embeddable":true,"href":"https:\/\/culturesconnection.com\/fr\/wp-json\/wp\/v2\/pages\/6570"}],"wp:featuredmedia":[{"embeddable":true,"href":"https:\/\/culturesconnection.com\/fr\/wp-json\/wp\/v2\/media\/24329"}],"wp:attachment":[{"href":"https:\/\/culturesconnection.com\/fr\/wp-json\/wp\/v2\/media?parent=10577"}],"curies":[{"name":"wp","href":"https:\/\/api.w.org\/{rel}","templated":true}]}}