{"id":10575,"date":"2018-10-30T01:06:28","date_gmt":"2018-10-30T00:06:28","guid":{"rendered":"http:\/\/culturesconnection.com\/?page_id=10575"},"modified":"2022-12-09T11:57:38","modified_gmt":"2022-12-09T10:57:38","slug":"traduction-financiere-danois","status":"publish","type":"page","link":"https:\/\/culturesconnection.com\/fr\/services-de-traduction-danois\/traduction-financiere-danois\/","title":{"rendered":"Agence de traduction financi\u00e8re en danois"},"content":{"rendered":"\n<h2 class=\"wp-block-heading\">TRADUCTION FINANCI\u00c8RE DANOIS &#8211; FRAN\u00c7AIS, LA PR\u00c9CISION AVANT TOUT<\/h2>\n\n\n\n<p>Dans le domaine de la traduction, la pr\u00e9cision et la rigueur sont des qualit\u00e9s fondamentales. Une solide connaissance de la terminologie, des notions et des normes en vigueur est n\u00e9cessaire. C\u2019est pour cela, que la plupart du temps, le traducteur professionnel a travaill\u00e9 dans le milieu, ce qui lui a permis d\u2019acqu\u00e9rir de nombreuses comp\u00e9tences et connaissances, essentielles pour mener \u00e0 bien une traduction financi\u00e8re exacte. Les cons\u00e9quences d\u2019une mauvaise traduction peuvent \u00eatre d\u00e9sastreuses pour votre entreprise. Un seul choix s\u2019offre \u00e0 vous : confier vos projets \u00e0 une agence de traduction sp\u00e9cialis\u00e9e dans <a href=\"https:\/\/culturesconnection.com\/fr\/traduction-financiere\/\">la traduction financi\u00e8re<\/a>.<\/p>\n\n\n\n<h2 class=\"wp-block-heading\">NOTRE AGENCE DE TRADUCTION FINANCI\u00c8RE<\/h2>\n\n\n\n<p>Cultures Connection travaille en \u00e9troite collaboration avec un large r\u00e9seau de traducteurs sp\u00e9cialis\u00e9s dans le domaine financier. Notre \u00e9quipe s\u00e9lectionne des professionnels, en fonction de leur exp\u00e9rience dans le milieu professionnel et de leurs dipl\u00f4mes universitaires. Ces traducteurs sont bien \u00e9videmment bilingues et habitu\u00e9s \u00e0 la terminologie du secteur financier. Ils ma\u00eetrisent donc parfaitement le fran\u00e7ais et le danois, par exemple, et sont donc tout \u00e0 fait capables de vous fournir des services de traduction d&rsquo;excellente qualit\u00e9. Dans <a href=\"https:\/\/culturesconnection.com\/fr\/\">notre agence de traduction<\/a>, nous sommes \u00e9galement conscients de l\u2019importance de la confidentialit\u00e9 de vos documents, c\u2019est pourquoi nous les traitons avec toute l\u2019attention et la discr\u00e9tion qu\u2019ils m\u00e9ritent. N\u2019h\u00e9sitez plus, faites appel \u00e0 notre agence d\u00e8s \u00e0 pr\u00e9sent pour vos prochains projets de traduction financi\u00e8re danois.<\/p>\n\n\n\n<h2 class=\"wp-block-heading\">VOS DOCUMENTS FINANCIERS EN DANOIS<\/h2>\n\n\n\n<p>Chez Cultures Connection, nous proposons \u00e0 nos clients une large gamme de prestations linguistiques dans le domaine financier. Voici quelques exemples de traduction d\u00e9j\u00e0 trait\u00e9s en danois par notre \u00e9quipe :<\/p>\n\n\n\n<ul class=\"wp-block-list\">\n<li>Documents d\u2019informations cl\u00e9s pour l\u2019investisseur (DICI)<\/li>\n\n\n\n<li>Prospectus<\/li>\n\n\n\n<li>Rapports de fonds d\u2019investissement<\/li>\n\n\n\n<li>Rapports d\u2019activit\u00e9<\/li>\n\n\n\n<li>Bilans<\/li>\n\n\n\n<li>Bourse<\/li>\n\n\n\n<li>Papiers bancaires<\/li>\n\n\n\n<li>Lettres d\u2019informations financi\u00e8res<\/li>\n\n\n\n<li>Papiers de recherche<\/li>\n\n\n\n<li>Documents de gestion du risque et d\u2019actifs<\/li>\n\n\n\n<li>Rapports d\u2019audits<\/li>\n\n\n\n<li>Bilans<\/li>\n\n\n\n<li>Papiers de recherche<\/li>\n\n\n\n<li>Documents de fusions et d\u2019acquisitions<\/li>\n<\/ul>\n","protected":false},"excerpt":{"rendered":"<p>TRADUCTION FINANCI\u00c8RE DANOIS &#8211; FRAN\u00c7AIS, LA PR\u00c9CISION AVANT TOUT Dans le domaine de la traduction, la pr\u00e9cision et la rigueur sont des qualit\u00e9s fondamentales. Une [&#8230;]<\/p>\n<p><a class=\"btn btn-secondary understrap-read-more-link\" href=\"https:\/\/culturesconnection.com\/fr\/services-de-traduction-danois\/traduction-financiere-danois\/\">Lire la suite\u2026<span class=\"screen-reader-text\"> from Agence de traduction financi\u00e8re en danois<\/span><\/a><\/p>\n","protected":false},"author":42,"featured_media":24329,"parent":6570,"menu_order":0,"comment_status":"closed","ping_status":"closed","template":"","meta":{"_acf_changed":false,"_editorskit_title_hidden":false,"_editorskit_reading_time":0,"_editorskit_is_block_options_detached":false,"_editorskit_block_options_position":"{}","footnotes":""},"class_list":["post-10575","page","type-page","status-publish","has-post-thumbnail","hentry"],"acf":[],"_links":{"self":[{"href":"https:\/\/culturesconnection.com\/fr\/wp-json\/wp\/v2\/pages\/10575","targetHints":{"allow":["GET"]}}],"collection":[{"href":"https:\/\/culturesconnection.com\/fr\/wp-json\/wp\/v2\/pages"}],"about":[{"href":"https:\/\/culturesconnection.com\/fr\/wp-json\/wp\/v2\/types\/page"}],"author":[{"embeddable":true,"href":"https:\/\/culturesconnection.com\/fr\/wp-json\/wp\/v2\/users\/42"}],"replies":[{"embeddable":true,"href":"https:\/\/culturesconnection.com\/fr\/wp-json\/wp\/v2\/comments?post=10575"}],"version-history":[{"count":0,"href":"https:\/\/culturesconnection.com\/fr\/wp-json\/wp\/v2\/pages\/10575\/revisions"}],"up":[{"embeddable":true,"href":"https:\/\/culturesconnection.com\/fr\/wp-json\/wp\/v2\/pages\/6570"}],"wp:featuredmedia":[{"embeddable":true,"href":"https:\/\/culturesconnection.com\/fr\/wp-json\/wp\/v2\/media\/24329"}],"wp:attachment":[{"href":"https:\/\/culturesconnection.com\/fr\/wp-json\/wp\/v2\/media?parent=10575"}],"curies":[{"name":"wp","href":"https:\/\/api.w.org\/{rel}","templated":true}]}}