{"id":10568,"date":"2018-10-30T00:56:29","date_gmt":"2018-10-29T23:56:29","guid":{"rendered":"http:\/\/culturesconnection.com\/?page_id=10568"},"modified":"2022-12-15T15:23:11","modified_gmt":"2022-12-15T14:23:11","slug":"traduction-audiovisuelle-suedois","status":"publish","type":"page","link":"https:\/\/culturesconnection.com\/fr\/services-de-traduction-suedois\/traduction-audiovisuelle-suedois\/","title":{"rendered":"Agence de traduction audiovisuelle et de sous-titres en su\u00e9dois"},"content":{"rendered":"\n<h2 class=\"wp-block-heading\">TRADUCTION AUDIOVISUELLE SU\u00c9DOIS &#8211; FRAN\u00c7AIS : LA VERSION SU\u00c9DOISE DE VOS M\u00c9DIAS<\/h2>\n\n\n\n<p>Aujourd\u2019hui, les m\u00e9dias prennent une place tr\u00e8s importante dans notre vie quotidienne. Le temps pass\u00e9 devant nos \u00e9crans est de plus en plus long et le travail du traducteur est alors indispensable pour nous permettre d\u2019appr\u00e9cier le contenu multim\u00e9dia et de le comprendre. Si votre soci\u00e9t\u00e9 de production souhaite lancer un nouveau film en Su\u00e8de, il convient de faire appel \u00e0 un traducteur audiovisuel, expert dans le domaine qui a d\u00e9j\u00e0 de nombreuses traductions de ce type \u00e0 son actif. Il a pour mission de traduire et d\u2019adapter votre support audio et visuel pour le rendre accessible au plus grand nombre dans votre march\u00e9 cible. Confiez vos projets de&nbsp;<a href=\"https:\/\/culturesconnection.com\/fr\/traduction-audiovisuelle\/\">traduction audiovisuelle<\/a>&nbsp;\u00e0 une agence de traduction sp\u00e9cialis\u00e9e dans ce domaine.<\/p>\n\n\n\n<h2 class=\"wp-block-heading\">NOS SERVICES DE SOUS-TITRAGE EN SU\u00c9DOIS<\/h2>\n\n\n\n<p>Que votre projet traite de transcription, de sous-titrage ou encore de voix-off, vous avez besoin de services de traduction de qualit\u00e9 et fiables. Chez Cultures Connection, nous mettons tout en oeuvre pour vous trouver le traducteur sp\u00e9cialis\u00e9 dans l\u2019audiovisuel qui sera le plus comp\u00e9tent et le plus qualifi\u00e9, tant sur le plan linguistique que sur le plan technique pour r\u00e9pondre \u00e0 vos besoins. Tous nos traducteurs ma\u00eetrisent parfaitement autant le fran\u00e7ais que le su\u00e9dois et ne traduisent que vers leur langue maternelle pour vous assurer une qualit\u00e9 irr\u00e9prochable du rendu final. Faites confiance \u00e0 <a href=\"https:\/\/culturesconnection.com\/fr\/\">notre agence de traduction<\/a> pour vos prochains contenus audiovisuels.<\/p>\n\n\n\n<h2 class=\"wp-block-heading\">NOS SUPPORTS AUDIOVISUELS EN SU\u00c9DOIS<\/h2>\n\n\n\n<p>Voici une liste non exhaustive de projets&nbsp;en su\u00e9dois d\u00e9j\u00e0 pris en charge par Cultures Connection :<\/p>\n\n\n\n<ul class=\"wp-block-list\">\n<li>Textes audio<\/li>\n\n\n\n<li>Vid\u00e9os commerciales et publicitaires<\/li>\n\n\n\n<li>Vid\u00e9os institutionnelles<\/li>\n\n\n\n<li>Interviews<\/li>\n\n\n\n<li>Documentaires<\/li>\n\n\n\n<li>Jeux vid\u00e9o<\/li>\n\n\n\n<li>Films d\u2019entreprise<\/li>\n<\/ul>\n","protected":false},"excerpt":{"rendered":"<p>TRADUCTION AUDIOVISUELLE SU\u00c9DOIS &#8211; FRAN\u00c7AIS : LA VERSION SU\u00c9DOISE DE VOS M\u00c9DIAS Aujourd\u2019hui, les m\u00e9dias prennent une place tr\u00e8s importante dans notre vie quotidienne. Le [&#8230;]<\/p>\n<p><a class=\"btn btn-secondary understrap-read-more-link\" href=\"https:\/\/culturesconnection.com\/fr\/services-de-traduction-suedois\/traduction-audiovisuelle-suedois\/\">Lire la suite\u2026<span class=\"screen-reader-text\"> from Agence de traduction audiovisuelle et de sous-titres en su\u00e9dois<\/span><\/a><\/p>\n","protected":false},"author":42,"featured_media":24329,"parent":6488,"menu_order":0,"comment_status":"closed","ping_status":"closed","template":"","meta":{"_acf_changed":false,"_editorskit_title_hidden":false,"_editorskit_reading_time":0,"_editorskit_is_block_options_detached":false,"_editorskit_block_options_position":"{}","footnotes":""},"class_list":["post-10568","page","type-page","status-publish","has-post-thumbnail","hentry"],"acf":[],"_links":{"self":[{"href":"https:\/\/culturesconnection.com\/fr\/wp-json\/wp\/v2\/pages\/10568","targetHints":{"allow":["GET"]}}],"collection":[{"href":"https:\/\/culturesconnection.com\/fr\/wp-json\/wp\/v2\/pages"}],"about":[{"href":"https:\/\/culturesconnection.com\/fr\/wp-json\/wp\/v2\/types\/page"}],"author":[{"embeddable":true,"href":"https:\/\/culturesconnection.com\/fr\/wp-json\/wp\/v2\/users\/42"}],"replies":[{"embeddable":true,"href":"https:\/\/culturesconnection.com\/fr\/wp-json\/wp\/v2\/comments?post=10568"}],"version-history":[{"count":0,"href":"https:\/\/culturesconnection.com\/fr\/wp-json\/wp\/v2\/pages\/10568\/revisions"}],"up":[{"embeddable":true,"href":"https:\/\/culturesconnection.com\/fr\/wp-json\/wp\/v2\/pages\/6488"}],"wp:featuredmedia":[{"embeddable":true,"href":"https:\/\/culturesconnection.com\/fr\/wp-json\/wp\/v2\/media\/24329"}],"wp:attachment":[{"href":"https:\/\/culturesconnection.com\/fr\/wp-json\/wp\/v2\/media?parent=10568"}],"curies":[{"name":"wp","href":"https:\/\/api.w.org\/{rel}","templated":true}]}}