{"id":10565,"date":"2018-10-30T00:54:59","date_gmt":"2018-10-29T23:54:59","guid":{"rendered":"http:\/\/culturesconnection.com\/?page_id=10565"},"modified":"2022-12-15T15:07:04","modified_gmt":"2022-12-15T14:07:04","slug":"traduction-marketing-suedois","status":"publish","type":"page","link":"https:\/\/culturesconnection.com\/fr\/services-de-traduction-suedois\/traduction-marketing-suedois\/","title":{"rendered":"Agence de traduction marketing en su\u00e9dois"},"content":{"rendered":"\n<h2 class=\"wp-block-heading\">TRADUCTION MARKETING SU\u00c9DOIS-FRAN\u00c7AIS<\/h2>\n\n\n\n<p><a href=\"https:\/\/culturesconnection.com\/fr\/traduction-marketing\/\">La traduction marketing<\/a> est un domaine qui rel\u00e8ve davantage de la localisation. Le traducteur localisateur a en r\u00e9alit\u00e9 pour mission d\u2019adapter le message en tenant compte des diff\u00e9rences culturelles de la langue cible. Il s\u2019agit d\u2019une t\u00e2che relativement ardue qui n\u00e9cessite bon nombre de connaissances et de comp\u00e9tences. Le traducteur se doit de conna\u00eetre parfaitement les caract\u00e9ristiques du march\u00e9 cibl\u00e9 afin d\u2019adapter au mieux vos supports marketing. C\u2019est pour cette raison qu\u2019il est primordial d\u2019avoir recours \u00e0 un sp\u00e9cialiste du marketing qui sache faire face aux difficult\u00e9s li\u00e9es \u00e0 son domaine et \u00e0 sa profession. Choisissez donc votre agence de traduction avec soin pour \u00e9viter les mauvaises surprises.<\/p>\n\n\n\n<h2 class=\"wp-block-heading\">SERVICES DE LOCALISATION MARKETING<\/h2>\n\n\n\n<p>Vous souhaitez lancer votre nouveau produit en Su\u00e8de mais tout votre plan marketing est en fran\u00e7ais ? Cultures Connection est la solution \u00e0 votre probl\u00e8me. <a href=\"https:\/\/culturesconnection.com\/fr\/\">Notre agence de traduction<\/a> vous propose les services de traducteurs professionnels sp\u00e9cialis\u00e9s dans le secteur qui justifient d\u2019une grande exp\u00e9rience dans le domaine du marketing. Nous savons qu\u2019une simple erreur de traduction&nbsp;ou un simple malentendu dans votre campagne publicitaire peuvent avoir des cons\u00e9quences d\u00e9sastreuses sur votre chiffre d\u2019affaires et peuvent entacher grandement l\u2019image de votre entreprise. Optez pour la qualit\u00e9 et la s\u00e9curit\u00e9 et confiez-nous vos futures traductions marketing.<\/p>\n\n\n\n<h2 class=\"wp-block-heading\">VOS DOCUMENTS MARKETING EN SU\u00c9DOIS<\/h2>\n\n\n\n<p>Chez Cultures Connection, nous vous proposons un large choix de prestations linguistiques dans le domaine marketing. La liste ci-dessous \u00e9num\u00e8re quelques types de documents que nos services ont d\u00e9j\u00e0 traduits en su\u00e9dois :<\/p>\n\n\n\n<ul class=\"wp-block-list\">\n<li>Brochures<\/li>\n\n\n\n<li>Supports publicitaires<\/li>\n\n\n\n<li>Newsletters<\/li>\n\n\n\n<li>Sites e-commerce<\/li>\n\n\n\n<li>Prospectus<\/li>\n\n\n\n<li>Campagnes marketing<\/li>\n\n\n\n<li>Publicit\u00e9s<\/li>\n\n\n\n<li>Sites Web<\/li>\n\n\n\n<li>Slogans<\/li>\n\n\n\n<li>Logotypes<\/li>\n\n\n\n<li>Pr\u00e9sentations<\/li>\n\n\n\n<li>Lancements de produits<\/li>\n\n\n\n<li>Notes de presse<\/li>\n\n\n\n<li>E-book<\/li>\n<\/ul>\n","protected":false},"excerpt":{"rendered":"<p>TRADUCTION MARKETING SU\u00c9DOIS-FRAN\u00c7AIS La traduction marketing est un domaine qui rel\u00e8ve davantage de la localisation. Le traducteur localisateur a en r\u00e9alit\u00e9 pour mission d\u2019adapter le [&#8230;]<\/p>\n<p><a class=\"btn btn-secondary understrap-read-more-link\" href=\"https:\/\/culturesconnection.com\/fr\/services-de-traduction-suedois\/traduction-marketing-suedois\/\">Lire la suite\u2026<span class=\"screen-reader-text\"> from Agence de traduction marketing en su\u00e9dois<\/span><\/a><\/p>\n","protected":false},"author":42,"featured_media":24329,"parent":6488,"menu_order":0,"comment_status":"closed","ping_status":"closed","template":"","meta":{"_acf_changed":false,"_editorskit_title_hidden":false,"_editorskit_reading_time":1,"_editorskit_is_block_options_detached":false,"_editorskit_block_options_position":"{}","footnotes":""},"class_list":["post-10565","page","type-page","status-publish","has-post-thumbnail","hentry"],"acf":[],"_links":{"self":[{"href":"https:\/\/culturesconnection.com\/fr\/wp-json\/wp\/v2\/pages\/10565","targetHints":{"allow":["GET"]}}],"collection":[{"href":"https:\/\/culturesconnection.com\/fr\/wp-json\/wp\/v2\/pages"}],"about":[{"href":"https:\/\/culturesconnection.com\/fr\/wp-json\/wp\/v2\/types\/page"}],"author":[{"embeddable":true,"href":"https:\/\/culturesconnection.com\/fr\/wp-json\/wp\/v2\/users\/42"}],"replies":[{"embeddable":true,"href":"https:\/\/culturesconnection.com\/fr\/wp-json\/wp\/v2\/comments?post=10565"}],"version-history":[{"count":0,"href":"https:\/\/culturesconnection.com\/fr\/wp-json\/wp\/v2\/pages\/10565\/revisions"}],"up":[{"embeddable":true,"href":"https:\/\/culturesconnection.com\/fr\/wp-json\/wp\/v2\/pages\/6488"}],"wp:featuredmedia":[{"embeddable":true,"href":"https:\/\/culturesconnection.com\/fr\/wp-json\/wp\/v2\/media\/24329"}],"wp:attachment":[{"href":"https:\/\/culturesconnection.com\/fr\/wp-json\/wp\/v2\/media?parent=10565"}],"curies":[{"name":"wp","href":"https:\/\/api.w.org\/{rel}","templated":true}]}}