{"id":10561,"date":"2018-10-30T00:53:58","date_gmt":"2018-10-29T23:53:58","guid":{"rendered":"http:\/\/culturesconnection.com\/?page_id=10561"},"modified":"2022-12-15T15:01:04","modified_gmt":"2022-12-15T14:01:04","slug":"traduction-scientifique-suedois","status":"publish","type":"page","link":"https:\/\/culturesconnection.com\/fr\/services-de-traduction-suedois\/traduction-scientifique-suedois\/","title":{"rendered":"Agence de traduction scientifique en su\u00e9dois"},"content":{"rendered":"\n<h2 class=\"wp-block-heading\">LA TRADUCTION SCIENTIFIQUE SU\u00c9DOIS-FRAN\u00c7AIS : LA PR\u00c9CISION AVANT TOUT<\/h2>\n\n\n\n<p>Lorsque l\u2019on parle de documents scientifiques, on pense avant tout aux concepts complexes et \u00e0 la terminologie tr\u00e8s rigoureuse employ\u00e9e dans le secteur. C\u2019est pour cette raison que seul un traducteur sp\u00e9cialis\u00e9 dans le domaine peut mener \u00e0 bien tous vos projets. Que vos documents traitent de g\u00e9ologie, d\u2019\u00e9nergies renouvelables ou encore de m\u00e9t\u00e9orologie, il est essentiel de faire appel \u00e0 un expert dans le domaine qui ma\u00eetrise pleinement la terminologie de sa ou ses sp\u00e9cialisations.<\/p>\n\n\n\n<h2 class=\"wp-block-heading\">NOTRE ENTREPRISE DE TRADUCTION<\/h2>\n\n\n\n<p><a href=\"https:\/\/culturesconnection.com\/fr\/\">Notre agence de traduction<\/a> a su s\u2019entourer au fil des ann\u00e9es d\u2019un grand nombre de traducteurs sp\u00e9cialis\u00e9s, chacun dans leurs domaines de pr\u00e9dilection. Ainsi, vous pouvez \u00eatre certain que nous trouverons l\u2019expert le plus qualifi\u00e9 et le plus comp\u00e9tent pour r\u00e9aliser tous vos projets de traduction scientifique en su\u00e9dois. Ne prenez pas le risque de compromettre la cr\u00e9dibilit\u00e9 et la pr\u00e9cision de vos documents. Chez Cultures Connection, nos \u00e9quipes s\u2019engagent \u00e0 toujours vous fournir des services de traduction de qualit\u00e9 et aux meilleurs prix. Faites donc le choix de la s\u00e9curit\u00e9 et choisissez <a href=\"https:\/\/culturesconnection.com\/fr\/traduction-scientifique\/\">notre cabinet de traduction<\/a> pour vos projets scientifiques.<\/p>\n\n\n\n<h2 class=\"wp-block-heading\">VOS DOCUMENTS SCIENTIFIQUES EN SU\u00c9DOIS<\/h2>\n\n\n\n<p>Le choix de documents \u00e0 traduire dans le domaine scientifique est grand. Vous trouverez ci-dessous une liste d\u2019exemples de traductions scientifiques r\u00e9alis\u00e9es en su\u00e9dois par Cultures Connection :<\/p>\n\n\n\n<ul class=\"wp-block-list\">\n<li>Lexiques, encyclop\u00e9dies scientifiques et glossaires<\/li>\n\n\n\n<li>Documents techniques et articles de recherche<\/li>\n\n\n\n<li>Manuels op\u00e9rateurs et utilisateurs<\/li>\n\n\n\n<li>Essais de laboratoire, protocoles d\u2019essais<\/li>\n\n\n\n<li>Documents juridiques, brevets et directives<\/li>\n\n\n\n<li>Cahiers des charges<\/li>\n\n\n\n<li>Projets et \u00e9tudes de march\u00e9 multipays<\/li>\n\n\n\n<li>Logiciels de simulation (biotech, environnement, r\u00e9habilitation de sites industriels)<\/li>\n\n\n\n<li>Pr\u00e9sentations multim\u00e9dia et vid\u00e9os<\/li>\n\n\n\n<li>Traduction et localisation de sites Web<\/li>\n\n\n\n<li>Traduction de notices techniques, pr\u00e9sentation de congr\u00e8s<\/li>\n<\/ul>\n","protected":false},"excerpt":{"rendered":"<p>LA TRADUCTION SCIENTIFIQUE SU\u00c9DOIS-FRAN\u00c7AIS : LA PR\u00c9CISION AVANT TOUT Lorsque l\u2019on parle de documents scientifiques, on pense avant tout aux concepts complexes et \u00e0 la [&#8230;]<\/p>\n<p><a class=\"btn btn-secondary understrap-read-more-link\" href=\"https:\/\/culturesconnection.com\/fr\/services-de-traduction-suedois\/traduction-scientifique-suedois\/\">Lire la suite\u2026<span class=\"screen-reader-text\"> from Agence de traduction scientifique en su\u00e9dois<\/span><\/a><\/p>\n","protected":false},"author":42,"featured_media":24329,"parent":6488,"menu_order":0,"comment_status":"closed","ping_status":"closed","template":"","meta":{"_acf_changed":false,"_editorskit_title_hidden":false,"_editorskit_reading_time":0,"_editorskit_is_block_options_detached":false,"_editorskit_block_options_position":"{}","footnotes":""},"class_list":["post-10561","page","type-page","status-publish","has-post-thumbnail","hentry"],"acf":[],"yoast_head":"<!-- This site is optimized with the Yoast SEO Premium plugin v23.4 (Yoast SEO v27.3) - https:\/\/yoast.com\/product\/yoast-seo-premium-wordpress\/ -->\n<title>Services de traduction scientifique su\u00e9dois<\/title>\n<meta name=\"description\" content=\"Besoin d&#039;une traduction scientifique su\u00e9dois-fran\u00e7ais ? Faites confiance \u00e0 Cultures Connection et son large r\u00e9seau de traducteurs professionnels.\" \/>\n<meta name=\"robots\" content=\"index, follow, max-snippet:-1, max-image-preview:large, max-video-preview:-1\" \/>\n<link rel=\"canonical\" href=\"https:\/\/culturesconnection.com\/fr\/services-de-traduction-suedois\/traduction-scientifique-suedois\/\" \/>\n<meta property=\"og:locale\" content=\"fr_FR\" \/>\n<meta property=\"og:type\" content=\"article\" \/>\n<meta property=\"og:title\" content=\"Agence de traduction scientifique en su\u00e9dois\" \/>\n<meta property=\"og:description\" content=\"Besoin d&#039;une traduction scientifique su\u00e9dois-fran\u00e7ais ? Faites confiance \u00e0 Cultures Connection et son large r\u00e9seau de traducteurs professionnels.\" \/>\n<meta property=\"og:url\" content=\"https:\/\/culturesconnection.com\/fr\/services-de-traduction-suedois\/traduction-scientifique-suedois\/\" \/>\n<meta property=\"og:site_name\" content=\"Cultures Connection\" \/>\n<meta property=\"article:publisher\" content=\"https:\/\/www.facebook.com\/CulturesConnection\" \/>\n<meta property=\"article:modified_time\" content=\"2022-12-15T14:01:04+00:00\" \/>\n<meta property=\"og:image\" content=\"https:\/\/culturesconnection.com\/wp-content\/uploads\/2020\/09\/P\u00e1gina_Subservicios_de_traducci\u00f3n_por_idioma.png\" \/>\n\t<meta property=\"og:image:width\" content=\"1417\" \/>\n\t<meta property=\"og:image:height\" content=\"561\" \/>\n\t<meta property=\"og:image:type\" content=\"image\/png\" \/>\n<meta name=\"twitter:card\" content=\"summary_large_image\" \/>\n<meta name=\"twitter:site\" content=\"@CulturesCo_\" \/>\n<meta name=\"twitter:label1\" content=\"Dur\u00e9e de lecture estim\u00e9e\" \/>\n\t<meta name=\"twitter:data1\" content=\"2 minutes\" \/>\n<script type=\"application\/ld+json\" class=\"yoast-schema-graph\">{\"@context\":\"https:\\\/\\\/schema.org\",\"@graph\":[{\"@type\":\"WebPage\",\"@id\":\"https:\\\/\\\/culturesconnection.com\\\/fr\\\/services-de-traduction-suedois\\\/traduction-scientifique-suedois\\\/\",\"url\":\"https:\\\/\\\/culturesconnection.com\\\/fr\\\/services-de-traduction-suedois\\\/traduction-scientifique-suedois\\\/\",\"name\":\"Services de traduction scientifique su\u00e9dois\",\"isPartOf\":{\"@id\":\"https:\\\/\\\/culturesconnection.com\\\/fr\\\/#website\"},\"primaryImageOfPage\":{\"@id\":\"https:\\\/\\\/culturesconnection.com\\\/fr\\\/services-de-traduction-suedois\\\/traduction-scientifique-suedois\\\/#primaryimage\"},\"image\":{\"@id\":\"https:\\\/\\\/culturesconnection.com\\\/fr\\\/services-de-traduction-suedois\\\/traduction-scientifique-suedois\\\/#primaryimage\"},\"thumbnailUrl\":\"https:\\\/\\\/culturesconnection.com\\\/wp-content\\\/uploads\\\/2020\\\/09\\\/P\u00e1gina_Subservicios_de_traducci\u00f3n_por_idioma.png\",\"datePublished\":\"2018-10-29T23:53:58+00:00\",\"dateModified\":\"2022-12-15T14:01:04+00:00\",\"description\":\"Besoin d'une traduction scientifique su\u00e9dois-fran\u00e7ais ? Faites confiance \u00e0 Cultures Connection et son large r\u00e9seau de traducteurs professionnels.\",\"breadcrumb\":{\"@id\":\"https:\\\/\\\/culturesconnection.com\\\/fr\\\/services-de-traduction-suedois\\\/traduction-scientifique-suedois\\\/#breadcrumb\"},\"inLanguage\":\"fr-FR\",\"potentialAction\":[{\"@type\":\"ReadAction\",\"target\":[\"https:\\\/\\\/culturesconnection.com\\\/fr\\\/services-de-traduction-suedois\\\/traduction-scientifique-suedois\\\/\"]}]},{\"@type\":\"ImageObject\",\"inLanguage\":\"fr-FR\",\"@id\":\"https:\\\/\\\/culturesconnection.com\\\/fr\\\/services-de-traduction-suedois\\\/traduction-scientifique-suedois\\\/#primaryimage\",\"url\":\"https:\\\/\\\/culturesconnection.com\\\/wp-content\\\/uploads\\\/2020\\\/09\\\/P\u00e1gina_Subservicios_de_traducci\u00f3n_por_idioma.png\",\"contentUrl\":\"https:\\\/\\\/culturesconnection.com\\\/wp-content\\\/uploads\\\/2020\\\/09\\\/P\u00e1gina_Subservicios_de_traducci\u00f3n_por_idioma.png\",\"width\":1417,\"height\":561},{\"@type\":\"BreadcrumbList\",\"@id\":\"https:\\\/\\\/culturesconnection.com\\\/fr\\\/services-de-traduction-suedois\\\/traduction-scientifique-suedois\\\/#breadcrumb\",\"itemListElement\":[{\"@type\":\"ListItem\",\"position\":1,\"name\":\"Home\",\"item\":\"https:\\\/\\\/culturesconnection.com\\\/fr\\\/\"},{\"@type\":\"ListItem\",\"position\":2,\"name\":\"Agence de traduction en su\u00e9dois\",\"item\":\"https:\\\/\\\/culturesconnection.com\\\/fr\\\/services-de-traduction-suedois\\\/\"},{\"@type\":\"ListItem\",\"position\":3,\"name\":\"Agence de traduction scientifique en su\u00e9dois\"}]},{\"@type\":\"WebSite\",\"@id\":\"https:\\\/\\\/culturesconnection.com\\\/fr\\\/#website\",\"url\":\"https:\\\/\\\/culturesconnection.com\\\/fr\\\/\",\"name\":\"Cultures Connection\",\"description\":\"Cultures Connection is a translation agency dedicated to the success of its international clients.\",\"publisher\":{\"@id\":\"https:\\\/\\\/culturesconnection.com\\\/fr\\\/#organization\"},\"potentialAction\":[{\"@type\":\"SearchAction\",\"target\":{\"@type\":\"EntryPoint\",\"urlTemplate\":\"https:\\\/\\\/culturesconnection.com\\\/fr\\\/?s={search_term_string}\"},\"query-input\":{\"@type\":\"PropertyValueSpecification\",\"valueRequired\":true,\"valueName\":\"search_term_string\"}}],\"inLanguage\":\"fr-FR\"},{\"@type\":\"Organization\",\"@id\":\"https:\\\/\\\/culturesconnection.com\\\/fr\\\/#organization\",\"name\":\"Cultures Connection\",\"url\":\"https:\\\/\\\/culturesconnection.com\\\/fr\\\/\",\"logo\":{\"@type\":\"ImageObject\",\"inLanguage\":\"fr-FR\",\"@id\":\"https:\\\/\\\/culturesconnection.com\\\/fr\\\/#\\\/schema\\\/logo\\\/image\\\/\",\"url\":\"https:\\\/\\\/culturesconnection.com\\\/wp-content\\\/uploads\\\/2022\\\/06\\\/cropped-favicon512x512.png\",\"contentUrl\":\"https:\\\/\\\/culturesconnection.com\\\/wp-content\\\/uploads\\\/2022\\\/06\\\/cropped-favicon512x512.png\",\"width\":512,\"height\":512,\"caption\":\"Cultures Connection\"},\"image\":{\"@id\":\"https:\\\/\\\/culturesconnection.com\\\/fr\\\/#\\\/schema\\\/logo\\\/image\\\/\"},\"sameAs\":[\"https:\\\/\\\/www.facebook.com\\\/CulturesConnection\",\"https:\\\/\\\/x.com\\\/CulturesCo_\"]}]}<\/script>\n<!-- \/ Yoast SEO Premium plugin. -->","yoast_head_json":{"title":"Services de traduction scientifique su\u00e9dois","description":"Besoin d'une traduction scientifique su\u00e9dois-fran\u00e7ais ? Faites confiance \u00e0 Cultures Connection et son large r\u00e9seau de traducteurs professionnels.","robots":{"index":"index","follow":"follow","max-snippet":"max-snippet:-1","max-image-preview":"max-image-preview:large","max-video-preview":"max-video-preview:-1"},"canonical":"https:\/\/culturesconnection.com\/fr\/services-de-traduction-suedois\/traduction-scientifique-suedois\/","og_locale":"fr_FR","og_type":"article","og_title":"Agence de traduction scientifique en su\u00e9dois","og_description":"Besoin d'une traduction scientifique su\u00e9dois-fran\u00e7ais ? Faites confiance \u00e0 Cultures Connection et son large r\u00e9seau de traducteurs professionnels.","og_url":"https:\/\/culturesconnection.com\/fr\/services-de-traduction-suedois\/traduction-scientifique-suedois\/","og_site_name":"Cultures Connection","article_publisher":"https:\/\/www.facebook.com\/CulturesConnection","article_modified_time":"2022-12-15T14:01:04+00:00","og_image":[{"width":1417,"height":561,"url":"https:\/\/culturesconnection.com\/wp-content\/uploads\/2020\/09\/P\u00e1gina_Subservicios_de_traducci\u00f3n_por_idioma.png","type":"image\/png"}],"twitter_card":"summary_large_image","twitter_site":"@CulturesCo_","twitter_misc":{"Dur\u00e9e de lecture estim\u00e9e":"2 minutes"},"schema":{"@context":"https:\/\/schema.org","@graph":[{"@type":"WebPage","@id":"https:\/\/culturesconnection.com\/fr\/services-de-traduction-suedois\/traduction-scientifique-suedois\/","url":"https:\/\/culturesconnection.com\/fr\/services-de-traduction-suedois\/traduction-scientifique-suedois\/","name":"Services de traduction scientifique su\u00e9dois","isPartOf":{"@id":"https:\/\/culturesconnection.com\/fr\/#website"},"primaryImageOfPage":{"@id":"https:\/\/culturesconnection.com\/fr\/services-de-traduction-suedois\/traduction-scientifique-suedois\/#primaryimage"},"image":{"@id":"https:\/\/culturesconnection.com\/fr\/services-de-traduction-suedois\/traduction-scientifique-suedois\/#primaryimage"},"thumbnailUrl":"https:\/\/culturesconnection.com\/wp-content\/uploads\/2020\/09\/P\u00e1gina_Subservicios_de_traducci\u00f3n_por_idioma.png","datePublished":"2018-10-29T23:53:58+00:00","dateModified":"2022-12-15T14:01:04+00:00","description":"Besoin d'une traduction scientifique su\u00e9dois-fran\u00e7ais ? Faites confiance \u00e0 Cultures Connection et son large r\u00e9seau de traducteurs professionnels.","breadcrumb":{"@id":"https:\/\/culturesconnection.com\/fr\/services-de-traduction-suedois\/traduction-scientifique-suedois\/#breadcrumb"},"inLanguage":"fr-FR","potentialAction":[{"@type":"ReadAction","target":["https:\/\/culturesconnection.com\/fr\/services-de-traduction-suedois\/traduction-scientifique-suedois\/"]}]},{"@type":"ImageObject","inLanguage":"fr-FR","@id":"https:\/\/culturesconnection.com\/fr\/services-de-traduction-suedois\/traduction-scientifique-suedois\/#primaryimage","url":"https:\/\/culturesconnection.com\/wp-content\/uploads\/2020\/09\/P\u00e1gina_Subservicios_de_traducci\u00f3n_por_idioma.png","contentUrl":"https:\/\/culturesconnection.com\/wp-content\/uploads\/2020\/09\/P\u00e1gina_Subservicios_de_traducci\u00f3n_por_idioma.png","width":1417,"height":561},{"@type":"BreadcrumbList","@id":"https:\/\/culturesconnection.com\/fr\/services-de-traduction-suedois\/traduction-scientifique-suedois\/#breadcrumb","itemListElement":[{"@type":"ListItem","position":1,"name":"Home","item":"https:\/\/culturesconnection.com\/fr\/"},{"@type":"ListItem","position":2,"name":"Agence de traduction en su\u00e9dois","item":"https:\/\/culturesconnection.com\/fr\/services-de-traduction-suedois\/"},{"@type":"ListItem","position":3,"name":"Agence de traduction scientifique en su\u00e9dois"}]},{"@type":"WebSite","@id":"https:\/\/culturesconnection.com\/fr\/#website","url":"https:\/\/culturesconnection.com\/fr\/","name":"Cultures Connection","description":"Cultures Connection is a translation agency dedicated to the success of its international clients.","publisher":{"@id":"https:\/\/culturesconnection.com\/fr\/#organization"},"potentialAction":[{"@type":"SearchAction","target":{"@type":"EntryPoint","urlTemplate":"https:\/\/culturesconnection.com\/fr\/?s={search_term_string}"},"query-input":{"@type":"PropertyValueSpecification","valueRequired":true,"valueName":"search_term_string"}}],"inLanguage":"fr-FR"},{"@type":"Organization","@id":"https:\/\/culturesconnection.com\/fr\/#organization","name":"Cultures Connection","url":"https:\/\/culturesconnection.com\/fr\/","logo":{"@type":"ImageObject","inLanguage":"fr-FR","@id":"https:\/\/culturesconnection.com\/fr\/#\/schema\/logo\/image\/","url":"https:\/\/culturesconnection.com\/wp-content\/uploads\/2022\/06\/cropped-favicon512x512.png","contentUrl":"https:\/\/culturesconnection.com\/wp-content\/uploads\/2022\/06\/cropped-favicon512x512.png","width":512,"height":512,"caption":"Cultures Connection"},"image":{"@id":"https:\/\/culturesconnection.com\/fr\/#\/schema\/logo\/image\/"},"sameAs":["https:\/\/www.facebook.com\/CulturesConnection","https:\/\/x.com\/CulturesCo_"]}]}},"_links":{"self":[{"href":"https:\/\/culturesconnection.com\/fr\/wp-json\/wp\/v2\/pages\/10561","targetHints":{"allow":["GET"]}}],"collection":[{"href":"https:\/\/culturesconnection.com\/fr\/wp-json\/wp\/v2\/pages"}],"about":[{"href":"https:\/\/culturesconnection.com\/fr\/wp-json\/wp\/v2\/types\/page"}],"author":[{"embeddable":true,"href":"https:\/\/culturesconnection.com\/fr\/wp-json\/wp\/v2\/users\/42"}],"replies":[{"embeddable":true,"href":"https:\/\/culturesconnection.com\/fr\/wp-json\/wp\/v2\/comments?post=10561"}],"version-history":[{"count":0,"href":"https:\/\/culturesconnection.com\/fr\/wp-json\/wp\/v2\/pages\/10561\/revisions"}],"up":[{"embeddable":true,"href":"https:\/\/culturesconnection.com\/fr\/wp-json\/wp\/v2\/pages\/6488"}],"wp:featuredmedia":[{"embeddable":true,"href":"https:\/\/culturesconnection.com\/fr\/wp-json\/wp\/v2\/media\/24329"}],"wp:attachment":[{"href":"https:\/\/culturesconnection.com\/fr\/wp-json\/wp\/v2\/media?parent=10561"}],"curies":[{"name":"wp","href":"https:\/\/api.w.org\/{rel}","templated":true}]}}