{"id":10560,"date":"2018-10-30T00:56:12","date_gmt":"2018-10-29T23:56:12","guid":{"rendered":"http:\/\/culturesconnection.com\/?page_id=10560"},"modified":"2022-12-15T15:09:47","modified_gmt":"2022-12-15T14:09:47","slug":"traduction-commerciale-suedois","status":"publish","type":"page","link":"https:\/\/culturesconnection.com\/fr\/services-de-traduction-suedois\/traduction-commerciale-suedois\/","title":{"rendered":"Agence de traduction commerciale en su\u00e9dois"},"content":{"rendered":"\n<h2 class=\"wp-block-heading\">LA TRADUCTION COMMERCIALE SU\u00c9DOIS &#8211; FRAN\u00c7AIS, UN EXERCICE D\u2019ADAPTATION<\/h2>\n\n\n\n<p><a href=\"https:\/\/culturesconnection.com\/fr\/traduction-commerciale\/\">La traduction commerciale<\/a> repr\u00e9sente une \u00e9tape cruciale pour toutes les entreprises qui souhaitent d\u00e9velopper leurs activit\u00e9s \u00e0 l\u2019\u00e9tranger. Si vous faites effectivement traduire vos documents dans la langue de vos futurs partenaires commerciaux, votre effort sera bien entendu valoris\u00e9 et vous y gagnerez bien plus que vous ne pouvez l\u2019imaginer sur le long terme. Mais pour cela, il s\u2019agit de bien choisir l\u2019agence de traduction pour vous assurer la meilleure qualit\u00e9 de votre produit fini. Cultures Connection propose des services de traduction commerciale de qualit\u00e9 dans de nombreuses langues telles que le su\u00e9dois.<\/p>\n\n\n\n<h2 class=\"wp-block-heading\">NOTRE AGENCE DE TRADUCTION<\/h2>\n\n\n\n<p>Forte de nombreuses ann\u00e9es d\u2019exp\u00e9rience dans le domaine de la traduction commerciale, <a href=\"https:\/\/culturesconnection.com\/fr\/\">notre agence de traduction<\/a> travaille en \u00e9troite collaboration avec des traducteurs experts dans ce secteur, qui sont totalement aptes \u00e0 r\u00e9aliser toutes vos traductions et \u00e0 r\u00e9pondre \u00e0 vos attentes. Nous les s\u00e9lectionnons en fonction de leur exp\u00e9rience et de leurs qualifications dans le domaine, ce qui nous permet de vous proposer des services de traduction professionnelle. Nos traducteurs sont tous au minimum bilingues et traduisent uniquement vers leur langue maternelle. Ils ma\u00eetrisent \u00e9galement totalement les cultures de leurs langues parl\u00e9es pour pouvoir r\u00e9aliser des traduction d\u2019une tr\u00e8s grande pr\u00e9cision.<\/p>\n\n\n\n<h2 class=\"wp-block-heading\">VOS DOCUMENTS COMMERCIAUX EN SU\u00c9DOIS<\/h2>\n\n\n\n<p>Chez Cultures Connection, nous justifions d\u2019une longue exp\u00e9rience prouv\u00e9e dans le domaine de la traduction commerciale. Voici une liste de documents \u00e0 traduire en su\u00e9dois que nos clients nous confient&nbsp; la plupart du temps :<\/p>\n\n\n\n<ul class=\"wp-block-list\">\n<li>Brochures<\/li>\n\n\n\n<li>Cartes de visite<\/li>\n\n\n\n<li>Campagnes<\/li>\n\n\n\n<li>Plaquettes<\/li>\n\n\n\n<li>Sites web<\/li>\n\n\n\n<li>Communiqu\u00e9s<\/li>\n\n\n\n<li>Plaquettes<\/li>\n\n\n\n<li>Pr\u00e9sentations<\/li>\n\n\n\n<li>Catalogues<\/li>\n\n\n\n<li>Lettres d\u2019informations commerciales<\/li>\n\n\n\n<li>\u00c9tudes de march\u00e9<\/li>\n\n\n\n<li>Publicit\u00e9s<\/li>\n\n\n\n<li>Livres blancs<\/li>\n<\/ul>\n","protected":false},"excerpt":{"rendered":"<p>LA TRADUCTION COMMERCIALE SU\u00c9DOIS &#8211; FRAN\u00c7AIS, UN EXERCICE D\u2019ADAPTATION La traduction commerciale repr\u00e9sente une \u00e9tape cruciale pour toutes les entreprises qui souhaitent d\u00e9velopper leurs activit\u00e9s [&#8230;]<\/p>\n<p><a class=\"btn btn-secondary understrap-read-more-link\" href=\"https:\/\/culturesconnection.com\/fr\/services-de-traduction-suedois\/traduction-commerciale-suedois\/\">Lire la suite\u2026<span class=\"screen-reader-text\"> from Agence de traduction commerciale en su\u00e9dois<\/span><\/a><\/p>\n","protected":false},"author":42,"featured_media":24329,"parent":6488,"menu_order":0,"comment_status":"closed","ping_status":"closed","template":"","meta":{"_acf_changed":false,"_editorskit_title_hidden":false,"_editorskit_reading_time":1,"_editorskit_is_block_options_detached":false,"_editorskit_block_options_position":"{}","footnotes":""},"class_list":["post-10560","page","type-page","status-publish","has-post-thumbnail","hentry"],"acf":[],"_links":{"self":[{"href":"https:\/\/culturesconnection.com\/fr\/wp-json\/wp\/v2\/pages\/10560","targetHints":{"allow":["GET"]}}],"collection":[{"href":"https:\/\/culturesconnection.com\/fr\/wp-json\/wp\/v2\/pages"}],"about":[{"href":"https:\/\/culturesconnection.com\/fr\/wp-json\/wp\/v2\/types\/page"}],"author":[{"embeddable":true,"href":"https:\/\/culturesconnection.com\/fr\/wp-json\/wp\/v2\/users\/42"}],"replies":[{"embeddable":true,"href":"https:\/\/culturesconnection.com\/fr\/wp-json\/wp\/v2\/comments?post=10560"}],"version-history":[{"count":0,"href":"https:\/\/culturesconnection.com\/fr\/wp-json\/wp\/v2\/pages\/10560\/revisions"}],"up":[{"embeddable":true,"href":"https:\/\/culturesconnection.com\/fr\/wp-json\/wp\/v2\/pages\/6488"}],"wp:featuredmedia":[{"embeddable":true,"href":"https:\/\/culturesconnection.com\/fr\/wp-json\/wp\/v2\/media\/24329"}],"wp:attachment":[{"href":"https:\/\/culturesconnection.com\/fr\/wp-json\/wp\/v2\/media?parent=10560"}],"curies":[{"name":"wp","href":"https:\/\/api.w.org\/{rel}","templated":true}]}}