{"id":10559,"date":"2018-10-30T01:09:16","date_gmt":"2018-10-30T00:09:16","guid":{"rendered":"http:\/\/culturesconnection.com\/?page_id=10559"},"modified":"2022-12-15T14:55:44","modified_gmt":"2022-12-15T13:55:44","slug":"traduction-financiere-suedois","status":"publish","type":"page","link":"https:\/\/culturesconnection.com\/fr\/services-de-traduction-suedois\/traduction-financiere-suedois\/","title":{"rendered":"Agence de traduction financi\u00e8re en su\u00e9dois"},"content":{"rendered":"\n<h2 class=\"wp-block-heading\">UN TRAVAIL EFFECTU\u00c9 PAR DES PROFESSIONNELS DE LA TRADUCTION FINANCI\u00c8RE SU\u00c9DOIS &#8211; FRAN\u00c7AIS<\/h2>\n\n\n\n<p><a href=\"https:\/\/culturesconnection.com\/fr\/traduction-financiere\/\">La traduction financi\u00e8re<\/a> est un domaine qui requiert bon nombre de comp\u00e9tences et de connaissances pointues dans le secteur. En effet, vous devez toujours confier vos documents \u00e0 traduire \u00e0 des professionnels qui ma\u00eetrisent totalement la terminologie employ\u00e9e, mais aussi tous les concepts utilis\u00e9s dans ce domaine. Gr\u00e2ce \u00e0 son vaste r\u00e9seau de collaborateurs, Cultures Connection met \u00e0 votre disposition de nombreux traducteurs professionnels sp\u00e9cialis\u00e9s dans la traduction financi\u00e8re. N\u2019oubliez pas que dans ce milieu, les erreurs de traduction peuvent \u00eatre catastrophiques pour votre entreprise mais \u00e9galement pour vos relations avec vos clients, existants ou futurs. Faites donc toujours appel \u00e0 un traducteur professionnel, \u00e0 m\u00eame de vous fournir des services de traduction de qualit\u00e9.<\/p>\n\n\n\n<h2 class=\"wp-block-heading\">NOTRE AGENCE DE TRADUCTION<\/h2>\n\n\n\n<p><a href=\"https:\/\/culturesconnection.com\/fr\/\">Notre agence de traduction<\/a> travaille en \u00e9troite collaboration avec de nombreux traducteurs sp\u00e9cialis\u00e9s dans le secteur financier qui partagent nos valeurs fondamentales qui sont la rigueur et la pr\u00e9cision. Tous nos sp\u00e9cialistes ont acquis leur exp\u00e9rience soit en travaillant dans ce domaine, soit pendant leurs \u00e9tudes ou encore par l\u2019interm\u00e9diaire de formations sp\u00e9cifiques. Ils ma\u00eetrisent sur le bout des doigts le fran\u00e7ais et le su\u00e9dois et traduisent uniquement vers leur langue maternelle. Ceci nous permet de vous proposer des services de traduction fiables et de qualit\u00e9. Ainsi, n\u2019attendez plus, pour vos prochains projets financiers en su\u00e9dois, faites confiance \u00e0 Cultures Connection !<\/p>\n\n\n\n<h2 class=\"wp-block-heading\">VOS DOCUMENTS FINANCIERS TRADUITS EN SU\u00c9DOIS<\/h2>\n\n\n\n<p>La liste qui suit reprend les principaux exemples de traductions financi\u00e8res que nous r\u00e9alisons en su\u00e9dois chez Cultures Connection :<\/p>\n\n\n\n<ul class=\"wp-block-list\">\n<li>Bourse<\/li>\n\n\n\n<li>Prospectus<\/li>\n\n\n\n<li>Documents bancaires<\/li>\n\n\n\n<li>Rapports d\u2019audits<\/li>\n\n\n\n<li>Bilans<\/li>\n\n\n\n<li>Lettres d\u2019informations financi\u00e8res<\/li>\n\n\n\n<li>Documents de gestion du risque et de gestion d\u2019actifs<\/li>\n\n\n\n<li>Textes de fusions et d\u2019acquisitions<\/li>\n\n\n\n<li>Papiers de recherche<\/li>\n\n\n\n<li>Rapports de fonds d\u2019investissement<\/li>\n\n\n\n<li>Rapports d\u2019activit\u00e9<\/li>\n\n\n\n<li>Documents d\u2019informations cl\u00e9s pour l\u2019investisseur (DICI)<\/li>\n<\/ul>\n","protected":false},"excerpt":{"rendered":"<p>UN TRAVAIL EFFECTU\u00c9 PAR DES PROFESSIONNELS DE LA TRADUCTION FINANCI\u00c8RE SU\u00c9DOIS &#8211; FRAN\u00c7AIS La traduction financi\u00e8re est un domaine qui requiert bon nombre de comp\u00e9tences [&#8230;]<\/p>\n<p><a class=\"btn btn-secondary understrap-read-more-link\" href=\"https:\/\/culturesconnection.com\/fr\/services-de-traduction-suedois\/traduction-financiere-suedois\/\">Lire la suite\u2026<span class=\"screen-reader-text\"> from Agence de traduction financi\u00e8re en su\u00e9dois<\/span><\/a><\/p>\n","protected":false},"author":42,"featured_media":24329,"parent":6488,"menu_order":0,"comment_status":"closed","ping_status":"closed","template":"","meta":{"_acf_changed":false,"_editorskit_title_hidden":false,"_editorskit_reading_time":0,"_editorskit_is_block_options_detached":false,"_editorskit_block_options_position":"{}","footnotes":""},"class_list":["post-10559","page","type-page","status-publish","has-post-thumbnail","hentry"],"acf":[],"_links":{"self":[{"href":"https:\/\/culturesconnection.com\/fr\/wp-json\/wp\/v2\/pages\/10559","targetHints":{"allow":["GET"]}}],"collection":[{"href":"https:\/\/culturesconnection.com\/fr\/wp-json\/wp\/v2\/pages"}],"about":[{"href":"https:\/\/culturesconnection.com\/fr\/wp-json\/wp\/v2\/types\/page"}],"author":[{"embeddable":true,"href":"https:\/\/culturesconnection.com\/fr\/wp-json\/wp\/v2\/users\/42"}],"replies":[{"embeddable":true,"href":"https:\/\/culturesconnection.com\/fr\/wp-json\/wp\/v2\/comments?post=10559"}],"version-history":[{"count":0,"href":"https:\/\/culturesconnection.com\/fr\/wp-json\/wp\/v2\/pages\/10559\/revisions"}],"up":[{"embeddable":true,"href":"https:\/\/culturesconnection.com\/fr\/wp-json\/wp\/v2\/pages\/6488"}],"wp:featuredmedia":[{"embeddable":true,"href":"https:\/\/culturesconnection.com\/fr\/wp-json\/wp\/v2\/media\/24329"}],"wp:attachment":[{"href":"https:\/\/culturesconnection.com\/fr\/wp-json\/wp\/v2\/media?parent=10559"}],"curies":[{"name":"wp","href":"https:\/\/api.w.org\/{rel}","templated":true}]}}