{"id":10549,"date":"2018-10-30T00:59:40","date_gmt":"2018-10-29T23:59:40","guid":{"rendered":"http:\/\/culturesconnection.com\/?page_id=10549"},"modified":"2022-12-19T09:57:40","modified_gmt":"2022-12-19T08:57:40","slug":"traduction-juridique-finnois","status":"publish","type":"page","link":"https:\/\/culturesconnection.com\/fr\/services-de-traduction-finnois\/traduction-juridique-finnois\/","title":{"rendered":"Agence de traduction juridique en finnois"},"content":{"rendered":"\n<h2 class=\"wp-block-heading\">UN TRAVAIL R\u00c9ALIS\u00c9 PAR DES SP\u00c9CIALISTES DE LA TRADUCTION JURIDIQUE FINNOIS FRAN\u00c7AIS<\/h2>\n\n\n\n<p><a href=\"https:\/\/culturesconnection.com\/fr\/traduction-juridique\/\">La traduction juridique<\/a> constitue probablement l\u2019un des exercices les plus difficiles de la traduction du fait de la complexit\u00e9 de la terminologie utilis\u00e9e. De plus, chaque pays dispose d\u2019un syst\u00e8me juridique qui lui est propre. Ainsi, certains concepts n\u2019auront peut \u00eatre aucun \u00e9quivalent entre la langue source et la langue cible. Le travail du traducteur expert prend alors tout son sens. Il doit en effet jongler avec les mots et les notions pour rendre un r\u00e9sultat final contenant les m\u00eames valeurs l\u00e9gales dans le document source. Notre agence de traduction travaille en \u00e9troite collaboration avec de nombreux traducteurs sp\u00e9cialis\u00e9s entre le finnois et le fran\u00e7ais.<\/p>\n\n\n\n<h2 class=\"wp-block-heading\">NOTRE AGENCE DE TRADUCTION JURIDIQUE<\/h2>\n\n\n\n<p>Forte de son exp\u00e9rience dans le domaine juridique, <a href=\"https:\/\/culturesconnection.com\/fr\/\">notre agence de traduction<\/a> travaille avec de nombreux professionnels experts dans le domaine qui ma\u00eetrisent totalement le vocabulaire utilis\u00e9 et connaissent \u00e9galement tous les concepts et les notions de chacune de leur langue de travail. La plupart du temps, ils viennent eux-m\u00eames du secteur, ils ont donc souvent travaill\u00e9 en tant qu\u2019avocats ou juristes par exemple, ce qui leur apporte une tr\u00e8s grande l\u00e9gitimit\u00e9 pour traduire vos documents l\u00e9gaux. Leurs connaissances linguistiques sont \u00e9galement excellentes autant en fran\u00e7ais qu\u2019en finnois. Pour vous assurer un maximum de qualit\u00e9, tous nos traducteurs travaillent uniquement vers leur langue maternelle. Ainsi, tous ces crit\u00e8res nous permettent de vous proposer des services de traduction juridique en finnois fiables, pr\u00e9cis et de qualit\u00e9.<\/p>\n\n\n\n<h2 class=\"wp-block-heading\">VOS DOCUMENTS JURIDIQUES EN FINNOIS<\/h2>\n\n\n\n<p>Les documents juridiques sont tr\u00e8s nombreux. Ainsi, notre agence de traduction propose un large \u00e9ventail de services linguistiques dans ce domaine en finnois :<\/p>\n\n\n\n<ul class=\"wp-block-list\">\n<li>Contrats de distribution, de vente et de travail<\/li>\n\n\n\n<li>D\u00e9p\u00f4ts de plaintes<\/li>\n\n\n\n<li>Proc\u00e9dures judiciaires<\/li>\n\n\n\n<li>Conditions g\u00e9n\u00e9rales<\/li>\n\n\n\n<li>Rapports d\u2019expertises<\/li>\n\n\n\n<li>R\u00e9glementation<\/li>\n\n\n\n<li>Dossiers d\u2019h\u00e9ritage<\/li>\n\n\n\n<li>Demandes de divorce<\/li>\n\n\n\n<li>Clauses de non-concurrence et de non-confidentialit\u00e9<\/li>\n\n\n\n<li>Lettres d\u2019intention<\/li>\n\n\n\n<li>Procurations<\/li>\n\n\n\n<li>Mainlev\u00e9es judiciaires<\/li>\n\n\n\n<li>Statuts de soci\u00e9t\u00e9<\/li>\n<\/ul>\n","protected":false},"excerpt":{"rendered":"<p>UN TRAVAIL R\u00c9ALIS\u00c9 PAR DES SP\u00c9CIALISTES DE LA TRADUCTION JURIDIQUE FINNOIS FRAN\u00c7AIS La traduction juridique constitue probablement l\u2019un des exercices les plus difficiles de la [&#8230;]<\/p>\n<p><a class=\"btn btn-secondary understrap-read-more-link\" href=\"https:\/\/culturesconnection.com\/fr\/services-de-traduction-finnois\/traduction-juridique-finnois\/\">Lire la suite\u2026<span class=\"screen-reader-text\"> from Agence de traduction juridique en finnois<\/span><\/a><\/p>\n","protected":false},"author":42,"featured_media":24329,"parent":6571,"menu_order":0,"comment_status":"closed","ping_status":"closed","template":"","meta":{"_acf_changed":false,"_editorskit_title_hidden":false,"_editorskit_reading_time":0,"_editorskit_is_block_options_detached":false,"_editorskit_block_options_position":"{}","footnotes":""},"class_list":["post-10549","page","type-page","status-publish","has-post-thumbnail","hentry"],"acf":[],"_links":{"self":[{"href":"https:\/\/culturesconnection.com\/fr\/wp-json\/wp\/v2\/pages\/10549","targetHints":{"allow":["GET"]}}],"collection":[{"href":"https:\/\/culturesconnection.com\/fr\/wp-json\/wp\/v2\/pages"}],"about":[{"href":"https:\/\/culturesconnection.com\/fr\/wp-json\/wp\/v2\/types\/page"}],"author":[{"embeddable":true,"href":"https:\/\/culturesconnection.com\/fr\/wp-json\/wp\/v2\/users\/42"}],"replies":[{"embeddable":true,"href":"https:\/\/culturesconnection.com\/fr\/wp-json\/wp\/v2\/comments?post=10549"}],"version-history":[{"count":0,"href":"https:\/\/culturesconnection.com\/fr\/wp-json\/wp\/v2\/pages\/10549\/revisions"}],"up":[{"embeddable":true,"href":"https:\/\/culturesconnection.com\/fr\/wp-json\/wp\/v2\/pages\/6571"}],"wp:featuredmedia":[{"embeddable":true,"href":"https:\/\/culturesconnection.com\/fr\/wp-json\/wp\/v2\/media\/24329"}],"wp:attachment":[{"href":"https:\/\/culturesconnection.com\/fr\/wp-json\/wp\/v2\/media?parent=10549"}],"curies":[{"name":"wp","href":"https:\/\/api.w.org\/{rel}","templated":true}]}}