{"id":10536,"date":"2018-10-05T20:51:56","date_gmt":"2018-10-05T19:51:56","guid":{"rendered":"http:\/\/culturesconnection.com\/?page_id=10536"},"modified":"2022-12-06T14:33:58","modified_gmt":"2022-12-06T13:33:58","slug":"traduction-jeux-video-grec","status":"publish","type":"page","link":"https:\/\/culturesconnection.com\/fr\/services-de-traduction-grec\/traduction-jeux-video-grec\/","title":{"rendered":"Agence de traduction de jeux vid\u00e9o en grec"},"content":{"rendered":"\n<h2 class=\"wp-block-heading\">TRADUCTION DE JEUX VID\u00c9O EN GREC<\/h2>\n\n\n\n<p><a href=\"https:\/\/culturesconnection.com\/fr\/traduction-localisation-jeux-video\/\">La traduction de jeux vid\u00e9o<\/a> rel\u00e8ve davantage de la localisation que de la traduction. En effet, le jeu vid\u00e9o doit \u00eatre adapt\u00e9 au march\u00e9 de la langue cible pour optimiser l\u2019exp\u00e9rience des joueurs. Bien que l\u2019anglais soit la langue universelle la plus utilis\u00e9e dans l\u2019industrie du jeu vid\u00e9o, les joueurs appr\u00e9cient \u00e9galement beaucoup la possibilit\u00e9 de jouer dans leur propre langue pour comprendre tous les dialogues et les intrigues. Seul un traducteur professionnel expert dans ce domaine pourra traduire vos supports de fa\u00e7on pr\u00e9cise. Cultures Connection vous propose des services de traduction de jeux vid\u00e9o en grec de tr\u00e8s bonne qualit\u00e9.<\/p>\n\n\n\n<h2 class=\"wp-block-heading\">LOCALISATION DE VOS JEUX VID\u00c9O EN GREC<\/h2>\n\n\n\n<p>Si vous souhaitez lancer votre nouveau jeu sur le march\u00e9 grec, faites appel \u00e0 <a href=\"https:\/\/culturesconnection.com\/fr\/\">notre agence de traduction<\/a> qui vous fournira des services de traduction de jeux vid\u00e9o rapides, fiables et de bonne qualit\u00e9. Nos traducteurs grecs sont experts dans ce type de traductions et ont un excellent niveau de langue. Ils sont \u00e9galement eux-m\u00eames passionn\u00e9s par les jeux vid\u00e9o et comprennent donc la n\u00e9cessit\u00e9 de les traduire dans leur langue maternelle. Cultures Connection est donc l\u2019agence de traduction qu\u2019il vous faut.<\/p>\n\n\n\n<h2 class=\"wp-block-heading\">NOS SERVICES DE TRADUCTION DE JEUX VID\u00c9O<\/h2>\n\n\n\n<p>Voici certains exemples des services de traduction de jeux vid\u00e9o que nous proposons chez Cultures Connection :<\/p>\n\n\n\n<ul class=\"wp-block-list\"><li>Traduction de jeux vid\u00e9o<\/li><li>Localisation de jeux vid\u00e9o<\/li><li>Gestion de projet<\/li><li>Sous-titrage<\/li><li>Enregistrement et doublage<\/li><li>Contr\u00f4le qualit\u00e9<\/li><\/ul>\n\n\n\n<h3 class=\"wp-block-heading\">&nbsp;Traduction de jeux video&nbsp;dans toutes les&nbsp;langues<\/h3>\n\n\n\n<ul class=\"wp-block-list\"><li><a href=\"https:\/\/culturesconnection.com\/fr\/traduction-de-jeux-video-en-anglais\/\">Traduction jeux video&nbsp;anglais<\/a><\/li><li><a href=\"https:\/\/culturesconnection.com\/fr\/traduction-de-jeux-video-en-espagnol\/\">Traduction jeux video espagnol<\/a><\/li><li><a href=\"https:\/\/culturesconnection.com\/fr\/traduction-jeux-video-en-allemand\/\">Traduction jeux video allemand<\/a><\/li><li><a href=\"https:\/\/culturesconnection.com\/fr\/traduction-jeux-video-en-chinois\/\">Traduction jeux video chinois<\/a><\/li><li><a href=\"https:\/\/culturesconnection.com\/fr\/traduction-de-jeux-video-en-arabe\/\">Traduction jeux video arabe<\/a><\/li><li><a href=\"https:\/\/culturesconnection.com\/fr\/traduction-jeux-video-en-portugais\/\">Traduction jeux video portugais<\/a><a href=\"https:\/\/culturesconnection.com\/fr\/traduction-de-jeux-video-en-italien\/\"><\/a><\/li><li><a href=\"https:\/\/culturesconnection.com\/fr\/traduction-jeux-video-en-neerlandais\/\">Traduction jeux video n\u00e9erlandais<\/a><\/li><li><a href=\"https:\/\/culturesconnection.com\/fr\/traduction-de-jeux-video-en-turc\/\">Traduction jeux video turc<\/a><\/li><li><a href=\"https:\/\/culturesconnection.com\/fr\/traduction-jeux-video-en-japonais\/\">Traduction jeux video japonais<\/a><\/li><li><a href=\"https:\/\/culturesconnection.com\/fr\/traduction-jeux-video-en-russe\/\">Traduction jeux video russe<\/a><\/li><\/ul>\n","protected":false},"excerpt":{"rendered":"<p>TRADUCTION DE JEUX VID\u00c9O EN GREC La traduction de jeux vid\u00e9o rel\u00e8ve davantage de la localisation que de la traduction. En effet, le jeu vid\u00e9o [&#8230;]<\/p>\n<p><a class=\"btn btn-secondary understrap-read-more-link\" href=\"https:\/\/culturesconnection.com\/fr\/services-de-traduction-grec\/traduction-jeux-video-grec\/\">Lire la suite\u2026<span class=\"screen-reader-text\"> from Agence de traduction de jeux vid\u00e9o en grec<\/span><\/a><\/p>\n","protected":false},"author":42,"featured_media":0,"parent":6538,"menu_order":0,"comment_status":"closed","ping_status":"closed","template":"","meta":{"_acf_changed":false,"_editorskit_title_hidden":false,"_editorskit_reading_time":1,"_editorskit_is_block_options_detached":false,"_editorskit_block_options_position":"{}","footnotes":""},"class_list":["post-10536","page","type-page","status-publish","hentry"],"acf":[],"_links":{"self":[{"href":"https:\/\/culturesconnection.com\/fr\/wp-json\/wp\/v2\/pages\/10536","targetHints":{"allow":["GET"]}}],"collection":[{"href":"https:\/\/culturesconnection.com\/fr\/wp-json\/wp\/v2\/pages"}],"about":[{"href":"https:\/\/culturesconnection.com\/fr\/wp-json\/wp\/v2\/types\/page"}],"author":[{"embeddable":true,"href":"https:\/\/culturesconnection.com\/fr\/wp-json\/wp\/v2\/users\/42"}],"replies":[{"embeddable":true,"href":"https:\/\/culturesconnection.com\/fr\/wp-json\/wp\/v2\/comments?post=10536"}],"version-history":[{"count":0,"href":"https:\/\/culturesconnection.com\/fr\/wp-json\/wp\/v2\/pages\/10536\/revisions"}],"up":[{"embeddable":true,"href":"https:\/\/culturesconnection.com\/fr\/wp-json\/wp\/v2\/pages\/6538"}],"wp:attachment":[{"href":"https:\/\/culturesconnection.com\/fr\/wp-json\/wp\/v2\/media?parent=10536"}],"curies":[{"name":"wp","href":"https:\/\/api.w.org\/{rel}","templated":true}]}}