{"id":10535,"date":"2018-10-05T20:50:44","date_gmt":"2018-10-05T19:50:44","guid":{"rendered":"http:\/\/culturesconnection.com\/?page_id=10535"},"modified":"2022-12-06T14:42:15","modified_gmt":"2022-12-06T13:42:15","slug":"traduction-audiovisuelle-grec","status":"publish","type":"page","link":"https:\/\/culturesconnection.com\/fr\/services-de-traduction-grec\/traduction-audiovisuelle-grec\/","title":{"rendered":"Agence de traduction audiovisuelle et de sous-titres en grec"},"content":{"rendered":"\n<h2 class=\"wp-block-heading\">LA TRADUCTION AUDIOVISUELLE GREC &#8211; FRAN\u00c7AIS : LA DIFFUSION DE VOS M\u00c9DIAS EN GR\u00c8CE<\/h2>\n\n\n\n<p><a href=\"https:\/\/culturesconnection.com\/fr\/traduction-audiovisuelle\/\">La traduction audiovisuelle<\/a> est un secteur en plein essor du fait de la multiplication des supports vid\u00e9o et audio existants aujourd\u2019hui. Si vous souhaitez donc lancer un nouveau film en Gr\u00e8ce par exemple, vous aurez besoin des services d\u2019un traducteur professionnel pour rendre accessible ce contenu multim\u00e9dia au public grec. Le sp\u00e9cialiste de l\u2019audiovisuel est \u00e0 m\u00eame de r\u00e9aliser tous types de prestations dans ce domaine telles que le sous-titrage, la voix-off ou encore le doublage. Confiez donc vos projets audiovisuels \u00e0 notre agence de traduction pour un rendu pr\u00e9cis et de qualit\u00e9.<\/p>\n\n\n\n<h2 class=\"wp-block-heading\">NOS SERVICES DE SOUS-TITRAGE EN GREC<\/h2>\n\n\n\n<p>Dans <a href=\"https:\/\/culturesconnection.com\/fr\/\">notre agence de traduction<\/a>, nous proposons des services de traduction audiovisuelle grecque avec des sous-titres de grande qualit\u00e9. Nos traducteurs sous-titreurs ma\u00eetrisent parfaitement la technicit\u00e9 de leur profession ainsi que leurs langues de travail. Ils ne travaillent que vers leur langue maternelle pour vous assurer les meilleures traductions possibles. Alors, si vous avez un projet de traduction audiovisuelle en grec, faites confiance \u00e0 Cultures Connection pour vous trouver le traducteur dont vous avez besoin. Le sous-titrage, en particulier, n\u2019est pas un exercice facile, mais notre sp\u00e9cialiste saura \u00e9viter les pi\u00e8ges et pourra les traduire en jouant avec les difficult\u00e9s du secteur audiovisuel.<\/p>\n\n\n\n<h2 class=\"wp-block-heading\">NOS SUPPORTS AUDIOVISUELS EN GREC<\/h2>\n\n\n\n<p>Les possibilit\u00e9s de traductions dans le domaine de l\u2019audiovisuel sont grandes. Voici quelques exemples de projets audiovisuels en grec r\u00e9alis\u00e9s par Cultures Connection :<\/p>\n\n\n\n<ul class=\"wp-block-list\"><li>Vid\u00e9os institutionnelles<\/li><li>Textes audio<\/li><li>Vid\u00e9os commerciales et publicitaires<\/li><li>Vid\u00e9os institutionnelles<\/li><li>Documentaires<\/li><li>Films et s\u00e9ries<\/li><\/ul>\n\n\n\n<h3 class=\"wp-block-heading\"> Services de sous-titrage dans toutes les langues<\/h3>\n\n\n\n<ul class=\"wp-block-list\"><li><a href=\"https:\/\/culturesconnection.com\/fr\/traduction-audiovisuelle-anglais\/\">Services de sous-titrage anglais<\/a><\/li><li><a href=\"https:\/\/culturesconnection.com\/fr\/traduction-audiovisuelle-espagnol\/\">Services de sous-titrage espagnol<\/a><\/li><li><a href=\"https:\/\/culturesconnection.com\/fr\/traduction-audiovisuelle-allemand\/\">Services de sous-titrage allemand<\/a><\/li><li><a href=\"https:\/\/culturesconnection.com\/fr\/traduction-audiovisuelle-chinois\/\">Services de sous-titrage chinois<\/a><\/li><li><a href=\"https:\/\/culturesconnection.com\/fr\/traduction-audiovisuelle-arabe\/\">Services de sous-titrage arabe<\/a><\/li><li><a href=\"https:\/\/culturesconnection.com\/fr\/traduction-audiovisuelle-portugais\/\">Services de sous-titrage portugais<\/a><\/li><li><a href=\"https:\/\/culturesconnection.com\/fr\/traduction-audiovisuelle-italien\/\">Services de sous-titrage italien<\/a><\/li><li><a href=\"https:\/\/culturesconnection.com\/fr\/traduction-audiovisuelle-neerlandais\/\">Services de sous-titrage n\u00e9erlandais<\/a><\/li><li><a href=\"https:\/\/culturesconnection.com\/fr\/traduction-audiovisuelle-japonais\/\">Services de sous-titrage japonais<\/a><\/li><li><a href=\"https:\/\/culturesconnection.com\/fr\/traduction-audiovisuelle-russe\/\">Services de sous-titrage russe<\/a><\/li><\/ul>\n","protected":false},"excerpt":{"rendered":"<p>LA TRADUCTION AUDIOVISUELLE GREC &#8211; FRAN\u00c7AIS : LA DIFFUSION DE VOS M\u00c9DIAS EN GR\u00c8CE La traduction audiovisuelle est un secteur en plein essor du fait [&#8230;]<\/p>\n<p><a class=\"btn btn-secondary understrap-read-more-link\" href=\"https:\/\/culturesconnection.com\/fr\/services-de-traduction-grec\/traduction-audiovisuelle-grec\/\">Lire la suite\u2026<span class=\"screen-reader-text\"> from Agence de traduction audiovisuelle et de sous-titres en grec<\/span><\/a><\/p>\n","protected":false},"author":42,"featured_media":24329,"parent":6538,"menu_order":0,"comment_status":"closed","ping_status":"closed","template":"","meta":{"_acf_changed":false,"_editorskit_title_hidden":false,"_editorskit_reading_time":1,"_editorskit_is_block_options_detached":false,"_editorskit_block_options_position":"{}","footnotes":""},"class_list":["post-10535","page","type-page","status-publish","has-post-thumbnail","hentry"],"acf":[],"_links":{"self":[{"href":"https:\/\/culturesconnection.com\/fr\/wp-json\/wp\/v2\/pages\/10535","targetHints":{"allow":["GET"]}}],"collection":[{"href":"https:\/\/culturesconnection.com\/fr\/wp-json\/wp\/v2\/pages"}],"about":[{"href":"https:\/\/culturesconnection.com\/fr\/wp-json\/wp\/v2\/types\/page"}],"author":[{"embeddable":true,"href":"https:\/\/culturesconnection.com\/fr\/wp-json\/wp\/v2\/users\/42"}],"replies":[{"embeddable":true,"href":"https:\/\/culturesconnection.com\/fr\/wp-json\/wp\/v2\/comments?post=10535"}],"version-history":[{"count":0,"href":"https:\/\/culturesconnection.com\/fr\/wp-json\/wp\/v2\/pages\/10535\/revisions"}],"up":[{"embeddable":true,"href":"https:\/\/culturesconnection.com\/fr\/wp-json\/wp\/v2\/pages\/6538"}],"wp:featuredmedia":[{"embeddable":true,"href":"https:\/\/culturesconnection.com\/fr\/wp-json\/wp\/v2\/media\/24329"}],"wp:attachment":[{"href":"https:\/\/culturesconnection.com\/fr\/wp-json\/wp\/v2\/media?parent=10535"}],"curies":[{"name":"wp","href":"https:\/\/api.w.org\/{rel}","templated":true}]}}