{"id":10534,"date":"2018-10-05T19:58:24","date_gmt":"2018-10-05T18:58:24","guid":{"rendered":"http:\/\/culturesconnection.com\/?page_id=10534"},"modified":"2022-12-06T14:15:31","modified_gmt":"2022-12-06T13:15:31","slug":"traduction-de-site-web-grec","status":"publish","type":"page","link":"https:\/\/culturesconnection.com\/fr\/services-de-traduction-grec\/traduction-de-site-web-grec\/","title":{"rendered":"Agence de traduction de site web en grec"},"content":{"rendered":"\n<h2 class=\"wp-block-heading\">TRADUCTION DE SITES WEB EN GREC : LA VISIBILIT\u00c9 DE VOS SUPPORTS INTERNET ASSUR\u00c9E<\/h2>\n\n\n\n<p>Vous avez comme projet d\u2019internationaliser votre entreprise ? Pour cela, votre site internet doit \u00eatre traduit dans la langue cible pour avoir un plus grand effet sur vos futurs clients ou partenaires. En effet, de nombreuses \u00e9tudes ont montr\u00e9 que des clients d\u2019un site de e-commerce achetaient plus facilement des produits si ceux-ci \u00e9taient traduits dans leur langue maternelle plut\u00f4t que dans la langue universelle des \u00e9changes actuels : l\u2019anglais. Le traducteur sp\u00e9cialis\u00e9 dans la traduction de sites web pourra donc vous accompagner dans votre d\u00e9veloppement en vous fournissant des services de traduction de qualit\u00e9 et vous assurer une traduction de vos supports web pr\u00e9cise. Faites donc confiance \u00e0 Cultures Connection pour vos futurs projets de traduction de sites web en grec.<\/p>\n\n\n\n<h2 class=\"wp-block-heading\">NOTRE AGENCE DE TRADUCTION DE SITE WEB<\/h2>\n\n\n\n<p>Vous souhaitez d\u00e9velopper votre entreprise \u00e0 l\u2019international et vous avez besoin de faire traduire votre site internet en grec par un traducteur fiable ? N\u2019attendez plus, faites confiance \u00e0 Cultures Connection et \u00e0 son large r\u00e9seau de collaborateurs grecs. Dans <a href=\"https:\/\/culturesconnection.com\/fr\/\">notre agence de traduction<\/a>, nous savons \u00e0 quel point il est important de r\u00e9aliser une bonne traduction de votre site internet. Cela refl\u00e8te l\u2019image de votre entreprise. C\u2019est pourquoi, nous employons uniquement des sp\u00e9cialistes natifs qui connaissent pleinement l\u2019aspect linguistique et l\u2019aspect technique de leur m\u00e9tier. Ils traduisent uniquement vers leur langue maternelle. Cultures Connection est donc la r\u00e9ponse \u00e0 vos besoins en <a href=\"https:\/\/culturesconnection.com\/fr\/traduction-site-internet\/\">traduction de sites web<\/a> en grec.<\/p>\n\n\n\n<h2 class=\"wp-block-heading\">VOS SITES WEB EN GREC<\/h2>\n\n\n\n<p>Voici une liste non exhaustive des traductions en grec de vos sites internet que nous avons l\u2019habitude de traduire dans notre agence :<\/p>\n\n\n\n<ul class=\"wp-block-list\"><li>Contenus internet<\/li><li>Sites e-commerce<\/li><li>Applications mobiles<\/li><li>Plateformes marchandes<\/li><li>Fiches produits<\/li><\/ul>\n\n\n\n<h3 class=\"wp-block-heading\">&nbsp;Traduction de site web&nbsp;dans toutes les&nbsp;langues<\/h3>\n\n\n\n<ul class=\"wp-block-list\"><li><a href=\"https:\/\/culturesconnection.com\/fr\/traduction-site-web-anglais\/\">Traduction site web&nbsp;anglais<\/a><\/li><li><a href=\"https:\/\/culturesconnection.com\/fr\/traduction-de-site-web-en-espagnol\/\">Traduction site web&nbsp;espagnol<\/a><\/li><li><a href=\"https:\/\/culturesconnection.com\/fr\/traduction-de-site-web-en-allemand\/\">Traduction site web&nbsp;allemand<\/a><\/li><li><a href=\"https:\/\/culturesconnection.com\/fr\/traduction-site-web-chinois\/\">Traduction site web&nbsp;chinois<\/a><\/li><li><a href=\"https:\/\/culturesconnection.com\/fr\/traduction-de-site-web-en-arabe\/\">Traduction site web&nbsp;arabe<\/a><\/li><li><a href=\"https:\/\/culturesconnection.com\/fr\/traduction-site-web-portugais\/\">Traduction site web&nbsp;portugais<\/a><\/li><li><a href=\"https:\/\/culturesconnection.com\/fr\/traduction-de-site-web-en-neerlandais\/\">Traduction site web&nbsp;n\u00e9erlandais<\/a><\/li><li><a href=\"https:\/\/culturesconnection.com\/fr\/traduction-de-site-web-en-turc\/\">Traduction site web&nbsp;turc<\/a><\/li><li><a href=\"https:\/\/culturesconnection.com\/fr\/traduction-de-site-web-en-japonais\/\">Traduction site web&nbsp;japonais<\/a><\/li><li><a href=\"https:\/\/culturesconnection.com\/fr\/traduction-de-site-web-en-russe\/\">Traduction site web russe<\/a><\/li><\/ul>\n","protected":false},"excerpt":{"rendered":"<p>TRADUCTION DE SITES WEB EN GREC : LA VISIBILIT\u00c9 DE VOS SUPPORTS INTERNET ASSUR\u00c9E Vous avez comme projet d\u2019internationaliser votre entreprise ? Pour cela, votre [&#8230;]<\/p>\n<p><a class=\"btn btn-secondary understrap-read-more-link\" href=\"https:\/\/culturesconnection.com\/fr\/services-de-traduction-grec\/traduction-de-site-web-grec\/\">Lire la suite\u2026<span class=\"screen-reader-text\"> from Agence de traduction de site web en grec<\/span><\/a><\/p>\n","protected":false},"author":42,"featured_media":24329,"parent":6538,"menu_order":0,"comment_status":"closed","ping_status":"closed","template":"","meta":{"_acf_changed":false,"_editorskit_title_hidden":false,"_editorskit_reading_time":1,"_editorskit_is_block_options_detached":false,"_editorskit_block_options_position":"{}","footnotes":""},"class_list":["post-10534","page","type-page","status-publish","has-post-thumbnail","hentry"],"acf":[],"yoast_head":"<!-- This site is optimized with the Yoast SEO Premium plugin v23.4 (Yoast SEO v27.3) - https:\/\/yoast.com\/product\/yoast-seo-premium-wordpress\/ -->\n<title>Services de traduction de site web grec<\/title>\n<meta name=\"description\" content=\"La traduction de site web grec fran\u00e7ais par des professionnels du secteur : contenus web, sites e-commerce, fiches produits. Devis gratuit.\" \/>\n<meta name=\"robots\" content=\"index, follow, max-snippet:-1, max-image-preview:large, max-video-preview:-1\" \/>\n<link rel=\"canonical\" href=\"https:\/\/culturesconnection.com\/fr\/services-de-traduction-grec\/traduction-de-site-web-grec\/\" \/>\n<meta property=\"og:locale\" content=\"fr_FR\" \/>\n<meta property=\"og:type\" content=\"article\" \/>\n<meta property=\"og:title\" content=\"Agence de traduction de site web en grec\" \/>\n<meta property=\"og:description\" content=\"La traduction de site web grec fran\u00e7ais par des professionnels du secteur : contenus web, sites e-commerce, fiches produits. Devis gratuit.\" \/>\n<meta property=\"og:url\" content=\"https:\/\/culturesconnection.com\/fr\/services-de-traduction-grec\/traduction-de-site-web-grec\/\" \/>\n<meta property=\"og:site_name\" content=\"Cultures Connection\" \/>\n<meta property=\"article:publisher\" content=\"https:\/\/www.facebook.com\/CulturesConnection\" \/>\n<meta property=\"article:modified_time\" content=\"2022-12-06T13:15:31+00:00\" \/>\n<meta property=\"og:image\" content=\"https:\/\/culturesconnection.com\/wp-content\/uploads\/2020\/09\/P\u00e1gina_Subservicios_de_traducci\u00f3n_por_idioma.png\" \/>\n\t<meta property=\"og:image:width\" content=\"1417\" \/>\n\t<meta property=\"og:image:height\" content=\"561\" \/>\n\t<meta property=\"og:image:type\" content=\"image\/png\" \/>\n<meta name=\"twitter:card\" content=\"summary_large_image\" \/>\n<meta name=\"twitter:site\" content=\"@CulturesCo_\" \/>\n<meta name=\"twitter:label1\" content=\"Dur\u00e9e de lecture estim\u00e9e\" \/>\n\t<meta name=\"twitter:data1\" content=\"2 minutes\" \/>\n<script type=\"application\/ld+json\" class=\"yoast-schema-graph\">{\"@context\":\"https:\\\/\\\/schema.org\",\"@graph\":[{\"@type\":\"WebPage\",\"@id\":\"https:\\\/\\\/culturesconnection.com\\\/fr\\\/services-de-traduction-grec\\\/traduction-de-site-web-grec\\\/\",\"url\":\"https:\\\/\\\/culturesconnection.com\\\/fr\\\/services-de-traduction-grec\\\/traduction-de-site-web-grec\\\/\",\"name\":\"Services de traduction de site web grec\",\"isPartOf\":{\"@id\":\"https:\\\/\\\/culturesconnection.com\\\/fr\\\/#website\"},\"primaryImageOfPage\":{\"@id\":\"https:\\\/\\\/culturesconnection.com\\\/fr\\\/services-de-traduction-grec\\\/traduction-de-site-web-grec\\\/#primaryimage\"},\"image\":{\"@id\":\"https:\\\/\\\/culturesconnection.com\\\/fr\\\/services-de-traduction-grec\\\/traduction-de-site-web-grec\\\/#primaryimage\"},\"thumbnailUrl\":\"https:\\\/\\\/culturesconnection.com\\\/wp-content\\\/uploads\\\/2020\\\/09\\\/P\u00e1gina_Subservicios_de_traducci\u00f3n_por_idioma.png\",\"datePublished\":\"2018-10-05T18:58:24+00:00\",\"dateModified\":\"2022-12-06T13:15:31+00:00\",\"description\":\"La traduction de site web grec fran\u00e7ais par des professionnels du secteur : contenus web, sites e-commerce, fiches produits. Devis gratuit.\",\"breadcrumb\":{\"@id\":\"https:\\\/\\\/culturesconnection.com\\\/fr\\\/services-de-traduction-grec\\\/traduction-de-site-web-grec\\\/#breadcrumb\"},\"inLanguage\":\"fr-FR\",\"potentialAction\":[{\"@type\":\"ReadAction\",\"target\":[\"https:\\\/\\\/culturesconnection.com\\\/fr\\\/services-de-traduction-grec\\\/traduction-de-site-web-grec\\\/\"]}]},{\"@type\":\"ImageObject\",\"inLanguage\":\"fr-FR\",\"@id\":\"https:\\\/\\\/culturesconnection.com\\\/fr\\\/services-de-traduction-grec\\\/traduction-de-site-web-grec\\\/#primaryimage\",\"url\":\"https:\\\/\\\/culturesconnection.com\\\/wp-content\\\/uploads\\\/2020\\\/09\\\/P\u00e1gina_Subservicios_de_traducci\u00f3n_por_idioma.png\",\"contentUrl\":\"https:\\\/\\\/culturesconnection.com\\\/wp-content\\\/uploads\\\/2020\\\/09\\\/P\u00e1gina_Subservicios_de_traducci\u00f3n_por_idioma.png\",\"width\":1417,\"height\":561},{\"@type\":\"BreadcrumbList\",\"@id\":\"https:\\\/\\\/culturesconnection.com\\\/fr\\\/services-de-traduction-grec\\\/traduction-de-site-web-grec\\\/#breadcrumb\",\"itemListElement\":[{\"@type\":\"ListItem\",\"position\":1,\"name\":\"Home\",\"item\":\"https:\\\/\\\/culturesconnection.com\\\/fr\\\/\"},{\"@type\":\"ListItem\",\"position\":2,\"name\":\"Agence de traduction en grec\",\"item\":\"https:\\\/\\\/culturesconnection.com\\\/fr\\\/services-de-traduction-grec\\\/\"},{\"@type\":\"ListItem\",\"position\":3,\"name\":\"Agence de traduction de site web en grec\"}]},{\"@type\":\"WebSite\",\"@id\":\"https:\\\/\\\/culturesconnection.com\\\/fr\\\/#website\",\"url\":\"https:\\\/\\\/culturesconnection.com\\\/fr\\\/\",\"name\":\"Cultures Connection\",\"description\":\"Cultures Connection is a translation agency dedicated to the success of its international clients.\",\"publisher\":{\"@id\":\"https:\\\/\\\/culturesconnection.com\\\/fr\\\/#organization\"},\"potentialAction\":[{\"@type\":\"SearchAction\",\"target\":{\"@type\":\"EntryPoint\",\"urlTemplate\":\"https:\\\/\\\/culturesconnection.com\\\/fr\\\/?s={search_term_string}\"},\"query-input\":{\"@type\":\"PropertyValueSpecification\",\"valueRequired\":true,\"valueName\":\"search_term_string\"}}],\"inLanguage\":\"fr-FR\"},{\"@type\":\"Organization\",\"@id\":\"https:\\\/\\\/culturesconnection.com\\\/fr\\\/#organization\",\"name\":\"Cultures Connection\",\"url\":\"https:\\\/\\\/culturesconnection.com\\\/fr\\\/\",\"logo\":{\"@type\":\"ImageObject\",\"inLanguage\":\"fr-FR\",\"@id\":\"https:\\\/\\\/culturesconnection.com\\\/fr\\\/#\\\/schema\\\/logo\\\/image\\\/\",\"url\":\"https:\\\/\\\/culturesconnection.com\\\/wp-content\\\/uploads\\\/2022\\\/06\\\/cropped-favicon512x512.png\",\"contentUrl\":\"https:\\\/\\\/culturesconnection.com\\\/wp-content\\\/uploads\\\/2022\\\/06\\\/cropped-favicon512x512.png\",\"width\":512,\"height\":512,\"caption\":\"Cultures Connection\"},\"image\":{\"@id\":\"https:\\\/\\\/culturesconnection.com\\\/fr\\\/#\\\/schema\\\/logo\\\/image\\\/\"},\"sameAs\":[\"https:\\\/\\\/www.facebook.com\\\/CulturesConnection\",\"https:\\\/\\\/x.com\\\/CulturesCo_\"]}]}<\/script>\n<!-- \/ Yoast SEO Premium plugin. -->","yoast_head_json":{"title":"Services de traduction de site web grec","description":"La traduction de site web grec fran\u00e7ais par des professionnels du secteur : contenus web, sites e-commerce, fiches produits. Devis gratuit.","robots":{"index":"index","follow":"follow","max-snippet":"max-snippet:-1","max-image-preview":"max-image-preview:large","max-video-preview":"max-video-preview:-1"},"canonical":"https:\/\/culturesconnection.com\/fr\/services-de-traduction-grec\/traduction-de-site-web-grec\/","og_locale":"fr_FR","og_type":"article","og_title":"Agence de traduction de site web en grec","og_description":"La traduction de site web grec fran\u00e7ais par des professionnels du secteur : contenus web, sites e-commerce, fiches produits. Devis gratuit.","og_url":"https:\/\/culturesconnection.com\/fr\/services-de-traduction-grec\/traduction-de-site-web-grec\/","og_site_name":"Cultures Connection","article_publisher":"https:\/\/www.facebook.com\/CulturesConnection","article_modified_time":"2022-12-06T13:15:31+00:00","og_image":[{"width":1417,"height":561,"url":"https:\/\/culturesconnection.com\/wp-content\/uploads\/2020\/09\/P\u00e1gina_Subservicios_de_traducci\u00f3n_por_idioma.png","type":"image\/png"}],"twitter_card":"summary_large_image","twitter_site":"@CulturesCo_","twitter_misc":{"Dur\u00e9e de lecture estim\u00e9e":"2 minutes"},"schema":{"@context":"https:\/\/schema.org","@graph":[{"@type":"WebPage","@id":"https:\/\/culturesconnection.com\/fr\/services-de-traduction-grec\/traduction-de-site-web-grec\/","url":"https:\/\/culturesconnection.com\/fr\/services-de-traduction-grec\/traduction-de-site-web-grec\/","name":"Services de traduction de site web grec","isPartOf":{"@id":"https:\/\/culturesconnection.com\/fr\/#website"},"primaryImageOfPage":{"@id":"https:\/\/culturesconnection.com\/fr\/services-de-traduction-grec\/traduction-de-site-web-grec\/#primaryimage"},"image":{"@id":"https:\/\/culturesconnection.com\/fr\/services-de-traduction-grec\/traduction-de-site-web-grec\/#primaryimage"},"thumbnailUrl":"https:\/\/culturesconnection.com\/wp-content\/uploads\/2020\/09\/P\u00e1gina_Subservicios_de_traducci\u00f3n_por_idioma.png","datePublished":"2018-10-05T18:58:24+00:00","dateModified":"2022-12-06T13:15:31+00:00","description":"La traduction de site web grec fran\u00e7ais par des professionnels du secteur : contenus web, sites e-commerce, fiches produits. Devis gratuit.","breadcrumb":{"@id":"https:\/\/culturesconnection.com\/fr\/services-de-traduction-grec\/traduction-de-site-web-grec\/#breadcrumb"},"inLanguage":"fr-FR","potentialAction":[{"@type":"ReadAction","target":["https:\/\/culturesconnection.com\/fr\/services-de-traduction-grec\/traduction-de-site-web-grec\/"]}]},{"@type":"ImageObject","inLanguage":"fr-FR","@id":"https:\/\/culturesconnection.com\/fr\/services-de-traduction-grec\/traduction-de-site-web-grec\/#primaryimage","url":"https:\/\/culturesconnection.com\/wp-content\/uploads\/2020\/09\/P\u00e1gina_Subservicios_de_traducci\u00f3n_por_idioma.png","contentUrl":"https:\/\/culturesconnection.com\/wp-content\/uploads\/2020\/09\/P\u00e1gina_Subservicios_de_traducci\u00f3n_por_idioma.png","width":1417,"height":561},{"@type":"BreadcrumbList","@id":"https:\/\/culturesconnection.com\/fr\/services-de-traduction-grec\/traduction-de-site-web-grec\/#breadcrumb","itemListElement":[{"@type":"ListItem","position":1,"name":"Home","item":"https:\/\/culturesconnection.com\/fr\/"},{"@type":"ListItem","position":2,"name":"Agence de traduction en grec","item":"https:\/\/culturesconnection.com\/fr\/services-de-traduction-grec\/"},{"@type":"ListItem","position":3,"name":"Agence de traduction de site web en grec"}]},{"@type":"WebSite","@id":"https:\/\/culturesconnection.com\/fr\/#website","url":"https:\/\/culturesconnection.com\/fr\/","name":"Cultures Connection","description":"Cultures Connection is a translation agency dedicated to the success of its international clients.","publisher":{"@id":"https:\/\/culturesconnection.com\/fr\/#organization"},"potentialAction":[{"@type":"SearchAction","target":{"@type":"EntryPoint","urlTemplate":"https:\/\/culturesconnection.com\/fr\/?s={search_term_string}"},"query-input":{"@type":"PropertyValueSpecification","valueRequired":true,"valueName":"search_term_string"}}],"inLanguage":"fr-FR"},{"@type":"Organization","@id":"https:\/\/culturesconnection.com\/fr\/#organization","name":"Cultures Connection","url":"https:\/\/culturesconnection.com\/fr\/","logo":{"@type":"ImageObject","inLanguage":"fr-FR","@id":"https:\/\/culturesconnection.com\/fr\/#\/schema\/logo\/image\/","url":"https:\/\/culturesconnection.com\/wp-content\/uploads\/2022\/06\/cropped-favicon512x512.png","contentUrl":"https:\/\/culturesconnection.com\/wp-content\/uploads\/2022\/06\/cropped-favicon512x512.png","width":512,"height":512,"caption":"Cultures Connection"},"image":{"@id":"https:\/\/culturesconnection.com\/fr\/#\/schema\/logo\/image\/"},"sameAs":["https:\/\/www.facebook.com\/CulturesConnection","https:\/\/x.com\/CulturesCo_"]}]}},"_links":{"self":[{"href":"https:\/\/culturesconnection.com\/fr\/wp-json\/wp\/v2\/pages\/10534","targetHints":{"allow":["GET"]}}],"collection":[{"href":"https:\/\/culturesconnection.com\/fr\/wp-json\/wp\/v2\/pages"}],"about":[{"href":"https:\/\/culturesconnection.com\/fr\/wp-json\/wp\/v2\/types\/page"}],"author":[{"embeddable":true,"href":"https:\/\/culturesconnection.com\/fr\/wp-json\/wp\/v2\/users\/42"}],"replies":[{"embeddable":true,"href":"https:\/\/culturesconnection.com\/fr\/wp-json\/wp\/v2\/comments?post=10534"}],"version-history":[{"count":0,"href":"https:\/\/culturesconnection.com\/fr\/wp-json\/wp\/v2\/pages\/10534\/revisions"}],"up":[{"embeddable":true,"href":"https:\/\/culturesconnection.com\/fr\/wp-json\/wp\/v2\/pages\/6538"}],"wp:featuredmedia":[{"embeddable":true,"href":"https:\/\/culturesconnection.com\/fr\/wp-json\/wp\/v2\/media\/24329"}],"wp:attachment":[{"href":"https:\/\/culturesconnection.com\/fr\/wp-json\/wp\/v2\/media?parent=10534"}],"curies":[{"name":"wp","href":"https:\/\/api.w.org\/{rel}","templated":true}]}}