{"id":10533,"date":"2018-10-05T19:57:11","date_gmt":"2018-10-05T18:57:11","guid":{"rendered":"http:\/\/culturesconnection.com\/?page_id=10533"},"modified":"2022-12-05T15:45:11","modified_gmt":"2022-12-05T14:45:11","slug":"traduction-marketing-grec","status":"publish","type":"page","link":"https:\/\/culturesconnection.com\/fr\/services-de-traduction-grec\/traduction-marketing-grec\/","title":{"rendered":"Agence de traduction marketing en grec"},"content":{"rendered":"\n<h2 class=\"wp-block-heading\">LA TRADUCTION MARKETING GREC-FRAN\u00c7AIS, L\u2019ADAPTATION CULTURELLE DE VOTRE PRODUIT<\/h2>\n\n\n\n<p><a href=\"https:\/\/culturesconnection.com\/fr\/traduction-marketing\/\">La traduction marketing<\/a> ou plut\u00f4t la localisation marketing est un domaine de traduction o\u00f9 il s\u2019agit davantage de r\u00e9aliser une adaptation du contenu sur votre produit marketing que de faire une traduction pure et simple. En effet, le traducteur-localisateur doit prendre en compte les diff\u00e9rences culturelles entre la langue source et la langue cible dans le but d\u2019\u00e9viter toute erreur. Le public grec ne recevra pas votre message publicitaire de la m\u00eame mani\u00e8re que le public fran\u00e7ais, il vous faut donc l\u2019adapter par l\u2019interm\u00e9diaire d\u2019un traducteur sp\u00e9cialis\u00e9 en grec qui sera lui en mesure de traduire et localiser vos supports marketing en tout genre pour susciter l\u2019int\u00e9r\u00eat de votre public cible en transmettant le message adapt\u00e9.<\/p>\n\n\n\n<h2 class=\"wp-block-heading\">NOTRE SERVICE DE TRADUCTION MARKETING GREC-FRAN\u00c7AIS<\/h2>\n\n\n\n<p><a href=\"https:\/\/culturesconnection.com\/fr\/\">Notre agence de traduction<\/a> collabore avec de nombreux traducteurs sp\u00e9cialis\u00e9s dans un domaine en particulier pour vous proposer des services de traduction les plus fiables possibles et de la meilleure qualit\u00e9 possible. Chez Cultures Connection, nous vous garantissons de toujours trouver le traducteur professionnel le plus adapt\u00e9 \u00e0 vos besoins en traduction qui ma\u00eetrise la terminologie sp\u00e9cifique autant en fran\u00e7ais qu\u2019en grec. Si vous souhaitez recevoir une traduction marketing grecque ad\u00e9quate, faites confiance \u00e0 notre cabinet de traduction et \u00e0 nos services de traduction sp\u00e9cialis\u00e9s.<\/p>\n\n\n\n<h2 class=\"wp-block-heading\">VOS DOCUMENTS MARKETING EN GREC<\/h2>\n\n\n\n<p>Voici certains exemples des traductions marketing grecques que nous r\u00e9alisons :<\/p>\n\n\n\n<ul class=\"wp-block-list\"><li>Brochures<\/li><li>Supports publicitaires<\/li><li>Newsletters<\/li><li>Sites e-commerce<\/li><li>Prospectus<\/li><li>Campagnes marketing<\/li><li>Publicit\u00e9s<\/li><li>Sites Web<\/li><li>Slogans<\/li><li>Logotypes<\/li><li>Pr\u00e9sentations<\/li><li>Lancements de produits<\/li><li>Notes de presse<\/li><li>E-book<\/li><\/ul>\n\n\n\n<h3 class=\"wp-block-heading\">&nbsp;Traduction marketing&nbsp;dans toutes les&nbsp;langues<\/h3>\n\n\n\n<ul class=\"wp-block-list\"><li><a href=\"https:\/\/culturesconnection.com\/fr\/traduction-marketing-anglais\/\">Traduction marketing&nbsp;anglais<\/a><\/li><li><a href=\"https:\/\/culturesconnection.com\/fr\/traduction-marketing-espagnol\/\">Traduction marketing&nbsp;espagnol<\/a><\/li><li><a href=\"https:\/\/culturesconnection.com\/fr\/traduction-marketing-allemand\/\">Traduction marketing&nbsp;allemand<\/a><\/li><li><a href=\"https:\/\/culturesconnection.com\/fr\/traduction-marketing-chinois\/\">Traduction marketing&nbsp;chinois<\/a><\/li><li><a href=\"https:\/\/culturesconnection.com\/fr\/traduction-marketing-arabe\/\">Traduction marketing&nbsp;arabe<\/a><\/li><li><a href=\"https:\/\/culturesconnection.com\/fr\/traduction-marketing-italien\/\">Traduction marketing&nbsp;italien<\/a><\/li><li><a href=\"https:\/\/culturesconnection.com\/fr\/traduction-marketing-neerlandais\/\">Traduction marketing&nbsp;n\u00e9erlandais<\/a><\/li><li><a href=\"https:\/\/culturesconnection.com\/fr\/traduction-marketing-turc\/\">Traduction marketing&nbsp;turc<\/a><\/li><li><a href=\"https:\/\/culturesconnection.com\/fr\/traduction-marketing-japonais\/\">Traduction marketing&nbsp;japonais<\/a><\/li><li><a href=\"https:\/\/culturesconnection.com\/fr\/traduction-marketing-russe\/\">Traduction marketing&nbsp;russe<\/a><\/li><\/ul>\n","protected":false},"excerpt":{"rendered":"<p>LA TRADUCTION MARKETING GREC-FRAN\u00c7AIS, L\u2019ADAPTATION CULTURELLE DE VOTRE PRODUIT La traduction marketing ou plut\u00f4t la localisation marketing est un domaine de traduction o\u00f9 il s\u2019agit [&#8230;]<\/p>\n<p><a class=\"btn btn-secondary understrap-read-more-link\" href=\"https:\/\/culturesconnection.com\/fr\/services-de-traduction-grec\/traduction-marketing-grec\/\">Lire la suite\u2026<span class=\"screen-reader-text\"> from Agence de traduction marketing en grec<\/span><\/a><\/p>\n","protected":false},"author":42,"featured_media":24329,"parent":6538,"menu_order":0,"comment_status":"closed","ping_status":"closed","template":"","meta":{"_acf_changed":false,"_editorskit_title_hidden":false,"_editorskit_reading_time":1,"_editorskit_is_block_options_detached":false,"_editorskit_block_options_position":"{}","footnotes":""},"class_list":["post-10533","page","type-page","status-publish","has-post-thumbnail","hentry"],"acf":[],"_links":{"self":[{"href":"https:\/\/culturesconnection.com\/fr\/wp-json\/wp\/v2\/pages\/10533","targetHints":{"allow":["GET"]}}],"collection":[{"href":"https:\/\/culturesconnection.com\/fr\/wp-json\/wp\/v2\/pages"}],"about":[{"href":"https:\/\/culturesconnection.com\/fr\/wp-json\/wp\/v2\/types\/page"}],"author":[{"embeddable":true,"href":"https:\/\/culturesconnection.com\/fr\/wp-json\/wp\/v2\/users\/42"}],"replies":[{"embeddable":true,"href":"https:\/\/culturesconnection.com\/fr\/wp-json\/wp\/v2\/comments?post=10533"}],"version-history":[{"count":0,"href":"https:\/\/culturesconnection.com\/fr\/wp-json\/wp\/v2\/pages\/10533\/revisions"}],"up":[{"embeddable":true,"href":"https:\/\/culturesconnection.com\/fr\/wp-json\/wp\/v2\/pages\/6538"}],"wp:featuredmedia":[{"embeddable":true,"href":"https:\/\/culturesconnection.com\/fr\/wp-json\/wp\/v2\/media\/24329"}],"wp:attachment":[{"href":"https:\/\/culturesconnection.com\/fr\/wp-json\/wp\/v2\/media?parent=10533"}],"curies":[{"name":"wp","href":"https:\/\/api.w.org\/{rel}","templated":true}]}}