{"id":10532,"date":"2018-10-05T20:52:48","date_gmt":"2018-10-05T19:52:48","guid":{"rendered":"http:\/\/culturesconnection.com\/?page_id=10532"},"modified":"2022-12-05T15:54:04","modified_gmt":"2022-12-05T14:54:04","slug":"traduction-juridique-grec","status":"publish","type":"page","link":"https:\/\/culturesconnection.com\/fr\/services-de-traduction-grec\/traduction-juridique-grec\/","title":{"rendered":"Agence de traduction juridique en grec"},"content":{"rendered":"\n<h2 class=\"wp-block-heading\">LA TRADUCTION JURIDIQUE GREC FRAN\u00c7AIS : UNE TERMINOLOGIE PR\u00c9CISE<\/h2>\n\n\n\n<p><a href=\"https:\/\/culturesconnection.com\/fr\/traduction-juridique\/\">La traduction juridique<\/a> se caract\u00e9rise par une terminologie tr\u00e8s pr\u00e9cise qu\u2019il est tr\u00e8s important de conna\u00eetre sur le bout des doigts. En effet, d\u2019une culture \u00e0 une autre, les concepts juridiques peuvent varier et donc parfois, il n\u2019existe aucun \u00e9quivalent pour tel ou tel terme entre la langue source et la langue cible. C\u2019est pour cette raison, qu\u2019il est essentiel de confier vos traductions juridiques grecques \u00e0 des traducteurs professionnels qui ma\u00eetrisent totalement le vocabulaire exact et comprennent les aspects l\u00e9gaux de vos projets pour \u00eatre \u00e0 m\u00eame de vous fournir des services de traduction de tr\u00e8s bonne qualit\u00e9.<\/p>\n\n\n\n<h2 class=\"wp-block-heading\">NOTRE AGENCE DE TRADUCTION JURIDIQUE<\/h2>\n\n\n\n<p>Gr\u00e2ce \u00e0 la grande exp\u00e9rience de <a href=\"https:\/\/culturesconnection.com\/fr\/\">notre agence de traduction<\/a> dans le domaine juridique, vous avez la garantie de recevoir des traductions rapides, fiables et pr\u00e9cises. Chez Cultures Connection nous attachons beaucoup d\u2019importance \u00e0 la rigueur et \u00e0 l\u2019exactitude de vos produits finis, c\u2019est pourquoi, nous s\u00e9lectionnons uniquement des traducteurs professionnels sp\u00e9cialis\u00e9s dans le secteur juridique qui peuvent justifier d\u2019une exp\u00e9rience pr\u00e9cise dans le milieu en tant qu\u2019avocats ou juristes notamment ou qui ont suivi une formation juridique pour leur apprendre tous les termes et les concepts utilis\u00e9s. Tous nos collaborateurs ont \u00e9galement un excellent niveau linguistique autant en fran\u00e7ais qu\u2019en grec et traduisent uniquement vers leur langue maternelle, ceci dans l\u2019optique de vous proposer des services de traduction de qualit\u00e9 et aux meilleurs prix.<\/p>\n\n\n\n<h2 class=\"wp-block-heading\">VOS DOCUMENTS JURIDIQUES EN GREC<\/h2>\n\n\n\n<p>La liste ci-dessous \u00e9num\u00e8re quelques exemples de documents juridiques que notre agence de traduction traduit depuis et vers le grec :<\/p>\n\n\n\n<ul class=\"wp-block-list\"><li>Contrats de distribution, de vente et de travail<\/li><li>D\u00e9p\u00f4ts de plaintes<\/li><li>Proc\u00e9dures judiciaires<\/li><li>Conditions g\u00e9n\u00e9rales<\/li><li>Rapports d\u2019expertises<\/li><li>R\u00e9glementation<\/li><li>Dossiers d\u2019h\u00e9ritage<\/li><li>Demandes de divorce<\/li><li>Clauses de non-concurrence et de non-confidentialit\u00e9<\/li><li>Lettres d\u2019intention<\/li><li>Procurations<\/li><li>Mainlev\u00e9es judiciaires<\/li><li>Statuts de soci\u00e9t\u00e9<\/li><\/ul>\n\n\n\n<h3 class=\"wp-block-heading\">&nbsp;Traduction juridique&nbsp;dans toutes les&nbsp;langues<\/h3>\n\n\n\n<ul class=\"wp-block-list\"><li><a href=\"https:\/\/culturesconnection.com\/fr\/traduction-juridique-anglais\/\">Traduction juridique&nbsp;anglais<\/a><\/li><li><a href=\"https:\/\/culturesconnection.com\/fr\/traduction-juridique-allemand\/\">Traduction juridique&nbsp;allemand<\/a><\/li><li><a href=\"https:\/\/culturesconnection.com\/fr\/traduction-juridique-chinois\/\">Traduction juridique&nbsp;chinois<\/a><\/li><li><a href=\"https:\/\/culturesconnection.com\/fr\/traduction-juridique-arabe\/\">Traduction juridique&nbsp;arabe<\/a><\/li><li><a href=\"https:\/\/culturesconnection.com\/fr\/traduction-juridique-portugais\/\">Traduction juridique&nbsp;portugais<\/a><\/li><li><a href=\"https:\/\/culturesconnection.com\/fr\/traduction-juridique-italien\/\">Traduction juridique&nbsp;italien<\/a><\/li><li><a href=\"https:\/\/culturesconnection.com\/fr\/traduction-juridique-neerlandais\/\">Traduction juridique&nbsp;n\u00e9erlandais<\/a><\/li><li><a href=\"https:\/\/culturesconnection.com\/fr\/traduction-juridique-turc\/\">Traduction juridique&nbsp;turc<\/a><\/li><li><a href=\"https:\/\/culturesconnection.com\/fr\/traduction-juridique-japonais\/\">Traduction juridique&nbsp;japonais<\/a><\/li><li><a href=\"https:\/\/culturesconnection.com\/fr\/traduction-juridique-russe\/\">Traduction juridique&nbsp;russe<\/a><\/li><\/ul>\n","protected":false},"excerpt":{"rendered":"<p>LA TRADUCTION JURIDIQUE GREC FRAN\u00c7AIS : UNE TERMINOLOGIE PR\u00c9CISE La traduction juridique se caract\u00e9rise par une terminologie tr\u00e8s pr\u00e9cise qu\u2019il est tr\u00e8s important de conna\u00eetre [&#8230;]<\/p>\n<p><a class=\"btn btn-secondary understrap-read-more-link\" href=\"https:\/\/culturesconnection.com\/fr\/services-de-traduction-grec\/traduction-juridique-grec\/\">Lire la suite\u2026<span class=\"screen-reader-text\"> from Agence de traduction juridique en grec<\/span><\/a><\/p>\n","protected":false},"author":42,"featured_media":24329,"parent":6538,"menu_order":0,"comment_status":"closed","ping_status":"closed","template":"","meta":{"_acf_changed":false,"_editorskit_title_hidden":false,"_editorskit_reading_time":1,"_editorskit_is_block_options_detached":false,"_editorskit_block_options_position":"{}","footnotes":""},"class_list":["post-10532","page","type-page","status-publish","has-post-thumbnail","hentry"],"acf":[],"_links":{"self":[{"href":"https:\/\/culturesconnection.com\/fr\/wp-json\/wp\/v2\/pages\/10532","targetHints":{"allow":["GET"]}}],"collection":[{"href":"https:\/\/culturesconnection.com\/fr\/wp-json\/wp\/v2\/pages"}],"about":[{"href":"https:\/\/culturesconnection.com\/fr\/wp-json\/wp\/v2\/types\/page"}],"author":[{"embeddable":true,"href":"https:\/\/culturesconnection.com\/fr\/wp-json\/wp\/v2\/users\/42"}],"replies":[{"embeddable":true,"href":"https:\/\/culturesconnection.com\/fr\/wp-json\/wp\/v2\/comments?post=10532"}],"version-history":[{"count":0,"href":"https:\/\/culturesconnection.com\/fr\/wp-json\/wp\/v2\/pages\/10532\/revisions"}],"up":[{"embeddable":true,"href":"https:\/\/culturesconnection.com\/fr\/wp-json\/wp\/v2\/pages\/6538"}],"wp:featuredmedia":[{"embeddable":true,"href":"https:\/\/culturesconnection.com\/fr\/wp-json\/wp\/v2\/media\/24329"}],"wp:attachment":[{"href":"https:\/\/culturesconnection.com\/fr\/wp-json\/wp\/v2\/media?parent=10532"}],"curies":[{"name":"wp","href":"https:\/\/api.w.org\/{rel}","templated":true}]}}