{"id":10529,"date":"2018-10-05T19:53:28","date_gmt":"2018-10-05T18:53:28","guid":{"rendered":"http:\/\/culturesconnection.com\/?page_id=10529"},"modified":"2022-12-06T13:48:25","modified_gmt":"2022-12-06T12:48:25","slug":"traduction-medicale-grec","status":"publish","type":"page","link":"https:\/\/culturesconnection.com\/fr\/services-de-traduction-grec\/traduction-medicale-grec\/","title":{"rendered":"Agence de traduction m\u00e9dicale en grec"},"content":{"rendered":"\n<h2 class=\"wp-block-heading\">TRADUCTION M\u00c9DICALE GREC-FRAN\u00c7AIS : LA RIGUEUR PROFESSIONNELLE<\/h2>\n\n\n\n<p>Depuis toujours, <a href=\"https:\/\/culturesconnection.com\/fr\/traduction-medicale\/\">la traduction m\u00e9dicale<\/a> est synonyme de complexit\u00e9 et de technicit\u00e9, du fait de l\u2019utilisation de termes tr\u00e8s techniques dans les documents scientifiques qui restent inaccessibles au grand public. Tout comme vous allez voir un sp\u00e9cialiste m\u00e9dical lorsque vous en avez besoin, il est fortement recommand\u00e9 de faire appel \u00e0 un traducteur expert dans la terminologie m\u00e9dicale qui soit en mesure de traduire et de comprendre parfaitement le vocabulaire et les concepts associ\u00e9s. Notre agence de traduction a pleinement conscience de cette n\u00e9cessit\u00e9 et c\u2019est pour cela que nos \u00e9quipes s\u00e9lectionnent pour vous les meilleurs traducteurs grecs experts dans le domaine m\u00e9dical.<\/p>\n\n\n\n<h2 class=\"wp-block-heading\">NOS SERVICES DE TRADUCTION M\u00c9DICALE EN GREC<\/h2>\n\n\n\n<p><a href=\"https:\/\/culturesconnection.com\/fr\/\" class=\"ek-link\">Notre agence de traduction<\/a> se sp\u00e9cialise dans la traduction de documents m\u00e9dicaux depuis de nombreuses ann\u00e9es.  Cette exp\u00e9rience nous a permis de nous cr\u00e9er un vaste r\u00e9seau de traducteurs sp\u00e9cialis\u00e9s dans de nombreux domaines de la m\u00e9decine tels que la m\u00e9decine g\u00e9n\u00e9rale, la nutrition ou encore les neurosciences, pour n\u2019en citer que quelques uns. Si vous faites le choix de Cultures Connection, vous pourrez \u00eatre certain que vos documents m\u00e9dicaux seront entre de bonnes mains et que nous vous fournirons des services de traduction pr\u00e9cis, rapides, fiables et aux meilleurs prix.<\/p>\n\n\n\n<h2 class=\"wp-block-heading\">LA TRADUCTION DE VOS DOCUMENTS M\u00c9DICAUX EN GREC<\/h2>\n\n\n\n<p>Notre agence est sp\u00e9cialis\u00e9e dans le domaine de la traduction m\u00e9dicale. Voici donc une liste non exhaustive des diff\u00e9rents documents m\u00e9dicaux grecs que nous avons d\u00e9j\u00e0 traduits :<\/p>\n\n\n\n<ul class=\"wp-block-list\"><li>Revues<\/li><li>Rapports de conf\u00e9rence<\/li><li>Publications<\/li><li>Projets et comptes rendus de recherche<\/li><li>R\u00e9sultats d\u2019\u00e9tudes et \u00e9tats de nouvelles recherches<\/li><li>Ouvrages de vulgarisation<\/li><li>Rapports d\u2019essais<\/li><li>Questionnaires<\/li><li>Notices<\/li><li>Posologies de nouveaux produits<\/li><li>R\u00e9sultats d\u2019essais cliniques<\/li><li>R\u00e9glementations pharmaceutiques<\/li><li>Rapports d\u2019expertise m\u00e9dicale<\/li><\/ul>\n\n\n\n<h3 class=\"wp-block-heading\">&nbsp;Traduction m\u00e9dicale&nbsp;dans toutes les&nbsp;langues<\/h3>\n\n\n\n<ul class=\"wp-block-list\"><li><a href=\"https:\/\/culturesconnection.com\/fr\/traduction-medicale-anglais\/\">Traduction m\u00e9dicale&nbsp;anglais<\/a><\/li><li><a href=\"https:\/\/culturesconnection.com\/fr\/traduction-medicale-espagnol\/\">Traduction m\u00e9dicale&nbsp;espagnol<\/a><\/li><li><a href=\"https:\/\/culturesconnection.com\/fr\/traduction-medicale-chinois\/\">Traduction m\u00e9dicale&nbsp;chinois<\/a><\/li><li><a href=\"https:\/\/culturesconnection.com\/fr\/traduction-medicale-arabe\/\">Traduction m\u00e9dicale&nbsp;arabe<\/a><\/li><li><a href=\"https:\/\/culturesconnection.com\/fr\/traduction-medicale-portugais\/\">Traduction m\u00e9dicale&nbsp;portugais<\/a><\/li><li><a href=\"https:\/\/culturesconnection.com\/fr\/traduction-medicale-italien\/\">Traduction m\u00e9dicale&nbsp;italien<\/a><\/li><li><a href=\"https:\/\/culturesconnection.com\/fr\/traduction-medicale-neerlandais\/\">Traduction m\u00e9dicale&nbsp;n\u00e9erlandais<\/a><\/li><li><a href=\"https:\/\/culturesconnection.com\/fr\/traduction-medicale-turc\/\">Traduction m\u00e9dicale&nbsp;turc<\/a><\/li><li><a href=\"https:\/\/culturesconnection.com\/fr\/traduction-medicale-japonais\/\">Traduction m\u00e9dicale&nbsp;japonais<\/a><\/li><li><a href=\"https:\/\/culturesconnection.com\/fr\/traduction-medicale-russe\/\">Traduction m\u00e9dicale&nbsp;russe<\/a><\/li><\/ul>\n","protected":false},"excerpt":{"rendered":"<p>TRADUCTION M\u00c9DICALE GREC-FRAN\u00c7AIS : LA RIGUEUR PROFESSIONNELLE Depuis toujours, la traduction m\u00e9dicale est synonyme de complexit\u00e9 et de technicit\u00e9, du fait de l\u2019utilisation de termes [&#8230;]<\/p>\n<p><a class=\"btn btn-secondary understrap-read-more-link\" href=\"https:\/\/culturesconnection.com\/fr\/services-de-traduction-grec\/traduction-medicale-grec\/\">Lire la suite\u2026<span class=\"screen-reader-text\"> from Agence de traduction m\u00e9dicale en grec<\/span><\/a><\/p>\n","protected":false},"author":42,"featured_media":24329,"parent":6538,"menu_order":0,"comment_status":"closed","ping_status":"closed","template":"","meta":{"_acf_changed":false,"_editorskit_title_hidden":false,"_editorskit_reading_time":1,"_editorskit_is_block_options_detached":false,"_editorskit_block_options_position":"{}","footnotes":""},"class_list":["post-10529","page","type-page","status-publish","has-post-thumbnail","hentry"],"acf":[],"yoast_head":"<!-- This site is optimized with the Yoast SEO Premium plugin v23.4 (Yoast SEO v27.3) - https:\/\/yoast.com\/product\/yoast-seo-premium-wordpress\/ -->\n<title>Services de traduction m\u00e9dicale grec<\/title>\n<meta name=\"description\" content=\"Besoin d\u2019une traduction m\u00e9dicale grec-fran\u00e7ais ? Cultures Connection vous propose les services de ses experts. Demandez un devis gratuit.\" \/>\n<meta name=\"robots\" content=\"index, follow, max-snippet:-1, max-image-preview:large, max-video-preview:-1\" \/>\n<link rel=\"canonical\" href=\"https:\/\/culturesconnection.com\/fr\/services-de-traduction-grec\/traduction-medicale-grec\/\" \/>\n<meta property=\"og:locale\" content=\"fr_FR\" \/>\n<meta property=\"og:type\" content=\"article\" \/>\n<meta property=\"og:title\" content=\"Agence de traduction m\u00e9dicale en grec\" \/>\n<meta property=\"og:description\" content=\"Besoin d\u2019une traduction m\u00e9dicale grec-fran\u00e7ais ? Cultures Connection vous propose les services de ses experts. Demandez un devis gratuit.\" \/>\n<meta property=\"og:url\" content=\"https:\/\/culturesconnection.com\/fr\/services-de-traduction-grec\/traduction-medicale-grec\/\" \/>\n<meta property=\"og:site_name\" content=\"Cultures Connection\" \/>\n<meta property=\"article:publisher\" content=\"https:\/\/www.facebook.com\/CulturesConnection\" \/>\n<meta property=\"article:modified_time\" content=\"2022-12-06T12:48:25+00:00\" \/>\n<meta property=\"og:image\" content=\"https:\/\/culturesconnection.com\/wp-content\/uploads\/2020\/09\/P\u00e1gina_Subservicios_de_traducci\u00f3n_por_idioma.png\" \/>\n\t<meta property=\"og:image:width\" content=\"1417\" \/>\n\t<meta property=\"og:image:height\" content=\"561\" \/>\n\t<meta property=\"og:image:type\" content=\"image\/png\" \/>\n<meta name=\"twitter:card\" content=\"summary_large_image\" \/>\n<meta name=\"twitter:site\" content=\"@CulturesCo_\" \/>\n<meta name=\"twitter:label1\" content=\"Dur\u00e9e de lecture estim\u00e9e\" \/>\n\t<meta name=\"twitter:data1\" content=\"2 minutes\" \/>\n<script type=\"application\/ld+json\" class=\"yoast-schema-graph\">{\"@context\":\"https:\\\/\\\/schema.org\",\"@graph\":[{\"@type\":\"WebPage\",\"@id\":\"https:\\\/\\\/culturesconnection.com\\\/fr\\\/services-de-traduction-grec\\\/traduction-medicale-grec\\\/\",\"url\":\"https:\\\/\\\/culturesconnection.com\\\/fr\\\/services-de-traduction-grec\\\/traduction-medicale-grec\\\/\",\"name\":\"Services de traduction m\u00e9dicale grec\",\"isPartOf\":{\"@id\":\"https:\\\/\\\/culturesconnection.com\\\/fr\\\/#website\"},\"primaryImageOfPage\":{\"@id\":\"https:\\\/\\\/culturesconnection.com\\\/fr\\\/services-de-traduction-grec\\\/traduction-medicale-grec\\\/#primaryimage\"},\"image\":{\"@id\":\"https:\\\/\\\/culturesconnection.com\\\/fr\\\/services-de-traduction-grec\\\/traduction-medicale-grec\\\/#primaryimage\"},\"thumbnailUrl\":\"https:\\\/\\\/culturesconnection.com\\\/wp-content\\\/uploads\\\/2020\\\/09\\\/P\u00e1gina_Subservicios_de_traducci\u00f3n_por_idioma.png\",\"datePublished\":\"2018-10-05T18:53:28+00:00\",\"dateModified\":\"2022-12-06T12:48:25+00:00\",\"description\":\"Besoin d\u2019une traduction m\u00e9dicale grec-fran\u00e7ais ? Cultures Connection vous propose les services de ses experts. Demandez un devis gratuit.\",\"breadcrumb\":{\"@id\":\"https:\\\/\\\/culturesconnection.com\\\/fr\\\/services-de-traduction-grec\\\/traduction-medicale-grec\\\/#breadcrumb\"},\"inLanguage\":\"fr-FR\",\"potentialAction\":[{\"@type\":\"ReadAction\",\"target\":[\"https:\\\/\\\/culturesconnection.com\\\/fr\\\/services-de-traduction-grec\\\/traduction-medicale-grec\\\/\"]}]},{\"@type\":\"ImageObject\",\"inLanguage\":\"fr-FR\",\"@id\":\"https:\\\/\\\/culturesconnection.com\\\/fr\\\/services-de-traduction-grec\\\/traduction-medicale-grec\\\/#primaryimage\",\"url\":\"https:\\\/\\\/culturesconnection.com\\\/wp-content\\\/uploads\\\/2020\\\/09\\\/P\u00e1gina_Subservicios_de_traducci\u00f3n_por_idioma.png\",\"contentUrl\":\"https:\\\/\\\/culturesconnection.com\\\/wp-content\\\/uploads\\\/2020\\\/09\\\/P\u00e1gina_Subservicios_de_traducci\u00f3n_por_idioma.png\",\"width\":1417,\"height\":561},{\"@type\":\"BreadcrumbList\",\"@id\":\"https:\\\/\\\/culturesconnection.com\\\/fr\\\/services-de-traduction-grec\\\/traduction-medicale-grec\\\/#breadcrumb\",\"itemListElement\":[{\"@type\":\"ListItem\",\"position\":1,\"name\":\"Home\",\"item\":\"https:\\\/\\\/culturesconnection.com\\\/fr\\\/\"},{\"@type\":\"ListItem\",\"position\":2,\"name\":\"Agence de traduction en grec\",\"item\":\"https:\\\/\\\/culturesconnection.com\\\/fr\\\/services-de-traduction-grec\\\/\"},{\"@type\":\"ListItem\",\"position\":3,\"name\":\"Agence de traduction m\u00e9dicale en grec\"}]},{\"@type\":\"WebSite\",\"@id\":\"https:\\\/\\\/culturesconnection.com\\\/fr\\\/#website\",\"url\":\"https:\\\/\\\/culturesconnection.com\\\/fr\\\/\",\"name\":\"Cultures Connection\",\"description\":\"Cultures Connection is a translation agency dedicated to the success of its international clients.\",\"publisher\":{\"@id\":\"https:\\\/\\\/culturesconnection.com\\\/fr\\\/#organization\"},\"potentialAction\":[{\"@type\":\"SearchAction\",\"target\":{\"@type\":\"EntryPoint\",\"urlTemplate\":\"https:\\\/\\\/culturesconnection.com\\\/fr\\\/?s={search_term_string}\"},\"query-input\":{\"@type\":\"PropertyValueSpecification\",\"valueRequired\":true,\"valueName\":\"search_term_string\"}}],\"inLanguage\":\"fr-FR\"},{\"@type\":\"Organization\",\"@id\":\"https:\\\/\\\/culturesconnection.com\\\/fr\\\/#organization\",\"name\":\"Cultures Connection\",\"url\":\"https:\\\/\\\/culturesconnection.com\\\/fr\\\/\",\"logo\":{\"@type\":\"ImageObject\",\"inLanguage\":\"fr-FR\",\"@id\":\"https:\\\/\\\/culturesconnection.com\\\/fr\\\/#\\\/schema\\\/logo\\\/image\\\/\",\"url\":\"https:\\\/\\\/culturesconnection.com\\\/wp-content\\\/uploads\\\/2022\\\/06\\\/cropped-favicon512x512.png\",\"contentUrl\":\"https:\\\/\\\/culturesconnection.com\\\/wp-content\\\/uploads\\\/2022\\\/06\\\/cropped-favicon512x512.png\",\"width\":512,\"height\":512,\"caption\":\"Cultures Connection\"},\"image\":{\"@id\":\"https:\\\/\\\/culturesconnection.com\\\/fr\\\/#\\\/schema\\\/logo\\\/image\\\/\"},\"sameAs\":[\"https:\\\/\\\/www.facebook.com\\\/CulturesConnection\",\"https:\\\/\\\/x.com\\\/CulturesCo_\"]}]}<\/script>\n<!-- \/ Yoast SEO Premium plugin. -->","yoast_head_json":{"title":"Services de traduction m\u00e9dicale grec","description":"Besoin d\u2019une traduction m\u00e9dicale grec-fran\u00e7ais ? Cultures Connection vous propose les services de ses experts. Demandez un devis gratuit.","robots":{"index":"index","follow":"follow","max-snippet":"max-snippet:-1","max-image-preview":"max-image-preview:large","max-video-preview":"max-video-preview:-1"},"canonical":"https:\/\/culturesconnection.com\/fr\/services-de-traduction-grec\/traduction-medicale-grec\/","og_locale":"fr_FR","og_type":"article","og_title":"Agence de traduction m\u00e9dicale en grec","og_description":"Besoin d\u2019une traduction m\u00e9dicale grec-fran\u00e7ais ? Cultures Connection vous propose les services de ses experts. Demandez un devis gratuit.","og_url":"https:\/\/culturesconnection.com\/fr\/services-de-traduction-grec\/traduction-medicale-grec\/","og_site_name":"Cultures Connection","article_publisher":"https:\/\/www.facebook.com\/CulturesConnection","article_modified_time":"2022-12-06T12:48:25+00:00","og_image":[{"width":1417,"height":561,"url":"https:\/\/culturesconnection.com\/wp-content\/uploads\/2020\/09\/P\u00e1gina_Subservicios_de_traducci\u00f3n_por_idioma.png","type":"image\/png"}],"twitter_card":"summary_large_image","twitter_site":"@CulturesCo_","twitter_misc":{"Dur\u00e9e de lecture estim\u00e9e":"2 minutes"},"schema":{"@context":"https:\/\/schema.org","@graph":[{"@type":"WebPage","@id":"https:\/\/culturesconnection.com\/fr\/services-de-traduction-grec\/traduction-medicale-grec\/","url":"https:\/\/culturesconnection.com\/fr\/services-de-traduction-grec\/traduction-medicale-grec\/","name":"Services de traduction m\u00e9dicale grec","isPartOf":{"@id":"https:\/\/culturesconnection.com\/fr\/#website"},"primaryImageOfPage":{"@id":"https:\/\/culturesconnection.com\/fr\/services-de-traduction-grec\/traduction-medicale-grec\/#primaryimage"},"image":{"@id":"https:\/\/culturesconnection.com\/fr\/services-de-traduction-grec\/traduction-medicale-grec\/#primaryimage"},"thumbnailUrl":"https:\/\/culturesconnection.com\/wp-content\/uploads\/2020\/09\/P\u00e1gina_Subservicios_de_traducci\u00f3n_por_idioma.png","datePublished":"2018-10-05T18:53:28+00:00","dateModified":"2022-12-06T12:48:25+00:00","description":"Besoin d\u2019une traduction m\u00e9dicale grec-fran\u00e7ais ? Cultures Connection vous propose les services de ses experts. Demandez un devis gratuit.","breadcrumb":{"@id":"https:\/\/culturesconnection.com\/fr\/services-de-traduction-grec\/traduction-medicale-grec\/#breadcrumb"},"inLanguage":"fr-FR","potentialAction":[{"@type":"ReadAction","target":["https:\/\/culturesconnection.com\/fr\/services-de-traduction-grec\/traduction-medicale-grec\/"]}]},{"@type":"ImageObject","inLanguage":"fr-FR","@id":"https:\/\/culturesconnection.com\/fr\/services-de-traduction-grec\/traduction-medicale-grec\/#primaryimage","url":"https:\/\/culturesconnection.com\/wp-content\/uploads\/2020\/09\/P\u00e1gina_Subservicios_de_traducci\u00f3n_por_idioma.png","contentUrl":"https:\/\/culturesconnection.com\/wp-content\/uploads\/2020\/09\/P\u00e1gina_Subservicios_de_traducci\u00f3n_por_idioma.png","width":1417,"height":561},{"@type":"BreadcrumbList","@id":"https:\/\/culturesconnection.com\/fr\/services-de-traduction-grec\/traduction-medicale-grec\/#breadcrumb","itemListElement":[{"@type":"ListItem","position":1,"name":"Home","item":"https:\/\/culturesconnection.com\/fr\/"},{"@type":"ListItem","position":2,"name":"Agence de traduction en grec","item":"https:\/\/culturesconnection.com\/fr\/services-de-traduction-grec\/"},{"@type":"ListItem","position":3,"name":"Agence de traduction m\u00e9dicale en grec"}]},{"@type":"WebSite","@id":"https:\/\/culturesconnection.com\/fr\/#website","url":"https:\/\/culturesconnection.com\/fr\/","name":"Cultures Connection","description":"Cultures Connection is a translation agency dedicated to the success of its international clients.","publisher":{"@id":"https:\/\/culturesconnection.com\/fr\/#organization"},"potentialAction":[{"@type":"SearchAction","target":{"@type":"EntryPoint","urlTemplate":"https:\/\/culturesconnection.com\/fr\/?s={search_term_string}"},"query-input":{"@type":"PropertyValueSpecification","valueRequired":true,"valueName":"search_term_string"}}],"inLanguage":"fr-FR"},{"@type":"Organization","@id":"https:\/\/culturesconnection.com\/fr\/#organization","name":"Cultures Connection","url":"https:\/\/culturesconnection.com\/fr\/","logo":{"@type":"ImageObject","inLanguage":"fr-FR","@id":"https:\/\/culturesconnection.com\/fr\/#\/schema\/logo\/image\/","url":"https:\/\/culturesconnection.com\/wp-content\/uploads\/2022\/06\/cropped-favicon512x512.png","contentUrl":"https:\/\/culturesconnection.com\/wp-content\/uploads\/2022\/06\/cropped-favicon512x512.png","width":512,"height":512,"caption":"Cultures Connection"},"image":{"@id":"https:\/\/culturesconnection.com\/fr\/#\/schema\/logo\/image\/"},"sameAs":["https:\/\/www.facebook.com\/CulturesConnection","https:\/\/x.com\/CulturesCo_"]}]}},"_links":{"self":[{"href":"https:\/\/culturesconnection.com\/fr\/wp-json\/wp\/v2\/pages\/10529","targetHints":{"allow":["GET"]}}],"collection":[{"href":"https:\/\/culturesconnection.com\/fr\/wp-json\/wp\/v2\/pages"}],"about":[{"href":"https:\/\/culturesconnection.com\/fr\/wp-json\/wp\/v2\/types\/page"}],"author":[{"embeddable":true,"href":"https:\/\/culturesconnection.com\/fr\/wp-json\/wp\/v2\/users\/42"}],"replies":[{"embeddable":true,"href":"https:\/\/culturesconnection.com\/fr\/wp-json\/wp\/v2\/comments?post=10529"}],"version-history":[{"count":0,"href":"https:\/\/culturesconnection.com\/fr\/wp-json\/wp\/v2\/pages\/10529\/revisions"}],"up":[{"embeddable":true,"href":"https:\/\/culturesconnection.com\/fr\/wp-json\/wp\/v2\/pages\/6538"}],"wp:featuredmedia":[{"embeddable":true,"href":"https:\/\/culturesconnection.com\/fr\/wp-json\/wp\/v2\/media\/24329"}],"wp:attachment":[{"href":"https:\/\/culturesconnection.com\/fr\/wp-json\/wp\/v2\/media?parent=10529"}],"curies":[{"name":"wp","href":"https:\/\/api.w.org\/{rel}","templated":true}]}}