{"id":10528,"date":"2018-10-05T19:52:33","date_gmt":"2018-10-05T18:52:33","guid":{"rendered":"http:\/\/culturesconnection.com\/?page_id=10528"},"modified":"2022-12-05T15:38:19","modified_gmt":"2022-12-05T14:38:19","slug":"traduction-scientifique-grec","status":"publish","type":"page","link":"https:\/\/culturesconnection.com\/fr\/services-de-traduction-grec\/traduction-scientifique-grec\/","title":{"rendered":"Agence de traduction scientifique en grec"},"content":{"rendered":"\n<h2 class=\"wp-block-heading\">DES EXPERTS DE LA TRADUCTION SCIENTIFIQUE GREC-FRAN\u00c7AIS \u00c0 VOTRE SERVICE<\/h2>\n\n\n\n<p><a href=\"https:\/\/culturesconnection.com\/fr\/traduction-scientifique\/\">La traduction scientifique<\/a> repr\u00e9sente un d\u00e9fi de taille du fait de la complexit\u00e9 et de la technicit\u00e9 du vocabulaire sp\u00e9cifique employ\u00e9. En effet, le traducteur expert doit bien conna\u00eetre tous les termes techniques dans les deux langues pour \u00eatre capable de traduire un document scientifique. Et il n\u2019a pas le droit \u00e0 l\u2019erreur car les cons\u00e9quences peuvent s\u2019av\u00e9rer parfois dramatiques. Le traducteur scientifique se sp\u00e9cialise aussi g\u00e9n\u00e9ralement dans un ou plusieurs sous-domaines tels que, par exemple, la microbiologie, les neurosciences ou encore l\u2019informatique. Ceci est la garantie pour vous d&rsquo;obtenir des services de traduction en grec pr\u00e9cis, rigoureux et \u00a0de qualit\u00e9.<\/p>\n\n\n\n<h2 class=\"wp-block-heading\">NOTRE CABINET DE TRADUCTION<\/h2>\n\n\n\n<p>Forte d\u2019une grande exp\u00e9rience dans le domaine de la traduction scientifique, notre agence de traduction vous propose des prestations d\u2019une grande qualit\u00e9 mais avant tout d\u2019une grande pr\u00e9cision. Chez Cultures Connection, nous mettons un point d\u2019honneur \u00e0 s\u00e9lectionner des traducteurs grecs tr\u00e8s comp\u00e9tents qui peuvent attester d\u2019une grande exp\u00e9rience dans le domaine et d\u2019un excellent niveau linguistique autant dans leur langue maternelle que dans la langue cible. Tous nos traducteurs sont sp\u00e9cialis\u00e9s dans leur domaine pour rendre des traductions les plus fiables possibles. Faites donc confiance \u00e0 <a href=\"https:\/\/culturesconnection.com\/fr\/\">notre entreprise de traduction<\/a> pour vos prochaines traductions scientifiques grecques.<\/p>\n\n\n\n<h2 class=\"wp-block-heading\">VOS DOCUMENTS SCIENTIFIQUES EN GREC<\/h2>\n\n\n\n<p>Les types de documents scientifiques \u00e0 traduire sont tr\u00e8s nombreux. En voici quelques exemples&nbsp;:<\/p>\n\n\n\n<ul class=\"wp-block-list\"><li>Lexiques, encyclop\u00e9dies scientifiques et glossaires<\/li><li>Documents techniques et articles de recherche<\/li><li>Manuels op\u00e9rateurs et utilisateurs<\/li><li>Essais de laboratoire, protocoles d\u2019essais<\/li><li>Documents juridiques, brevets et directives<\/li><li>Cahiers des charges<\/li><li>Projets et \u00e9tudes de march\u00e9 multipays<\/li><li>Logiciels de simulation (biotech, environnement, r\u00e9habilitation de sites industriels)<\/li><li>Pr\u00e9sentations multim\u00e9dia et vid\u00e9os<\/li><li>Traduction et localisation de sites web<\/li><li>Traduction de notices techniques, pr\u00e9sentation de congr\u00e8s<\/li><\/ul>\n","protected":false},"excerpt":{"rendered":"<p>DES EXPERTS DE LA TRADUCTION SCIENTIFIQUE GREC-FRAN\u00c7AIS \u00c0 VOTRE SERVICE La traduction scientifique repr\u00e9sente un d\u00e9fi de taille du fait de la complexit\u00e9 et de [&#8230;]<\/p>\n<p><a class=\"btn btn-secondary understrap-read-more-link\" href=\"https:\/\/culturesconnection.com\/fr\/services-de-traduction-grec\/traduction-scientifique-grec\/\">Lire la suite\u2026<span class=\"screen-reader-text\"> from Agence de traduction scientifique en grec<\/span><\/a><\/p>\n","protected":false},"author":42,"featured_media":24329,"parent":6538,"menu_order":0,"comment_status":"closed","ping_status":"closed","template":"","meta":{"_acf_changed":false,"_editorskit_title_hidden":false,"_editorskit_reading_time":1,"_editorskit_is_block_options_detached":false,"_editorskit_block_options_position":"{}","footnotes":""},"class_list":["post-10528","page","type-page","status-publish","has-post-thumbnail","hentry"],"acf":[],"_links":{"self":[{"href":"https:\/\/culturesconnection.com\/fr\/wp-json\/wp\/v2\/pages\/10528","targetHints":{"allow":["GET"]}}],"collection":[{"href":"https:\/\/culturesconnection.com\/fr\/wp-json\/wp\/v2\/pages"}],"about":[{"href":"https:\/\/culturesconnection.com\/fr\/wp-json\/wp\/v2\/types\/page"}],"author":[{"embeddable":true,"href":"https:\/\/culturesconnection.com\/fr\/wp-json\/wp\/v2\/users\/42"}],"replies":[{"embeddable":true,"href":"https:\/\/culturesconnection.com\/fr\/wp-json\/wp\/v2\/comments?post=10528"}],"version-history":[{"count":0,"href":"https:\/\/culturesconnection.com\/fr\/wp-json\/wp\/v2\/pages\/10528\/revisions"}],"up":[{"embeddable":true,"href":"https:\/\/culturesconnection.com\/fr\/wp-json\/wp\/v2\/pages\/6538"}],"wp:featuredmedia":[{"embeddable":true,"href":"https:\/\/culturesconnection.com\/fr\/wp-json\/wp\/v2\/media\/24329"}],"wp:attachment":[{"href":"https:\/\/culturesconnection.com\/fr\/wp-json\/wp\/v2\/media?parent=10528"}],"curies":[{"name":"wp","href":"https:\/\/api.w.org\/{rel}","templated":true}]}}