{"id":10526,"date":"2018-10-05T20:11:51","date_gmt":"2018-10-05T19:11:51","guid":{"rendered":"http:\/\/culturesconnection.com\/?page_id=10526"},"modified":"2022-12-06T13:44:15","modified_gmt":"2022-12-06T12:44:15","slug":"traduction-financiere-grec","status":"publish","type":"page","link":"https:\/\/culturesconnection.com\/fr\/services-de-traduction-grec\/traduction-financiere-grec\/","title":{"rendered":"Agence de traduction financi\u00e8re en grec"},"content":{"rendered":"\n<h2 class=\"wp-block-heading\">LA TRADUCTION FINANCI\u00c8RE GREC &#8211; FRAN\u00c7AIS ET L\u2019IMPORTANCE DES MOTS<\/h2>\n\n\n\n<p>Si vous avez besoin de faire traduire des documents financiers en grec, vous devez \u00eatre certain d\u2019employer la bonne personne. En effet, la terminologie est un point fondamental dans ce secteur de la traduction, c\u2019est pourquoi, il est crucial d\u2019avoir recours aux services d\u2019un traducteur professionnel, expert en la mati\u00e8re. Celui-ci doit parfaitement ma\u00eetriser les termes techniques utilis\u00e9s et comprendre tous les concepts financiers autant en fran\u00e7ais qu\u2019en grec. Il est \u00e9galement parfaitement bilingue dans ces deux langues. Cultures Connection, consciente de cette r\u00e9alit\u00e9, vous propose des services de traduction de qualit\u00e9 r\u00e9alis\u00e9s par des professionnels experts.<\/p>\n\n\n\n<h2 class=\"wp-block-heading\">NOTRE CABINET DE TRADUCTION<\/h2>\n\n\n\n<p><a href=\"https:\/\/culturesconnection.com\/fr\/\">Notre agence de traduction<\/a> travaille en \u00e9troite collaboration avec de nombreux traducteurs, tous sp\u00e9cialis\u00e9s dans la traduction financi\u00e8re, qui ma\u00eetrisent pleinement le jargon financier et leurs langues de travail. Chez Cultures Connection, nous pensons que la rigueur et la pr\u00e9cision sont essentielles et c\u2019est pour cela que nous s\u00e9lectionnons nos collaborateurs selon leurs qualifications et leur exp\u00e9rience dans ce domaine. Ils ont, pour la grande majorit\u00e9, \u00e9tudi\u00e9 le monde des finances \u00e0 l\u2019universit\u00e9 ou dans une \u00e9cole sp\u00e9cialis\u00e9e, ou attestent d\u2019une exp\u00e9rience professionnelle dans une entreprise par exemple. Ils sont donc tout \u00e0 fait qualifi\u00e9s pour traduire vos documents financiers en grec et vous assurer l\u2019emploi des termes exacts. Vous avez des <a href=\"https:\/\/culturesconnection.com\/fr\/traduction-financiere\/\">traductions financi\u00e8res<\/a> grecques \u00e0 r\u00e9aliser, faites donc appel \u00e0 nos services de traduction.<\/p>\n\n\n\n<h2 class=\"wp-block-heading\">LA TRADUCTION DE VOS DOCUMENTS FINANCIERS EN GREC<\/h2>\n\n\n\n<p>La liste qui suit \u00e9num\u00e8re quelques exemples de documents financiers traduits en grec par notre \u00e9quipe :<\/p>\n\n\n\n<ul class=\"wp-block-list\"><li>Documents d\u2019informations cl\u00e9s pour l\u2019investisseur (DICI)<\/li><li>Prospectus<\/li><li>Rapports de fonds d\u2019investissement<\/li><li>Rapports d\u2019activit\u00e9<\/li><li>Bilans<\/li><li>Bourse<\/li><li>Documents bancaires<\/li><li>Documents d\u2019informations financi\u00e8res<\/li><li>Papiers de recherche<\/li><li>Documents de gestion du risque et d\u2019actifs<\/li><li>Rapports d\u2019audits<\/li><li>Textes de fusions et d\u2019acquisitions<\/li><\/ul>\n","protected":false},"excerpt":{"rendered":"<p>LA TRADUCTION FINANCI\u00c8RE GREC &#8211; FRAN\u00c7AIS ET L\u2019IMPORTANCE DES MOTS Si vous avez besoin de faire traduire des documents financiers en grec, vous devez \u00eatre [&#8230;]<\/p>\n<p><a class=\"btn btn-secondary understrap-read-more-link\" href=\"https:\/\/culturesconnection.com\/fr\/services-de-traduction-grec\/traduction-financiere-grec\/\">Lire la suite\u2026<span class=\"screen-reader-text\"> from Agence de traduction financi\u00e8re en grec<\/span><\/a><\/p>\n","protected":false},"author":42,"featured_media":24329,"parent":6538,"menu_order":0,"comment_status":"closed","ping_status":"closed","template":"","meta":{"_acf_changed":false,"_editorskit_title_hidden":false,"_editorskit_reading_time":1,"_editorskit_is_block_options_detached":false,"_editorskit_block_options_position":"{}","footnotes":""},"class_list":["post-10526","page","type-page","status-publish","has-post-thumbnail","hentry"],"acf":[],"_links":{"self":[{"href":"https:\/\/culturesconnection.com\/fr\/wp-json\/wp\/v2\/pages\/10526","targetHints":{"allow":["GET"]}}],"collection":[{"href":"https:\/\/culturesconnection.com\/fr\/wp-json\/wp\/v2\/pages"}],"about":[{"href":"https:\/\/culturesconnection.com\/fr\/wp-json\/wp\/v2\/types\/page"}],"author":[{"embeddable":true,"href":"https:\/\/culturesconnection.com\/fr\/wp-json\/wp\/v2\/users\/42"}],"replies":[{"embeddable":true,"href":"https:\/\/culturesconnection.com\/fr\/wp-json\/wp\/v2\/comments?post=10526"}],"version-history":[{"count":0,"href":"https:\/\/culturesconnection.com\/fr\/wp-json\/wp\/v2\/pages\/10526\/revisions"}],"up":[{"embeddable":true,"href":"https:\/\/culturesconnection.com\/fr\/wp-json\/wp\/v2\/pages\/6538"}],"wp:featuredmedia":[{"embeddable":true,"href":"https:\/\/culturesconnection.com\/fr\/wp-json\/wp\/v2\/media\/24329"}],"wp:attachment":[{"href":"https:\/\/culturesconnection.com\/fr\/wp-json\/wp\/v2\/media?parent=10526"}],"curies":[{"name":"wp","href":"https:\/\/api.w.org\/{rel}","templated":true}]}}