{"id":10525,"date":"2018-10-04T21:26:24","date_gmt":"2018-10-04T20:26:24","guid":{"rendered":"http:\/\/culturesconnection.com\/?page_id=10525"},"modified":"2022-12-21T10:24:53","modified_gmt":"2022-12-21T09:24:53","slug":"traduction-jeux-video-ourdou","status":"publish","type":"page","link":"https:\/\/culturesconnection.com\/fr\/services-de-traduction-ourdou\/traduction-jeux-video-ourdou\/","title":{"rendered":"Agence de traduction de jeux vid\u00e9o en ourdou"},"content":{"rendered":"\n<h2 class=\"wp-block-heading\">TRADUCTION DE JEUX VID\u00c9O EN OURDOU<\/h2>\n\n\n\n<p><a href=\"https:\/\/culturesconnection.com\/fr\/traduction-localisation-jeux-video\/\">La traduction de jeux vid\u00e9o<\/a> rel\u00e8ve davantage de la localisation que de la simple traduction. La mission du traducteur localisateur est en r\u00e9alit\u00e9 d\u2019adapter le contenu multim\u00e9dia au public cible en tenant compte des aspects culturels du march\u00e9. La mission du traducteur est double, il doit \u00eatre capable de traduire les mots dans les dialogues ou dans l\u2019interface du jeu mais il doit \u00e9galement poss\u00e9der des comp\u00e9tences techniques. Ainsi, si vous souhaitez lancer votre nouveau jeu vid\u00e9o en Inde par exemple, faites appel \u00e0 un traducteur expert pour vous assurer des services de traduction de qualit\u00e9.<\/p>\n\n\n\n<h2 class=\"wp-block-heading\">LOCALISEZ VOS JEUX VID\u00c9O EN OURDOU<\/h2>\n\n\n\n<p>Aujourd\u2019hui, les jeux vid\u00e9o constituent une industrie florissante dans le monde. C\u2019est pourquoi, il est de plus en plus important de les faire traduire et localiser par des traducteurs professionnels pour attirer davantage de joueurs. <a href=\"https:\/\/culturesconnection.com\/fr\/\">Notre agence de traduction<\/a> vous propose des services de traduction r\u00e9alis\u00e9s par un large r\u00e9seau de professionnels, qui partage votre passion des jeux vid\u00e9o et qui ma\u00eetrise parfaitement les techniques employ\u00e9es pour vous assurer les meilleures conditions de jeu. Cultures Connection se charge de traduire tous vos supports pour vous fournir la meilleure qualit\u00e9 possible.<\/p>\n\n\n\n<h2 class=\"wp-block-heading\">NOS SERVICES DE TRADUCTION DE JEUX VID\u00c9O<\/h2>\n\n\n\n<p>Voici quelques exemples de traductions multim\u00e9dia que nous r\u00e9alisons chez Cultures Connection&nbsp;:<\/p>\n\n\n\n<ul class=\"wp-block-list\">\n<li>Traduction de jeux vid\u00e9o<\/li>\n\n\n\n<li>Localisation de jeux vid\u00e9o<\/li>\n\n\n\n<li>Gestion de projet<\/li>\n\n\n\n<li>Sous-titrage<\/li>\n\n\n\n<li>Enregistrement et doublage<\/li>\n\n\n\n<li>Contr\u00f4le qualit\u00e9<\/li>\n<\/ul>\n\n\n\n<h3 class=\"wp-block-heading\">&nbsp;Traduction de jeux video&nbsp;dans toutes les&nbsp;langues<\/h3>\n\n\n\n<ul class=\"wp-block-list\">\n<li><a href=\"https:\/\/culturesconnection.com\/fr\/traduction-de-jeux-video-en-anglais\/\">Traduction jeux video&nbsp;anglais<\/a><\/li>\n\n\n\n<li><a href=\"https:\/\/culturesconnection.com\/fr\/traduction-de-jeux-video-en-espagnol\/\">Traduction jeux video espagnol<\/a><\/li>\n\n\n\n<li><a href=\"https:\/\/culturesconnection.com\/fr\/traduction-jeux-video-en-allemand\/\">Traduction jeux video allemand<\/a><\/li>\n\n\n\n<li><a href=\"https:\/\/culturesconnection.com\/fr\/traduction-jeux-video-en-chinois\/\">Traduction jeux video chinois<\/a><\/li>\n\n\n\n<li><a href=\"https:\/\/culturesconnection.com\/fr\/traduction-de-jeux-video-en-arabe\/\">Traduction jeux video arabe<\/a><\/li>\n\n\n\n<li><a href=\"https:\/\/culturesconnection.com\/fr\/traduction-jeux-video-en-portugais\/\">Traduction jeux video portugais<\/a><\/li>\n\n\n\n<li><a href=\"https:\/\/culturesconnection.com\/fr\/traduction-jeux-video-en-neerlandais\/\">Traduction jeux video n\u00e9erlandais<\/a><\/li>\n\n\n\n<li><a href=\"https:\/\/culturesconnection.com\/fr\/traduction-de-jeux-video-en-turc\/\">Traduction jeux video turc<\/a><\/li>\n\n\n\n<li><a href=\"https:\/\/culturesconnection.com\/fr\/traduction-jeux-video-en-japonais\/\">Traduction jeux video japonais<\/a><\/li>\n\n\n\n<li><a href=\"https:\/\/culturesconnection.com\/fr\/traduction-jeux-video-en-russe\/\">Traduction jeux video russe<\/a><\/li>\n<\/ul>\n","protected":false},"excerpt":{"rendered":"<p>TRADUCTION DE JEUX VID\u00c9O EN OURDOU La traduction de jeux vid\u00e9o rel\u00e8ve davantage de la localisation que de la simple traduction. La mission du traducteur [&#8230;]<\/p>\n<p><a class=\"btn btn-secondary understrap-read-more-link\" href=\"https:\/\/culturesconnection.com\/fr\/services-de-traduction-ourdou\/traduction-jeux-video-ourdou\/\">Lire la suite\u2026<span class=\"screen-reader-text\"> from Agence de traduction de jeux vid\u00e9o en ourdou<\/span><\/a><\/p>\n","protected":false},"author":42,"featured_media":24329,"parent":6493,"menu_order":0,"comment_status":"closed","ping_status":"closed","template":"","meta":{"_acf_changed":false,"_editorskit_title_hidden":false,"_editorskit_reading_time":0,"_editorskit_is_block_options_detached":false,"_editorskit_block_options_position":"{}","footnotes":""},"class_list":["post-10525","page","type-page","status-publish","has-post-thumbnail","hentry"],"acf":[],"_links":{"self":[{"href":"https:\/\/culturesconnection.com\/fr\/wp-json\/wp\/v2\/pages\/10525","targetHints":{"allow":["GET"]}}],"collection":[{"href":"https:\/\/culturesconnection.com\/fr\/wp-json\/wp\/v2\/pages"}],"about":[{"href":"https:\/\/culturesconnection.com\/fr\/wp-json\/wp\/v2\/types\/page"}],"author":[{"embeddable":true,"href":"https:\/\/culturesconnection.com\/fr\/wp-json\/wp\/v2\/users\/42"}],"replies":[{"embeddable":true,"href":"https:\/\/culturesconnection.com\/fr\/wp-json\/wp\/v2\/comments?post=10525"}],"version-history":[{"count":0,"href":"https:\/\/culturesconnection.com\/fr\/wp-json\/wp\/v2\/pages\/10525\/revisions"}],"up":[{"embeddable":true,"href":"https:\/\/culturesconnection.com\/fr\/wp-json\/wp\/v2\/pages\/6493"}],"wp:featuredmedia":[{"embeddable":true,"href":"https:\/\/culturesconnection.com\/fr\/wp-json\/wp\/v2\/media\/24329"}],"wp:attachment":[{"href":"https:\/\/culturesconnection.com\/fr\/wp-json\/wp\/v2\/media?parent=10525"}],"curies":[{"name":"wp","href":"https:\/\/api.w.org\/{rel}","templated":true}]}}