{"id":10524,"date":"2018-10-04T21:25:50","date_gmt":"2018-10-04T20:25:50","guid":{"rendered":"http:\/\/culturesconnection.com\/?page_id=10524"},"modified":"2022-12-21T10:21:29","modified_gmt":"2022-12-21T09:21:29","slug":"traduction-audiovisuelle-ourdou","status":"publish","type":"page","link":"https:\/\/culturesconnection.com\/fr\/services-de-traduction-ourdou\/traduction-audiovisuelle-ourdou\/","title":{"rendered":"Agence de traduction audiovisuelle et de sous-titres en ourdou"},"content":{"rendered":"\n<h2 class=\"wp-block-heading\">TRADUCTION AUDIOVISUELLE OURDOU &#8211; FRAN\u00c7AIS : UNE VERSION MULTILINGUE DE VOS M\u00c9DIAS<\/h2>\n\n\n\n<p>Lorsque vous souhaitez publier un support audiovisuel de tout type \u00e0 l\u2019international, que ce soit pour le cin\u00e9ma, la t\u00e9l\u00e9vision, Internet ou encore le monde des entreprises, <a href=\"https:\/\/culturesconnection.com\/fr\/traduction-audiovisuelle\/\">la traduction audiovisuelle<\/a> est ce dont vous avez besoin. En effet, elle vous permettra d\u2019atteindre un public localis\u00e9 plus large. Pour ce faire, il est essentiel d\u2019avoir recours aux services d\u2019un traducteur professionnel expert de l\u2019audiovisuel qui pourra r\u00e9aliser vos sous-titres, vos doublages ou encore votre voix-off dans les meilleures conditions. Le traducteur sp\u00e9cialis\u00e9 a de l\u2019exp\u00e9rience dans ce domaine et reste le plus comp\u00e9tent pour traduire vos supports audiovisuels en ourdou.<\/p>\n\n\n\n<h2 class=\"wp-block-heading\">NOS SERVICES DE SOUS-TITRAGE EN OURDOU<\/h2>\n\n\n\n<p>Au fil des ann\u00e9es, notre agence de traduction a su se cr\u00e9er un vaste r\u00e9seau de traducteurs sp\u00e9cialis\u00e9s dans la traduction audiovisuelle qui sont capables de r\u00e9aliser de nombreux travaux en tout genre tels que la transcription, le sous-titrage ou encore le rep\u00e9rage chronom\u00e9trique. Chez Cultures Connection, le ma\u00eetre mot est la rigueur, c\u2019est pourquoi nous choisissons nos professionnels parmi les plus exp\u00e9riment\u00e9s et les plus comp\u00e9tents pour vous assurer des services de traduction pr\u00e9cis et de qualit\u00e9. Tous nos traducteurs traduisent vers leur langue maternelle et attestent de connaissances approfondies dans l\u2019audiovisuel. N\u2019attendez plus, faites confiance \u00e0 <a href=\"https:\/\/culturesconnection.com\/fr\/\">notre agence<\/a> pour vos prochaines traductions audiovisuelles en ourdou !<\/p>\n\n\n\n<h2 class=\"wp-block-heading\">NOS TRADUCTIONS AUDIOVISUELLES EN OURDOU<\/h2>\n\n\n\n<p>De par la quantit\u00e9 toujours plus grandissante des contenus multim\u00e9dias cr\u00e9\u00e9s chaque ann\u00e9e dans le monde, notre \u00e9ventail de prestations est vaste :<\/p>\n\n\n\n<ul class=\"wp-block-list\">\n<li>Textes audio<\/li>\n\n\n\n<li>Vid\u00e9os commerciales et publicitaires<\/li>\n\n\n\n<li>Vid\u00e9os institutionnelles<\/li>\n\n\n\n<li>Documentaires<\/li>\n\n\n\n<li>Jeux vid\u00e9o<\/li>\n\n\n\n<li>Films d\u2019entreprise<\/li>\n\n\n\n<li>Interview<\/li>\n<\/ul>\n","protected":false},"excerpt":{"rendered":"<p>TRADUCTION AUDIOVISUELLE OURDOU &#8211; FRAN\u00c7AIS : UNE VERSION MULTILINGUE DE VOS M\u00c9DIAS Lorsque vous souhaitez publier un support audiovisuel de tout type \u00e0 l\u2019international, que [&#8230;]<\/p>\n<p><a class=\"btn btn-secondary understrap-read-more-link\" href=\"https:\/\/culturesconnection.com\/fr\/services-de-traduction-ourdou\/traduction-audiovisuelle-ourdou\/\">Lire la suite\u2026<span class=\"screen-reader-text\"> from Agence de traduction audiovisuelle et de sous-titres en ourdou<\/span><\/a><\/p>\n","protected":false},"author":42,"featured_media":24329,"parent":6493,"menu_order":0,"comment_status":"closed","ping_status":"closed","template":"","meta":{"_acf_changed":false,"_editorskit_title_hidden":false,"_editorskit_reading_time":0,"_editorskit_is_block_options_detached":false,"_editorskit_block_options_position":"{}","footnotes":""},"class_list":["post-10524","page","type-page","status-publish","has-post-thumbnail","hentry"],"acf":[],"_links":{"self":[{"href":"https:\/\/culturesconnection.com\/fr\/wp-json\/wp\/v2\/pages\/10524","targetHints":{"allow":["GET"]}}],"collection":[{"href":"https:\/\/culturesconnection.com\/fr\/wp-json\/wp\/v2\/pages"}],"about":[{"href":"https:\/\/culturesconnection.com\/fr\/wp-json\/wp\/v2\/types\/page"}],"author":[{"embeddable":true,"href":"https:\/\/culturesconnection.com\/fr\/wp-json\/wp\/v2\/users\/42"}],"replies":[{"embeddable":true,"href":"https:\/\/culturesconnection.com\/fr\/wp-json\/wp\/v2\/comments?post=10524"}],"version-history":[{"count":0,"href":"https:\/\/culturesconnection.com\/fr\/wp-json\/wp\/v2\/pages\/10524\/revisions"}],"up":[{"embeddable":true,"href":"https:\/\/culturesconnection.com\/fr\/wp-json\/wp\/v2\/pages\/6493"}],"wp:featuredmedia":[{"embeddable":true,"href":"https:\/\/culturesconnection.com\/fr\/wp-json\/wp\/v2\/media\/24329"}],"wp:attachment":[{"href":"https:\/\/culturesconnection.com\/fr\/wp-json\/wp\/v2\/media?parent=10524"}],"curies":[{"name":"wp","href":"https:\/\/api.w.org\/{rel}","templated":true}]}}