{"id":10523,"date":"2018-10-04T21:23:18","date_gmt":"2018-10-04T20:23:18","guid":{"rendered":"http:\/\/culturesconnection.com\/?page_id=10523"},"modified":"2022-12-21T10:31:10","modified_gmt":"2022-12-21T09:31:10","slug":"traduction-de-site-web-ourdou","status":"publish","type":"page","link":"https:\/\/culturesconnection.com\/fr\/services-de-traduction-ourdou\/traduction-de-site-web-ourdou\/","title":{"rendered":"Agence de traduction de site web en ourdou"},"content":{"rendered":"\n<h2 class=\"wp-block-heading\">TRADUCTION DE SITE WEB EN OURDOU : D\u00c9COUVREZ DE NOUVEAUX HORIZONS<\/h2>\n\n\n\n<p>Vous avez en t\u00eate de d\u00e9velopper votre entreprise sur le march\u00e9 indien ou pakistanais ? Pour cela, faites traduire votre site internet en ourdou afin d\u2019attirer davantage de clients potentiels qui appr\u00e9cieront de d\u00e9couvrir vos offres de services dans leur langue. Il s\u2019agit d\u2019un atout majeur lorsque vous partez \u00e0 la conqu\u00eate d\u2019un nouveau march\u00e9. Cultures Connection peut vous aider dans ce processus en vous fournissant des services de traduction de qualit\u00e9, fiables et \u00e0 des prix comp\u00e9titifs.<\/p>\n\n\n\n<h2 class=\"wp-block-heading\">NOS SERVICES DE TRADUCTION EN OURDOU<\/h2>\n\n\n\n<p><a href=\"https:\/\/culturesconnection.com\/fr\/traduction-site-internet\/\">La traduction de sites web<\/a> repr\u00e9sente un d\u00e9fi de taille, car le traducteur ne doit pas seulement traduire les mots mais il doit \u00e9galement prendre en compte la culture du pays de la langue cible. En effet, le m\u00eame message peut \u00eatre per\u00e7u tr\u00e8s diff\u00e9remment en France ou au Pakistan par exemple. Ainsi, le traducteur de sites internet doit adapter le message \u00e0 son audience. Pour ce faire, il a besoin de ma\u00eetriser l\u2019aspect linguistique du m\u00e9tier de traducteur mais il lui est \u00e9galement essentiel de conna\u00eetre toutes les variations culturelles existantes. C\u2019est pourquoi <a href=\"https:\/\/culturesconnection.com\/fr\/\">notre agence de traduction<\/a> travaille uniquement avec des sp\u00e9cialistes de la traduction de site internet en ourdou, s\u00e9lectionn\u00e9s selon des crit\u00e8res stricts, pour vous assurer des services de traduction de qualit\u00e9.<\/p>\n\n\n\n<h2 class=\"wp-block-heading\">VOS SITES INTERNET TRADUITS EN OURDOU<\/h2>\n\n\n\n<p>Voici quelques exemples de travaux que nous r\u00e9alisons dans le domaine de la traduction de site web :<\/p>\n\n\n\n<ul class=\"wp-block-list\">\n<li>Contenus web<\/li>\n\n\n\n<li>Sites e-commerce<\/li>\n\n\n\n<li>Applications mobiles<\/li>\n\n\n\n<li>Plateformes marchandes<\/li>\n\n\n\n<li>Fiches produits<\/li>\n<\/ul>\n","protected":false},"excerpt":{"rendered":"<p>TRADUCTION DE SITE WEB EN OURDOU : D\u00c9COUVREZ DE NOUVEAUX HORIZONS Vous avez en t\u00eate de d\u00e9velopper votre entreprise sur le march\u00e9 indien ou pakistanais [&#8230;]<\/p>\n<p><a class=\"btn btn-secondary understrap-read-more-link\" href=\"https:\/\/culturesconnection.com\/fr\/services-de-traduction-ourdou\/traduction-de-site-web-ourdou\/\">Lire la suite\u2026<span class=\"screen-reader-text\"> from Agence de traduction de site web en ourdou<\/span><\/a><\/p>\n","protected":false},"author":42,"featured_media":24329,"parent":6493,"menu_order":0,"comment_status":"closed","ping_status":"closed","template":"","meta":{"_acf_changed":false,"_editorskit_title_hidden":false,"_editorskit_reading_time":1,"_editorskit_is_block_options_detached":false,"_editorskit_block_options_position":"{}","footnotes":""},"class_list":["post-10523","page","type-page","status-publish","has-post-thumbnail","hentry"],"acf":[],"yoast_head":"<!-- This site is optimized with the Yoast SEO Premium plugin v23.4 (Yoast SEO v27.3) - https:\/\/yoast.com\/product\/yoast-seo-premium-wordpress\/ -->\n<title>Services de traduction de site web ourdou<\/title>\n<meta name=\"description\" content=\"La traduction de site web ourdou fran\u00e7ais par des professionnels du secteur : contenus web, sites e-commerce, fiches produits. Devis gratuit.\" \/>\n<meta name=\"robots\" content=\"index, follow, max-snippet:-1, max-image-preview:large, max-video-preview:-1\" \/>\n<link rel=\"canonical\" href=\"https:\/\/culturesconnection.com\/fr\/services-de-traduction-ourdou\/traduction-de-site-web-ourdou\/\" \/>\n<meta property=\"og:locale\" content=\"fr_FR\" \/>\n<meta property=\"og:type\" content=\"article\" \/>\n<meta property=\"og:title\" content=\"Agence de traduction de site web en ourdou\" \/>\n<meta property=\"og:description\" content=\"La traduction de site web ourdou fran\u00e7ais par des professionnels du secteur : contenus web, sites e-commerce, fiches produits. Devis gratuit.\" \/>\n<meta property=\"og:url\" content=\"https:\/\/culturesconnection.com\/fr\/services-de-traduction-ourdou\/traduction-de-site-web-ourdou\/\" \/>\n<meta property=\"og:site_name\" content=\"Cultures Connection\" \/>\n<meta property=\"article:publisher\" content=\"https:\/\/www.facebook.com\/CulturesConnection\" \/>\n<meta property=\"article:modified_time\" content=\"2022-12-21T09:31:10+00:00\" \/>\n<meta property=\"og:image\" content=\"https:\/\/culturesconnection.com\/wp-content\/uploads\/2020\/09\/P\u00e1gina_Subservicios_de_traducci\u00f3n_por_idioma.png\" \/>\n\t<meta property=\"og:image:width\" content=\"1417\" \/>\n\t<meta property=\"og:image:height\" content=\"561\" \/>\n\t<meta property=\"og:image:type\" content=\"image\/png\" \/>\n<meta name=\"twitter:card\" content=\"summary_large_image\" \/>\n<meta name=\"twitter:site\" content=\"@CulturesCo_\" \/>\n<meta name=\"twitter:label1\" content=\"Dur\u00e9e de lecture estim\u00e9e\" \/>\n\t<meta name=\"twitter:data1\" content=\"1 minute\" \/>\n<script type=\"application\/ld+json\" class=\"yoast-schema-graph\">{\"@context\":\"https:\\\/\\\/schema.org\",\"@graph\":[{\"@type\":\"WebPage\",\"@id\":\"https:\\\/\\\/culturesconnection.com\\\/fr\\\/services-de-traduction-ourdou\\\/traduction-de-site-web-ourdou\\\/\",\"url\":\"https:\\\/\\\/culturesconnection.com\\\/fr\\\/services-de-traduction-ourdou\\\/traduction-de-site-web-ourdou\\\/\",\"name\":\"Services de traduction de site web ourdou\",\"isPartOf\":{\"@id\":\"https:\\\/\\\/culturesconnection.com\\\/fr\\\/#website\"},\"primaryImageOfPage\":{\"@id\":\"https:\\\/\\\/culturesconnection.com\\\/fr\\\/services-de-traduction-ourdou\\\/traduction-de-site-web-ourdou\\\/#primaryimage\"},\"image\":{\"@id\":\"https:\\\/\\\/culturesconnection.com\\\/fr\\\/services-de-traduction-ourdou\\\/traduction-de-site-web-ourdou\\\/#primaryimage\"},\"thumbnailUrl\":\"https:\\\/\\\/culturesconnection.com\\\/wp-content\\\/uploads\\\/2020\\\/09\\\/P\u00e1gina_Subservicios_de_traducci\u00f3n_por_idioma.png\",\"datePublished\":\"2018-10-04T20:23:18+00:00\",\"dateModified\":\"2022-12-21T09:31:10+00:00\",\"description\":\"La traduction de site web ourdou fran\u00e7ais par des professionnels du secteur : contenus web, sites e-commerce, fiches produits. Devis gratuit.\",\"breadcrumb\":{\"@id\":\"https:\\\/\\\/culturesconnection.com\\\/fr\\\/services-de-traduction-ourdou\\\/traduction-de-site-web-ourdou\\\/#breadcrumb\"},\"inLanguage\":\"fr-FR\",\"potentialAction\":[{\"@type\":\"ReadAction\",\"target\":[\"https:\\\/\\\/culturesconnection.com\\\/fr\\\/services-de-traduction-ourdou\\\/traduction-de-site-web-ourdou\\\/\"]}]},{\"@type\":\"ImageObject\",\"inLanguage\":\"fr-FR\",\"@id\":\"https:\\\/\\\/culturesconnection.com\\\/fr\\\/services-de-traduction-ourdou\\\/traduction-de-site-web-ourdou\\\/#primaryimage\",\"url\":\"https:\\\/\\\/culturesconnection.com\\\/wp-content\\\/uploads\\\/2020\\\/09\\\/P\u00e1gina_Subservicios_de_traducci\u00f3n_por_idioma.png\",\"contentUrl\":\"https:\\\/\\\/culturesconnection.com\\\/wp-content\\\/uploads\\\/2020\\\/09\\\/P\u00e1gina_Subservicios_de_traducci\u00f3n_por_idioma.png\",\"width\":1417,\"height\":561},{\"@type\":\"BreadcrumbList\",\"@id\":\"https:\\\/\\\/culturesconnection.com\\\/fr\\\/services-de-traduction-ourdou\\\/traduction-de-site-web-ourdou\\\/#breadcrumb\",\"itemListElement\":[{\"@type\":\"ListItem\",\"position\":1,\"name\":\"Home\",\"item\":\"https:\\\/\\\/culturesconnection.com\\\/fr\\\/\"},{\"@type\":\"ListItem\",\"position\":2,\"name\":\"Agence de traduction en ourdou\",\"item\":\"https:\\\/\\\/culturesconnection.com\\\/fr\\\/services-de-traduction-ourdou\\\/\"},{\"@type\":\"ListItem\",\"position\":3,\"name\":\"Agence de traduction de site web en ourdou\"}]},{\"@type\":\"WebSite\",\"@id\":\"https:\\\/\\\/culturesconnection.com\\\/fr\\\/#website\",\"url\":\"https:\\\/\\\/culturesconnection.com\\\/fr\\\/\",\"name\":\"Cultures Connection\",\"description\":\"Cultures Connection is a translation agency dedicated to the success of its international clients.\",\"publisher\":{\"@id\":\"https:\\\/\\\/culturesconnection.com\\\/fr\\\/#organization\"},\"potentialAction\":[{\"@type\":\"SearchAction\",\"target\":{\"@type\":\"EntryPoint\",\"urlTemplate\":\"https:\\\/\\\/culturesconnection.com\\\/fr\\\/?s={search_term_string}\"},\"query-input\":{\"@type\":\"PropertyValueSpecification\",\"valueRequired\":true,\"valueName\":\"search_term_string\"}}],\"inLanguage\":\"fr-FR\"},{\"@type\":\"Organization\",\"@id\":\"https:\\\/\\\/culturesconnection.com\\\/fr\\\/#organization\",\"name\":\"Cultures Connection\",\"url\":\"https:\\\/\\\/culturesconnection.com\\\/fr\\\/\",\"logo\":{\"@type\":\"ImageObject\",\"inLanguage\":\"fr-FR\",\"@id\":\"https:\\\/\\\/culturesconnection.com\\\/fr\\\/#\\\/schema\\\/logo\\\/image\\\/\",\"url\":\"https:\\\/\\\/culturesconnection.com\\\/wp-content\\\/uploads\\\/2022\\\/06\\\/cropped-favicon512x512.png\",\"contentUrl\":\"https:\\\/\\\/culturesconnection.com\\\/wp-content\\\/uploads\\\/2022\\\/06\\\/cropped-favicon512x512.png\",\"width\":512,\"height\":512,\"caption\":\"Cultures Connection\"},\"image\":{\"@id\":\"https:\\\/\\\/culturesconnection.com\\\/fr\\\/#\\\/schema\\\/logo\\\/image\\\/\"},\"sameAs\":[\"https:\\\/\\\/www.facebook.com\\\/CulturesConnection\",\"https:\\\/\\\/x.com\\\/CulturesCo_\"]}]}<\/script>\n<!-- \/ Yoast SEO Premium plugin. -->","yoast_head_json":{"title":"Services de traduction de site web ourdou","description":"La traduction de site web ourdou fran\u00e7ais par des professionnels du secteur : contenus web, sites e-commerce, fiches produits. Devis gratuit.","robots":{"index":"index","follow":"follow","max-snippet":"max-snippet:-1","max-image-preview":"max-image-preview:large","max-video-preview":"max-video-preview:-1"},"canonical":"https:\/\/culturesconnection.com\/fr\/services-de-traduction-ourdou\/traduction-de-site-web-ourdou\/","og_locale":"fr_FR","og_type":"article","og_title":"Agence de traduction de site web en ourdou","og_description":"La traduction de site web ourdou fran\u00e7ais par des professionnels du secteur : contenus web, sites e-commerce, fiches produits. Devis gratuit.","og_url":"https:\/\/culturesconnection.com\/fr\/services-de-traduction-ourdou\/traduction-de-site-web-ourdou\/","og_site_name":"Cultures Connection","article_publisher":"https:\/\/www.facebook.com\/CulturesConnection","article_modified_time":"2022-12-21T09:31:10+00:00","og_image":[{"width":1417,"height":561,"url":"https:\/\/culturesconnection.com\/wp-content\/uploads\/2020\/09\/P\u00e1gina_Subservicios_de_traducci\u00f3n_por_idioma.png","type":"image\/png"}],"twitter_card":"summary_large_image","twitter_site":"@CulturesCo_","twitter_misc":{"Dur\u00e9e de lecture estim\u00e9e":"1 minute"},"schema":{"@context":"https:\/\/schema.org","@graph":[{"@type":"WebPage","@id":"https:\/\/culturesconnection.com\/fr\/services-de-traduction-ourdou\/traduction-de-site-web-ourdou\/","url":"https:\/\/culturesconnection.com\/fr\/services-de-traduction-ourdou\/traduction-de-site-web-ourdou\/","name":"Services de traduction de site web ourdou","isPartOf":{"@id":"https:\/\/culturesconnection.com\/fr\/#website"},"primaryImageOfPage":{"@id":"https:\/\/culturesconnection.com\/fr\/services-de-traduction-ourdou\/traduction-de-site-web-ourdou\/#primaryimage"},"image":{"@id":"https:\/\/culturesconnection.com\/fr\/services-de-traduction-ourdou\/traduction-de-site-web-ourdou\/#primaryimage"},"thumbnailUrl":"https:\/\/culturesconnection.com\/wp-content\/uploads\/2020\/09\/P\u00e1gina_Subservicios_de_traducci\u00f3n_por_idioma.png","datePublished":"2018-10-04T20:23:18+00:00","dateModified":"2022-12-21T09:31:10+00:00","description":"La traduction de site web ourdou fran\u00e7ais par des professionnels du secteur : contenus web, sites e-commerce, fiches produits. Devis gratuit.","breadcrumb":{"@id":"https:\/\/culturesconnection.com\/fr\/services-de-traduction-ourdou\/traduction-de-site-web-ourdou\/#breadcrumb"},"inLanguage":"fr-FR","potentialAction":[{"@type":"ReadAction","target":["https:\/\/culturesconnection.com\/fr\/services-de-traduction-ourdou\/traduction-de-site-web-ourdou\/"]}]},{"@type":"ImageObject","inLanguage":"fr-FR","@id":"https:\/\/culturesconnection.com\/fr\/services-de-traduction-ourdou\/traduction-de-site-web-ourdou\/#primaryimage","url":"https:\/\/culturesconnection.com\/wp-content\/uploads\/2020\/09\/P\u00e1gina_Subservicios_de_traducci\u00f3n_por_idioma.png","contentUrl":"https:\/\/culturesconnection.com\/wp-content\/uploads\/2020\/09\/P\u00e1gina_Subservicios_de_traducci\u00f3n_por_idioma.png","width":1417,"height":561},{"@type":"BreadcrumbList","@id":"https:\/\/culturesconnection.com\/fr\/services-de-traduction-ourdou\/traduction-de-site-web-ourdou\/#breadcrumb","itemListElement":[{"@type":"ListItem","position":1,"name":"Home","item":"https:\/\/culturesconnection.com\/fr\/"},{"@type":"ListItem","position":2,"name":"Agence de traduction en ourdou","item":"https:\/\/culturesconnection.com\/fr\/services-de-traduction-ourdou\/"},{"@type":"ListItem","position":3,"name":"Agence de traduction de site web en ourdou"}]},{"@type":"WebSite","@id":"https:\/\/culturesconnection.com\/fr\/#website","url":"https:\/\/culturesconnection.com\/fr\/","name":"Cultures Connection","description":"Cultures Connection is a translation agency dedicated to the success of its international clients.","publisher":{"@id":"https:\/\/culturesconnection.com\/fr\/#organization"},"potentialAction":[{"@type":"SearchAction","target":{"@type":"EntryPoint","urlTemplate":"https:\/\/culturesconnection.com\/fr\/?s={search_term_string}"},"query-input":{"@type":"PropertyValueSpecification","valueRequired":true,"valueName":"search_term_string"}}],"inLanguage":"fr-FR"},{"@type":"Organization","@id":"https:\/\/culturesconnection.com\/fr\/#organization","name":"Cultures Connection","url":"https:\/\/culturesconnection.com\/fr\/","logo":{"@type":"ImageObject","inLanguage":"fr-FR","@id":"https:\/\/culturesconnection.com\/fr\/#\/schema\/logo\/image\/","url":"https:\/\/culturesconnection.com\/wp-content\/uploads\/2022\/06\/cropped-favicon512x512.png","contentUrl":"https:\/\/culturesconnection.com\/wp-content\/uploads\/2022\/06\/cropped-favicon512x512.png","width":512,"height":512,"caption":"Cultures Connection"},"image":{"@id":"https:\/\/culturesconnection.com\/fr\/#\/schema\/logo\/image\/"},"sameAs":["https:\/\/www.facebook.com\/CulturesConnection","https:\/\/x.com\/CulturesCo_"]}]}},"_links":{"self":[{"href":"https:\/\/culturesconnection.com\/fr\/wp-json\/wp\/v2\/pages\/10523","targetHints":{"allow":["GET"]}}],"collection":[{"href":"https:\/\/culturesconnection.com\/fr\/wp-json\/wp\/v2\/pages"}],"about":[{"href":"https:\/\/culturesconnection.com\/fr\/wp-json\/wp\/v2\/types\/page"}],"author":[{"embeddable":true,"href":"https:\/\/culturesconnection.com\/fr\/wp-json\/wp\/v2\/users\/42"}],"replies":[{"embeddable":true,"href":"https:\/\/culturesconnection.com\/fr\/wp-json\/wp\/v2\/comments?post=10523"}],"version-history":[{"count":0,"href":"https:\/\/culturesconnection.com\/fr\/wp-json\/wp\/v2\/pages\/10523\/revisions"}],"up":[{"embeddable":true,"href":"https:\/\/culturesconnection.com\/fr\/wp-json\/wp\/v2\/pages\/6493"}],"wp:featuredmedia":[{"embeddable":true,"href":"https:\/\/culturesconnection.com\/fr\/wp-json\/wp\/v2\/media\/24329"}],"wp:attachment":[{"href":"https:\/\/culturesconnection.com\/fr\/wp-json\/wp\/v2\/media?parent=10523"}],"curies":[{"name":"wp","href":"https:\/\/api.w.org\/{rel}","templated":true}]}}