{"id":10521,"date":"2018-10-04T21:22:32","date_gmt":"2018-10-04T20:22:32","guid":{"rendered":"http:\/\/culturesconnection.com\/?page_id=10521"},"modified":"2022-12-21T09:37:54","modified_gmt":"2022-12-21T08:37:54","slug":"traduction-juridique-ourdou","status":"publish","type":"page","link":"https:\/\/culturesconnection.com\/fr\/services-de-traduction-ourdou\/traduction-juridique-ourdou\/","title":{"rendered":"Agence de traduction juridique en ourdou"},"content":{"rendered":"\n<h2 class=\"wp-block-heading\">DES PROFESSIONNELS DE LA TRADUCTION JURIDIQUE OURDOU \u00c0 VOTRE SERVICE<\/h2>\n\n\n\n<p><a href=\"https:\/\/culturesconnection.com\/fr\/traduction-juridique\/\">La traduction juridique<\/a> depuis ou vers l\u2019ourdou est un vrai d\u00e9fi. En effet, au vue de la technicit\u00e9 des concepts et des termes utilis\u00e9s dans le domaine juridique, vous devez absolument faire appel \u00e0 des traducteurs professionnels experts dans ce secteur. Le fait que chaque syst\u00e8me juridique soit diff\u00e9rent et que donc parfois, certaines terminologies ou notions n\u2019ont pas d\u2019\u00e9quivalents dans la langue cible, est \u00e9galement \u00e0 prendre en compte. Chez Cultures Connection, nous vous assurons l\u2019exactitude et la pr\u00e9cision de vos traductions juridiques en ourdou car elles sont r\u00e9alis\u00e9es uniquement par des sp\u00e9cialistes de ce secteur.<\/p>\n\n\n\n<h2 class=\"wp-block-heading\">NOS SERVICES DE TRADUCTION JURIDIQUE<\/h2>\n\n\n\n<p><a href=\"https:\/\/culturesconnection.com\/fr\/\">Notre agence de traduction<\/a> est sp\u00e9cialis\u00e9e dans la traduction juridique depuis longtemps et chez Cultures Connection nous savons que la rigueur et la pr\u00e9cision sont primordiales, c\u2019est pour cette raison que nous ne travaillons qu\u2019avec des traducteurs natifs, sp\u00e9cialis\u00e9s dans la traduction juridique qui ma\u00eetrisent le langage juridique, de par leur exp\u00e9rience dans le milieu en tant qu\u2019avocats ou juristes par exemple, ou lors de formations sp\u00e9cifiques. Ce vaste r\u00e9seau de traducteurs experts nous permet de vous proposer des services de traduction juridique en ourdou fiables, rapides, pr\u00e9cis et \u00e0 des prix comp\u00e9titifs.<\/p>\n\n\n\n<h2 class=\"wp-block-heading\">VOS DOCUMENTS JURIDIQUES EN OURDOU<\/h2>\n\n\n\n<p>Voici quelques exemples de documents juridiques traduits depuis et vers l\u2019ourdou :<\/p>\n\n\n\n<ul class=\"wp-block-list\">\n<li>D\u00e9p\u00f4ts de plaintes<\/li>\n\n\n\n<li>Proc\u00e9dures judiciaires<\/li>\n\n\n\n<li>Conditions g\u00e9n\u00e9rales<\/li>\n\n\n\n<li>Rapports d\u2019expertises<\/li>\n\n\n\n<li>R\u00e9glementation<\/li>\n\n\n\n<li>Dossiers d\u2019h\u00e9ritage<\/li>\n\n\n\n<li>Demandes de divorce<\/li>\n\n\n\n<li>Clauses de non-concurrence et de non-confidentialit\u00e9<\/li>\n\n\n\n<li>Lettres d\u2019intention<\/li>\n\n\n\n<li>Procurations<\/li>\n\n\n\n<li>Mainlev\u00e9es judiciaires<\/li>\n\n\n\n<li>Statuts de soci\u00e9t\u00e9<\/li>\n<\/ul>\n","protected":false},"excerpt":{"rendered":"<p>DES PROFESSIONNELS DE LA TRADUCTION JURIDIQUE OURDOU \u00c0 VOTRE SERVICE La traduction juridique depuis ou vers l\u2019ourdou est un vrai d\u00e9fi. En effet, au vue [&#8230;]<\/p>\n<p><a class=\"btn btn-secondary understrap-read-more-link\" href=\"https:\/\/culturesconnection.com\/fr\/services-de-traduction-ourdou\/traduction-juridique-ourdou\/\">Lire la suite\u2026<span class=\"screen-reader-text\"> from Agence de traduction juridique en ourdou<\/span><\/a><\/p>\n","protected":false},"author":42,"featured_media":24329,"parent":6493,"menu_order":0,"comment_status":"closed","ping_status":"closed","template":"","meta":{"_acf_changed":false,"_editorskit_title_hidden":false,"_editorskit_reading_time":0,"_editorskit_is_block_options_detached":false,"_editorskit_block_options_position":"{}","footnotes":""},"class_list":["post-10521","page","type-page","status-publish","has-post-thumbnail","hentry"],"acf":[],"_links":{"self":[{"href":"https:\/\/culturesconnection.com\/fr\/wp-json\/wp\/v2\/pages\/10521","targetHints":{"allow":["GET"]}}],"collection":[{"href":"https:\/\/culturesconnection.com\/fr\/wp-json\/wp\/v2\/pages"}],"about":[{"href":"https:\/\/culturesconnection.com\/fr\/wp-json\/wp\/v2\/types\/page"}],"author":[{"embeddable":true,"href":"https:\/\/culturesconnection.com\/fr\/wp-json\/wp\/v2\/users\/42"}],"replies":[{"embeddable":true,"href":"https:\/\/culturesconnection.com\/fr\/wp-json\/wp\/v2\/comments?post=10521"}],"version-history":[{"count":0,"href":"https:\/\/culturesconnection.com\/fr\/wp-json\/wp\/v2\/pages\/10521\/revisions"}],"up":[{"embeddable":true,"href":"https:\/\/culturesconnection.com\/fr\/wp-json\/wp\/v2\/pages\/6493"}],"wp:featuredmedia":[{"embeddable":true,"href":"https:\/\/culturesconnection.com\/fr\/wp-json\/wp\/v2\/media\/24329"}],"wp:attachment":[{"href":"https:\/\/culturesconnection.com\/fr\/wp-json\/wp\/v2\/media?parent=10521"}],"curies":[{"name":"wp","href":"https:\/\/api.w.org\/{rel}","templated":true}]}}