{"id":10520,"date":"2018-10-04T21:30:49","date_gmt":"2018-10-04T20:30:49","guid":{"rendered":"http:\/\/culturesconnection.com\/?page_id=10520"},"modified":"2022-12-21T09:55:51","modified_gmt":"2022-12-21T08:55:51","slug":"traduction-technique-ourdou","status":"publish","type":"page","link":"https:\/\/culturesconnection.com\/fr\/services-de-traduction-ourdou\/traduction-technique-ourdou\/","title":{"rendered":"Agence de traduction technique en ourdou"},"content":{"rendered":"\n<h2 class=\"wp-block-heading\">LA TRADUCTION TECHNIQUE OURDOU-FRAN\u00c7AIS : LA RIGUEUR DES TERMES<\/h2>\n\n\n\n<p>De par sa diversit\u00e9, la traduction technique est un exercice difficile \u00e0 r\u00e9aliser si vous n\u2019avez pas les comp\u00e9tences ad\u00e9quates requises. Le traducteur technique professionnel doit absolument \u00eatre sp\u00e9cialis\u00e9 dans le domaine en particulier pour \u00eatre en mesure de comprendre les diff\u00e9rentes notions ou les diff\u00e9rents termes \u00e0 traduire. Le traducteur aura donc une double mission : traduire correctement entre le fran\u00e7ais et l\u2019ourdou par exemple, mais surtout trouver le bon terme adapt\u00e9 au contexte. Faites confiance \u00e0 <a href=\"https:\/\/culturesconnection.com\/fr\/\">notre agence de traduction<\/a> pour vous fournir des services de traduction de qualit\u00e9 et aux meilleurs prix.<\/p>\n\n\n\n<h2 class=\"wp-block-heading\">NOS SERVICES DE TRADUCTION TECHNIQUE<\/h2>\n\n\n\n<p><a href=\"https:\/\/culturesconnection.com\/fr\/traduction-technique\/\">La traduction technique<\/a> est l\u2019un des domaines de pr\u00e9dilection de notre agence de traduction. En effet, nous avons pu cr\u00e9er au fil des ann\u00e9es un r\u00e9seau de traducteurs techniques en qui nous avons pleinement confiance pour traduire tous vos documents techniques en ourdou. Ils sont s\u00e9lectionn\u00e9s selon des crit\u00e8res de qualit\u00e9 \u00e9lev\u00e9s, ce qui nous permet de vous offrir des services de traduction toujours fiables, rapides, de bonne qualit\u00e9 et aux meilleurs prix. Vous avez des documents techniques en ourdou \u00e0 traduire ? Contactez-nous !<\/p>\n\n\n\n<h2 class=\"wp-block-heading\">NOS DOCUMENTS TECHNIQUES EN OURDOU<\/h2>\n\n\n\n<p>ll existe de nombreux types de traductions de documents techniques en ourdou. En voici quelques exemples :<\/p>\n\n\n\n<ul class=\"wp-block-list\">\n<li>Devis<\/li>\n\n\n\n<li>Textes d\u2019ing\u00e9nierie<\/li>\n\n\n\n<li>Modes d\u2019emploi de machine-outils (ou d\u2019autres types de machines)<\/li>\n\n\n\n<li>Descriptifs et fiches techniques<\/li>\n\n\n\n<li>Normes<\/li>\n\n\n\n<li>Cahiers des charges<\/li>\n\n\n\n<li>Brevets techniques<\/li>\n\n\n\n<li>Notices techniques<\/li>\n\n\n\n<li>Modes d\u2019emploi<\/li>\n\n\n\n<li>Guides d\u2019utilisateurs<\/li>\n<\/ul>\n","protected":false},"excerpt":{"rendered":"<p>LA TRADUCTION TECHNIQUE OURDOU-FRAN\u00c7AIS : LA RIGUEUR DES TERMES De par sa diversit\u00e9, la traduction technique est un exercice difficile \u00e0 r\u00e9aliser si vous n\u2019avez [&#8230;]<\/p>\n<p><a class=\"btn btn-secondary understrap-read-more-link\" href=\"https:\/\/culturesconnection.com\/fr\/services-de-traduction-ourdou\/traduction-technique-ourdou\/\">Lire la suite\u2026<span class=\"screen-reader-text\"> from Agence de traduction technique en ourdou<\/span><\/a><\/p>\n","protected":false},"author":42,"featured_media":24329,"parent":6493,"menu_order":0,"comment_status":"closed","ping_status":"closed","template":"","meta":{"_acf_changed":false,"_editorskit_title_hidden":false,"_editorskit_reading_time":1,"_editorskit_is_block_options_detached":false,"_editorskit_block_options_position":"{}","footnotes":""},"class_list":["post-10520","page","type-page","status-publish","has-post-thumbnail","hentry"],"acf":[],"_links":{"self":[{"href":"https:\/\/culturesconnection.com\/fr\/wp-json\/wp\/v2\/pages\/10520","targetHints":{"allow":["GET"]}}],"collection":[{"href":"https:\/\/culturesconnection.com\/fr\/wp-json\/wp\/v2\/pages"}],"about":[{"href":"https:\/\/culturesconnection.com\/fr\/wp-json\/wp\/v2\/types\/page"}],"author":[{"embeddable":true,"href":"https:\/\/culturesconnection.com\/fr\/wp-json\/wp\/v2\/users\/42"}],"replies":[{"embeddable":true,"href":"https:\/\/culturesconnection.com\/fr\/wp-json\/wp\/v2\/comments?post=10520"}],"version-history":[{"count":0,"href":"https:\/\/culturesconnection.com\/fr\/wp-json\/wp\/v2\/pages\/10520\/revisions"}],"up":[{"embeddable":true,"href":"https:\/\/culturesconnection.com\/fr\/wp-json\/wp\/v2\/pages\/6493"}],"wp:featuredmedia":[{"embeddable":true,"href":"https:\/\/culturesconnection.com\/fr\/wp-json\/wp\/v2\/media\/24329"}],"wp:attachment":[{"href":"https:\/\/culturesconnection.com\/fr\/wp-json\/wp\/v2\/media?parent=10520"}],"curies":[{"name":"wp","href":"https:\/\/api.w.org\/{rel}","templated":true}]}}