{"id":10519,"date":"2018-10-04T21:20:31","date_gmt":"2018-10-04T20:20:31","guid":{"rendered":"http:\/\/culturesconnection.com\/?page_id=10519"},"modified":"2022-12-21T09:58:07","modified_gmt":"2022-12-21T08:58:07","slug":"traduction-medicale-ourdou","status":"publish","type":"page","link":"https:\/\/culturesconnection.com\/fr\/services-de-traduction-ourdou\/traduction-medicale-ourdou\/","title":{"rendered":"Agence de traduction m\u00e9dicale en ourdou"},"content":{"rendered":"\n<h2 class=\"wp-block-heading\">TRADUCTION M\u00c9DICALE OURDOU-FRAN\u00c7AIS : DES TERMES PR\u00c9CIS<\/h2>\n\n\n\n<p>La traduction m\u00e9dicale est de plus en plus r\u00e9pandue aujourd\u2019hui dans le monde, il s\u2019agit \u00e9galement d\u2019un des domaines de traduction les plus complexes car les termes utilis\u00e9s sont tr\u00e8s pr\u00e9cis. Dans ce type de travail, le traducteur n\u2019a pas le droit \u00e0 l\u2019erreur, car tout malentendu peut \u00eatre tout simplement fatal pour les patients par exemple. Par cons\u00e9quent, il est primordial de faire appel \u00e0 un traducteur professionnel sp\u00e9cialis\u00e9 dans le domaine m\u00e9dical qui a de l\u2019exp\u00e9rience et une tr\u00e8s bonne connaissance des notions et du jargon m\u00e9dical utilis\u00e9. Faites donc confiance \u00e0 <a href=\"https:\/\/culturesconnection.com\/fr\/\">notre agence de traduction<\/a> pour vous trouver le sp\u00e9cialiste qu\u2019il vous faut.<\/p>\n\n\n\n<h2 class=\"wp-block-heading\">DES TRADUCTEURS M\u00c9DICAUX \u00c0 VOTRE SERVICE<\/h2>\n\n\n\n<p>Vous avez besoin de faire traduire vos documents m\u00e9dicaux de ou vers l\u2019ourdou, ne cherchez plus, chez Cultures Connection, nous avons la solution : un r\u00e9seau de traducteurs sp\u00e9cialis\u00e9s dans la traduction m\u00e9dicale s\u00e9lectionn\u00e9s par nos soins sur la base de leur exp\u00e9rience et de leurs dipl\u00f4mes en m\u00e9decine par exemple. Nos services de traduction sont donc rapides, fiables et de bonne qualit\u00e9 car nous sommes conscients des enjeux de <a href=\"https:\/\/culturesconnection.com\/fr\/traduction-medicale\/\">la traduction m\u00e9dicale<\/a> et de la rigueur des termes qu\u2019elle implique pour nos clients. Tous nos traducteurs travaillent uniquement vers leur langue maternelle et dans leurs domaines de sp\u00e9cialisation.<\/p>\n\n\n\n<h2 class=\"wp-block-heading\">VOS DOCUMENTS M\u00c9DICAUX EN OURDOU<\/h2>\n\n\n\n<p>La liste qui suit reprend certains exemples de traductions m\u00e9dicales que nous r\u00e9alisons de et vers l\u2019ourdou :<\/p>\n\n\n\n<ul class=\"wp-block-list\">\n<li>Revues<\/li>\n\n\n\n<li>Rapports de conf\u00e9rence<\/li>\n\n\n\n<li>Publications<\/li>\n\n\n\n<li>Projets et comptes rendus de recherche<\/li>\n\n\n\n<li>R\u00e9sultats d\u2019\u00e9tudes et \u00e9tats de nouvelles recherches<\/li>\n\n\n\n<li>Ouvrages de vulgarisation<\/li>\n\n\n\n<li>Rapports d\u2019essais<\/li>\n\n\n\n<li>Questionnaires<\/li>\n\n\n\n<li>Notices<\/li>\n\n\n\n<li>Posologies de nouveaux produits<\/li>\n\n\n\n<li>R\u00e9sultats d\u2019essais cliniques<\/li>\n\n\n\n<li>R\u00e9glementations pharmaceutiques<\/li>\n\n\n\n<li>Rapports d\u2019expertise m\u00e9dicale<\/li>\n<\/ul>\n","protected":false},"excerpt":{"rendered":"<p>TRADUCTION M\u00c9DICALE OURDOU-FRAN\u00c7AIS : DES TERMES PR\u00c9CIS La traduction m\u00e9dicale est de plus en plus r\u00e9pandue aujourd\u2019hui dans le monde, il s\u2019agit \u00e9galement d\u2019un des [&#8230;]<\/p>\n<p><a class=\"btn btn-secondary understrap-read-more-link\" href=\"https:\/\/culturesconnection.com\/fr\/services-de-traduction-ourdou\/traduction-medicale-ourdou\/\">Lire la suite\u2026<span class=\"screen-reader-text\"> from Agence de traduction m\u00e9dicale en ourdou<\/span><\/a><\/p>\n","protected":false},"author":42,"featured_media":24329,"parent":6493,"menu_order":0,"comment_status":"closed","ping_status":"closed","template":"","meta":{"_acf_changed":false,"_editorskit_title_hidden":false,"_editorskit_reading_time":0,"_editorskit_is_block_options_detached":false,"_editorskit_block_options_position":"{}","footnotes":""},"class_list":["post-10519","page","type-page","status-publish","has-post-thumbnail","hentry"],"acf":[],"yoast_head":"<!-- This site is optimized with the Yoast SEO Premium plugin v23.4 (Yoast SEO v27.3) - https:\/\/yoast.com\/product\/yoast-seo-premium-wordpress\/ -->\n<title>Services de traduction m\u00e9dicale ourdou<\/title>\n<meta name=\"description\" content=\"Besoin d\u2019une traduction m\u00e9dicale ourdou-fran\u00e7ais ? Cultures Connection vous propose les services de ses experts. Demandez un devis gratuit.\" \/>\n<meta name=\"robots\" content=\"index, follow, max-snippet:-1, max-image-preview:large, max-video-preview:-1\" \/>\n<link rel=\"canonical\" href=\"https:\/\/culturesconnection.com\/fr\/services-de-traduction-ourdou\/traduction-medicale-ourdou\/\" \/>\n<meta property=\"og:locale\" content=\"fr_FR\" \/>\n<meta property=\"og:type\" content=\"article\" \/>\n<meta property=\"og:title\" content=\"Agence de traduction m\u00e9dicale en ourdou\" \/>\n<meta property=\"og:description\" content=\"Besoin d\u2019une traduction m\u00e9dicale ourdou-fran\u00e7ais ? Cultures Connection vous propose les services de ses experts. Demandez un devis gratuit.\" \/>\n<meta property=\"og:url\" content=\"https:\/\/culturesconnection.com\/fr\/services-de-traduction-ourdou\/traduction-medicale-ourdou\/\" \/>\n<meta property=\"og:site_name\" content=\"Cultures Connection\" \/>\n<meta property=\"article:publisher\" content=\"https:\/\/www.facebook.com\/CulturesConnection\" \/>\n<meta property=\"article:modified_time\" content=\"2022-12-21T08:58:07+00:00\" \/>\n<meta property=\"og:image\" content=\"https:\/\/culturesconnection.com\/wp-content\/uploads\/2020\/09\/P\u00e1gina_Subservicios_de_traducci\u00f3n_por_idioma.png\" \/>\n\t<meta property=\"og:image:width\" content=\"1417\" \/>\n\t<meta property=\"og:image:height\" content=\"561\" \/>\n\t<meta property=\"og:image:type\" content=\"image\/png\" \/>\n<meta name=\"twitter:card\" content=\"summary_large_image\" \/>\n<meta name=\"twitter:site\" content=\"@CulturesCo_\" \/>\n<meta name=\"twitter:label1\" content=\"Dur\u00e9e de lecture estim\u00e9e\" \/>\n\t<meta name=\"twitter:data1\" content=\"2 minutes\" \/>\n<script type=\"application\/ld+json\" class=\"yoast-schema-graph\">{\"@context\":\"https:\\\/\\\/schema.org\",\"@graph\":[{\"@type\":\"WebPage\",\"@id\":\"https:\\\/\\\/culturesconnection.com\\\/fr\\\/services-de-traduction-ourdou\\\/traduction-medicale-ourdou\\\/\",\"url\":\"https:\\\/\\\/culturesconnection.com\\\/fr\\\/services-de-traduction-ourdou\\\/traduction-medicale-ourdou\\\/\",\"name\":\"Services de traduction m\u00e9dicale ourdou\",\"isPartOf\":{\"@id\":\"https:\\\/\\\/culturesconnection.com\\\/fr\\\/#website\"},\"primaryImageOfPage\":{\"@id\":\"https:\\\/\\\/culturesconnection.com\\\/fr\\\/services-de-traduction-ourdou\\\/traduction-medicale-ourdou\\\/#primaryimage\"},\"image\":{\"@id\":\"https:\\\/\\\/culturesconnection.com\\\/fr\\\/services-de-traduction-ourdou\\\/traduction-medicale-ourdou\\\/#primaryimage\"},\"thumbnailUrl\":\"https:\\\/\\\/culturesconnection.com\\\/wp-content\\\/uploads\\\/2020\\\/09\\\/P\u00e1gina_Subservicios_de_traducci\u00f3n_por_idioma.png\",\"datePublished\":\"2018-10-04T20:20:31+00:00\",\"dateModified\":\"2022-12-21T08:58:07+00:00\",\"description\":\"Besoin d\u2019une traduction m\u00e9dicale ourdou-fran\u00e7ais ? Cultures Connection vous propose les services de ses experts. Demandez un devis gratuit.\",\"breadcrumb\":{\"@id\":\"https:\\\/\\\/culturesconnection.com\\\/fr\\\/services-de-traduction-ourdou\\\/traduction-medicale-ourdou\\\/#breadcrumb\"},\"inLanguage\":\"fr-FR\",\"potentialAction\":[{\"@type\":\"ReadAction\",\"target\":[\"https:\\\/\\\/culturesconnection.com\\\/fr\\\/services-de-traduction-ourdou\\\/traduction-medicale-ourdou\\\/\"]}]},{\"@type\":\"ImageObject\",\"inLanguage\":\"fr-FR\",\"@id\":\"https:\\\/\\\/culturesconnection.com\\\/fr\\\/services-de-traduction-ourdou\\\/traduction-medicale-ourdou\\\/#primaryimage\",\"url\":\"https:\\\/\\\/culturesconnection.com\\\/wp-content\\\/uploads\\\/2020\\\/09\\\/P\u00e1gina_Subservicios_de_traducci\u00f3n_por_idioma.png\",\"contentUrl\":\"https:\\\/\\\/culturesconnection.com\\\/wp-content\\\/uploads\\\/2020\\\/09\\\/P\u00e1gina_Subservicios_de_traducci\u00f3n_por_idioma.png\",\"width\":1417,\"height\":561},{\"@type\":\"BreadcrumbList\",\"@id\":\"https:\\\/\\\/culturesconnection.com\\\/fr\\\/services-de-traduction-ourdou\\\/traduction-medicale-ourdou\\\/#breadcrumb\",\"itemListElement\":[{\"@type\":\"ListItem\",\"position\":1,\"name\":\"Home\",\"item\":\"https:\\\/\\\/culturesconnection.com\\\/fr\\\/\"},{\"@type\":\"ListItem\",\"position\":2,\"name\":\"Agence de traduction en ourdou\",\"item\":\"https:\\\/\\\/culturesconnection.com\\\/fr\\\/services-de-traduction-ourdou\\\/\"},{\"@type\":\"ListItem\",\"position\":3,\"name\":\"Agence de traduction m\u00e9dicale en ourdou\"}]},{\"@type\":\"WebSite\",\"@id\":\"https:\\\/\\\/culturesconnection.com\\\/fr\\\/#website\",\"url\":\"https:\\\/\\\/culturesconnection.com\\\/fr\\\/\",\"name\":\"Cultures Connection\",\"description\":\"Cultures Connection is a translation agency dedicated to the success of its international clients.\",\"publisher\":{\"@id\":\"https:\\\/\\\/culturesconnection.com\\\/fr\\\/#organization\"},\"potentialAction\":[{\"@type\":\"SearchAction\",\"target\":{\"@type\":\"EntryPoint\",\"urlTemplate\":\"https:\\\/\\\/culturesconnection.com\\\/fr\\\/?s={search_term_string}\"},\"query-input\":{\"@type\":\"PropertyValueSpecification\",\"valueRequired\":true,\"valueName\":\"search_term_string\"}}],\"inLanguage\":\"fr-FR\"},{\"@type\":\"Organization\",\"@id\":\"https:\\\/\\\/culturesconnection.com\\\/fr\\\/#organization\",\"name\":\"Cultures Connection\",\"url\":\"https:\\\/\\\/culturesconnection.com\\\/fr\\\/\",\"logo\":{\"@type\":\"ImageObject\",\"inLanguage\":\"fr-FR\",\"@id\":\"https:\\\/\\\/culturesconnection.com\\\/fr\\\/#\\\/schema\\\/logo\\\/image\\\/\",\"url\":\"https:\\\/\\\/culturesconnection.com\\\/wp-content\\\/uploads\\\/2022\\\/06\\\/cropped-favicon512x512.png\",\"contentUrl\":\"https:\\\/\\\/culturesconnection.com\\\/wp-content\\\/uploads\\\/2022\\\/06\\\/cropped-favicon512x512.png\",\"width\":512,\"height\":512,\"caption\":\"Cultures Connection\"},\"image\":{\"@id\":\"https:\\\/\\\/culturesconnection.com\\\/fr\\\/#\\\/schema\\\/logo\\\/image\\\/\"},\"sameAs\":[\"https:\\\/\\\/www.facebook.com\\\/CulturesConnection\",\"https:\\\/\\\/x.com\\\/CulturesCo_\"]}]}<\/script>\n<!-- \/ Yoast SEO Premium plugin. -->","yoast_head_json":{"title":"Services de traduction m\u00e9dicale ourdou","description":"Besoin d\u2019une traduction m\u00e9dicale ourdou-fran\u00e7ais ? Cultures Connection vous propose les services de ses experts. Demandez un devis gratuit.","robots":{"index":"index","follow":"follow","max-snippet":"max-snippet:-1","max-image-preview":"max-image-preview:large","max-video-preview":"max-video-preview:-1"},"canonical":"https:\/\/culturesconnection.com\/fr\/services-de-traduction-ourdou\/traduction-medicale-ourdou\/","og_locale":"fr_FR","og_type":"article","og_title":"Agence de traduction m\u00e9dicale en ourdou","og_description":"Besoin d\u2019une traduction m\u00e9dicale ourdou-fran\u00e7ais ? Cultures Connection vous propose les services de ses experts. Demandez un devis gratuit.","og_url":"https:\/\/culturesconnection.com\/fr\/services-de-traduction-ourdou\/traduction-medicale-ourdou\/","og_site_name":"Cultures Connection","article_publisher":"https:\/\/www.facebook.com\/CulturesConnection","article_modified_time":"2022-12-21T08:58:07+00:00","og_image":[{"width":1417,"height":561,"url":"https:\/\/culturesconnection.com\/wp-content\/uploads\/2020\/09\/P\u00e1gina_Subservicios_de_traducci\u00f3n_por_idioma.png","type":"image\/png"}],"twitter_card":"summary_large_image","twitter_site":"@CulturesCo_","twitter_misc":{"Dur\u00e9e de lecture estim\u00e9e":"2 minutes"},"schema":{"@context":"https:\/\/schema.org","@graph":[{"@type":"WebPage","@id":"https:\/\/culturesconnection.com\/fr\/services-de-traduction-ourdou\/traduction-medicale-ourdou\/","url":"https:\/\/culturesconnection.com\/fr\/services-de-traduction-ourdou\/traduction-medicale-ourdou\/","name":"Services de traduction m\u00e9dicale ourdou","isPartOf":{"@id":"https:\/\/culturesconnection.com\/fr\/#website"},"primaryImageOfPage":{"@id":"https:\/\/culturesconnection.com\/fr\/services-de-traduction-ourdou\/traduction-medicale-ourdou\/#primaryimage"},"image":{"@id":"https:\/\/culturesconnection.com\/fr\/services-de-traduction-ourdou\/traduction-medicale-ourdou\/#primaryimage"},"thumbnailUrl":"https:\/\/culturesconnection.com\/wp-content\/uploads\/2020\/09\/P\u00e1gina_Subservicios_de_traducci\u00f3n_por_idioma.png","datePublished":"2018-10-04T20:20:31+00:00","dateModified":"2022-12-21T08:58:07+00:00","description":"Besoin d\u2019une traduction m\u00e9dicale ourdou-fran\u00e7ais ? Cultures Connection vous propose les services de ses experts. Demandez un devis gratuit.","breadcrumb":{"@id":"https:\/\/culturesconnection.com\/fr\/services-de-traduction-ourdou\/traduction-medicale-ourdou\/#breadcrumb"},"inLanguage":"fr-FR","potentialAction":[{"@type":"ReadAction","target":["https:\/\/culturesconnection.com\/fr\/services-de-traduction-ourdou\/traduction-medicale-ourdou\/"]}]},{"@type":"ImageObject","inLanguage":"fr-FR","@id":"https:\/\/culturesconnection.com\/fr\/services-de-traduction-ourdou\/traduction-medicale-ourdou\/#primaryimage","url":"https:\/\/culturesconnection.com\/wp-content\/uploads\/2020\/09\/P\u00e1gina_Subservicios_de_traducci\u00f3n_por_idioma.png","contentUrl":"https:\/\/culturesconnection.com\/wp-content\/uploads\/2020\/09\/P\u00e1gina_Subservicios_de_traducci\u00f3n_por_idioma.png","width":1417,"height":561},{"@type":"BreadcrumbList","@id":"https:\/\/culturesconnection.com\/fr\/services-de-traduction-ourdou\/traduction-medicale-ourdou\/#breadcrumb","itemListElement":[{"@type":"ListItem","position":1,"name":"Home","item":"https:\/\/culturesconnection.com\/fr\/"},{"@type":"ListItem","position":2,"name":"Agence de traduction en ourdou","item":"https:\/\/culturesconnection.com\/fr\/services-de-traduction-ourdou\/"},{"@type":"ListItem","position":3,"name":"Agence de traduction m\u00e9dicale en ourdou"}]},{"@type":"WebSite","@id":"https:\/\/culturesconnection.com\/fr\/#website","url":"https:\/\/culturesconnection.com\/fr\/","name":"Cultures Connection","description":"Cultures Connection is a translation agency dedicated to the success of its international clients.","publisher":{"@id":"https:\/\/culturesconnection.com\/fr\/#organization"},"potentialAction":[{"@type":"SearchAction","target":{"@type":"EntryPoint","urlTemplate":"https:\/\/culturesconnection.com\/fr\/?s={search_term_string}"},"query-input":{"@type":"PropertyValueSpecification","valueRequired":true,"valueName":"search_term_string"}}],"inLanguage":"fr-FR"},{"@type":"Organization","@id":"https:\/\/culturesconnection.com\/fr\/#organization","name":"Cultures Connection","url":"https:\/\/culturesconnection.com\/fr\/","logo":{"@type":"ImageObject","inLanguage":"fr-FR","@id":"https:\/\/culturesconnection.com\/fr\/#\/schema\/logo\/image\/","url":"https:\/\/culturesconnection.com\/wp-content\/uploads\/2022\/06\/cropped-favicon512x512.png","contentUrl":"https:\/\/culturesconnection.com\/wp-content\/uploads\/2022\/06\/cropped-favicon512x512.png","width":512,"height":512,"caption":"Cultures Connection"},"image":{"@id":"https:\/\/culturesconnection.com\/fr\/#\/schema\/logo\/image\/"},"sameAs":["https:\/\/www.facebook.com\/CulturesConnection","https:\/\/x.com\/CulturesCo_"]}]}},"_links":{"self":[{"href":"https:\/\/culturesconnection.com\/fr\/wp-json\/wp\/v2\/pages\/10519","targetHints":{"allow":["GET"]}}],"collection":[{"href":"https:\/\/culturesconnection.com\/fr\/wp-json\/wp\/v2\/pages"}],"about":[{"href":"https:\/\/culturesconnection.com\/fr\/wp-json\/wp\/v2\/types\/page"}],"author":[{"embeddable":true,"href":"https:\/\/culturesconnection.com\/fr\/wp-json\/wp\/v2\/users\/42"}],"replies":[{"embeddable":true,"href":"https:\/\/culturesconnection.com\/fr\/wp-json\/wp\/v2\/comments?post=10519"}],"version-history":[{"count":0,"href":"https:\/\/culturesconnection.com\/fr\/wp-json\/wp\/v2\/pages\/10519\/revisions"}],"up":[{"embeddable":true,"href":"https:\/\/culturesconnection.com\/fr\/wp-json\/wp\/v2\/pages\/6493"}],"wp:featuredmedia":[{"embeddable":true,"href":"https:\/\/culturesconnection.com\/fr\/wp-json\/wp\/v2\/media\/24329"}],"wp:attachment":[{"href":"https:\/\/culturesconnection.com\/fr\/wp-json\/wp\/v2\/media?parent=10519"}],"curies":[{"name":"wp","href":"https:\/\/api.w.org\/{rel}","templated":true}]}}