{"id":10518,"date":"2018-10-04T21:18:43","date_gmt":"2018-10-04T20:18:43","guid":{"rendered":"http:\/\/culturesconnection.com\/?page_id=10518"},"modified":"2022-12-21T10:04:34","modified_gmt":"2022-12-21T09:04:34","slug":"traduction-scientifique-ourdou","status":"publish","type":"page","link":"https:\/\/culturesconnection.com\/fr\/services-de-traduction-ourdou\/traduction-scientifique-ourdou\/","title":{"rendered":"Agence de traduction scientifique en ourdou"},"content":{"rendered":"\n<h2 class=\"wp-block-heading\">TRADUCTION SCIENTIFIQUE OURDOU-FRAN\u00c7AIS : UNE QUESTION DE PR\u00c9CISION<\/h2>\n\n\n\n<p><a href=\"https:\/\/culturesconnection.com\/fr\/traduction-scientifique\/\">La traduction scientifique<\/a> est un exercice relativement p\u00e9rilleux du fait de la complexit\u00e9 des termes utilis\u00e9s dans ce domaine. La terminologie est tr\u00e8s pr\u00e9cise et doit \u00eatre ma\u00eetris\u00e9e sur le bout des doigts par le traducteur pour qu\u2019il soit en mesure de rendre un travail fini le plus exact possible. En effet, des erreurs de traduction peuvent induire des malentendus qui peuvent avoir des cons\u00e9quences tr\u00e8s graves par la suite. C\u2019est pourquoi, faites confiance \u00e0 Cultures Connection et \u00e0 son r\u00e9seau de traducteurs experts dans la traduction scientifique ourdou qui connaissent parfaitement les termes de leurs domaines de sp\u00e9cialisation, nombreux dans le secteur scientifique.<\/p>\n\n\n\n<h2 class=\"wp-block-heading\">NOTRE AGENCE DE TRADUCTION<\/h2>\n\n\n\n<p><a href=\"https:\/\/culturesconnection.com\/fr\/\">Notre cabinet de traduction<\/a> s\u2019est cr\u00e9\u00e9, au fil des ann\u00e9es, un vaste r\u00e9seau de professionnels de la traduction scientifique qui sont capables de vous offrir des traductions rapides, pr\u00e9cises et de bonne qualit\u00e9. Chez Cultures Connection, nos traducteurs sont tous tri\u00e9s sur le volet selon leur exp\u00e9rience dans le domaine de la traduction mais aussi selon leurs qualifications dans le domaine scientifique. Nous nous assurons qu\u2019ils ma\u00eetrisent autant les rouages du m\u00e9tier de traducteur que la terminologie pr\u00e9cise de la traduction scientifique ourdou. Ceci toujours dans l\u2019optique de vous fournir des services de traduction de qualit\u00e9 et aux meilleurs prix.<\/p>\n\n\n\n<h2 class=\"wp-block-heading\">VOS DOCUMENTS SCIENTIFIQUES TRADUITS EN OURDOU<\/h2>\n\n\n\n<p>Chez Cultures Connection, nous vous proposons une multitude de traductions scientifiques diff\u00e9rentes, en voici quelques exemples :<\/p>\n\n\n\n<ul class=\"wp-block-list\">\n<li>Lexiques, encyclop\u00e9dies scientifiques et glossaires<\/li>\n\n\n\n<li>Documents techniques et articles de recherche<\/li>\n\n\n\n<li>Manuels op\u00e9rateurs et utilisateurs<\/li>\n\n\n\n<li>Essais de laboratoire, protocoles d\u2019essais<\/li>\n\n\n\n<li>Documents juridiques, brevets et directives<\/li>\n\n\n\n<li>Cahiers des charges<\/li>\n\n\n\n<li>Projets et \u00e9tudes de march\u00e9 multipays<\/li>\n\n\n\n<li>Logiciels de simulation (biotech, environnement, r\u00e9habilitation de sites industriels)<\/li>\n\n\n\n<li>Pr\u00e9sentations multim\u00e9dia et vid\u00e9os<\/li>\n\n\n\n<li>Traduction et localisation de sites Web<\/li>\n\n\n\n<li>Traduction de notices techniques, pr\u00e9sentation de congr\u00e8s<\/li>\n<\/ul>\n","protected":false},"excerpt":{"rendered":"<p>TRADUCTION SCIENTIFIQUE OURDOU-FRAN\u00c7AIS : UNE QUESTION DE PR\u00c9CISION La traduction scientifique est un exercice relativement p\u00e9rilleux du fait de la complexit\u00e9 des termes utilis\u00e9s dans [&#8230;]<\/p>\n<p><a class=\"btn btn-secondary understrap-read-more-link\" href=\"https:\/\/culturesconnection.com\/fr\/services-de-traduction-ourdou\/traduction-scientifique-ourdou\/\">Lire la suite\u2026<span class=\"screen-reader-text\"> from Agence de traduction scientifique en ourdou<\/span><\/a><\/p>\n","protected":false},"author":42,"featured_media":24329,"parent":6493,"menu_order":0,"comment_status":"closed","ping_status":"closed","template":"","meta":{"_acf_changed":false,"_editorskit_title_hidden":false,"_editorskit_reading_time":0,"_editorskit_is_block_options_detached":false,"_editorskit_block_options_position":"{}","footnotes":""},"class_list":["post-10518","page","type-page","status-publish","has-post-thumbnail","hentry"],"acf":[],"_links":{"self":[{"href":"https:\/\/culturesconnection.com\/fr\/wp-json\/wp\/v2\/pages\/10518","targetHints":{"allow":["GET"]}}],"collection":[{"href":"https:\/\/culturesconnection.com\/fr\/wp-json\/wp\/v2\/pages"}],"about":[{"href":"https:\/\/culturesconnection.com\/fr\/wp-json\/wp\/v2\/types\/page"}],"author":[{"embeddable":true,"href":"https:\/\/culturesconnection.com\/fr\/wp-json\/wp\/v2\/users\/42"}],"replies":[{"embeddable":true,"href":"https:\/\/culturesconnection.com\/fr\/wp-json\/wp\/v2\/comments?post=10518"}],"version-history":[{"count":0,"href":"https:\/\/culturesconnection.com\/fr\/wp-json\/wp\/v2\/pages\/10518\/revisions"}],"up":[{"embeddable":true,"href":"https:\/\/culturesconnection.com\/fr\/wp-json\/wp\/v2\/pages\/6493"}],"wp:featuredmedia":[{"embeddable":true,"href":"https:\/\/culturesconnection.com\/fr\/wp-json\/wp\/v2\/media\/24329"}],"wp:attachment":[{"href":"https:\/\/culturesconnection.com\/fr\/wp-json\/wp\/v2\/media?parent=10518"}],"curies":[{"name":"wp","href":"https:\/\/api.w.org\/{rel}","templated":true}]}}