{"id":10513,"date":"2018-10-04T21:24:06","date_gmt":"2018-10-04T20:24:06","guid":{"rendered":"http:\/\/culturesconnection.com\/?page_id=10513"},"modified":"2022-12-21T10:02:17","modified_gmt":"2022-12-21T09:02:17","slug":"traduction-commerciale-ourdou","status":"publish","type":"page","link":"https:\/\/culturesconnection.com\/fr\/services-de-traduction-ourdou\/traduction-commerciale-ourdou\/","title":{"rendered":"Agence de traduction commerciale en ourdou"},"content":{"rendered":"\n<h2 class=\"wp-block-heading\">LA TRADUCTION COMMERCIALE OURDOU &#8211; FRAN\u00c7AIS, GAGE D\u2019UNE EXPANSION \u00c0 L\u2019INTERNATIONAL R\u00c9USSIE<\/h2>\n\n\n\n<p>De par la mondialisation toujours plus grandissante, <a href=\"https:\/\/culturesconnection.com\/fr\/traduction-commerciale\/\">la traduction commerciale<\/a> tient une place de plus en plus importante dans le monde de la traduction et dans notre agence. En effet, si vous souhaitez d\u00e9velopper votre entreprise \u00e0 l\u2019international, faites appel \u00e0 des traducteurs experts qui sauront r\u00e9pondre pr\u00e9sents pour vous accompagner dans chaque \u00e9tape. Nos traducteurs commerciaux ourdous vous garantissent une qualit\u00e9 et une pr\u00e9cision sans faille pour vos traductions commerciales.<\/p>\n\n\n\n<h2 class=\"wp-block-heading\">DES TRADUCTEURS OURDOU &#8211; FRAN\u00c7AIS \u00c0 VOTRE SERVICE<\/h2>\n\n\n\n<p><a href=\"https:\/\/culturesconnection.com\/fr\/\">Notre agence de traduction<\/a> travaille en \u00e9troite collaboration avec de nombreux traducteurs sp\u00e9cialis\u00e9s notamment dans la traduction commerciale ourdou. Nos traducteurs sont tous choisis selon leur exp\u00e9rience dans le domaine et selon leurs qualifications, preuves de leurs connaissances dans le domaine commercial et de leur ma\u00eetrise des sp\u00e9cificit\u00e9s de la traduction. Ceci nous permet de vous fournir des services de traduction fiables, rapides et de qualit\u00e9 qui vous aideront lors de vos futurs \u00e9changes commerciaux.<\/p>\n\n\n\n<h2 class=\"wp-block-heading\">LA TRADUCTION DE VOS DOCUMENTS COMMERCIAUX EN OURDOU<\/h2>\n\n\n\n<p>Les documents commerciaux sont divers et vari\u00e9s. Voici donc quelques exemples de nos traductions de et vers l\u2019ourdou :<\/p>\n\n\n\n<ul class=\"wp-block-list\">\n<li>Cartes de visite<\/li>\n\n\n\n<li>Campagnes<\/li>\n\n\n\n<li>Brochures<\/li>\n\n\n\n<li>Plaquettes publicitaires<\/li>\n\n\n\n<li>Catalogues publicitaires<\/li>\n\n\n\n<li>Sites web<\/li>\n\n\n\n<li>Communiqu\u00e9s<\/li>\n\n\n\n<li>Pr\u00e9sentations<\/li>\n\n\n\n<li>Lettres d\u2019information commerciales<\/li>\n\n\n\n<li>Supports publicitaires<\/li>\n\n\n\n<li>Publicit\u00e9s<\/li>\n\n\n\n<li>\u00c9tudes de march\u00e9<\/li>\n\n\n\n<li>Livres blancs<\/li>\n<\/ul>\n","protected":false},"excerpt":{"rendered":"<p>LA TRADUCTION COMMERCIALE OURDOU &#8211; FRAN\u00c7AIS, GAGE D\u2019UNE EXPANSION \u00c0 L\u2019INTERNATIONAL R\u00c9USSIE De par la mondialisation toujours plus grandissante, la traduction commerciale tient une place [&#8230;]<\/p>\n<p><a class=\"btn btn-secondary understrap-read-more-link\" href=\"https:\/\/culturesconnection.com\/fr\/services-de-traduction-ourdou\/traduction-commerciale-ourdou\/\">Lire la suite\u2026<span class=\"screen-reader-text\"> from Agence de traduction commerciale en ourdou<\/span><\/a><\/p>\n","protected":false},"author":42,"featured_media":24329,"parent":6493,"menu_order":0,"comment_status":"closed","ping_status":"closed","template":"","meta":{"_acf_changed":false,"_editorskit_title_hidden":false,"_editorskit_reading_time":0,"_editorskit_is_block_options_detached":false,"_editorskit_block_options_position":"{}","footnotes":""},"class_list":["post-10513","page","type-page","status-publish","has-post-thumbnail","hentry"],"acf":[],"_links":{"self":[{"href":"https:\/\/culturesconnection.com\/fr\/wp-json\/wp\/v2\/pages\/10513","targetHints":{"allow":["GET"]}}],"collection":[{"href":"https:\/\/culturesconnection.com\/fr\/wp-json\/wp\/v2\/pages"}],"about":[{"href":"https:\/\/culturesconnection.com\/fr\/wp-json\/wp\/v2\/types\/page"}],"author":[{"embeddable":true,"href":"https:\/\/culturesconnection.com\/fr\/wp-json\/wp\/v2\/users\/42"}],"replies":[{"embeddable":true,"href":"https:\/\/culturesconnection.com\/fr\/wp-json\/wp\/v2\/comments?post=10513"}],"version-history":[{"count":0,"href":"https:\/\/culturesconnection.com\/fr\/wp-json\/wp\/v2\/pages\/10513\/revisions"}],"up":[{"embeddable":true,"href":"https:\/\/culturesconnection.com\/fr\/wp-json\/wp\/v2\/pages\/6493"}],"wp:featuredmedia":[{"embeddable":true,"href":"https:\/\/culturesconnection.com\/fr\/wp-json\/wp\/v2\/media\/24329"}],"wp:attachment":[{"href":"https:\/\/culturesconnection.com\/fr\/wp-json\/wp\/v2\/media?parent=10513"}],"curies":[{"name":"wp","href":"https:\/\/api.w.org\/{rel}","templated":true}]}}