{"id":10512,"date":"2018-10-04T21:25:08","date_gmt":"2018-10-04T20:25:08","guid":{"rendered":"http:\/\/culturesconnection.com\/?page_id=10512"},"modified":"2022-12-21T10:00:29","modified_gmt":"2022-12-21T09:00:29","slug":"traduction-financiere-ourdou","status":"publish","type":"page","link":"https:\/\/culturesconnection.com\/fr\/services-de-traduction-ourdou\/traduction-financiere-ourdou\/","title":{"rendered":"Agence de traduction financi\u00e8re en ourdou"},"content":{"rendered":"\n<h2 class=\"wp-block-heading\">LA TRADUCTION FINANCI\u00c8RE OURDOU &#8211; FRAN\u00c7AIS, ET L\u2019IMPORTANCE DE LA PR\u00c9CISION<\/h2>\n\n\n\n<p><a href=\"https:\/\/culturesconnection.com\/fr\/traduction-financiere\/\">La traduction financi\u00e8re<\/a> est un exercice difficile et d\u2019une grande technicit\u00e9 qui requiert beaucoup de connaissances dans le domaine financier pour comprendre les concepts utilis\u00e9s mais qui exige \u00e9galement de ma\u00eetriser la terminologie sp\u00e9cifique employ\u00e9e. Afin de vous assurer une traduction financi\u00e8re en ourdou pr\u00e9cise et de qualit\u00e9, il est essentiel d\u2019avoir recours aux services d\u2019un traducteur professionnel sp\u00e9cialis\u00e9 dans la traduction dans cette langue qui vous garantira une rigueur primordiale dans le domaine financier. Ceci vous permettra d\u2019\u00e9viter tout d\u00e9sagr\u00e9ment possible li\u00e9 \u00e0 une erreur de traduction.<\/p>\n\n\n\n<h2 class=\"wp-block-heading\">NOTRE ENTREPRISE DE TRADUCTION<\/h2>\n\n\n\n<p><a href=\"https:\/\/culturesconnection.com\/fr\/\">Notre entreprise de traduction<\/a> travaille en collaboration avec un vaste r\u00e9seau de traducteurs professionnels, dont des traducteurs financiers en ourdou qui ma\u00eetrisent totalement la langue et le vocabulaire sp\u00e9cifique. Parce que nous savons que la qualit\u00e9 et la pr\u00e9cision sont essentielles \u00e0 vos yeux, nos collaborateurs sont tous soumis \u00e0 des tests de traduction rigoureux. Il s\u2019agit \u00e9galement uniquement de traducteurs chevronn\u00e9s et sp\u00e9cialis\u00e9s dans le domaine de la finance, auquel ils sont associ\u00e9s, pour vous offrir des services de traduction de qualit\u00e9 et aux meilleurs prix. Avec Cultures Connection, soyez s\u00fbr que vos documents financiers en ourdou seront entre de bonnes mains.<\/p>\n\n\n\n<h2 class=\"wp-block-heading\">VOS DOCUMENTS FINANCIERS EN OURDOU<\/h2>\n\n\n\n<p>La liste ci-dessous reprend quelques exemples de types de documents financiers que nous avons l\u2019habitude de traduire :<\/p>\n\n\n\n<ul class=\"wp-block-list\">\n<li>Rapports de fonds d\u2019investissement<\/li>\n\n\n\n<li>Rapports d\u2019activit\u00e9<\/li>\n\n\n\n<li>Bourse<\/li>\n\n\n\n<li>Prospectus<\/li>\n\n\n\n<li>Lettres bancaires<\/li>\n\n\n\n<li>Documents de gestion du risque et de gestion d\u2019actifs<\/li>\n\n\n\n<li>Documents de fusions et d\u2019acquisitions<\/li>\n\n\n\n<li>Papiers de recherche<\/li>\n\n\n\n<li>Rapports d\u2019audits<\/li>\n\n\n\n<li>Bilans<\/li>\n\n\n\n<li>Lettre d\u2019informations financi\u00e8res<\/li>\n\n\n\n<li>Documents d\u2019informations cl\u00e9s pour l\u2019investisseur (DICI)<\/li>\n<\/ul>\n","protected":false},"excerpt":{"rendered":"<p>LA TRADUCTION FINANCI\u00c8RE OURDOU &#8211; FRAN\u00c7AIS, ET L\u2019IMPORTANCE DE LA PR\u00c9CISION La traduction financi\u00e8re est un exercice difficile et d\u2019une grande technicit\u00e9 qui requiert beaucoup [&#8230;]<\/p>\n<p><a class=\"btn btn-secondary understrap-read-more-link\" href=\"https:\/\/culturesconnection.com\/fr\/services-de-traduction-ourdou\/traduction-financiere-ourdou\/\">Lire la suite\u2026<span class=\"screen-reader-text\"> from Agence de traduction financi\u00e8re en ourdou<\/span><\/a><\/p>\n","protected":false},"author":42,"featured_media":24329,"parent":6493,"menu_order":0,"comment_status":"closed","ping_status":"closed","template":"","meta":{"_acf_changed":false,"_editorskit_title_hidden":false,"_editorskit_reading_time":0,"_editorskit_is_block_options_detached":false,"_editorskit_block_options_position":"{}","footnotes":""},"class_list":["post-10512","page","type-page","status-publish","has-post-thumbnail","hentry"],"acf":[],"_links":{"self":[{"href":"https:\/\/culturesconnection.com\/fr\/wp-json\/wp\/v2\/pages\/10512","targetHints":{"allow":["GET"]}}],"collection":[{"href":"https:\/\/culturesconnection.com\/fr\/wp-json\/wp\/v2\/pages"}],"about":[{"href":"https:\/\/culturesconnection.com\/fr\/wp-json\/wp\/v2\/types\/page"}],"author":[{"embeddable":true,"href":"https:\/\/culturesconnection.com\/fr\/wp-json\/wp\/v2\/users\/42"}],"replies":[{"embeddable":true,"href":"https:\/\/culturesconnection.com\/fr\/wp-json\/wp\/v2\/comments?post=10512"}],"version-history":[{"count":0,"href":"https:\/\/culturesconnection.com\/fr\/wp-json\/wp\/v2\/pages\/10512\/revisions"}],"up":[{"embeddable":true,"href":"https:\/\/culturesconnection.com\/fr\/wp-json\/wp\/v2\/pages\/6493"}],"wp:featuredmedia":[{"embeddable":true,"href":"https:\/\/culturesconnection.com\/fr\/wp-json\/wp\/v2\/media\/24329"}],"wp:attachment":[{"href":"https:\/\/culturesconnection.com\/fr\/wp-json\/wp\/v2\/media?parent=10512"}],"curies":[{"name":"wp","href":"https:\/\/api.w.org\/{rel}","templated":true}]}}