{"id":10507,"date":"2018-10-01T18:47:02","date_gmt":"2018-10-01T17:47:02","guid":{"rendered":"http:\/\/culturesconnection.com\/?page_id=10507"},"modified":"2022-11-22T10:05:15","modified_gmt":"2022-11-22T09:05:15","slug":"traduction-de-site-web-coreen","status":"publish","type":"page","link":"https:\/\/culturesconnection.com\/fr\/services-de-traduction-coreen\/traduction-de-site-web-coreen\/","title":{"rendered":"Agence de traduction de site web en cor\u00e9en"},"content":{"rendered":"\n<h2 class=\"wp-block-heading\">TRADUCTION DE SITES WEB EN COR\u00c9EN : DE NOUVEAUX MARCH\u00c9S EN VUE<\/h2>\n\n\n\n<p>Vous avez besoin d&rsquo;un site internet en plusieurs langues dont le cor\u00e9en ? Aujourd\u2019hui, d\u00e9velopper votre entreprise \u00e0 l\u2019international est de plus en plus simple gr\u00e2ce \u00e0 l\u2019univers du web. Mais faut-il encore le faire de mani\u00e8re ad\u00e9quate car, la plupart du temps, votre site internet est la premi\u00e8re image que vos clients auront de votre entreprise. Ainsi, il est crucial de mettre l\u2019accent sur des services de traduction de qualit\u00e9 qui vous assureront une traduction compl\u00e8te et optimale de votre site web. Vos clients potentiels cor\u00e9ens appr\u00e9cieront d\u2019autant plus votre effort de traduire votre site dans leur langue plut\u00f4t que dans la langue universelle qui est l\u2019anglais. C\u2019est pourquoi, le choix du meilleur traducteur professionnel sp\u00e9cialis\u00e9 est \u00e9galement fondamental pour la traduction de votre support web en cor\u00e9en.<\/p>\n\n\n\n<h2 class=\"wp-block-heading\">NOTRE ENTREPRISE DE TRADUCTION DE SITE WEB<\/h2>\n\n\n\n<p>Cultures Connection est un <a href=\"https:\/\/culturesconnection.com\/fr\/\">cabinet de traduction<\/a> qui est l\u00e0 pour vous accompagner dans l\u2019internationalisation de votre entreprise en vous fournissant des traducteurs de sites web cor\u00e9ens sp\u00e9cialis\u00e9s dans ce domaine. Ces traducteurs ma\u00eetrisent parfaitement les outils num\u00e9riques et le vocabulaire adapt\u00e9 \u00e0 votre march\u00e9 cible mais ils connaissent \u00e9galement les diff\u00e9rences culturelles \u00e0 prendre en compte lors de l\u2019adaptation de vos supports web. Faites donc appel \u00e0 notre agence de traduction et \u00e0 notre r\u00e9seau de traducteurs professionnels pour vos<a href=\"https:\/\/culturesconnection.com\/fr\/traduction-site-internet\/\"> traductions de site web<\/a> en cor\u00e9en.<\/p>\n\n\n\n<h2 class=\"wp-block-heading\">TRADUCTION DE VOTRE SITE INTERNET EN COR\u00c9EN<\/h2>\n\n\n\n<p>Voici quelques exemples de traductions web en cor\u00e9en dont Cultures Connection s\u2019occupe la plupart du temps :<\/p>\n\n\n\n<ul class=\"wp-block-list\"><li>Contenus web<\/li><li>Sites e-commerce<\/li><li>Applications mobiles<\/li><li>Plateformes marchandes<\/li><li>Fiches produits<\/li><\/ul>\n","protected":false},"excerpt":{"rendered":"<p>TRADUCTION DE SITES WEB EN COR\u00c9EN : DE NOUVEAUX MARCH\u00c9S EN VUE Vous avez besoin d&rsquo;un site internet en plusieurs langues dont le cor\u00e9en ? [&#8230;]<\/p>\n<p><a class=\"btn btn-secondary understrap-read-more-link\" href=\"https:\/\/culturesconnection.com\/fr\/services-de-traduction-coreen\/traduction-de-site-web-coreen\/\">Lire la suite\u2026<span class=\"screen-reader-text\"> from Agence de traduction de site web en cor\u00e9en<\/span><\/a><\/p>\n","protected":false},"author":42,"featured_media":24329,"parent":6485,"menu_order":0,"comment_status":"closed","ping_status":"closed","template":"","meta":{"_acf_changed":false,"_editorskit_title_hidden":false,"_editorskit_reading_time":0,"_editorskit_is_block_options_detached":false,"_editorskit_block_options_position":"{}","footnotes":""},"class_list":["post-10507","page","type-page","status-publish","has-post-thumbnail","hentry"],"acf":[],"yoast_head":"<!-- This site is optimized with the Yoast SEO Premium plugin v23.4 (Yoast SEO v27.3) - https:\/\/yoast.com\/product\/yoast-seo-premium-wordpress\/ -->\n<title>Services de traduction de site web cor\u00e9en<\/title>\n<meta name=\"description\" content=\"La traduction de site web cor\u00e9en fran\u00e7ais par des professionnels du secteur : contenus web, sites e-commerce, fiches produits. Devis gratuit.\" \/>\n<meta name=\"robots\" content=\"index, follow, max-snippet:-1, max-image-preview:large, max-video-preview:-1\" \/>\n<link rel=\"canonical\" href=\"https:\/\/culturesconnection.com\/fr\/services-de-traduction-coreen\/traduction-de-site-web-coreen\/\" \/>\n<meta property=\"og:locale\" content=\"fr_FR\" \/>\n<meta property=\"og:type\" content=\"article\" \/>\n<meta property=\"og:title\" content=\"Agence de traduction de site web en cor\u00e9en\" \/>\n<meta property=\"og:description\" content=\"La traduction de site web cor\u00e9en fran\u00e7ais par des professionnels du secteur : contenus web, sites e-commerce, fiches produits. Devis gratuit.\" \/>\n<meta property=\"og:url\" content=\"https:\/\/culturesconnection.com\/fr\/services-de-traduction-coreen\/traduction-de-site-web-coreen\/\" \/>\n<meta property=\"og:site_name\" content=\"Cultures Connection\" \/>\n<meta property=\"article:publisher\" content=\"https:\/\/www.facebook.com\/CulturesConnection\" \/>\n<meta property=\"article:modified_time\" content=\"2022-11-22T09:05:15+00:00\" \/>\n<meta property=\"og:image\" content=\"https:\/\/culturesconnection.com\/wp-content\/uploads\/2020\/09\/P\u00e1gina_Subservicios_de_traducci\u00f3n_por_idioma.png\" \/>\n\t<meta property=\"og:image:width\" content=\"1417\" \/>\n\t<meta property=\"og:image:height\" content=\"561\" \/>\n\t<meta property=\"og:image:type\" content=\"image\/png\" \/>\n<meta name=\"twitter:card\" content=\"summary_large_image\" \/>\n<meta name=\"twitter:site\" content=\"@CulturesCo_\" \/>\n<meta name=\"twitter:label1\" content=\"Dur\u00e9e de lecture estim\u00e9e\" \/>\n\t<meta name=\"twitter:data1\" content=\"1 minute\" \/>\n<script type=\"application\/ld+json\" class=\"yoast-schema-graph\">{\"@context\":\"https:\\\/\\\/schema.org\",\"@graph\":[{\"@type\":\"WebPage\",\"@id\":\"https:\\\/\\\/culturesconnection.com\\\/fr\\\/services-de-traduction-coreen\\\/traduction-de-site-web-coreen\\\/\",\"url\":\"https:\\\/\\\/culturesconnection.com\\\/fr\\\/services-de-traduction-coreen\\\/traduction-de-site-web-coreen\\\/\",\"name\":\"Services de traduction de site web cor\u00e9en\",\"isPartOf\":{\"@id\":\"https:\\\/\\\/culturesconnection.com\\\/fr\\\/#website\"},\"primaryImageOfPage\":{\"@id\":\"https:\\\/\\\/culturesconnection.com\\\/fr\\\/services-de-traduction-coreen\\\/traduction-de-site-web-coreen\\\/#primaryimage\"},\"image\":{\"@id\":\"https:\\\/\\\/culturesconnection.com\\\/fr\\\/services-de-traduction-coreen\\\/traduction-de-site-web-coreen\\\/#primaryimage\"},\"thumbnailUrl\":\"https:\\\/\\\/culturesconnection.com\\\/wp-content\\\/uploads\\\/2020\\\/09\\\/P\u00e1gina_Subservicios_de_traducci\u00f3n_por_idioma.png\",\"datePublished\":\"2018-10-01T17:47:02+00:00\",\"dateModified\":\"2022-11-22T09:05:15+00:00\",\"description\":\"La traduction de site web cor\u00e9en fran\u00e7ais par des professionnels du secteur : contenus web, sites e-commerce, fiches produits. Devis gratuit.\",\"breadcrumb\":{\"@id\":\"https:\\\/\\\/culturesconnection.com\\\/fr\\\/services-de-traduction-coreen\\\/traduction-de-site-web-coreen\\\/#breadcrumb\"},\"inLanguage\":\"fr-FR\",\"potentialAction\":[{\"@type\":\"ReadAction\",\"target\":[\"https:\\\/\\\/culturesconnection.com\\\/fr\\\/services-de-traduction-coreen\\\/traduction-de-site-web-coreen\\\/\"]}]},{\"@type\":\"ImageObject\",\"inLanguage\":\"fr-FR\",\"@id\":\"https:\\\/\\\/culturesconnection.com\\\/fr\\\/services-de-traduction-coreen\\\/traduction-de-site-web-coreen\\\/#primaryimage\",\"url\":\"https:\\\/\\\/culturesconnection.com\\\/wp-content\\\/uploads\\\/2020\\\/09\\\/P\u00e1gina_Subservicios_de_traducci\u00f3n_por_idioma.png\",\"contentUrl\":\"https:\\\/\\\/culturesconnection.com\\\/wp-content\\\/uploads\\\/2020\\\/09\\\/P\u00e1gina_Subservicios_de_traducci\u00f3n_por_idioma.png\",\"width\":1417,\"height\":561},{\"@type\":\"BreadcrumbList\",\"@id\":\"https:\\\/\\\/culturesconnection.com\\\/fr\\\/services-de-traduction-coreen\\\/traduction-de-site-web-coreen\\\/#breadcrumb\",\"itemListElement\":[{\"@type\":\"ListItem\",\"position\":1,\"name\":\"Home\",\"item\":\"https:\\\/\\\/culturesconnection.com\\\/fr\\\/\"},{\"@type\":\"ListItem\",\"position\":2,\"name\":\"Agence de traduction en cor\u00e9en\",\"item\":\"https:\\\/\\\/culturesconnection.com\\\/fr\\\/services-de-traduction-coreen\\\/\"},{\"@type\":\"ListItem\",\"position\":3,\"name\":\"Agence de traduction de site web en cor\u00e9en\"}]},{\"@type\":\"WebSite\",\"@id\":\"https:\\\/\\\/culturesconnection.com\\\/fr\\\/#website\",\"url\":\"https:\\\/\\\/culturesconnection.com\\\/fr\\\/\",\"name\":\"Cultures Connection\",\"description\":\"Cultures Connection is a translation agency dedicated to the success of its international clients.\",\"publisher\":{\"@id\":\"https:\\\/\\\/culturesconnection.com\\\/fr\\\/#organization\"},\"potentialAction\":[{\"@type\":\"SearchAction\",\"target\":{\"@type\":\"EntryPoint\",\"urlTemplate\":\"https:\\\/\\\/culturesconnection.com\\\/fr\\\/?s={search_term_string}\"},\"query-input\":{\"@type\":\"PropertyValueSpecification\",\"valueRequired\":true,\"valueName\":\"search_term_string\"}}],\"inLanguage\":\"fr-FR\"},{\"@type\":\"Organization\",\"@id\":\"https:\\\/\\\/culturesconnection.com\\\/fr\\\/#organization\",\"name\":\"Cultures Connection\",\"url\":\"https:\\\/\\\/culturesconnection.com\\\/fr\\\/\",\"logo\":{\"@type\":\"ImageObject\",\"inLanguage\":\"fr-FR\",\"@id\":\"https:\\\/\\\/culturesconnection.com\\\/fr\\\/#\\\/schema\\\/logo\\\/image\\\/\",\"url\":\"https:\\\/\\\/culturesconnection.com\\\/wp-content\\\/uploads\\\/2022\\\/06\\\/cropped-favicon512x512.png\",\"contentUrl\":\"https:\\\/\\\/culturesconnection.com\\\/wp-content\\\/uploads\\\/2022\\\/06\\\/cropped-favicon512x512.png\",\"width\":512,\"height\":512,\"caption\":\"Cultures Connection\"},\"image\":{\"@id\":\"https:\\\/\\\/culturesconnection.com\\\/fr\\\/#\\\/schema\\\/logo\\\/image\\\/\"},\"sameAs\":[\"https:\\\/\\\/www.facebook.com\\\/CulturesConnection\",\"https:\\\/\\\/x.com\\\/CulturesCo_\"]}]}<\/script>\n<!-- \/ Yoast SEO Premium plugin. -->","yoast_head_json":{"title":"Services de traduction de site web cor\u00e9en","description":"La traduction de site web cor\u00e9en fran\u00e7ais par des professionnels du secteur : contenus web, sites e-commerce, fiches produits. Devis gratuit.","robots":{"index":"index","follow":"follow","max-snippet":"max-snippet:-1","max-image-preview":"max-image-preview:large","max-video-preview":"max-video-preview:-1"},"canonical":"https:\/\/culturesconnection.com\/fr\/services-de-traduction-coreen\/traduction-de-site-web-coreen\/","og_locale":"fr_FR","og_type":"article","og_title":"Agence de traduction de site web en cor\u00e9en","og_description":"La traduction de site web cor\u00e9en fran\u00e7ais par des professionnels du secteur : contenus web, sites e-commerce, fiches produits. Devis gratuit.","og_url":"https:\/\/culturesconnection.com\/fr\/services-de-traduction-coreen\/traduction-de-site-web-coreen\/","og_site_name":"Cultures Connection","article_publisher":"https:\/\/www.facebook.com\/CulturesConnection","article_modified_time":"2022-11-22T09:05:15+00:00","og_image":[{"width":1417,"height":561,"url":"https:\/\/culturesconnection.com\/wp-content\/uploads\/2020\/09\/P\u00e1gina_Subservicios_de_traducci\u00f3n_por_idioma.png","type":"image\/png"}],"twitter_card":"summary_large_image","twitter_site":"@CulturesCo_","twitter_misc":{"Dur\u00e9e de lecture estim\u00e9e":"1 minute"},"schema":{"@context":"https:\/\/schema.org","@graph":[{"@type":"WebPage","@id":"https:\/\/culturesconnection.com\/fr\/services-de-traduction-coreen\/traduction-de-site-web-coreen\/","url":"https:\/\/culturesconnection.com\/fr\/services-de-traduction-coreen\/traduction-de-site-web-coreen\/","name":"Services de traduction de site web cor\u00e9en","isPartOf":{"@id":"https:\/\/culturesconnection.com\/fr\/#website"},"primaryImageOfPage":{"@id":"https:\/\/culturesconnection.com\/fr\/services-de-traduction-coreen\/traduction-de-site-web-coreen\/#primaryimage"},"image":{"@id":"https:\/\/culturesconnection.com\/fr\/services-de-traduction-coreen\/traduction-de-site-web-coreen\/#primaryimage"},"thumbnailUrl":"https:\/\/culturesconnection.com\/wp-content\/uploads\/2020\/09\/P\u00e1gina_Subservicios_de_traducci\u00f3n_por_idioma.png","datePublished":"2018-10-01T17:47:02+00:00","dateModified":"2022-11-22T09:05:15+00:00","description":"La traduction de site web cor\u00e9en fran\u00e7ais par des professionnels du secteur : contenus web, sites e-commerce, fiches produits. Devis gratuit.","breadcrumb":{"@id":"https:\/\/culturesconnection.com\/fr\/services-de-traduction-coreen\/traduction-de-site-web-coreen\/#breadcrumb"},"inLanguage":"fr-FR","potentialAction":[{"@type":"ReadAction","target":["https:\/\/culturesconnection.com\/fr\/services-de-traduction-coreen\/traduction-de-site-web-coreen\/"]}]},{"@type":"ImageObject","inLanguage":"fr-FR","@id":"https:\/\/culturesconnection.com\/fr\/services-de-traduction-coreen\/traduction-de-site-web-coreen\/#primaryimage","url":"https:\/\/culturesconnection.com\/wp-content\/uploads\/2020\/09\/P\u00e1gina_Subservicios_de_traducci\u00f3n_por_idioma.png","contentUrl":"https:\/\/culturesconnection.com\/wp-content\/uploads\/2020\/09\/P\u00e1gina_Subservicios_de_traducci\u00f3n_por_idioma.png","width":1417,"height":561},{"@type":"BreadcrumbList","@id":"https:\/\/culturesconnection.com\/fr\/services-de-traduction-coreen\/traduction-de-site-web-coreen\/#breadcrumb","itemListElement":[{"@type":"ListItem","position":1,"name":"Home","item":"https:\/\/culturesconnection.com\/fr\/"},{"@type":"ListItem","position":2,"name":"Agence de traduction en cor\u00e9en","item":"https:\/\/culturesconnection.com\/fr\/services-de-traduction-coreen\/"},{"@type":"ListItem","position":3,"name":"Agence de traduction de site web en cor\u00e9en"}]},{"@type":"WebSite","@id":"https:\/\/culturesconnection.com\/fr\/#website","url":"https:\/\/culturesconnection.com\/fr\/","name":"Cultures Connection","description":"Cultures Connection is a translation agency dedicated to the success of its international clients.","publisher":{"@id":"https:\/\/culturesconnection.com\/fr\/#organization"},"potentialAction":[{"@type":"SearchAction","target":{"@type":"EntryPoint","urlTemplate":"https:\/\/culturesconnection.com\/fr\/?s={search_term_string}"},"query-input":{"@type":"PropertyValueSpecification","valueRequired":true,"valueName":"search_term_string"}}],"inLanguage":"fr-FR"},{"@type":"Organization","@id":"https:\/\/culturesconnection.com\/fr\/#organization","name":"Cultures Connection","url":"https:\/\/culturesconnection.com\/fr\/","logo":{"@type":"ImageObject","inLanguage":"fr-FR","@id":"https:\/\/culturesconnection.com\/fr\/#\/schema\/logo\/image\/","url":"https:\/\/culturesconnection.com\/wp-content\/uploads\/2022\/06\/cropped-favicon512x512.png","contentUrl":"https:\/\/culturesconnection.com\/wp-content\/uploads\/2022\/06\/cropped-favicon512x512.png","width":512,"height":512,"caption":"Cultures Connection"},"image":{"@id":"https:\/\/culturesconnection.com\/fr\/#\/schema\/logo\/image\/"},"sameAs":["https:\/\/www.facebook.com\/CulturesConnection","https:\/\/x.com\/CulturesCo_"]}]}},"_links":{"self":[{"href":"https:\/\/culturesconnection.com\/fr\/wp-json\/wp\/v2\/pages\/10507","targetHints":{"allow":["GET"]}}],"collection":[{"href":"https:\/\/culturesconnection.com\/fr\/wp-json\/wp\/v2\/pages"}],"about":[{"href":"https:\/\/culturesconnection.com\/fr\/wp-json\/wp\/v2\/types\/page"}],"author":[{"embeddable":true,"href":"https:\/\/culturesconnection.com\/fr\/wp-json\/wp\/v2\/users\/42"}],"replies":[{"embeddable":true,"href":"https:\/\/culturesconnection.com\/fr\/wp-json\/wp\/v2\/comments?post=10507"}],"version-history":[{"count":0,"href":"https:\/\/culturesconnection.com\/fr\/wp-json\/wp\/v2\/pages\/10507\/revisions"}],"up":[{"embeddable":true,"href":"https:\/\/culturesconnection.com\/fr\/wp-json\/wp\/v2\/pages\/6485"}],"wp:featuredmedia":[{"embeddable":true,"href":"https:\/\/culturesconnection.com\/fr\/wp-json\/wp\/v2\/media\/24329"}],"wp:attachment":[{"href":"https:\/\/culturesconnection.com\/fr\/wp-json\/wp\/v2\/media?parent=10507"}],"curies":[{"name":"wp","href":"https:\/\/api.w.org\/{rel}","templated":true}]}}