{"id":10501,"date":"2018-10-01T18:54:03","date_gmt":"2018-10-01T17:54:03","guid":{"rendered":"http:\/\/culturesconnection.com\/?page_id=10501"},"modified":"2022-12-09T11:30:38","modified_gmt":"2022-12-09T10:30:38","slug":"traduction-juridique-coreen","status":"publish","type":"page","link":"https:\/\/culturesconnection.com\/fr\/services-de-traduction-coreen\/traduction-juridique-coreen\/","title":{"rendered":"Agence de traduction juridique en cor\u00e9en"},"content":{"rendered":"\n<h2 class=\"wp-block-heading\">LA TRADUCTION JURIDIQUE COR\u00c9EN &#8211; FRAN\u00c7AIS, UN TRAVAIL RIGOUREUX<\/h2>\n\n\n\n<p><a href=\"https:\/\/culturesconnection.com\/fr\/traduction-juridique\/\">La traduction juridique<\/a> constitue un v\u00e9ritable d\u00e9fi. Heureusement, il existe des traducteurs professionnels sp\u00e9cialis\u00e9s dans le domaine du droit. Chaque pays poss\u00e8de son propre syst\u00e8me juridique et m\u00eame si parfois, certains concepts ou termes juridiques sont similaires, dans certains cas, il n\u2019existe pas d\u2019\u00e9quivalent d\u2019une langue \u00e0 une autre. Il est donc tr\u00e8s important d\u2019avoir recours aux services d\u2019un traducteur expert dans le domaine de la traduction juridique cor\u00e9en, qui poss\u00e8de toutes les comp\u00e9tences et les connaissances linguistiques et juridiques requises pour r\u00e9aliser des traductions de qualit\u00e9.<\/p>\n\n\n\n<h2 class=\"wp-block-heading\">NOTRE AGENCE DE TRADUCTION JURIDIQUE<\/h2>\n\n\n\n<p>Cultures Connection offre \u00e0 ses clients un large r\u00e9seau de traducteurs sp\u00e9cialis\u00e9s dans la traduction juridique en cor\u00e9en.&nbsp;<a href=\"https:\/\/culturesconnection.com\/fr\/\">Notre agence de traduction<\/a>&nbsp;s\u00e9lectionne des traducteurs tr\u00e8s exp\u00e9riment\u00e9s, qui disposent tous de comp\u00e9tences et de qualifications associ\u00e9es au secteur de la traduction juridique pour vous assurer des services de traduction de haute qualit\u00e9. Leur mission en tant que traducteurs comprend toujours la m\u00eame rigueur de travail en mati\u00e8re de recherche terminologique, pour r\u00e9pondre \u00e0 vos besoins juridiques et l\u00e9gaux. Avec notre cabinet de traduction, vous faites le choix de la pr\u00e9cision et de la fiabilit\u00e9 !<\/p>\n\n\n\n<h2 class=\"wp-block-heading\">VOS DOCUMENTS JURIDIQUES EN COR\u00c9EN<\/h2>\n\n\n\n<p>De par la grande diversit\u00e9 des documents juridiques, nos traducteurs sont \u00e0 m\u00eame de r\u00e9aliser des traductions juridiques en cor\u00e9en de tous types, tels que :<\/p>\n\n\n\n<ul class=\"wp-block-list\">\n<li>Contrats de distribution, de vente et de travail<\/li>\n\n\n\n<li>D\u00e9p\u00f4ts de plaintes<\/li>\n\n\n\n<li>Proc\u00e9dures judiciaires<\/li>\n\n\n\n<li>Conditions g\u00e9n\u00e9rales<\/li>\n\n\n\n<li>Rapports d\u2019expertises<\/li>\n\n\n\n<li>R\u00e9glementation<\/li>\n\n\n\n<li>Dossiers d\u2019h\u00e9ritage<\/li>\n\n\n\n<li>Demandes de divorce<\/li>\n\n\n\n<li>Clauses de non-concurrence et de non-confidentialit\u00e9<\/li>\n\n\n\n<li>Lettres d\u2019intention<\/li>\n\n\n\n<li>Procurations<\/li>\n\n\n\n<li>Mainlev\u00e9es judiciaires<\/li>\n\n\n\n<li>Statuts de soci\u00e9t\u00e9<\/li>\n<\/ul>\n","protected":false},"excerpt":{"rendered":"<p>LA TRADUCTION JURIDIQUE COR\u00c9EN &#8211; FRAN\u00c7AIS, UN TRAVAIL RIGOUREUX La traduction juridique constitue un v\u00e9ritable d\u00e9fi. Heureusement, il existe des traducteurs professionnels sp\u00e9cialis\u00e9s dans le [&#8230;]<\/p>\n<p><a class=\"btn btn-secondary understrap-read-more-link\" href=\"https:\/\/culturesconnection.com\/fr\/services-de-traduction-coreen\/traduction-juridique-coreen\/\">Lire la suite\u2026<span class=\"screen-reader-text\"> from Agence de traduction juridique en cor\u00e9en<\/span><\/a><\/p>\n","protected":false},"author":42,"featured_media":24329,"parent":6485,"menu_order":0,"comment_status":"closed","ping_status":"closed","template":"","meta":{"_acf_changed":false,"_editorskit_title_hidden":false,"_editorskit_reading_time":1,"_editorskit_is_block_options_detached":false,"_editorskit_block_options_position":"{}","footnotes":""},"class_list":["post-10501","page","type-page","status-publish","has-post-thumbnail","hentry"],"acf":[],"yoast_head":"<!-- This site is optimized with the Yoast SEO Premium plugin v23.4 (Yoast SEO v27.3) - https:\/\/yoast.com\/product\/yoast-seo-premium-wordpress\/ -->\n<title>Services de traduction juridique cor\u00e9en<\/title>\n<meta name=\"description\" content=\"Faites appel \u00e0 Cultures Connection et \u00e0 son carnet d\u2019adresses pour une traduction juridique cor\u00e9en fran\u00e7ais de qualit\u00e9. Obtenez votre devis gratuit ici.\" \/>\n<meta name=\"robots\" content=\"index, follow, max-snippet:-1, max-image-preview:large, max-video-preview:-1\" \/>\n<link rel=\"canonical\" href=\"https:\/\/culturesconnection.com\/fr\/services-de-traduction-coreen\/traduction-juridique-coreen\/\" \/>\n<meta property=\"og:locale\" content=\"fr_FR\" \/>\n<meta property=\"og:type\" content=\"article\" \/>\n<meta property=\"og:title\" content=\"Agence de traduction juridique en cor\u00e9en\" \/>\n<meta property=\"og:description\" content=\"Faites appel \u00e0 Cultures Connection et \u00e0 son carnet d\u2019adresses pour une traduction juridique cor\u00e9en fran\u00e7ais de qualit\u00e9. Obtenez votre devis gratuit ici.\" \/>\n<meta property=\"og:url\" content=\"https:\/\/culturesconnection.com\/fr\/services-de-traduction-coreen\/traduction-juridique-coreen\/\" \/>\n<meta property=\"og:site_name\" content=\"Cultures Connection\" \/>\n<meta property=\"article:publisher\" content=\"https:\/\/www.facebook.com\/CulturesConnection\" \/>\n<meta property=\"article:modified_time\" content=\"2022-12-09T10:30:38+00:00\" \/>\n<meta property=\"og:image\" content=\"https:\/\/culturesconnection.com\/wp-content\/uploads\/2020\/09\/P\u00e1gina_Subservicios_de_traducci\u00f3n_por_idioma.png\" \/>\n\t<meta property=\"og:image:width\" content=\"1417\" \/>\n\t<meta property=\"og:image:height\" content=\"561\" \/>\n\t<meta property=\"og:image:type\" content=\"image\/png\" \/>\n<meta name=\"twitter:card\" content=\"summary_large_image\" \/>\n<meta name=\"twitter:site\" content=\"@CulturesCo_\" \/>\n<meta name=\"twitter:label1\" content=\"Dur\u00e9e de lecture estim\u00e9e\" \/>\n\t<meta name=\"twitter:data1\" content=\"2 minutes\" \/>\n<script type=\"application\/ld+json\" class=\"yoast-schema-graph\">{\"@context\":\"https:\\\/\\\/schema.org\",\"@graph\":[{\"@type\":\"WebPage\",\"@id\":\"https:\\\/\\\/culturesconnection.com\\\/fr\\\/services-de-traduction-coreen\\\/traduction-juridique-coreen\\\/\",\"url\":\"https:\\\/\\\/culturesconnection.com\\\/fr\\\/services-de-traduction-coreen\\\/traduction-juridique-coreen\\\/\",\"name\":\"Services de traduction juridique cor\u00e9en\",\"isPartOf\":{\"@id\":\"https:\\\/\\\/culturesconnection.com\\\/fr\\\/#website\"},\"primaryImageOfPage\":{\"@id\":\"https:\\\/\\\/culturesconnection.com\\\/fr\\\/services-de-traduction-coreen\\\/traduction-juridique-coreen\\\/#primaryimage\"},\"image\":{\"@id\":\"https:\\\/\\\/culturesconnection.com\\\/fr\\\/services-de-traduction-coreen\\\/traduction-juridique-coreen\\\/#primaryimage\"},\"thumbnailUrl\":\"https:\\\/\\\/culturesconnection.com\\\/wp-content\\\/uploads\\\/2020\\\/09\\\/P\u00e1gina_Subservicios_de_traducci\u00f3n_por_idioma.png\",\"datePublished\":\"2018-10-01T17:54:03+00:00\",\"dateModified\":\"2022-12-09T10:30:38+00:00\",\"description\":\"Faites appel \u00e0 Cultures Connection et \u00e0 son carnet d\u2019adresses pour une traduction juridique cor\u00e9en fran\u00e7ais de qualit\u00e9. Obtenez votre devis gratuit ici.\",\"breadcrumb\":{\"@id\":\"https:\\\/\\\/culturesconnection.com\\\/fr\\\/services-de-traduction-coreen\\\/traduction-juridique-coreen\\\/#breadcrumb\"},\"inLanguage\":\"fr-FR\",\"potentialAction\":[{\"@type\":\"ReadAction\",\"target\":[\"https:\\\/\\\/culturesconnection.com\\\/fr\\\/services-de-traduction-coreen\\\/traduction-juridique-coreen\\\/\"]}]},{\"@type\":\"ImageObject\",\"inLanguage\":\"fr-FR\",\"@id\":\"https:\\\/\\\/culturesconnection.com\\\/fr\\\/services-de-traduction-coreen\\\/traduction-juridique-coreen\\\/#primaryimage\",\"url\":\"https:\\\/\\\/culturesconnection.com\\\/wp-content\\\/uploads\\\/2020\\\/09\\\/P\u00e1gina_Subservicios_de_traducci\u00f3n_por_idioma.png\",\"contentUrl\":\"https:\\\/\\\/culturesconnection.com\\\/wp-content\\\/uploads\\\/2020\\\/09\\\/P\u00e1gina_Subservicios_de_traducci\u00f3n_por_idioma.png\",\"width\":1417,\"height\":561},{\"@type\":\"BreadcrumbList\",\"@id\":\"https:\\\/\\\/culturesconnection.com\\\/fr\\\/services-de-traduction-coreen\\\/traduction-juridique-coreen\\\/#breadcrumb\",\"itemListElement\":[{\"@type\":\"ListItem\",\"position\":1,\"name\":\"Home\",\"item\":\"https:\\\/\\\/culturesconnection.com\\\/fr\\\/\"},{\"@type\":\"ListItem\",\"position\":2,\"name\":\"Agence de traduction en cor\u00e9en\",\"item\":\"https:\\\/\\\/culturesconnection.com\\\/fr\\\/services-de-traduction-coreen\\\/\"},{\"@type\":\"ListItem\",\"position\":3,\"name\":\"Agence de traduction juridique en cor\u00e9en\"}]},{\"@type\":\"WebSite\",\"@id\":\"https:\\\/\\\/culturesconnection.com\\\/fr\\\/#website\",\"url\":\"https:\\\/\\\/culturesconnection.com\\\/fr\\\/\",\"name\":\"Cultures Connection\",\"description\":\"Cultures Connection is a translation agency dedicated to the success of its international clients.\",\"publisher\":{\"@id\":\"https:\\\/\\\/culturesconnection.com\\\/fr\\\/#organization\"},\"potentialAction\":[{\"@type\":\"SearchAction\",\"target\":{\"@type\":\"EntryPoint\",\"urlTemplate\":\"https:\\\/\\\/culturesconnection.com\\\/fr\\\/?s={search_term_string}\"},\"query-input\":{\"@type\":\"PropertyValueSpecification\",\"valueRequired\":true,\"valueName\":\"search_term_string\"}}],\"inLanguage\":\"fr-FR\"},{\"@type\":\"Organization\",\"@id\":\"https:\\\/\\\/culturesconnection.com\\\/fr\\\/#organization\",\"name\":\"Cultures Connection\",\"url\":\"https:\\\/\\\/culturesconnection.com\\\/fr\\\/\",\"logo\":{\"@type\":\"ImageObject\",\"inLanguage\":\"fr-FR\",\"@id\":\"https:\\\/\\\/culturesconnection.com\\\/fr\\\/#\\\/schema\\\/logo\\\/image\\\/\",\"url\":\"https:\\\/\\\/culturesconnection.com\\\/wp-content\\\/uploads\\\/2022\\\/06\\\/cropped-favicon512x512.png\",\"contentUrl\":\"https:\\\/\\\/culturesconnection.com\\\/wp-content\\\/uploads\\\/2022\\\/06\\\/cropped-favicon512x512.png\",\"width\":512,\"height\":512,\"caption\":\"Cultures Connection\"},\"image\":{\"@id\":\"https:\\\/\\\/culturesconnection.com\\\/fr\\\/#\\\/schema\\\/logo\\\/image\\\/\"},\"sameAs\":[\"https:\\\/\\\/www.facebook.com\\\/CulturesConnection\",\"https:\\\/\\\/x.com\\\/CulturesCo_\"]}]}<\/script>\n<!-- \/ Yoast SEO Premium plugin. -->","yoast_head_json":{"title":"Services de traduction juridique cor\u00e9en","description":"Faites appel \u00e0 Cultures Connection et \u00e0 son carnet d\u2019adresses pour une traduction juridique cor\u00e9en fran\u00e7ais de qualit\u00e9. Obtenez votre devis gratuit ici.","robots":{"index":"index","follow":"follow","max-snippet":"max-snippet:-1","max-image-preview":"max-image-preview:large","max-video-preview":"max-video-preview:-1"},"canonical":"https:\/\/culturesconnection.com\/fr\/services-de-traduction-coreen\/traduction-juridique-coreen\/","og_locale":"fr_FR","og_type":"article","og_title":"Agence de traduction juridique en cor\u00e9en","og_description":"Faites appel \u00e0 Cultures Connection et \u00e0 son carnet d\u2019adresses pour une traduction juridique cor\u00e9en fran\u00e7ais de qualit\u00e9. Obtenez votre devis gratuit ici.","og_url":"https:\/\/culturesconnection.com\/fr\/services-de-traduction-coreen\/traduction-juridique-coreen\/","og_site_name":"Cultures Connection","article_publisher":"https:\/\/www.facebook.com\/CulturesConnection","article_modified_time":"2022-12-09T10:30:38+00:00","og_image":[{"width":1417,"height":561,"url":"https:\/\/culturesconnection.com\/wp-content\/uploads\/2020\/09\/P\u00e1gina_Subservicios_de_traducci\u00f3n_por_idioma.png","type":"image\/png"}],"twitter_card":"summary_large_image","twitter_site":"@CulturesCo_","twitter_misc":{"Dur\u00e9e de lecture estim\u00e9e":"2 minutes"},"schema":{"@context":"https:\/\/schema.org","@graph":[{"@type":"WebPage","@id":"https:\/\/culturesconnection.com\/fr\/services-de-traduction-coreen\/traduction-juridique-coreen\/","url":"https:\/\/culturesconnection.com\/fr\/services-de-traduction-coreen\/traduction-juridique-coreen\/","name":"Services de traduction juridique cor\u00e9en","isPartOf":{"@id":"https:\/\/culturesconnection.com\/fr\/#website"},"primaryImageOfPage":{"@id":"https:\/\/culturesconnection.com\/fr\/services-de-traduction-coreen\/traduction-juridique-coreen\/#primaryimage"},"image":{"@id":"https:\/\/culturesconnection.com\/fr\/services-de-traduction-coreen\/traduction-juridique-coreen\/#primaryimage"},"thumbnailUrl":"https:\/\/culturesconnection.com\/wp-content\/uploads\/2020\/09\/P\u00e1gina_Subservicios_de_traducci\u00f3n_por_idioma.png","datePublished":"2018-10-01T17:54:03+00:00","dateModified":"2022-12-09T10:30:38+00:00","description":"Faites appel \u00e0 Cultures Connection et \u00e0 son carnet d\u2019adresses pour une traduction juridique cor\u00e9en fran\u00e7ais de qualit\u00e9. Obtenez votre devis gratuit ici.","breadcrumb":{"@id":"https:\/\/culturesconnection.com\/fr\/services-de-traduction-coreen\/traduction-juridique-coreen\/#breadcrumb"},"inLanguage":"fr-FR","potentialAction":[{"@type":"ReadAction","target":["https:\/\/culturesconnection.com\/fr\/services-de-traduction-coreen\/traduction-juridique-coreen\/"]}]},{"@type":"ImageObject","inLanguage":"fr-FR","@id":"https:\/\/culturesconnection.com\/fr\/services-de-traduction-coreen\/traduction-juridique-coreen\/#primaryimage","url":"https:\/\/culturesconnection.com\/wp-content\/uploads\/2020\/09\/P\u00e1gina_Subservicios_de_traducci\u00f3n_por_idioma.png","contentUrl":"https:\/\/culturesconnection.com\/wp-content\/uploads\/2020\/09\/P\u00e1gina_Subservicios_de_traducci\u00f3n_por_idioma.png","width":1417,"height":561},{"@type":"BreadcrumbList","@id":"https:\/\/culturesconnection.com\/fr\/services-de-traduction-coreen\/traduction-juridique-coreen\/#breadcrumb","itemListElement":[{"@type":"ListItem","position":1,"name":"Home","item":"https:\/\/culturesconnection.com\/fr\/"},{"@type":"ListItem","position":2,"name":"Agence de traduction en cor\u00e9en","item":"https:\/\/culturesconnection.com\/fr\/services-de-traduction-coreen\/"},{"@type":"ListItem","position":3,"name":"Agence de traduction juridique en cor\u00e9en"}]},{"@type":"WebSite","@id":"https:\/\/culturesconnection.com\/fr\/#website","url":"https:\/\/culturesconnection.com\/fr\/","name":"Cultures Connection","description":"Cultures Connection is a translation agency dedicated to the success of its international clients.","publisher":{"@id":"https:\/\/culturesconnection.com\/fr\/#organization"},"potentialAction":[{"@type":"SearchAction","target":{"@type":"EntryPoint","urlTemplate":"https:\/\/culturesconnection.com\/fr\/?s={search_term_string}"},"query-input":{"@type":"PropertyValueSpecification","valueRequired":true,"valueName":"search_term_string"}}],"inLanguage":"fr-FR"},{"@type":"Organization","@id":"https:\/\/culturesconnection.com\/fr\/#organization","name":"Cultures Connection","url":"https:\/\/culturesconnection.com\/fr\/","logo":{"@type":"ImageObject","inLanguage":"fr-FR","@id":"https:\/\/culturesconnection.com\/fr\/#\/schema\/logo\/image\/","url":"https:\/\/culturesconnection.com\/wp-content\/uploads\/2022\/06\/cropped-favicon512x512.png","contentUrl":"https:\/\/culturesconnection.com\/wp-content\/uploads\/2022\/06\/cropped-favicon512x512.png","width":512,"height":512,"caption":"Cultures Connection"},"image":{"@id":"https:\/\/culturesconnection.com\/fr\/#\/schema\/logo\/image\/"},"sameAs":["https:\/\/www.facebook.com\/CulturesConnection","https:\/\/x.com\/CulturesCo_"]}]}},"_links":{"self":[{"href":"https:\/\/culturesconnection.com\/fr\/wp-json\/wp\/v2\/pages\/10501","targetHints":{"allow":["GET"]}}],"collection":[{"href":"https:\/\/culturesconnection.com\/fr\/wp-json\/wp\/v2\/pages"}],"about":[{"href":"https:\/\/culturesconnection.com\/fr\/wp-json\/wp\/v2\/types\/page"}],"author":[{"embeddable":true,"href":"https:\/\/culturesconnection.com\/fr\/wp-json\/wp\/v2\/users\/42"}],"replies":[{"embeddable":true,"href":"https:\/\/culturesconnection.com\/fr\/wp-json\/wp\/v2\/comments?post=10501"}],"version-history":[{"count":0,"href":"https:\/\/culturesconnection.com\/fr\/wp-json\/wp\/v2\/pages\/10501\/revisions"}],"up":[{"embeddable":true,"href":"https:\/\/culturesconnection.com\/fr\/wp-json\/wp\/v2\/pages\/6485"}],"wp:featuredmedia":[{"embeddable":true,"href":"https:\/\/culturesconnection.com\/fr\/wp-json\/wp\/v2\/media\/24329"}],"wp:attachment":[{"href":"https:\/\/culturesconnection.com\/fr\/wp-json\/wp\/v2\/media?parent=10501"}],"curies":[{"name":"wp","href":"https:\/\/api.w.org\/{rel}","templated":true}]}}