{"id":10500,"date":"2018-10-01T18:55:55","date_gmt":"2018-10-01T17:55:55","guid":{"rendered":"http:\/\/culturesconnection.com\/?page_id=10500"},"modified":"2022-11-22T10:01:53","modified_gmt":"2022-11-22T09:01:53","slug":"traduction-technique-coreen","status":"publish","type":"page","link":"https:\/\/culturesconnection.com\/fr\/services-de-traduction-coreen\/traduction-technique-coreen\/","title":{"rendered":"Agence de traduction technique en cor\u00e9en"},"content":{"rendered":"\n<h2 class=\"wp-block-heading\">LA TRADUCTION TECHNIQUE COR\u00c9EN-FRAN\u00c7AIS : UNE TERMINOLOGIE DE POINTE<\/h2>\n\n\n\n<p>Les sciences et les technologies constituent un vaste domaine qui regroupe des sp\u00e9cialit\u00e9s diverses et vari\u00e9es et par cons\u00e9quent une terminologie tout aussi \u00e9tendue, qui n\u00e9cessite une grande justesse dans les termes et les mots. Chez Cultures Connection, il est donc fondamental de vous apporter toute la pr\u00e9cision et la clart\u00e9 li\u00e9es \u00e0 ce domaine. Si vous souhaitez d\u00e9velopper votre entreprise sur le march\u00e9 cor\u00e9en, notre agence de traduction vous accompagnera tout au long du processus en vous fournissant des traductions de qualit\u00e9. Les comp\u00e9tences des traducteurs techniques en cor\u00e9en sont nombreuses, mais avant tout, ces derniers doivent ma\u00eetriser le cor\u00e9en et le fran\u00e7ais, ainsi que tout le vocabulaire technique acquis, la plupart du temps sur le terrain.<\/p>\n\n\n\n<h2 class=\"wp-block-heading\">NOTRE SERVICE DE TRADUCTION TECHNIQUE COR\u00c9EN<\/h2>\n\n\n\n<p>Faire confiance \u00e0 <a href=\"https:\/\/culturesconnection.com\/fr\/\">notre agence de traduction<\/a>, c\u2019est vous assurer des services de traduction technique de qualit\u00e9, dans le respect de la terminologie sp\u00e9cifique cor\u00e9enne. Chez Cultures Connection, nous savons que la qualit\u00e9 de vos documents traduits refl\u00e8te en partie l\u2019image de votre entreprise. Par cons\u00e9quent, nous mettons tout en oeuvre pour confier vos projets techniques en cor\u00e9en au bon traducteur sp\u00e9cialis\u00e9 dans un domaine en particulier, qui dispose donc de toutes les comp\u00e9tences relatives aux concepts et \u00e0 la terminologie de son domaine de sp\u00e9cialisation. Que ce soit un document sur la chimie, sur la physique quantique ou encore sur l\u2019industrie automobile, nous trouverons toujours le traducteur dont vous avez besoin pour traduire vos documents techniques en cor\u00e9en. La qualit\u00e9 et la pr\u00e9cision sont des valeurs fondamentales \u00e0 nos yeux.<\/p>\n\n\n\n<h2 class=\"wp-block-heading\">VOS DOCUMENTS TECHNIQUES EN COR\u00c9EN<\/h2>\n\n\n\n<p>La liste qui suit, \u00e9num\u00e8re quelques uns des types de documents que nous traduisons le plus souvent dans le domaine de<a href=\"https:\/\/culturesconnection.com\/fr\/traduction-technique\/\"> la traduction technique<\/a> :<\/p>\n\n\n\n<ul class=\"wp-block-list\"><li>Devis<\/li><li>Textes d\u2019ing\u00e9nierie<\/li><li>Modes d\u2019emploi de machine-outils (ou d\u2019autres types de machines)<\/li><li>Descriptifs et fiches techniques<\/li><li>Normes<\/li><li>Cahiers des charges<\/li><li>Brevets techniques<\/li><li>Notices techniques<\/li><li>Modes d\u2019emploi<\/li><li>Guides d\u2019utilisateurs<\/li><\/ul>\n","protected":false},"excerpt":{"rendered":"<p>LA TRADUCTION TECHNIQUE COR\u00c9EN-FRAN\u00c7AIS : UNE TERMINOLOGIE DE POINTE Les sciences et les technologies constituent un vaste domaine qui regroupe des sp\u00e9cialit\u00e9s diverses et vari\u00e9es [&#8230;]<\/p>\n<p><a class=\"btn btn-secondary understrap-read-more-link\" href=\"https:\/\/culturesconnection.com\/fr\/services-de-traduction-coreen\/traduction-technique-coreen\/\">Lire la suite\u2026<span class=\"screen-reader-text\"> from Agence de traduction technique en cor\u00e9en<\/span><\/a><\/p>\n","protected":false},"author":42,"featured_media":24329,"parent":6485,"menu_order":0,"comment_status":"closed","ping_status":"closed","template":"","meta":{"_acf_changed":false,"_editorskit_title_hidden":false,"_editorskit_reading_time":0,"_editorskit_is_block_options_detached":false,"_editorskit_block_options_position":"{}","footnotes":""},"class_list":["post-10500","page","type-page","status-publish","has-post-thumbnail","hentry"],"acf":[],"_links":{"self":[{"href":"https:\/\/culturesconnection.com\/fr\/wp-json\/wp\/v2\/pages\/10500","targetHints":{"allow":["GET"]}}],"collection":[{"href":"https:\/\/culturesconnection.com\/fr\/wp-json\/wp\/v2\/pages"}],"about":[{"href":"https:\/\/culturesconnection.com\/fr\/wp-json\/wp\/v2\/types\/page"}],"author":[{"embeddable":true,"href":"https:\/\/culturesconnection.com\/fr\/wp-json\/wp\/v2\/users\/42"}],"replies":[{"embeddable":true,"href":"https:\/\/culturesconnection.com\/fr\/wp-json\/wp\/v2\/comments?post=10500"}],"version-history":[{"count":0,"href":"https:\/\/culturesconnection.com\/fr\/wp-json\/wp\/v2\/pages\/10500\/revisions"}],"up":[{"embeddable":true,"href":"https:\/\/culturesconnection.com\/fr\/wp-json\/wp\/v2\/pages\/6485"}],"wp:featuredmedia":[{"embeddable":true,"href":"https:\/\/culturesconnection.com\/fr\/wp-json\/wp\/v2\/media\/24329"}],"wp:attachment":[{"href":"https:\/\/culturesconnection.com\/fr\/wp-json\/wp\/v2\/media?parent=10500"}],"curies":[{"name":"wp","href":"https:\/\/api.w.org\/{rel}","templated":true}]}}