{"id":10497,"date":"2018-10-01T18:59:00","date_gmt":"2018-10-01T17:59:00","guid":{"rendered":"http:\/\/culturesconnection.com\/?page_id=10497"},"modified":"2022-12-09T11:00:59","modified_gmt":"2022-12-09T10:00:59","slug":"traduction-medicale-coreen","status":"publish","type":"page","link":"https:\/\/culturesconnection.com\/fr\/services-de-traduction-coreen\/traduction-medicale-coreen\/","title":{"rendered":"Agence de traduction m\u00e9dicale en cor\u00e9en"},"content":{"rendered":"\n<h2 class=\"wp-block-heading\">LA TRADUCTION M\u00c9DICALE COR\u00c9EN-FRAN\u00c7AIS : L\u2019IMPORTANCE DE LA TERMINOLOGIE<\/h2>\n\n\n\n<p>Vous avez besoin d&rsquo;un service de traduction m\u00e9dicale en cor\u00e9en ? Cultures Connection poss\u00e8de une grande exp\u00e9rience dans la traduction m\u00e9dicale. Cette sp\u00e9cialit\u00e9 constitue l\u2019un des domaines de traduction les plus d\u00e9licats et les plus complexes. En effet, plus que pour tout autre domaine, la terminologie est cruciale. Le vocabulaire scientifique est tr\u00e8s pr\u00e9cis et la mission du traducteur m\u00e9dical est vitale quant il s&rsquo;agit de choisir les termes. La traduction m\u00e9dicale refl\u00e8te l\u2019\u00e9ventail des diff\u00e9rents m\u00e9tiers pr\u00e9sents dans ce domaine : il existe autant de types de traductions m\u00e9dicales qu\u2019il existe de professions dans ce secteur. Le traducteur m\u00e9dical traduit uniquement des documents relatifs \u00e0 son ou ses domaines de travail. C\u2019est pourquoi notre agence de traduction ne choisit que des traducteurs cor\u00e9ens experts dans la terminologie de vos documents.<\/p>\n\n\n\n<h2 class=\"wp-block-heading\">LES SERVICES DE TRADUCTION M\u00c9DICALE COR\u00c9EN-FRAN\u00c7AIS<\/h2>\n\n\n\n<p>Notre <a rel=\"noreferrer noopener\" href=\"https:\/\/culturesconnection.com\/fr\/\" target=\"_blank\">cabinet de traduction<\/a> est le bon partenaire, gr\u00e2ce \u00e0 des ann\u00e9es d\u2019exp\u00e9rience dans le domaine de la traduction m\u00e9dicale. Notre \u00e9quipe assure des services de traduction fiables et de qualit\u00e9 aupr\u00e8s de clients exigeants. Notre r\u00e9seau de traducteurs est compos\u00e9 exclusivement de professionnels cor\u00e9ens sp\u00e9cialis\u00e9s dans un domaine en particulier. Neurologie, chirurgie, cardiologie, virologie, ou encore m\u00e9decine g\u00e9n\u00e9rale, vous avez le choix ! Nous nous assurons, en amont, que chaque traducteur dispose d\u2019une exp\u00e9rience suffisante dans le domaine de la traduction ainsi que dans le domaine de sp\u00e9cialisation m\u00e9dicale qui vous concerne.<\/p>\n\n\n\n<h2 class=\"wp-block-heading\">VOS DOCUMENTS M\u00c9DICAUX EN COR\u00c9EN<\/h2>\n\n\n\n<p>Chez Cultures Connection, la <a rel=\"noreferrer noopener\" href=\"https:\/\/culturesconnection.com\/fr\/traduction-medicale\/\" target=\"_blank\">traduction m\u00e9dicale<\/a> est l\u2019un de nos domaines de pr\u00e9dilection. Voici une liste d&rsquo;exemples de documents m\u00e9dicaux, parmi tous ceux qui existent, que nous savons traduire parfaitement&nbsp; :<\/p>\n\n\n\n<ul class=\"wp-block-list\">\n<li>Revues<\/li>\n\n\n\n<li>Rapports de conf\u00e9rence<\/li>\n\n\n\n<li>Publications<\/li>\n\n\n\n<li>Projets et comptes rendus de recherche<\/li>\n\n\n\n<li>R\u00e9sultats d\u2019\u00e9tudes et \u00e9tats de nouvelles recherches<\/li>\n\n\n\n<li>Ouvrages de vulgarisation<\/li>\n\n\n\n<li>Rapports d\u2019essais<\/li>\n\n\n\n<li>Questionnaires<\/li>\n\n\n\n<li>Notices<\/li>\n\n\n\n<li>Posologies de nouveaux produits<\/li>\n\n\n\n<li>R\u00e9sultats d\u2019essais cliniques<\/li>\n\n\n\n<li>R\u00e9glementations pharmaceutiques<\/li>\n\n\n\n<li>Rapports d\u2019expertise m\u00e9dicale<\/li>\n<\/ul>\n","protected":false},"excerpt":{"rendered":"<p>LA TRADUCTION M\u00c9DICALE COR\u00c9EN-FRAN\u00c7AIS : L\u2019IMPORTANCE DE LA TERMINOLOGIE Vous avez besoin d&rsquo;un service de traduction m\u00e9dicale en cor\u00e9en ? Cultures Connection poss\u00e8de une grande [&#8230;]<\/p>\n<p><a class=\"btn btn-secondary understrap-read-more-link\" href=\"https:\/\/culturesconnection.com\/fr\/services-de-traduction-coreen\/traduction-medicale-coreen\/\">Lire la suite\u2026<span class=\"screen-reader-text\"> from Agence de traduction m\u00e9dicale en cor\u00e9en<\/span><\/a><\/p>\n","protected":false},"author":42,"featured_media":24329,"parent":6485,"menu_order":0,"comment_status":"closed","ping_status":"closed","template":"","meta":{"_acf_changed":false,"_editorskit_title_hidden":false,"_editorskit_reading_time":0,"_editorskit_is_block_options_detached":false,"_editorskit_block_options_position":"{}","footnotes":""},"class_list":["post-10497","page","type-page","status-publish","has-post-thumbnail","hentry"],"acf":[],"_links":{"self":[{"href":"https:\/\/culturesconnection.com\/fr\/wp-json\/wp\/v2\/pages\/10497","targetHints":{"allow":["GET"]}}],"collection":[{"href":"https:\/\/culturesconnection.com\/fr\/wp-json\/wp\/v2\/pages"}],"about":[{"href":"https:\/\/culturesconnection.com\/fr\/wp-json\/wp\/v2\/types\/page"}],"author":[{"embeddable":true,"href":"https:\/\/culturesconnection.com\/fr\/wp-json\/wp\/v2\/users\/42"}],"replies":[{"embeddable":true,"href":"https:\/\/culturesconnection.com\/fr\/wp-json\/wp\/v2\/comments?post=10497"}],"version-history":[{"count":0,"href":"https:\/\/culturesconnection.com\/fr\/wp-json\/wp\/v2\/pages\/10497\/revisions"}],"up":[{"embeddable":true,"href":"https:\/\/culturesconnection.com\/fr\/wp-json\/wp\/v2\/pages\/6485"}],"wp:featuredmedia":[{"embeddable":true,"href":"https:\/\/culturesconnection.com\/fr\/wp-json\/wp\/v2\/media\/24329"}],"wp:attachment":[{"href":"https:\/\/culturesconnection.com\/fr\/wp-json\/wp\/v2\/media?parent=10497"}],"curies":[{"name":"wp","href":"https:\/\/api.w.org\/{rel}","templated":true}]}}