{"id":10493,"date":"2018-10-01T18:49:49","date_gmt":"2018-10-01T17:49:49","guid":{"rendered":"http:\/\/culturesconnection.com\/?page_id=10493"},"modified":"2022-12-13T10:20:05","modified_gmt":"2022-12-13T09:20:05","slug":"traduction-commerciale-coreen","status":"publish","type":"page","link":"https:\/\/culturesconnection.com\/fr\/services-de-traduction-coreen\/traduction-commerciale-coreen\/","title":{"rendered":"Agence de traduction commerciale en cor\u00e9en"},"content":{"rendered":"\n<h2 class=\"wp-block-heading\">LA TRADUCTION COMMERCIALE COR\u00c9EN &#8211; FRAN\u00c7AIS, UNE \u00c9TAPE CRUCIALE DANS VOS \u00c9CHANGES INTERNATIONAUX<\/h2>\n\n\n\n<p>Aujourd\u2019hui, la multiplication toujours plus accrue des \u00e9changes commerciaux est telle, qu\u2019une traduction de qualit\u00e9 peut faire toute la diff\u00e9rence lors de vos futures n\u00e9gociations par exemple. Chaque pays est caract\u00e9ris\u00e9 par sa culture commerciale et il est essentiel de conna\u00eetre ces diff\u00e9rences lorsque vous d\u00e9veloppez votre entreprise \u00e0 l\u2019international. Ainsi, si vous souhaitez partir \u00e0 la conqu\u00eate du march\u00e9 cor\u00e9en, vous aurez besoin d\u2019un traducteur sp\u00e9cialis\u00e9 dans cette langue et dans le domaine de <a href=\"https:\/\/culturesconnection.com\/fr\/traduction-commerciale\/\" class=\"ek-link\">la traduction commerciale<\/a>, qui conna\u00eet les subtilit\u00e9s du march\u00e9 cible et la terminologie associ\u00e9e. Faites donc appel \u00e0 notre agence de traduction pour traduire vos documents commerciaux en cor\u00e9en.<\/p>\n\n\n\n<h2 class=\"wp-block-heading\">DES TRADUCTEURS COR\u00c9ENS \u00c0 VOTRE SERVICE<\/h2>\n\n\n\n<p>Vous souhaitez des services de traduction de qualit\u00e9 pour vos documents commerciaux cor\u00e9ens\udb40\udc27 ? Notre <a href=\"https:\/\/culturesconnection.com\/fr\/\" class=\"ek-link\">agence de traduction<\/a> professionnelle est la solution \u00e0 vos besoins. Notre secret : une grande exp\u00e9rience dans le domaine de la traduction commerciale et un r\u00e9seau de traducteurs professionnels et exp\u00e9riment\u00e9s \u00e0 votre disposition. Tous nos traducteurs sont natifs et traduisent uniquement vers leur langue maternelle. Ils ma\u00eetrisent parfaitement le fran\u00e7ais et le cor\u00e9en, ainsi que le vocabulaire commercial sp\u00e9cialis\u00e9. Notre agence de traduction s\u2019engage \u00e0 vous fournir des traductions de qualit\u00e9, c\u2019est pourquoi les comp\u00e9tences linguistiques et terminologiques de nos traducteurs sont toujours test\u00e9es et approuv\u00e9es.<\/p>\n\n\n\n<h2 class=\"wp-block-heading\">VOS DOCUMENTS COMMERCIAUX EN COR\u00c9EN<\/h2>\n\n\n\n<p>Le r\u00f4le de notre cabinet de traduction est de traduire vos documents commerciaux pour vous aider dans votre internationalisation. Voici une liste de nos projets de traduction commerciale en cor\u00e9en les plus courants :<\/p>\n\n\n\n<ul class=\"wp-block-list\">\n<li>Brochures<\/li>\n\n\n\n<li>Plaquettes<\/li>\n\n\n\n<li>Cartes de visite<\/li>\n\n\n\n<li>Communiqu\u00e9s<\/li>\n\n\n\n<li>Campagnes<\/li>\n\n\n\n<li>Sites web<\/li>\n\n\n\n<li>Catalogues<\/li>\n\n\n\n<li>Pr\u00e9sentations<\/li>\n\n\n\n<li>Supports publicitaires<\/li>\n\n\n\n<li>\u00c9tudes de march\u00e9<\/li>\n\n\n\n<li>Lettres d\u2019information commerciales<\/li>\n\n\n\n<li>Livres blancs<\/li>\n\n\n\n<li>Publicit\u00e9s<\/li>\n<\/ul>\n","protected":false},"excerpt":{"rendered":"<p>LA TRADUCTION COMMERCIALE COR\u00c9EN &#8211; FRAN\u00c7AIS, UNE \u00c9TAPE CRUCIALE DANS VOS \u00c9CHANGES INTERNATIONAUX Aujourd\u2019hui, la multiplication toujours plus accrue des \u00e9changes commerciaux est telle, qu\u2019une [&#8230;]<\/p>\n<p><a class=\"btn btn-secondary understrap-read-more-link\" href=\"https:\/\/culturesconnection.com\/fr\/services-de-traduction-coreen\/traduction-commerciale-coreen\/\">Lire la suite\u2026<span class=\"screen-reader-text\"> from Agence de traduction commerciale en cor\u00e9en<\/span><\/a><\/p>\n","protected":false},"author":42,"featured_media":24329,"parent":6485,"menu_order":0,"comment_status":"closed","ping_status":"closed","template":"","meta":{"_acf_changed":false,"_editorskit_title_hidden":false,"_editorskit_reading_time":1,"_editorskit_is_block_options_detached":false,"_editorskit_block_options_position":"{}","footnotes":""},"class_list":["post-10493","page","type-page","status-publish","has-post-thumbnail","hentry"],"acf":[],"_links":{"self":[{"href":"https:\/\/culturesconnection.com\/fr\/wp-json\/wp\/v2\/pages\/10493","targetHints":{"allow":["GET"]}}],"collection":[{"href":"https:\/\/culturesconnection.com\/fr\/wp-json\/wp\/v2\/pages"}],"about":[{"href":"https:\/\/culturesconnection.com\/fr\/wp-json\/wp\/v2\/types\/page"}],"author":[{"embeddable":true,"href":"https:\/\/culturesconnection.com\/fr\/wp-json\/wp\/v2\/users\/42"}],"replies":[{"embeddable":true,"href":"https:\/\/culturesconnection.com\/fr\/wp-json\/wp\/v2\/comments?post=10493"}],"version-history":[{"count":0,"href":"https:\/\/culturesconnection.com\/fr\/wp-json\/wp\/v2\/pages\/10493\/revisions"}],"up":[{"embeddable":true,"href":"https:\/\/culturesconnection.com\/fr\/wp-json\/wp\/v2\/pages\/6485"}],"wp:featuredmedia":[{"embeddable":true,"href":"https:\/\/culturesconnection.com\/fr\/wp-json\/wp\/v2\/media\/24329"}],"wp:attachment":[{"href":"https:\/\/culturesconnection.com\/fr\/wp-json\/wp\/v2\/media?parent=10493"}],"curies":[{"name":"wp","href":"https:\/\/api.w.org\/{rel}","templated":true}]}}