{"id":27963,"date":"2021-03-15T14:13:20","date_gmt":"2021-03-15T13:13:20","guid":{"rendered":"http:\/\/culturesconnection.com\/?page_id=27963"},"modified":"2022-07-29T15:47:57","modified_gmt":"2022-07-29T13:47:57","slug":"agence-de-traduction-buenos-aires","status":"publish","type":"page","link":"https:\/\/culturesconnection.com\/fr-be\/agence-de-traduction-buenos-aires\/","title":{"rendered":"Notre agence de traduction \u00e0 Buenos Aires"},"content":{"rendered":"\n<h2 class=\"wp-block-heading\">Cultures Connection, votre bureau de traduction de qualit\u00e9 \u00e0 Buenos Aires<\/h2>\n\n\n\n<p>Buenos Aires&nbsp;: une destination sud-am\u00e9ricaine incontournable.<\/p>\n\n\n\n<p>Elle figure parmi les formidables villes les plus anim\u00e9es du continent et constitue un grand foyer d\u2019entreprises internationales. Si l\u2019activit\u00e9 \u00e9conomique de la capitale argentine concerne principalement les services financiers, la grande diversit\u00e9 des possibilit\u00e9s de d\u00e9veloppement qui existe attire les jeunes entrepreneurs d\u2019horizons divers et de tous les pays, qui souhaitent y promouvoir leur activit\u00e9.<\/p>\n\n\n\n<p>Le bureau de <a>Cultures Connection<\/a> \u00e0 Buenos Aires propose ses services de traduction et d\u2019interpr\u00e9tation en <a>de nombreuses langues, avec 40&nbsp;paires linguistiques, <\/a> \u00e0 des organismes priv\u00e9s et publics implant\u00e9s dans toute l\u2019Am\u00e9rique du Sud.<\/p>\n\n\n\n<p>Ce march\u00e9 en expansion requiert des services fiables.<\/p>\n\n\n\n<h2 class=\"wp-block-heading\">Buenos Aires, p\u00f4le d\u2019opportunit\u00e9s internationales<\/h2>\n\n\n\n<p>Buenos Aires se situe \u00e0 la troisi\u00e8me place au classement mondial des villes \u00e0 l\u2019\u00e9conomie la plus diversifi\u00e9e.<\/p>\n\n\n\n<p>C\u2019est l\u00e0 que se trouvent plus de 20 % des 600 000 entreprises \u00e9tablies en Argentine et elles se rapportent \u00e0 des activit\u00e9s commerciales ou des services. Avec une position strat\u00e9gique au sein d\u2019un pays et d\u2019un continent qui foisonnent en opportunit\u00e9s de d\u00e9veloppement industriel, \u00e9nerg\u00e9tique et financier, Buenos Aires attire chaque ann\u00e9e un plus grand nombre de jeunes professionnels de l\u2019\u00e9tranger. Les chiffres sont \u00e9loquents&nbsp;: 21,1&nbsp;% des 1&nbsp;805&nbsp;957&nbsp;\u00e9trangers qui vivent en Argentine, le pays connaissant la plus importante immigration sud-am\u00e9ricaine, r\u00e9sident ainsi \u00e0 Buenos Aires.<\/p>\n\n\n\n<p>Parmi eux, une grande partie est originaire des pays voisins tels que la Bolivie, le Venezuela et le Paraguay&nbsp;: la communaut\u00e9 latine s\u2019av\u00e8re donc pr\u00e9pond\u00e9rante. Depuis longtemps, des minorit\u00e9s d\u2019Espagnols, d\u2019Italiens et de Fran\u00e7ais ont eu une pr\u00e9sence relativement importante. C\u2019est vrai aussi des communaut\u00e9s asiatiques et africaines. Une telle diversit\u00e9 a fa\u00e7onn\u00e9 le <em>porte\u00f1o<\/em> (habitant de Buenos Aires) au fil de l\u00b4Histoire.<\/p>\n\n\n\n<p>Gr\u00e2ce \u00e0 une incroyable offre culturelle avec ses mus\u00e9es, th\u00e9\u00e2tres, carnavals et concerts, Buenos Aires est l\u2019une des destinations touristiques les plus appr\u00e9ci\u00e9es&nbsp;: la ville re\u00e7oit 5,5&nbsp;millions de visiteurs par an. Parmi les promenades incontournables pour les voyageurs, figurent les b\u00e2timents anciens et les institutions politiques du centre-ville historique, le quartier boh\u00e8me de San Telmo, La Boca avec son patrimoine immigrant. Une telle richesse culturelle entra\u00eene la pr\u00e9sence d\u2019une multitude d\u2019entreprises dans les secteurs de la gastronomie, de l\u2019h\u00f4tellerie et des loisirs.<\/p>\n\n\n\n<p>Un joli m\u00e9lange de cultures.<\/p>\n\n\n\n<h2 class=\"wp-block-heading\">Traductions pour un march\u00e9 au potentiel immense<\/h2>\n\n\n\n<p>Les traductions d\u00e9passent les fronti\u00e8res.<\/p>\n\n\n\n<p>Voil\u00e0 plus de 10 ans que Cultures Connection est implant\u00e9e \u00e0 Buenos Aires o\u00f9 elle offre des <a>services de traduction<\/a> de documents dans des domaines tr\u00e8s vari\u00e9s, et ce pour des clients pr\u00e9sents dans toute l\u2019Am\u00e9rique du Sud.<\/p>\n\n\n\n<p>Nous avons forg\u00e9 un r\u00e9seau international de plus de 740&nbsp;linguistes professionnels imm\u00e9diatement disponibles, s\u00e9lectionn\u00e9s en fonction de leur formation et de leur exp\u00e9rience en langues et sp\u00e9cialit\u00e9s requises. Nous sommes tr\u00e8s attentifs aux particularit\u00e9s linguistiques, aux expressions propres au domaine d\u2019expertise ainsi qu\u2019aux r\u00e9f\u00e9rences culturelles du destinataire des contenus traduits. C\u2019est pourquoi nous garantissons des traductions compr\u00e9hensibles et fid\u00e8les, effectu\u00e9es par des linguistes qui traduisent uniquement vers leur langue maternelle.<\/p>\n\n\n\n<p>Avec Cultures Connection, tous vos documents sont entre de bonnes mains.<\/p>\n\n\n\n<iframe src=\"https:\/\/www.google.com\/maps\/embed?pb=!1m14!1m8!1m3!1d6571.042431457632!2d-58.436823!3d-34.565676!3m2!1i1024!2i768!4f13.1!3m3!1m2!1s0x95bcb5b9a92d7155%3A0x92a6bc37f082fb54!2sGorostiaga%201663%2C%20C1426CTC%20CABA!5e0!3m2!1sen!2sar!4v1655497208682!5m2!1sen!2sar\" width=\"100%\" height=\"450\" style=\"border:0;\" allowfullscreen=\"\" loading=\"lazy\" referrerpolicy=\"no-referrer-when-downgrade\"><\/iframe>\n\n\n\n<h2 class=\"wp-block-heading\">Nos interpr\u00e9tations de qualit\u00e9 \u00e0 Buenos Aires<\/h2>\n\n\n\n<p>Vous organisez une conf\u00e9rence technique entre des sp\u00e9cialistes \u00e9trangers, destin\u00e9e \u00e0 un public local&nbsp;? Vous organisez une visite de dirigeants de multinationales qui doivent aller d\u2019urgence discuter avec leur filiale&nbsp;?<\/p>\n\n\n\n<p>Cultures Connection vous propose ses <a>services d\u2019interpr\u00e9tation<\/a> de conf\u00e9rence, simultan\u00e9e et de liaison dans de nombreuses langues pour que vos petites ou grandes r\u00e9unions, en une seule ou plusieurs langues \u00e9trang\u00e8res, en simultan\u00e9 et m\u00eame pendant plusieurs jours, soient un succ\u00e8s.<\/p>\n\n\n\n<p>Nous fournissons \u00e9galement le mat\u00e9riel technique afin que les interpr\u00e9tations, qu\u2019elles se d\u00e9roulent \u00e0 Buenos Aires, ailleurs en Argentine ou en Am\u00e9rique latine, ne rencontrent aucun probl\u00e8me technique risquant de compromettre une compr\u00e9hension ad\u00e9quate.<\/p>\n\n\n\n<p>Avec Cultures Connection, vos pr\u00e9sentations sont entre de bonnes mains.<\/p>\n","protected":false},"excerpt":{"rendered":"<p>Cultures Connection, votre bureau de traduction de qualit\u00e9 \u00e0 Buenos Aires Buenos Aires&nbsp;: une destination sud-am\u00e9ricaine incontournable. Elle figure parmi les formidables villes les plus [&#8230;]<\/p>\n<p><a class=\"btn btn-secondary understrap-read-more-link\" href=\"https:\/\/culturesconnection.com\/fr-be\/agence-de-traduction-buenos-aires\/\">Read More&#8230;<span class=\"screen-reader-text\"> from Notre agence de traduction \u00e0 Buenos Aires<\/span><\/a><\/p>\n","protected":false},"author":26,"featured_media":27966,"parent":0,"menu_order":0,"comment_status":"closed","ping_status":"closed","template":"","meta":{"_acf_changed":false,"_editorskit_title_hidden":false,"_editorskit_reading_time":2,"_editorskit_is_block_options_detached":false,"_editorskit_block_options_position":"{}","footnotes":""},"class_list":["post-27963","page","type-page","status-publish","has-post-thumbnail","hentry"],"acf":[],"_links":{"self":[{"href":"https:\/\/culturesconnection.com\/fr-be\/wp-json\/wp\/v2\/pages\/27963","targetHints":{"allow":["GET"]}}],"collection":[{"href":"https:\/\/culturesconnection.com\/fr-be\/wp-json\/wp\/v2\/pages"}],"about":[{"href":"https:\/\/culturesconnection.com\/fr-be\/wp-json\/wp\/v2\/types\/page"}],"author":[{"embeddable":true,"href":"https:\/\/culturesconnection.com\/fr-be\/wp-json\/wp\/v2\/users\/26"}],"replies":[{"embeddable":true,"href":"https:\/\/culturesconnection.com\/fr-be\/wp-json\/wp\/v2\/comments?post=27963"}],"version-history":[{"count":0,"href":"https:\/\/culturesconnection.com\/fr-be\/wp-json\/wp\/v2\/pages\/27963\/revisions"}],"wp:featuredmedia":[{"embeddable":true,"href":"https:\/\/culturesconnection.com\/fr-be\/wp-json\/wp\/v2\/media\/27966"}],"wp:attachment":[{"href":"https:\/\/culturesconnection.com\/fr-be\/wp-json\/wp\/v2\/media?parent=27963"}],"curies":[{"name":"wp","href":"https:\/\/api.w.org\/{rel}","templated":true}]}}