{"id":27941,"date":"2021-03-15T14:12:37","date_gmt":"2021-03-15T13:12:37","guid":{"rendered":"http:\/\/culturesconnection.com\/?page_id=27941"},"modified":"2022-12-02T14:47:18","modified_gmt":"2022-12-02T13:47:18","slug":"services-de-traduction","status":"publish","type":"page","link":"https:\/\/culturesconnection.com\/fr-be\/services-de-traduction\/","title":{"rendered":"Nos Services de Traduction | Services de qualit\u00e9 dans toutes les langues"},"content":{"rendered":"\n<h2 class=\"wp-block-heading\">Nos services de traduction professionnels<\/h2>\n\n\n\n<p>Cultures Connection soutient votre entreprise dans son d\u00e9veloppement sur tous les continents gr\u00e2ce \u00e0 sa grande palette de services de traduction, depuis la <strong>traduction technique<\/strong> jusqu\u2019\u00e0 la <strong>traduction de sites web<\/strong>. Comme nous sommes implant\u00e9s en <a>Europe<\/a>, <a>Am\u00e9rique du Nord<\/a> et <a>Am\u00e9rique du Sud<\/a>, notre r\u00e9activit\u00e9 est optimale.<\/p>\n\n\n\n<p>Il vous faut d\u2019urgence une traduction&nbsp;? Alors comptez sur nous, car notre agence de traduction est l\u00e0 pour vous plus de <strong><span style=\"color: #000000;\">18&nbsp;heures<\/span><\/strong> par jour.<\/p>\n\n\n\n<h2 class=\"wp-block-heading\">Des traductions de qualit\u00e9<\/h2>\n\n\n\n<p>Nous nous engageons \u00e0 fournir des traductions de qualit\u00e9 \u00e0 nos clients. Nous recrutons nos traducteurs en fonction de leurs dipl\u00f4mes et de leur exp\u00e9rience. Ils doivent imp\u00e9rativement r\u00e9ussir un test de traduction dans leur domaine de sp\u00e9cialisation. Ils ma\u00eetrisent tous les logiciels d\u2019aide \u00e0 la traduction pour am\u00e9liorer la coh\u00e9rence, la rapidit\u00e9 et l\u2019efficacit\u00e9.<\/p>\n\n\n\n<p>Un chef de projet supervise chaque projet, ce dernier \u00e9tant soumis \u00e0 une r\u00e9vision, une relecture puis un contr\u00f4le qualit\u00e9 selon la formule souhait\u00e9e par le client.<\/p>\n\n\n\n<p>Parmi nos services de traduction vous avez le choix entre quatre formules \u00e9labor\u00e9es de mani\u00e8re \u00e0 r\u00e9pondre pr\u00e9cis\u00e9ment \u00e0 vos besoins&nbsp;:<\/p>\n\n\n\n<ul class=\"wp-block-list\"><li><strong>Basique<\/strong>&nbsp;: traduction rapide, \u00e0 faible co\u00fbt, pour des documents d\u2019information pr\u00e9vus pour un usage en interne.<\/li><li><strong>Standard<\/strong>&nbsp;: traduction \u00e9conomique et rapide, pour des documents volumineux, des rapports ou des documents d\u2019information vari\u00e9s.<\/li><li><strong>Professionnelle<\/strong>&nbsp;: traduction id\u00e9ale pour les documents commerciaux et marketing o\u00f9 la qualit\u00e9 prime avant tout.<\/li><li><strong>Premium<\/strong>&nbsp;: services de traduction et de r\u00e9vision professionnels con\u00e7us pour la traduction de documents sp\u00e9cialis\u00e9s (documents scientifiques, techniques et financiers) destin\u00e9s \u00e0 la diffusion aupr\u00e8s d\u2019un large public.<\/li><\/ul>\n\n\n\n<p>La qualit\u00e9 est toujours le meilleur choix, c\u2019est pourquoi notre <a>agence de traduction<\/a> vous propose des services de relecture, de r\u00e9vision et d\u2019assurance qualit\u00e9.<\/p>\n\n\n\n<h2 class=\"wp-block-heading\">Des traductions sp\u00e9cialis\u00e9es<\/h2>\n\n\n\n<p>Notre force&nbsp;? La gestion de projets de traduction plurilingues pour des secteurs d\u2019activit\u00e9 tr\u00e8s vari\u00e9s. Gr\u00e2ce \u00e0 notre r\u00e9seau de plus de <strong>740&nbsp;traducteurs professionnels<\/strong> qui augmente constamment, pr\u00e9sent dans le monde entier, nous vous accompagnons pour internationaliser votre communication. La mission de notre agence de traduction consiste \u00e0 trouver le traducteur exp\u00e9riment\u00e9 pour vos traductions sp\u00e9cialis\u00e9es.<\/p>\n","protected":false},"excerpt":{"rendered":"<p>Nos services de traduction professionnels Cultures Connection soutient votre entreprise dans son d\u00e9veloppement sur tous les continents gr\u00e2ce \u00e0 sa grande palette de services de [&#8230;]<\/p>\n<p><a class=\"btn btn-secondary understrap-read-more-link\" href=\"https:\/\/culturesconnection.com\/fr-be\/services-de-traduction\/\">Read More&#8230;<span class=\"screen-reader-text\"> from Nos Services de Traduction | Services de qualit\u00e9 dans toutes les langues<\/span><\/a><\/p>\n","protected":false},"author":26,"featured_media":64700,"parent":0,"menu_order":0,"comment_status":"closed","ping_status":"closed","template":"","meta":{"_acf_changed":false,"_editorskit_title_hidden":false,"_editorskit_reading_time":1,"_editorskit_is_block_options_detached":false,"_editorskit_block_options_position":"{}","footnotes":""},"class_list":["post-27941","page","type-page","status-publish","has-post-thumbnail","hentry"],"acf":[],"_links":{"self":[{"href":"https:\/\/culturesconnection.com\/fr-be\/wp-json\/wp\/v2\/pages\/27941","targetHints":{"allow":["GET"]}}],"collection":[{"href":"https:\/\/culturesconnection.com\/fr-be\/wp-json\/wp\/v2\/pages"}],"about":[{"href":"https:\/\/culturesconnection.com\/fr-be\/wp-json\/wp\/v2\/types\/page"}],"author":[{"embeddable":true,"href":"https:\/\/culturesconnection.com\/fr-be\/wp-json\/wp\/v2\/users\/26"}],"replies":[{"embeddable":true,"href":"https:\/\/culturesconnection.com\/fr-be\/wp-json\/wp\/v2\/comments?post=27941"}],"version-history":[{"count":0,"href":"https:\/\/culturesconnection.com\/fr-be\/wp-json\/wp\/v2\/pages\/27941\/revisions"}],"wp:featuredmedia":[{"embeddable":true,"href":"https:\/\/culturesconnection.com\/fr-be\/wp-json\/wp\/v2\/media\/64700"}],"wp:attachment":[{"href":"https:\/\/culturesconnection.com\/fr-be\/wp-json\/wp\/v2\/media?parent=27941"}],"curies":[{"name":"wp","href":"https:\/\/api.w.org\/{rel}","templated":true}]}}