{"id":27919,"date":"2021-03-15T14:20:24","date_gmt":"2021-03-15T13:20:24","guid":{"rendered":"http:\/\/culturesconnection.com\/?page_id=27919"},"modified":"2022-06-10T20:59:03","modified_gmt":"2022-06-10T18:59:03","slug":"redaction-de-contenus-seo","status":"publish","type":"page","link":"https:\/\/culturesconnection.com\/fr-be\/redaction-de-contenus-seo\/","title":{"rendered":"SEO multilingue | Nos services de r\u00e9daction de contenus SEO"},"content":{"rendered":"\n<h2 class=\"wp-block-heading\">La r\u00e9daction web&nbsp;: contenu perfectionn\u00e9 pour vos lecteurs<\/h2>\n\n\n\n<p>Depuis la r\u00e9volution Internet, avec la multiplication des sites web ainsi que l\u2019essor des r\u00e9seaux sociaux, les internautes lisent et partagent des millions de pages web quotidiennement. Les contenus web sont omnipr\u00e9sents&nbsp;: des articles de blog, fiches produit, communiqu\u00e9s, informations aux offres touristiques. Une telle multiplication des donn\u00e9es num\u00e9riques signifie qu\u2019un contenu r\u00e9dactionnel de qualit\u00e9 permettra d\u2019attirer et m\u00eame de fid\u00e9liser les lecteurs.<\/p>\n\n\n\n<p>Pour valoriser l\u2019image de votre entreprise par le biais de vos contenus multim\u00e9dias, comptez sur l\u2019expertise dans la r\u00e9daction de contenu web de <a>Cultures Connection<\/a> et de ses talentueux r\u00e9dacteurs web. Nous assurons des contenus uniques rien que pour vous, sans<em> content-spinning<\/em>. Nous avons s\u00e9lectionn\u00e9s avec soin des r\u00e9dacteurs sp\u00e9cialis\u00e9s dans leur domaine.<\/p>\n\n\n\n<h2 class=\"wp-block-heading\">La r\u00e9daction de contenu SEO&nbsp;: optimisation du r\u00e9f\u00e9rencement web<\/h2>\n\n\n\n<p>Il est indispensable que votre site se place dans les premi\u00e8res pages des moteurs de recherche, pour cela il faut que le contenu de votre site web soit identifiable sans difficult\u00e9 par ces derniers. La <strong>r\u00e9daction de contenu web SEO<\/strong>, appel\u00e9e aussi contenu optimis\u00e9 pour le r\u00e9f\u00e9rencement naturel, repr\u00e9sente un enjeu capital de promotion de votre soci\u00e9t\u00e9 et amplifie le trafic vers votre site.<\/p>\n\n\n\n<p>Qui contacter pour optimiser ses pages web&nbsp;? La cr\u00e9ation de contenu requiert des professionnels dont le m\u00e9tier est la r\u00e9daction web. Il vaut mieux s\u2019en remettre \u00e0 des experts&nbsp;: une agence de r\u00e9daction de contenu, un r\u00e9dacteur web professionnel. Le r\u00e9dacteur Web est charg\u00e9 de r\u00e9diger des textes pertinents de grande qualit\u00e9 et correspondant \u00e0 la fois aux attentes des internautes et aux crit\u00e8res de l\u2019algorithme de positionnement des moteurs de recherche.<\/p>\n\n\n\n<h2 class=\"wp-block-heading\">Une r\u00e9daction professionnelle dans de nombreux domaines<\/h2>\n\n\n\n<p>D\u00e9couvrez nos services de cr\u00e9ation de contenu dans plus de 30&nbsp;secteurs&nbsp;:<\/p>\n\n\n\n<ul class=\"wp-block-list\"><li>Tourisme et voyage<\/li><li>E-commerce<\/li><li>Mode<\/li><li>Beaut\u00e9<\/li><li>Sport<\/li><li>Sant\u00e9<\/li><li>Finance<\/li><\/ul>\n\n\n\n<h2 class=\"wp-block-heading\">Nos services de traduction de site web<\/h2>\n\n\n\n<p>Vous avez un site r\u00e9alis\u00e9 en WordPress&nbsp;? Cultures Connection est un partenaire privil\u00e9gi\u00e9 du premier plugin de traduction sur le march\u00e9, WPML. Faire traduire votre site est alors ais\u00e9&nbsp;: nous traduisons puis nous int\u00e9grons les textes dans votre site.<\/p>\n\n\n\n<p>Cultures Connection sait traduire de m\u00eame votre site internet \u00e0 partir d\u2019autres formats tels que Word, Excel, des fichiers texte (.txt), de CMS comme Joomla, Magento ou PrestaShop, ou encore directement depuis le code source du site.<\/p>\n\n\n\n<h2 class=\"wp-block-heading\">Les autres services de SEO multilingue et de marketing digital que nous proposons<\/h2>\n\n\n\n<ul class=\"wp-block-list\"><li><strong>Traduction SEO<\/strong><br>Les r\u00e9f\u00e9renceurs servent \u00e0 identifier les mots-cl\u00e9s principaux de votre activit\u00e9 sur votre march\u00e9 cible et \u00e0 fournir au traducteur un glossaire d\u2019expressions prioritaires \u00e0 employer.<\/li><li><strong>Optimisation de balises<\/strong><br>En vue d\u2019influencer les r\u00e9sultats des moteurs de recherche, les experts du r\u00e9f\u00e9rencement r\u00e9digent les balises de votre site title, m\u00e9ta-descriptions, H1, etc.<\/li><li><strong>Optimisation de backlinks<\/strong><br>Nous identifions pour vous les \u00ab <em>backlinks \u00bb<\/em>, \u00e0 savoir les liens ext\u00e9rieurs provenant d\u2019autres sites, qui sont les plus utiles \u00e0 l\u2019essor de votre popularit\u00e9.<\/li><\/ul>\n\n\n\n<h2 class=\"wp-block-heading\">Des r\u00e9f\u00e9rences dans tous les secteurs<\/h2>\n\n\n\n<p>Nos r\u00e9f\u00e9rences comprennent un grand nombre de traductions de contenus de sites web, de plateformes marchandes ou encore de sites e-commerce, nos clients \u00e9tant des institutions comme la FAO, l\u2019ONU, la CPAM ou des entreprises comme SANOFI, JACADI, MIRAKL, etc.<\/p>\n","protected":false},"excerpt":{"rendered":"<p>La r\u00e9daction web&nbsp;: contenu perfectionn\u00e9 pour vos lecteurs Depuis la r\u00e9volution Internet, avec la multiplication des sites web ainsi que l\u2019essor des r\u00e9seaux sociaux, les [&#8230;]<\/p>\n<p><a class=\"btn btn-secondary understrap-read-more-link\" href=\"https:\/\/culturesconnection.com\/fr-be\/redaction-de-contenus-seo\/\">Read More&#8230;<span class=\"screen-reader-text\"> from SEO multilingue | Nos services de r\u00e9daction de contenus SEO<\/span><\/a><\/p>\n","protected":false},"author":26,"featured_media":27628,"parent":0,"menu_order":0,"comment_status":"closed","ping_status":"closed","template":"","meta":{"_acf_changed":false,"_editorskit_title_hidden":false,"_editorskit_reading_time":0,"_editorskit_is_block_options_detached":false,"_editorskit_block_options_position":"{}","footnotes":""},"class_list":["post-27919","page","type-page","status-publish","has-post-thumbnail","hentry"],"acf":[],"_links":{"self":[{"href":"https:\/\/culturesconnection.com\/fr-be\/wp-json\/wp\/v2\/pages\/27919","targetHints":{"allow":["GET"]}}],"collection":[{"href":"https:\/\/culturesconnection.com\/fr-be\/wp-json\/wp\/v2\/pages"}],"about":[{"href":"https:\/\/culturesconnection.com\/fr-be\/wp-json\/wp\/v2\/types\/page"}],"author":[{"embeddable":true,"href":"https:\/\/culturesconnection.com\/fr-be\/wp-json\/wp\/v2\/users\/26"}],"replies":[{"embeddable":true,"href":"https:\/\/culturesconnection.com\/fr-be\/wp-json\/wp\/v2\/comments?post=27919"}],"version-history":[{"count":0,"href":"https:\/\/culturesconnection.com\/fr-be\/wp-json\/wp\/v2\/pages\/27919\/revisions"}],"wp:featuredmedia":[{"embeddable":true,"href":"https:\/\/culturesconnection.com\/fr-be\/wp-json\/wp\/v2\/media\/27628"}],"wp:attachment":[{"href":"https:\/\/culturesconnection.com\/fr-be\/wp-json\/wp\/v2\/media?parent=27919"}],"curies":[{"name":"wp","href":"https:\/\/api.w.org\/{rel}","templated":true}]}}