{"id":27916,"date":"2021-03-15T14:01:18","date_gmt":"2021-03-15T13:01:18","guid":{"rendered":"http:\/\/culturesconnection.com\/?page_id=27916"},"modified":"2022-06-10T01:21:33","modified_gmt":"2022-06-09T23:21:33","slug":"traduction-scientifique","status":"publish","type":"page","link":"https:\/\/culturesconnection.com\/fr-be\/traduction-scientifique\/","title":{"rendered":"Nos Services de Traduction Scientifique"},"content":{"rendered":"\n<h2 class=\"wp-block-heading\">La terminologie est essentielle dans la traduction scientifique<\/h2>\n\n\n\n<p>La traduction scientifique repr\u00e9sente un enjeu vital pour les entreprises, les laboratoires de recherche ou de d\u00e9veloppement, et les h\u00f4pitaux. Les textes scientifiques et m\u00e9dicaux d\u00e9veloppent des id\u00e9es complexes au moyen d\u2019une terminologie sp\u00e9cifique \u00e0 chaque science et tr\u00e8s pointue. En raison de la diversit\u00e9 et de l\u2019ampleur des diff\u00e9rents domaines que recouvre la cat\u00e9gorie \u00ab traduction scientifique \u00bb, notre <a href=\"https:\/\/culturesconnection.com\/fr\/\">agence de traduction<\/a> scientifique et m\u00e9dicale s\u00e9lectionne pour vous les traducteurs dont les sp\u00e9cialit\u00e9s sont les mieux adapt\u00e9es \u00e0 chaque projet. Notre \u00e9quipe tient compte de l\u2019exp\u00e9rience de chaque traducteur en particulier, des connaissances en sciences et des r\u00e9f\u00e9rences dans le secteur de la recherche. Nos traducteurs savent traduire les termes scientifiques et m\u00e9dicaux avec exactitude et pr\u00e9cision. L\u2019objectif de notre agence est de s\u2019assurer que la traduction refl\u00e8te parfaitement le sens du texte source et qu\u2019elle respecte les consignes stylistiques des clients.<\/p>\n\n\n\n<h2 class=\"wp-block-heading\">Traduction scientifique et technique<\/h2>\n\n\n\n<p>Cultures Connection a acquis une exp\u00e9rience prouv\u00e9e dans le domaine de la <strong>traduction scientifique et technique<\/strong>, notamment sur les sujets suivants : biotechnologies, manipulations d\u2019ADN, physique, physiologie mol\u00e9culaire, biologie, zoologie, botanique, g\u00e9ologie, biodiversit\u00e9, biom\u00e9dical, m\u00e9dical, environnement, d\u00e9veloppement durable, alimentation, sant\u00e9, virologie, bio-ing\u00e9nierie, \u00e9nergies renouvelables, relations h\u00f4te\/pathog\u00e8ne, etc. Dans les sciences humaines et sociales \u00e9galement, les recherches scientifiques conduisent \u00e0 la n\u00e9cessit\u00e9 de faire traduire diff\u00e9rents types de documents pour les sites internet, ainsi que des articles destin\u00e9s aux revues internationales, des cours et formations, des rapports et comptes rendus. Notre agence fournit des traductions \u00e0 des laboratoires de recherche universitaire, des grandes \u00e9coles, ou encore \u00e0 des instituts qui nous confient leurs textes dans le domaine de l\u2019\u00e9conomie, de la psychologie, de la sociologie, de la linguistique, de l\u2019histoire, de l\u2019anthropologie, de l\u2019architecture, de la g\u00e9ographie, ou encore dans le domaine des arts.&nbsp;Nos traductions dans de nombreuses langues, outre l\u2019anglais et le fran\u00e7ais, r\u00e9pondent \u00e0 des standards de qualit\u00e9 stricts et sont approuv\u00e9es par nos clients, des professionnels du secteur scientifique.<\/p>\n\n\n\n<h2 class=\"wp-block-heading\">Traduction scientifique professionnelle : la pr\u00e9cision avant tout<\/h2>\n\n\n\n<p>Avant que ne soit lanc\u00e9 le processus de traduction de documents, un travail de recherche est effectu\u00e9 de fa\u00e7on \u00e0 \u00e9tudier la terminologie \u00e0 utiliser mais \u00e9galement pour d\u00e9terminer quel terme est le plus pr\u00e9cis et appropri\u00e9 dans chaque contexte. De nombreux termes peuvent \u00eatre traduits de diff\u00e9rentes mani\u00e8res en fonction de la science concern\u00e9e, c\u2019est pourquoi le traducteur doit faire une recherche approfondie, et se servir des bons outils et de donn\u00e9es techniques pour r\u00e9aliser des traductions. La plupart du temps, nous consultons notre client \u00e0 propos de certains termes et utilisons le mat\u00e9riel de r\u00e9f\u00e9rence pour nous assurer que le choix de la traduction transmet avec pr\u00e9cision le sens du document d\u2019origine. Dans la traduction scientifique, il est fr\u00e9quent qu\u2019un produit sp\u00e9cifique dispose d\u2019une terminologie propre. Choisir Cultures Connection, c&rsquo;est la garantie d&rsquo;un <a href=\"https:\/\/culturesconnection.com\/fr\/services-de-traduction\/\">service de traduction<\/a> de qualit\u00e9.<\/p>\n\n\n\n<h2 class=\"wp-block-heading\">Traduction de documents scientifiques : une grande diversit\u00e9<\/h2>\n\n\n\n<p>Voici une liste non exhaustive des services&nbsp;de <a href=\"https:\/\/culturesconnection.com\/fr\/traduction-scientifique\/\">traduction scientifique<\/a> auxquels nous r\u00e9pondons, dans de nombreuses langues&nbsp;:<\/p>\n\n\n\n<ul class=\"wp-block-list\"><li>Articles de recherche scientifique et documents techniques<\/li><li>Lexiques, glossaires et encyclop\u00e9dies scientifiques<\/li><li>Manuels op\u00e9rateurs et utilisateurs<\/li><li>Brevets, directives et documents juridiques<\/li><li>Protocoles d\u2019essais, essais de laboratoire<\/li><li>Cahiers des charges<\/li><li>Bases de donn\u00e9es scientifiques et techniques<\/li><li>Projets et \u00e9tudes de march\u00e9 multi-pays<\/li><li>Logiciels de simulation (biotech, environnement, r\u00e9habilitation de sites industriels)<\/li><li>Traduction de notices techniques, pr\u00e9sentation de congr\u00e8s<\/li><li>Traduction et localisation de sites web<\/li><li>Pr\u00e9sentations multim\u00e9dia et vid\u00e9o<\/li><\/ul>\n","protected":false},"excerpt":{"rendered":"<p>La terminologie est essentielle dans la traduction scientifique La traduction scientifique repr\u00e9sente un enjeu vital pour les entreprises, les laboratoires de recherche ou de d\u00e9veloppement, [&#8230;]<\/p>\n<p><a class=\"btn btn-secondary understrap-read-more-link\" href=\"https:\/\/culturesconnection.com\/fr-be\/traduction-scientifique\/\">Read More&#8230;<span class=\"screen-reader-text\"> from Nos Services de Traduction Scientifique<\/span><\/a><\/p>\n","protected":false},"author":26,"featured_media":27817,"parent":0,"menu_order":0,"comment_status":"closed","ping_status":"closed","template":"","meta":{"_acf_changed":false,"_editorskit_title_hidden":false,"_editorskit_reading_time":0,"_editorskit_is_block_options_detached":false,"_editorskit_block_options_position":"{}","footnotes":""},"class_list":["post-27916","page","type-page","status-publish","has-post-thumbnail","hentry"],"acf":[],"_links":{"self":[{"href":"https:\/\/culturesconnection.com\/fr-be\/wp-json\/wp\/v2\/pages\/27916","targetHints":{"allow":["GET"]}}],"collection":[{"href":"https:\/\/culturesconnection.com\/fr-be\/wp-json\/wp\/v2\/pages"}],"about":[{"href":"https:\/\/culturesconnection.com\/fr-be\/wp-json\/wp\/v2\/types\/page"}],"author":[{"embeddable":true,"href":"https:\/\/culturesconnection.com\/fr-be\/wp-json\/wp\/v2\/users\/26"}],"replies":[{"embeddable":true,"href":"https:\/\/culturesconnection.com\/fr-be\/wp-json\/wp\/v2\/comments?post=27916"}],"version-history":[{"count":0,"href":"https:\/\/culturesconnection.com\/fr-be\/wp-json\/wp\/v2\/pages\/27916\/revisions"}],"wp:featuredmedia":[{"embeddable":true,"href":"https:\/\/culturesconnection.com\/fr-be\/wp-json\/wp\/v2\/media\/27817"}],"wp:attachment":[{"href":"https:\/\/culturesconnection.com\/fr-be\/wp-json\/wp\/v2\/media?parent=27916"}],"curies":[{"name":"wp","href":"https:\/\/api.w.org\/{rel}","templated":true}]}}