{"id":27915,"date":"2021-03-15T14:07:55","date_gmt":"2021-03-15T13:07:55","guid":{"rendered":"http:\/\/culturesconnection.com\/?page_id=27915"},"modified":"2022-06-06T21:49:27","modified_gmt":"2022-06-06T19:49:27","slug":"traduction-urgente","status":"publish","type":"page","link":"https:\/\/culturesconnection.com\/fr-be\/traduction-urgente\/","title":{"rendered":"Nos Services de Traduction Urgente"},"content":{"rendered":"\n<h2 class=\"wp-block-heading\">Besoin rapidement d\u2019une traduction&nbsp;?<\/h2>\n\n\n\n<p>Il vous faut une traduction d\u2019urgence&nbsp;? Cultures Connection sait prendre imm\u00e9diatement votre projet en charge. Notre <a href=\"https:\/\/culturesconnection.com\/fr-be\/\">bureau de traduction<\/a> fait tout ce qu\u2019il faut en vue de vous livrer des traductions dans les d\u00e9lais fix\u00e9s. Si vous faites face \u00e0 un d\u00e9lai particuli\u00e8rement court, contactez-nous car nous trouverons la solution. Nos chefs de projets formeront une \u00e9quipe constitu\u00e9e de plusieurs traducteurs professionnels qui se partageront le travail et traduiront ainsi le plus vite possible vos documents. Les traducteurs travailleront sur notre plateforme en ligne et utiliseront nos outils d\u2019aide \u00e0 la traduction int\u00e9gr\u00e9s de fa\u00e7on \u00e0 homog\u00e9n\u00e9iser le r\u00e9sultat final.<\/p>\n\n\n\n<h2 class=\"wp-block-heading\">Nos traducteurs professionnels exp\u00e9riment\u00e9s<\/h2>\n\n\n\n<p>Notre r\u00e9seau de traducteurs est uniquement constitu\u00e9 de sp\u00e9cialistes du secteur. Nous recrutons nos traducteurs en fonction de leurs dipl\u00f4mes et de leur exp\u00e9rience. Ils traduisent tous dans un domaine de pr\u00e9dilection dans lequel ils excellent, par cons\u00e9quent vos projets seront toujours entre de bonnes mains. Quel que soit le sujet de vos contenus, nos chefs de projets s\u00e9lectionneront pour vous les traducteurs professionnels les plus comp\u00e9tents et ad\u00e9quats pour vous satisfaire. Nos <a href=\"https:\/\/culturesconnection.com\/fr-be\/services-de-traduction\/\">services de traduction<\/a> sont de grande qualit\u00e9.<\/p>\n\n\n\n<h2 class=\"wp-block-heading\">Notre agence de traduction professionnelle<\/h2>\n\n\n\n<p>Depuis&nbsp;2007, notre agence a su trouver sa place dans le monde de la traduction et de l\u2019interpr\u00e9tation. Pour Cultures Connection, la qualit\u00e9 est toujours le meilleur choix. Nous nous engageons constamment aupr\u00e8s de nos clients \u00e0 leur fournir un travail de qualit\u00e9 \u00e0 la hauteur de leurs attentes. Une traduction rapide ne signifie pas que la traduction n\u2019est pas correcte. N\u2019h\u00e9sitez pas \u00e0 nous faire confiance&nbsp;: chaque projet est trait\u00e9 avec tout le professionnalisme et la rigueur qu\u2019il m\u00e9rite.<\/p>\n","protected":false},"excerpt":{"rendered":"<p>Besoin rapidement d\u2019une traduction&nbsp;? Il vous faut une traduction d\u2019urgence&nbsp;? Cultures Connection sait prendre imm\u00e9diatement votre projet en charge. Notre bureau de traduction fait tout [&#8230;]<\/p>\n<p><a class=\"btn btn-secondary understrap-read-more-link\" href=\"https:\/\/culturesconnection.com\/fr-be\/traduction-urgente\/\">Read More&#8230;<span class=\"screen-reader-text\"> from Nos Services de Traduction Urgente<\/span><\/a><\/p>\n","protected":false},"author":33,"featured_media":27922,"parent":0,"menu_order":0,"comment_status":"closed","ping_status":"closed","template":"","meta":{"_acf_changed":false,"_editorskit_title_hidden":false,"_editorskit_reading_time":0,"_editorskit_is_block_options_detached":false,"_editorskit_block_options_position":"{}","footnotes":""},"class_list":["post-27915","page","type-page","status-publish","has-post-thumbnail","hentry"],"acf":[],"_links":{"self":[{"href":"https:\/\/culturesconnection.com\/fr-be\/wp-json\/wp\/v2\/pages\/27915","targetHints":{"allow":["GET"]}}],"collection":[{"href":"https:\/\/culturesconnection.com\/fr-be\/wp-json\/wp\/v2\/pages"}],"about":[{"href":"https:\/\/culturesconnection.com\/fr-be\/wp-json\/wp\/v2\/types\/page"}],"author":[{"embeddable":true,"href":"https:\/\/culturesconnection.com\/fr-be\/wp-json\/wp\/v2\/users\/33"}],"replies":[{"embeddable":true,"href":"https:\/\/culturesconnection.com\/fr-be\/wp-json\/wp\/v2\/comments?post=27915"}],"version-history":[{"count":0,"href":"https:\/\/culturesconnection.com\/fr-be\/wp-json\/wp\/v2\/pages\/27915\/revisions"}],"wp:featuredmedia":[{"embeddable":true,"href":"https:\/\/culturesconnection.com\/fr-be\/wp-json\/wp\/v2\/media\/27922"}],"wp:attachment":[{"href":"https:\/\/culturesconnection.com\/fr-be\/wp-json\/wp\/v2\/media?parent=27915"}],"curies":[{"name":"wp","href":"https:\/\/api.w.org\/{rel}","templated":true}]}}