{"id":27911,"date":"2021-03-15T13:56:41","date_gmt":"2021-03-15T12:56:41","guid":{"rendered":"http:\/\/culturesconnection.com\/?page_id=27911"},"modified":"2022-12-02T14:44:45","modified_gmt":"2022-12-02T13:44:45","slug":"services-de-traduction-de-documents","status":"publish","type":"page","link":"https:\/\/culturesconnection.com\/fr-be\/services-de-traduction-de-documents\/","title":{"rendered":"Nos Services de Traduction de Documents"},"content":{"rendered":"\n<h2 class=\"wp-block-heading\">Services de traduction de documents<\/h2>\n\n\n\n<p>Implant\u00e9e dans trois continents, <a href=\"https:\/\/culturesconnection.com\/fr-be\/\">Cultures Connection<\/a> est un bureau de traduction professionnel offrant ses services dans une multitude de domaines et de paires de langues. Depuis&nbsp;2007, notre mission consiste \u00e0 s\u00e9lectionner des traducteurs parfaitement adapt\u00e9s \u00e0 vos besoins, dans le respect des normes de qualit\u00e9 et des d\u00e9lais.<\/p>\n\n\n\n<h2 class=\"wp-block-heading\">Des traductions sp\u00e9cialis\u00e9es<\/h2>\n\n\n\n<p>Cultures Connection prend en charge l\u2019ensemble de vos projets de traduction, dans tous les secteurs d\u2019activit\u00e9 et quel que soit le sujet trait\u00e9. Nous vous proposons notamment des prestations linguistiques dans ces domaines&nbsp;:<br>&#8211; <a href=\"https:\/\/culturesconnection.com\/fr-be\/traduction-juridique\/\">Traduction juridique<\/a>&nbsp;: contrats, conditions g\u00e9n\u00e9rales, rapports d\u2019expertise, lettres d\u2019intention, etc.<br>&#8211; <a href=\"https:\/\/culturesconnection.com\/fr-be\/traduction-marketing\/\">Traduction marketing<\/a>&nbsp;: brochures, supports publicitaires, sites web, communiqu\u00e9s de presse, fiches produits, etc.<br>&#8211; <a href=\"https:\/\/culturesconnection.com\/fr-be\/traduction-financiere\/\">Traduction financi\u00e8re<\/a>&nbsp;: rapports annuels, bilans comptables, audits, etc.<br>&#8211; <a href=\"https:\/\/culturesconnection.com\/fr-be\/traduction-organisations-internationales\/\">Traduction organisations internationales<\/a>&nbsp;: ONU, FMI, OCDE, etc.<br>&#8211; <a href=\"https:\/\/culturesconnection.com\/fr-be\/traduction-commerciale\/\">Traduction commerciale<\/a>&nbsp;: plaquettes, \u00e9tudes de march\u00e9s, livres blancs, catalogues, cartes de visite, etc.<br>&#8211; <a href=\"https:\/\/culturesconnection.com\/fr-be\/traduction-scientifique\/\">Traduction scientifique<\/a>&nbsp;: m\u00e9dical, biotechnologie, environnement, virologie, etc.<br>&#8211; <a href=\"https:\/\/culturesconnection.com\/fr-be\/traduction-technique\/\">Traduction technique<\/a>&nbsp;: documents d\u2019ing\u00e9nierie, brevets, normes, notices techniques, modes d\u2019emploi, etc.<br>&#8211; <a href=\"https:\/\/culturesconnection.com\/fr-be\/traduction-medicale\/\">Traduction m\u00e9dicale<\/a>&nbsp;: revues, actes de colloque, publications, r\u00e9sultats d\u2019essais cliniques, etc.<br>&#8211; <a href=\"https:\/\/culturesconnection.com\/fr-be\/traduction-de-site-internet\/\">Traduction de sites web<\/a><br>&#8211; <a href=\"https:\/\/culturesconnection.com\/fr-be\/traduction-audiovisuelle\/\">Traduction audiovisuelle<\/a>&nbsp;: transcriptions, rep\u00e9rages et minutage, traductions et adaptations de sous-titres, etc.<\/p>\n\n\n\n<h2 class=\"wp-block-heading\">Nos traducteurs professionnels<\/h2>\n\n\n\n<p>Notre bureau de traduction travaille avec plus de 740&nbsp;traducteurs professionnels, s\u00e9lectionn\u00e9s rigoureusement en fonction de leurs dipl\u00f4mes et de leur exp\u00e9rience dans le secteur concern\u00e9. En outre, ils doivent r\u00e9ussir p\u00e9riodiquement des tests dans leur domaine de sp\u00e9cialisation de fa\u00e7on \u00e0 \u00e9valuer leur expertise et \u00e0 garantir la continuit\u00e9 d\u2019un travail de qualit\u00e9. Enfin, nos traducteurs traduisent uniquement vers leur langue maternelle et sont sp\u00e9cialistes du domaine (juridique, marketing, m\u00e9dical, finance, audiovisuel, etc.) des contenus \u00e0 traduire.<\/p>\n\n\n\n<h2 class=\"wp-block-heading\">Les diff\u00e9rents formats de fichiers<\/h2>\n\n\n\n<p>Chaque secteur d\u2019activit\u00e9 pour lequel nous travaillons utilise g\u00e9n\u00e9ralement des formats de fichiers sp\u00e9cifiques. Nous sommes habitu\u00e9s \u00e0 manier ces diff\u00e9rents formats et nous utilisons r\u00e9guli\u00e8rement&nbsp;: .doc, .docx, .dot, .dotx, .docm, .dotm, .htm, .html, .idml (.indd), .icml, .ppt, .pptx, .pot, .potx, .pptm, .potm, .rtf, .xls, .xlsx, .xlt, .xltx, .xlsm, .xltm, .zip, etc.<\/p>\n\n\n\n<p>Avec notre utilisation d\u2019outils innovants, nous apportons une r\u00e9elle valeur ajout\u00e9e en nous chargeant avec efficacit\u00e9 et s\u00e9rieux de tous vos fichiers dans de plus de 80&nbsp;<a>combinaisons linguistiques<\/a> diff\u00e9rentes.<\/p>\n","protected":false},"excerpt":{"rendered":"<p>Services de traduction de documents Implant\u00e9e dans trois continents, Cultures Connection est un bureau de traduction professionnel offrant ses services dans une multitude de domaines [&#8230;]<\/p>\n<p><a class=\"btn btn-secondary understrap-read-more-link\" href=\"https:\/\/culturesconnection.com\/fr-be\/services-de-traduction-de-documents\/\">Read More&#8230;<span class=\"screen-reader-text\"> from Nos Services de Traduction de Documents<\/span><\/a><\/p>\n","protected":false},"author":33,"featured_media":27913,"parent":0,"menu_order":0,"comment_status":"closed","ping_status":"closed","template":"","meta":{"_acf_changed":false,"_editorskit_title_hidden":false,"_editorskit_reading_time":0,"_editorskit_is_block_options_detached":false,"_editorskit_block_options_position":"{}","footnotes":""},"class_list":["post-27911","page","type-page","status-publish","has-post-thumbnail","hentry"],"acf":[],"_links":{"self":[{"href":"https:\/\/culturesconnection.com\/fr-be\/wp-json\/wp\/v2\/pages\/27911","targetHints":{"allow":["GET"]}}],"collection":[{"href":"https:\/\/culturesconnection.com\/fr-be\/wp-json\/wp\/v2\/pages"}],"about":[{"href":"https:\/\/culturesconnection.com\/fr-be\/wp-json\/wp\/v2\/types\/page"}],"author":[{"embeddable":true,"href":"https:\/\/culturesconnection.com\/fr-be\/wp-json\/wp\/v2\/users\/33"}],"replies":[{"embeddable":true,"href":"https:\/\/culturesconnection.com\/fr-be\/wp-json\/wp\/v2\/comments?post=27911"}],"version-history":[{"count":0,"href":"https:\/\/culturesconnection.com\/fr-be\/wp-json\/wp\/v2\/pages\/27911\/revisions"}],"wp:featuredmedia":[{"embeddable":true,"href":"https:\/\/culturesconnection.com\/fr-be\/wp-json\/wp\/v2\/media\/27913"}],"wp:attachment":[{"href":"https:\/\/culturesconnection.com\/fr-be\/wp-json\/wp\/v2\/media?parent=27911"}],"curies":[{"name":"wp","href":"https:\/\/api.w.org\/{rel}","templated":true}]}}