{"id":27847,"date":"2021-03-15T14:17:17","date_gmt":"2021-03-15T13:17:17","guid":{"rendered":"http:\/\/culturesconnection.com\/?page_id=27847"},"modified":"2022-06-04T23:10:27","modified_gmt":"2022-06-04T21:10:27","slug":"traduction-commerciale","status":"publish","type":"page","link":"https:\/\/culturesconnection.com\/fr-be\/traduction-commerciale\/","title":{"rendered":"Traduction Commerciale"},"content":{"rendered":"\n<h2 class=\"wp-block-heading\">La traduction commerciale, votre alli\u00e9e pour votre expansion \u00e0 l\u2019international<\/h2>\n\n\n\n<p>Avec la mondialisation en expansion des \u00e9changes, <strong>pour les entreprises qui souhaitent se d\u00e9velopper \u00e0 l\u2019international, la traduction commerciale constitue un r\u00e9el enjeu<\/strong>. Comme les cultures commerciales varient forc\u00e9ment d\u2019un pays \u00e0 l\u2019autre au niveau des pratiques, des attentes, des comportements et des styles r\u00e9dactionnels, la traduction de qualit\u00e9 de vos documents commerciaux prendra en compte ces sp\u00e9cificit\u00e9s culturelles.<\/p>\n\n\n\n<p>La signature d\u2019un contrat ne repose pas sur les m\u00eames r\u00e8gles en Argentine ou \u00e0 Hong Kong, ce qui oblige les traducteurs commerciaux \u00e0 conna\u00eetre parfaitement la culture marchande actuelle dans les deux pays&nbsp;: celle d\u2019o\u00f9 vient le document et celle o\u00f9 il va \u00eatre lu.<\/p>\n\n\n\n<h2 class=\"wp-block-heading\">La traduction marketing et commerciale&nbsp;: une question de cr\u00e9dibilit\u00e9<\/h2>\n\n\n\n<p>Pour la r\u00e9ussite de votre entreprise, il est crucial de disposer, par exemple, d\u2019un plan de d\u00e9veloppement pour le financement et la recherche de partenaires et d\u2019investisseurs. Vous avez l\u2019intention d\u2019\u00e9tendre votre activit\u00e9 \u00e0 l\u2019international, cependant votre entreprise est-elle pr\u00eate \u00e0 pr\u00e9senter ses objectifs commerciaux dans des pays lointains alors m\u00eame que vous n\u2019en ma\u00eetrisez pas la langue&nbsp;?<\/p>\n\n\n\n<p>Quelle est votre strat\u00e9gie de communication avec vos nouveaux partenaires et comment allez-vous promouvoir votre entreprise aupr\u00e8s de clients parlant l\u2019allemand, l\u2019espagnol ou le japonais&nbsp;? Vos investisseurs et partenaires internationaux en Asie ou ailleurs savent parler un peu l\u2019anglais, mais il est tr\u00e8s probable que vous gagnerez plus facilement leur confiance en leur fournissant des <strong>documents commerciaux et marketing<\/strong> qui sont traduits ou r\u00e9dig\u00e9s dans leur langue maternelle.<\/p>\n\n\n\n<h2 class=\"wp-block-heading\">Des professionnels de la traduction commerciale \u00e0 votre service<\/h2>\n\n\n\n<p>Pour d\u00e9velopper votre entreprise \u00e0 l\u2019\u00e9tranger, choisir Cultures Connection vous apporte la garantie de <a>services de traduction<\/a> de qualit\u00e9. Nous avons s\u00e9lectionn\u00e9 des traducteurs sp\u00e9cialis\u00e9s en traduction marketing et commerciale en fonction de leurs dipl\u00f4mes. Ils poss\u00e8dent tous une exp\u00e9rience av\u00e9r\u00e9e dans ces secteurs. Nous proposons des traducteurs dans de nombreuses combinaisons de langues.<\/p>\n\n\n\n<p>Notre <a>bureau de traduction<\/a> dans les domaines du commerce et du marketing vous accompagne dans votre ambition d\u2019expansion \u00e0 l\u2019international. Notre sp\u00e9cialit\u00e9, c\u2019est la <strong>traduction d\u2019un large \u00e9ventail de documents commerciaux<\/strong>&nbsp;: plaquettes, brochures, campagnes, communiqu\u00e9s, sites web, pr\u00e9sentations, catalogues, \u00e9tudes de march\u00e9, supports publicitaires et publicit\u00e9s, lettres d\u2019information commerciales, cartes de visite, livres blancs, etc.<\/p>\n","protected":false},"excerpt":{"rendered":"<p>La traduction commerciale, votre alli\u00e9e pour votre expansion \u00e0 l\u2019international Avec la mondialisation en expansion des \u00e9changes, pour les entreprises qui souhaitent se d\u00e9velopper \u00e0 [&#8230;]<\/p>\n<p><a class=\"btn btn-secondary understrap-read-more-link\" href=\"https:\/\/culturesconnection.com\/fr-be\/traduction-commerciale\/\">Read More&#8230;<span class=\"screen-reader-text\"> from Traduction Commerciale<\/span><\/a><\/p>\n","protected":false},"author":2,"featured_media":27848,"parent":0,"menu_order":0,"comment_status":"closed","ping_status":"closed","template":"","meta":{"_acf_changed":false,"_editorskit_title_hidden":false,"_editorskit_reading_time":0,"_editorskit_is_block_options_detached":false,"_editorskit_block_options_position":"{}","footnotes":""},"class_list":["post-27847","page","type-page","status-publish","has-post-thumbnail","hentry"],"acf":[],"_links":{"self":[{"href":"https:\/\/culturesconnection.com\/fr-be\/wp-json\/wp\/v2\/pages\/27847","targetHints":{"allow":["GET"]}}],"collection":[{"href":"https:\/\/culturesconnection.com\/fr-be\/wp-json\/wp\/v2\/pages"}],"about":[{"href":"https:\/\/culturesconnection.com\/fr-be\/wp-json\/wp\/v2\/types\/page"}],"author":[{"embeddable":true,"href":"https:\/\/culturesconnection.com\/fr-be\/wp-json\/wp\/v2\/users\/2"}],"replies":[{"embeddable":true,"href":"https:\/\/culturesconnection.com\/fr-be\/wp-json\/wp\/v2\/comments?post=27847"}],"version-history":[{"count":0,"href":"https:\/\/culturesconnection.com\/fr-be\/wp-json\/wp\/v2\/pages\/27847\/revisions"}],"wp:featuredmedia":[{"embeddable":true,"href":"https:\/\/culturesconnection.com\/fr-be\/wp-json\/wp\/v2\/media\/27848"}],"wp:attachment":[{"href":"https:\/\/culturesconnection.com\/fr-be\/wp-json\/wp\/v2\/media?parent=27847"}],"curies":[{"name":"wp","href":"https:\/\/api.w.org\/{rel}","templated":true}]}}