{"id":8994,"date":"2017-09-01T22:20:53","date_gmt":"2017-09-01T21:20:53","guid":{"rendered":"http:\/\/culturesconnection.com\/seo-multilingue-optimisation-balises\/"},"modified":"2024-09-27T20:20:01","modified_gmt":"2024-09-27T18:20:01","slug":"seo-multilingue-optimizacion-seo-etiquetas","status":"publish","type":"page","link":"https:\/\/culturesconnection.com\/es\/seo-multilingue-optimizacion-seo-etiquetas\/","title":{"rendered":"Optimizaci\u00f3n de Etiquetas"},"content":{"rendered":"\n<h2 class=\"wp-block-heading\">Sitio web multiling\u00fce, traducciones localizadas y optimizadas SEO: la base de su desarrollo en el extranjero<\/h2>\n\n\n\n<p>Si ha le\u00eddo nuestra p\u00e1gina <a href=\"https:\/\/culturesconnection.com\/es\/seo-multilingue-traduccion-seo\/\">Traducci\u00f3n SEO<\/a>, ahora sabe que:<br>&#8211; tener su sitio web en el idioma de sus clientes potenciales le puede resultar favorable porque prefieren leer en su idioma materno;<br>&#8211; localizar sus traducciones, es decir, adaptar las expresiones a las particularidades locales de sus mercados meta, le asegura hacerse entender y no cometer errores ling\u00fc\u00edsticos ni culturales;<br>&#8211; optimizar su traducci\u00f3n de p\u00e1ginas web con SEO, es decir, utilizar las mismas expresiones que los internautas, mejora las oportunidades de su sitio web para aparecer en las respuestas de Google cuando el internauta formula su consulta.<\/p>\n\n\n\n<p>Pero todav\u00eda quedan varias etapas que superar para que su sitio web aparezca en las primeras p\u00e1ginas de Google. Y la etapa siguiente es la optimizaci\u00f3n de sus etiquetas.<\/p>\n\n\n\n<h2 class=\"wp-block-heading\">Optimizar las etiquetas de su sitio web<\/h2>\n\n\n\n<p>Google lo identifica como una buena respuesta a la consulta de los internautas gracias a un conjunto de indicios disponibles en la web. Como hemos visto anteriormente, el primero de estos indicios es la presencia de la expresi\u00f3n buscada en el contenido de su sitio web. El segundo indicio \u00abvisible\u00bb para Google es la presencia de estas expresiones en las etiquetas de su sitio web.<\/p>\n\n\n\n<p>Existen varios tipos de etiquetas:<br>&#8211; Las etiquetas T\u00edtulo y Meta descripci\u00f3n: indican a Google la naturaleza del contenido de cada una de sus p\u00e1ginas. Estas etiquetas son muy importantes porque son las que van a aparecer en la primera p\u00e1gina de respuestas de Google.<\/p>\n\n\n\n<figure class=\"wp-block-image is-resized is-style-default\"><img loading=\"lazy\" decoding=\"async\" src=\"https:\/\/culturesconnection.com\/wp-content\/uploads\/2017\/09\/etiqueta-titulo-1.jpg\" alt=\"\" width=\"679\" height=\"119\"\/><\/figure>\n\n\n\n<p>&#8211; Las etiquetas Hn sirven para clasificar sus contenidos, es decir, para indicar a Google qu\u00e9 partes del contenido son las m\u00e1s importantes. En la prensa, se usan t\u00edtulos, entradillas, subt\u00edtulos, intert\u00edtulos\u2026 En la web, usted debe destacar el t\u00edtulo principal con la etiqueta H1, el subt\u00edtulo con la etiqueta H2 y as\u00ed sucesivamente. Una expresi\u00f3n que aparezca en H1 deber\u00e1 contener su palabra clave principal.<br>&#8211; Las etiquetas Alt indican a Google el contenido de sus im\u00e1genes.<\/p>\n\n\n\n<p>Con el tiempo y los cambios del algoritmo de Google, el impacto de cada una de estas etiquetas en la indexaci\u00f3n ha evolucionado, dando menos importancia a la etiqueta meta descripci\u00f3n, por ejemplo. Rellenar estas etiquetas con las expresiones detectadas como las m\u00e1s utilizadas por sus clientes potenciales es una etapa fundamental para darle credibilidad a su sitio web a los ojos de Google. Es una de las claves parar aumentar sus oportunidades de ser seleccionado por su gran clasificaci\u00f3n final.<\/p>\n\n\n\n<p>Nuestros expertos en indexaci\u00f3n redactan todas sus etiquetas y las integran en su sitio web. Optimizan tambi\u00e9n sus URL seg\u00fan los mismos principios: si sus palabras clave aparecen en ellas, Google lo tiene en cuenta.<\/p>\n\n\n\n<p>Si usted hace todo los que acabamos de explicar, su sitio va a subir en los resultados de su buscador favorito. \u00bfQuiere m\u00e1s? \u00a1Entre en nuestra secci\u00f3n Estrategia de netlinking!<\/p>\n\n\n\n<h2 class=\"wp-block-heading\">Nuestros servicios de traducci\u00f3n de sitio web<\/h2>\n\n\n\n<p>\u00bfSu sitio est\u00e1 en WordPress? Cultures Connection tiene convenio con WPML, el plugin de traducci\u00f3n l\u00edder en el mercado. Traducir su sitio web nunca ha sido tan f\u00e1cil: llevamos a cabo la traducci\u00f3n y la integraci\u00f3n de los textos en su sitio.<\/p>\n\n\n\n<p>Cultures Connection tambi\u00e9n puede traducir su sitio web desde otros formatos tales como Word, Excel, documentos de texto (.txt), desde sistemas de gesti\u00f3n de contenidos (CMS) como Joomla, Magento, PrestaShop, etc. o directamente desde el c\u00f3digo fuente de su sitio.<\/p>\n\n\n\n<h2 class=\"wp-block-heading\">Nuestros otros servicios de SEO multiling\u00fce y de marketing digital<\/h2>\n\n\n\n<ul class=\"wp-block-list\"><li><strong>Traducci\u00f3n SEO<\/strong><br>\nLos posicionadores web identifican las principales palabras clave de su actividad en el mercado al que usted apunta y le entregan al traductor un glosario de expresiones para usar en prioridad.<\/li><li><strong>Estrategia de netlinking<\/strong><br>\nIdentificamos para usted los backlinks (enlaces externos que provienen de otros sitios web) m\u00e1s \u00fatiles para fomentar la popularidad de su sitio web.<\/li><li><strong>Creaci\u00f3n de contenidos optimizados SEO<\/strong><br>\nLos redactores de contenidos multiling\u00fces SEO redactan para usted contenidos localizados y optimizados para los buscadores.<\/li><\/ul>\n\n\n\n<h2 class=\"wp-block-heading\">Referencias en todos los sectores<\/h2>\n\n\n\n<p>Entre nuestras referencias, contamos con muchas traducciones de contenidos de sitios web, sitios e-comercios, plataformas comerciales, etc. para instituciones como la FAO, la ONU y empresas como TARAGUI, CARREFOUR Argentina, DANONE, etc.<\/p>\n","protected":false},"excerpt":{"rendered":"<p>Sitio web multiling\u00fce, traducciones localizadas y optimizadas SEO: la base de su desarrollo en el extranjero Si ha le\u00eddo nuestra p\u00e1gina Traducci\u00f3n SEO, ahora sabe [&#8230;]<\/p>\n<p><a class=\"btn btn-secondary understrap-read-more-link\" href=\"https:\/\/culturesconnection.com\/es\/seo-multilingue-optimizacion-seo-etiquetas\/\">Leer m\u00e1s&#8230;<span class=\"screen-reader-text\"> from Optimizaci\u00f3n de Etiquetas<\/span><\/a><\/p>\n","protected":false},"author":40,"featured_media":19549,"parent":0,"menu_order":0,"comment_status":"closed","ping_status":"closed","template":"","meta":{"_acf_changed":false,"_editorskit_title_hidden":false,"_editorskit_reading_time":3,"_editorskit_is_block_options_detached":false,"_editorskit_block_options_position":"{}","footnotes":""},"class_list":["post-8994","page","type-page","status-publish","has-post-thumbnail","hentry"],"acf":[],"_links":{"self":[{"href":"https:\/\/culturesconnection.com\/es\/wp-json\/wp\/v2\/pages\/8994","targetHints":{"allow":["GET"]}}],"collection":[{"href":"https:\/\/culturesconnection.com\/es\/wp-json\/wp\/v2\/pages"}],"about":[{"href":"https:\/\/culturesconnection.com\/es\/wp-json\/wp\/v2\/types\/page"}],"author":[{"embeddable":true,"href":"https:\/\/culturesconnection.com\/es\/wp-json\/wp\/v2\/users\/40"}],"replies":[{"embeddable":true,"href":"https:\/\/culturesconnection.com\/es\/wp-json\/wp\/v2\/comments?post=8994"}],"version-history":[{"count":0,"href":"https:\/\/culturesconnection.com\/es\/wp-json\/wp\/v2\/pages\/8994\/revisions"}],"wp:featuredmedia":[{"embeddable":true,"href":"https:\/\/culturesconnection.com\/es\/wp-json\/wp\/v2\/media\/19549"}],"wp:attachment":[{"href":"https:\/\/culturesconnection.com\/es\/wp-json\/wp\/v2\/media?parent=8994"}],"curies":[{"name":"wp","href":"https:\/\/api.w.org\/{rel}","templated":true}]}}