{"id":8872,"date":"2016-05-02T22:44:33","date_gmt":"2016-05-02T20:44:33","guid":{"rendered":"http:\/\/culturesconnection.com\/traduction-professionnelle-langues-traduites\/"},"modified":"2024-09-27T00:08:45","modified_gmt":"2024-09-26T22:08:45","slug":"traductor-profesional","status":"publish","type":"page","link":"https:\/\/culturesconnection.com\/es\/traductor-profesional\/","title":{"rendered":"Traductor profesional | en m\u00e1s de 80 idiomas"},"content":{"rendered":"\n<h2 class=\"wp-block-heading\">Traducimos en m\u00e1s de 80 idiomas<\/h2>\n\n\n\n<p>Proponemos <a href=\"https:\/\/culturesconnection.com\/es\/servicios-de-traduccion\/\">servicios de traducci\u00f3n profesional<\/a> en m\u00e1s de<strong> 80 idiomas y alrededor de 100 combinaciones ling\u00fc\u00edsticas<\/strong>. Traducimos del y al franc\u00e9s, ingl\u00e9s, espa\u00f1ol, alem\u00e1n, italiano, etc. Que se trate de una traducci\u00f3n al ingl\u00e9s o al japon\u00e9s, nuestros jefes de proyecto se encargan de elegir al profesional m\u00e1s adaptado a sus necesidades. Descubra nuestros idiomas de trabajo y las opiniones de nuestros traductores expertos:<\/p>\n\n\n\n<figure class=\"wp-block-table\"><table><tbody><tr><td><a href=\"https:\/\/culturesconnection.com\/es\/servicios-de-traduccion-de-ingles\/\">INGL\u00c9S<\/a><\/td><td><a href=\"https:\/\/culturesconnection.com\/es\/servicios-de-traduccion-de-neerlandes\/\">NEERLAND\u00c9S<\/a><\/td><td><a href=\"https:\/\/culturesconnection.com\/es\/servicios-de-traduccion-de-japones\/\">JAPON\u00c9S<\/a><\/td><td>SUECO<\/td><td><a href=\"https:\/\/culturesconnection.com\/es\/servicios-de-traduccion-de-bosnio\/\">BOSNIO<\/a><\/td><\/tr><tr><td><a href=\"https:\/\/culturesconnection.com\/es\/servicios-de-traduccion-de-frances\/\">FRANC\u00c9S<\/a><\/td><td><a href=\"https:\/\/culturesconnection.com\/es\/servicios-de-traduccion-de-turco\/\">TURCO<\/a><\/td><td><a href=\"https:\/\/culturesconnection.com\/es\/servicios-de-traduccion-de-coreano\/\">COREANO<\/a><\/td><td><a href=\"https:\/\/culturesconnection.com\/es\/servicios-de-traduccion-de-danes\/\">DAN\u00c9S<\/a><\/td><td><a href=\"https:\/\/culturesconnection.com\/es\/servicios-de-traduccion-de-hungaro\/\">H\u00daNGARO<\/a><\/td><\/tr><tr><td><a href=\"https:\/\/culturesconnection.com\/es\/servicios-de-traduccion-de-aleman\/\">ALEM\u00c1N<\/a><\/td><td><a href=\"https:\/\/culturesconnection.com\/es\/servicios-de-traduccion-al-arabe\/\">\u00c1RABE<\/a><\/td><td><a href=\"https:\/\/culturesconnection.com\/es\/servicios-de-traduccion-urdu\/\">URDU<\/a><\/td><td><a href=\"https:\/\/culturesconnection.com\/es\/servicios-de-traduccion-de-noruego\/\">NORUEGO<\/a><\/td><td>RUMANO<\/td><\/tr><tr><td><a href=\"https:\/\/culturesconnection.com\/es\/servicios-de-traduccion-de-italiano\/\">ITALIANO<\/a><\/td><td><a href=\"https:\/\/culturesconnection.com\/es\/servicios-de-traduccion-de-ruso\/\">RUSO<\/a><\/td><td><a href=\"https:\/\/culturesconnection.com\/es\/servicios-de-traduccion-de-griego\/\">GRIEGO<\/a><\/td><td>POLACO<\/td><td><a href=\"https:\/\/culturesconnection.com\/es\/servicios-de-traduccion-de-croata\/\">CROATA<\/a><\/td><\/tr><tr><td><a href=\"https:\/\/culturesconnection.com\/es\/servicios-de-traduccion-de-portugues\/\">PORTUGU\u00c9S<\/a><\/td><td><a href=\"https:\/\/culturesconnection.com\/es\/nuestros-servicios-de-traduccion-de-chino\/\">CHINO<\/a><\/td><td><a href=\"https:\/\/culturesconnection.com\/es\/servicios-de-traduccion-de-fines\/\">FIN\u00c9S<\/a><\/td><td><a href=\"https:\/\/culturesconnection.com\/es\/servicios-de-traduccion-de-checo\/?amp;preview=true\">CHECO<\/a><\/td><td><a href=\"https:\/\/culturesconnection.com\/es\/servicios-de-traduccion-de-bulgaro\/\">B\u00daLGARO<\/a><\/td><\/tr><\/tbody><\/table><\/figure>\n\n\n\n<h2 class=\"wp-block-heading\">Una red de traductores profesionales a su servicio<\/h2>\n\n\n\n<p>Gracias a su experiencia en servicios ling\u00fc\u00edsticos, nuestra <a href=\"https:\/\/culturesconnection.com\/es\/\">agencia de traducci\u00f3n<\/a> cuenta con una amplia red de traductores competentes, calificados y confiables. Para garantizar al cliente un servicio que est\u00e1 a la altura de sus expectativas, Cultures Connection selecciona sus traductores en base a criterios muy estrictos: tener un t\u00edtulo reconocido por las autoridades de su pa\u00eds y tener por lo menos 5 a\u00f1os de experiencia como traductor.<\/p>\n\n\n\n<p>Deben aprobar una serie de evaluaciones para integrar nuestro equipo de expertos y realizar tests de nivel con regularidad. Adem\u00e1s de sus competencias ling\u00fc\u00edsticas, nuestros traductores profesionales son especialistas destacados en sus campos (finanzas, negocios, ciencia, medicina, jur\u00eddica, audiovisual, etc). Conforme al reglamento europeo en vigencia, trabajan \u00fanicamente hacia su lengua materna.<\/p>\n\n\n\n<h2 class=\"wp-block-heading\">Servicios de traducci\u00f3n adaptados a su sector de actividad<\/h2>\n\n\n\n<p>Cultures Connection propone sus servicios a empresas que operan en sectores muy diversos. Con oficinas en <a href=\"https:\/\/culturesconnection.com\/es\/agencia-de-traduccion-buenos-aires\/\">Buenos Aires<\/a>, <a href=\"https:\/\/culturesconnection.com\/es\/agencia-de-traduccion-paris\/\">Par\u00eds<\/a>, <a href=\"https:\/\/culturesconnection.com\/es\/agencia-de-traduccion-niza\/\">Niza<\/a> y <a href=\"https:\/\/culturesconnection.com\/es\/agencia-de-traduccion-nueva-york\/\">Nueva York<\/a>, nuestra empresa de traducci\u00f3n cuenta con una red de m\u00e1s de 740 traductores profesionales alrededor del mundo, dispuestos a acompa\u00f1arlo en la internacionalizaci\u00f3n de su comunicaci\u00f3n. Si usted necesita una traducci\u00f3n t\u00e9cnica, jur\u00eddica, comercial, etc., nuestros jefes de proyecto se encargan de seleccionar a los expertos ling\u00fc\u00edsticos m\u00e1s calificados para su proyecto.<\/p>\n\n\n\n<h2 class=\"wp-block-heading\">Nuestras 10 combinaciones ling\u00fc\u00edsticas m\u00e1s solicitadas<\/h2>\n\n\n\n<ul class=\"wp-block-list\">\n<li>Traducci\u00f3n espa\u00f1ol ingl\u00e9s<\/li>\n\n\n\n<li>Traducci\u00f3n espa\u00f1ol franc\u00e9s<\/li>\n\n\n\n<li>Traducci\u00f3n espa\u00f1ol alem\u00e1n<\/li>\n\n\n\n<li>Traducci\u00f3n espa\u00f1ol chino<\/li>\n\n\n\n<li>Traducci\u00f3n espa\u00f1ol \u00e1rabe<\/li>\n\n\n\n<li>Traducci\u00f3n espa\u00f1ol portugu\u00e9s<\/li>\n\n\n\n<li>Traducci\u00f3n espa\u00f1ol italiano<\/li>\n\n\n\n<li>Traducci\u00f3n espa\u00f1ol neerland\u00e9s<\/li>\n\n\n\n<li>Traducci\u00f3n espa\u00f1ol turco<\/li>\n\n\n\n<li>Traducci\u00f3n espa\u00f1ol japon\u00e9s<\/li>\n\n\n\n<li>Traducci\u00f3n espa\u00f1ol ruso<\/li>\n<\/ul>\n","protected":false},"excerpt":{"rendered":"<p>Traducimos en m\u00e1s de 80 idiomas Proponemos servicios de traducci\u00f3n profesional en m\u00e1s de 80 idiomas y alrededor de 100 combinaciones ling\u00fc\u00edsticas. Traducimos del y [&#8230;]<\/p>\n<p><a class=\"btn btn-secondary understrap-read-more-link\" href=\"https:\/\/culturesconnection.com\/es\/traductor-profesional\/\">Leer m\u00e1s&#8230;<span class=\"screen-reader-text\"> from Traductor profesional | en m\u00e1s de 80 idiomas<\/span><\/a><\/p>\n","protected":false},"author":26,"featured_media":0,"parent":0,"menu_order":0,"comment_status":"closed","ping_status":"closed","template":"","meta":{"_acf_changed":false,"_editorskit_title_hidden":false,"_editorskit_reading_time":1,"_editorskit_is_block_options_detached":false,"_editorskit_block_options_position":"{}","footnotes":""},"class_list":["post-8872","page","type-page","status-publish","hentry"],"acf":[],"_links":{"self":[{"href":"https:\/\/culturesconnection.com\/es\/wp-json\/wp\/v2\/pages\/8872","targetHints":{"allow":["GET"]}}],"collection":[{"href":"https:\/\/culturesconnection.com\/es\/wp-json\/wp\/v2\/pages"}],"about":[{"href":"https:\/\/culturesconnection.com\/es\/wp-json\/wp\/v2\/types\/page"}],"author":[{"embeddable":true,"href":"https:\/\/culturesconnection.com\/es\/wp-json\/wp\/v2\/users\/26"}],"replies":[{"embeddable":true,"href":"https:\/\/culturesconnection.com\/es\/wp-json\/wp\/v2\/comments?post=8872"}],"version-history":[{"count":0,"href":"https:\/\/culturesconnection.com\/es\/wp-json\/wp\/v2\/pages\/8872\/revisions"}],"wp:attachment":[{"href":"https:\/\/culturesconnection.com\/es\/wp-json\/wp\/v2\/media?parent=8872"}],"curies":[{"name":"wp","href":"https:\/\/api.w.org\/{rel}","templated":true}]}}