{"id":87910,"date":"2022-09-21T02:49:15","date_gmt":"2022-09-21T00:49:15","guid":{"rendered":"https:\/\/culturesconnection.com\/?page_id=87910"},"modified":"2022-09-21T03:07:24","modified_gmt":"2022-09-21T01:07:24","slug":"recursos","status":"publish","type":"page","link":"https:\/\/culturesconnection.com\/es\/recursos\/","title":{"rendered":"Recursos"},"content":{"rendered":"\n<div style=\"height:50px\" aria-hidden=\"true\" class=\"wp-block-spacer\"><\/div>\n\n\n\n<div class=\"wp-block-media-text alignwide is-stacked-on-mobile is-image-fill\"><figure class=\"wp-block-media-text__media\" style=\"background-image:url(https:\/\/culturesconnection.com\/wp-content\/uploads\/2020\/04\/Start-a-Translation-Career.-A-Guide-for-Students.jpeg);background-position:50% 50%\"><a href=\"https:\/\/culturesconnection.com\/fr\/blog-de-traduction\/\"><img loading=\"lazy\" decoding=\"async\" width=\"940\" height=\"627\" src=\"https:\/\/culturesconnection.com\/wp-content\/uploads\/2020\/04\/Start-a-Translation-Career.-A-Guide-for-Students.jpeg\" alt=\"Blog\" class=\"wp-image-20192 size-full\" srcset=\"https:\/\/culturesconnection.com\/wp-content\/uploads\/2020\/04\/Start-a-Translation-Career.-A-Guide-for-Students.jpeg 940w, https:\/\/culturesconnection.com\/wp-content\/uploads\/2020\/04\/Start-a-Translation-Career.-A-Guide-for-Students-300x200.jpeg 300w, https:\/\/culturesconnection.com\/wp-content\/uploads\/2020\/04\/Start-a-Translation-Career.-A-Guide-for-Students-768x512.jpeg 768w\" sizes=\"auto, (max-width: 940px) 100vw, 940px\" \/><\/a><\/figure><div class=\"wp-block-media-text__content\">\n<p class=\"has-large-font-size\">Blog<\/p>\n\n\n\n<p>Descubra los art\u00edculos de nuestro blog relacionados con el sector de la traducci\u00f3n, donde encontrar\u00e1 abundante informaci\u00f3n sobre traducci\u00f3n, subtitulaci\u00f3n, interpretaci\u00f3n y traducci\u00f3n SEO.<\/p>\n\n\n\n<div class=\"wp-block-buttons is-layout-flex wp-block-buttons-is-layout-flex\">\n<div class=\"wp-block-button is-style-outline is-style-outline--1\"><a class=\"wp-block-button__link\" href=\"https:\/\/culturesconnection.com\/es\/blog-de-traduccion\/\">Descubrir<\/a><\/div>\n<\/div>\n<\/div><\/div>\n\n\n\n<div style=\"height:91px\" aria-hidden=\"true\" class=\"wp-block-spacer\"><\/div>\n\n\n\n<div class=\"wp-block-media-text alignwide has-media-on-the-right is-stacked-on-mobile is-image-fill\"><figure class=\"wp-block-media-text__media\" style=\"background-image:url(https:\/\/culturesconnection.com\/wp-content\/uploads\/2022\/08\/avion-buildings-pexels-cameron-casey-1157255-683x1024.jpg);background-position:50% 50%\"><a href=\"https:\/\/culturesconnection.com\/fr\/liste-de-projets\/\"><img loading=\"lazy\" decoding=\"async\" width=\"683\" height=\"1024\" src=\"https:\/\/culturesconnection.com\/wp-content\/uploads\/2022\/08\/avion-buildings-pexels-cameron-casey-1157255-683x1024.jpg\" alt=\"Avion dans un ciel bleu\" class=\"wp-image-86954 size-full\" srcset=\"https:\/\/culturesconnection.com\/wp-content\/uploads\/2022\/08\/avion-buildings-pexels-cameron-casey-1157255-683x1024.jpg 683w, https:\/\/culturesconnection.com\/wp-content\/uploads\/2022\/08\/avion-buildings-pexels-cameron-casey-1157255-200x300.jpg 200w, https:\/\/culturesconnection.com\/wp-content\/uploads\/2022\/08\/avion-buildings-pexels-cameron-casey-1157255-768x1152.jpg 768w, https:\/\/culturesconnection.com\/wp-content\/uploads\/2022\/08\/avion-buildings-pexels-cameron-casey-1157255-1024x1536.jpg 1024w, https:\/\/culturesconnection.com\/wp-content\/uploads\/2022\/08\/avion-buildings-pexels-cameron-casey-1157255-scaled.jpg 1365w\" sizes=\"auto, (max-width: 683px) 100vw, 683px\" \/><\/a><\/figure><div class=\"wp-block-media-text__content\">\n<p class=\"has-text-align-right has-large-font-size\">Relatos de proyectos<\/p>\n\n\n\n<p class=\"has-text-align-right\">Explore los relatos de proyectos de traducci\u00f3n e interpretaci\u00f3n llevados a cabo por nuestra agencia para clientes de todo el mundo.<\/p>\n\n\n\n<div class=\"wp-block-buttons is-content-justification-right is-layout-flex wp-container-core-buttons-is-layout-765c4724 wp-block-buttons-is-layout-flex\">\n<div class=\"wp-block-button is-style-outline is-style-outline--2\"><a class=\"wp-block-button__link\" href=\"https:\/\/culturesconnection.com\/es\/lista-de-proyectos\/\">Explorar<\/a><\/div>\n<\/div>\n<\/div><\/div>\n\n\n\n<div style=\"height:100px\" aria-hidden=\"true\" class=\"wp-block-spacer\"><\/div>\n\n\n\n<div class=\"wp-block-media-text alignwide is-stacked-on-mobile is-image-fill\"><figure class=\"wp-block-media-text__media\" style=\"background-image:url(https:\/\/culturesconnection.com\/wp-content\/uploads\/2016\/05\/essai-1.png);background-position:50% 50%\"><img loading=\"lazy\" decoding=\"async\" width=\"960\" height=\"475\" src=\"https:\/\/culturesconnection.com\/wp-content\/uploads\/2016\/05\/essai-1.png\" alt=\"Whitepapers\" class=\"wp-image-5666 size-full\" srcset=\"https:\/\/culturesconnection.com\/wp-content\/uploads\/2016\/05\/essai-1.png 960w, https:\/\/culturesconnection.com\/wp-content\/uploads\/2016\/05\/essai-1-300x148.png 300w, https:\/\/culturesconnection.com\/wp-content\/uploads\/2016\/05\/essai-1-900x445.png 900w\" sizes=\"auto, (max-width: 960px) 100vw, 960px\" \/><\/figure><div class=\"wp-block-media-text__content\">\n<p class=\"has-large-font-size\">Libros blancos y folletos<\/p>\n\n\n\n<p>Descargue nuestros libros blancos y folletos.<\/p>\n\n\n\n<div class=\"wp-block-buttons is-layout-flex wp-block-buttons-is-layout-flex\">\n<div class=\"wp-block-button is-style-outline is-style-outline--3\"><a class=\"wp-block-button__link\" href=\"https:\/\/culturesconnection.com\/es\/libros-blancos-y-folletos\/\">Descargar<\/a><\/div>\n<\/div>\n<\/div><\/div>\n\n\n\n<div style=\"height:100px\" aria-hidden=\"true\" class=\"wp-block-spacer\"><\/div>\n","protected":false},"excerpt":{"rendered":"<p> [&#8230;]<\/p>\n<p><a class=\"btn btn-secondary understrap-read-more-link\" href=\"https:\/\/culturesconnection.com\/es\/recursos\/\">Leer m\u00e1s&#8230;<span class=\"screen-reader-text\"> from Recursos<\/span><\/a><\/p>\n","protected":false},"author":73,"featured_media":0,"parent":0,"menu_order":0,"comment_status":"closed","ping_status":"closed","template":"","meta":{"_acf_changed":false,"_editorskit_title_hidden":false,"_editorskit_reading_time":0,"_editorskit_is_block_options_detached":false,"_editorskit_block_options_position":"{}","footnotes":""},"class_list":["post-87910","page","type-page","status-publish","hentry"],"acf":[],"_links":{"self":[{"href":"https:\/\/culturesconnection.com\/es\/wp-json\/wp\/v2\/pages\/87910","targetHints":{"allow":["GET"]}}],"collection":[{"href":"https:\/\/culturesconnection.com\/es\/wp-json\/wp\/v2\/pages"}],"about":[{"href":"https:\/\/culturesconnection.com\/es\/wp-json\/wp\/v2\/types\/page"}],"author":[{"embeddable":true,"href":"https:\/\/culturesconnection.com\/es\/wp-json\/wp\/v2\/users\/73"}],"replies":[{"embeddable":true,"href":"https:\/\/culturesconnection.com\/es\/wp-json\/wp\/v2\/comments?post=87910"}],"version-history":[{"count":0,"href":"https:\/\/culturesconnection.com\/es\/wp-json\/wp\/v2\/pages\/87910\/revisions"}],"wp:attachment":[{"href":"https:\/\/culturesconnection.com\/es\/wp-json\/wp\/v2\/media?parent=87910"}],"curies":[{"name":"wp","href":"https:\/\/api.w.org\/{rel}","templated":true}]}}