{"id":51546,"date":"2021-08-25T16:42:45","date_gmt":"2021-08-25T15:42:45","guid":{"rendered":"https:\/\/culturesconnection.com\/nos-services-de-traduction-luxe-et-mode\/"},"modified":"2024-09-27T19:44:50","modified_gmt":"2024-09-27T17:44:50","slug":"nuestros-servicios-de-traduccion-de-moda-y-lujo","status":"publish","type":"page","link":"https:\/\/culturesconnection.com\/es\/nuestros-servicios-de-traduccion-de-moda-y-lujo\/","title":{"rendered":"Nuestros Servicios de Traducci\u00f3n de Moda y Lujo"},"content":{"rendered":"\n<h2 class=\"wp-block-heading\">El arte de la belleza<\/h2>\n\n\n\n<p>En Cultures Connection mostramos gran sensibilidad hacia la excelencia del lujo, valoramos el arte de la belleza y somos entusiastas de la creatividad. Adem\u00e1s, sabemos que nuestros clientes son unos apasionados de su extraordinario oficio. Nuestro equipo tambi\u00e9n es consciente de los desaf\u00edos estrat\u00e9gicos de los sectores del lujo, la moda y la belleza. Somos especialistas en <strong>asociar el arte de la belleza con el arte de la traducci\u00f3n <\/strong>para ensalzar el contenido de documentos, v\u00eddeos y eventos dedicados a sus creaciones textiles, joyas, perfumes, colecciones de decoraci\u00f3n y mobiliario, art\u00edculos de marroquiner\u00eda de lujo e incluso a sus innovaciones en maquillaje.<\/p>\n\n\n\n<h2 class=\"wp-block-heading\">Traducir el lujo y la belleza para que su marca brille<\/h2>\n\n\n\n<p>Nuestra agencia de traducci\u00f3n acompa\u00f1a a sus creaciones al extranjero. Conf\u00edenos sus sofisticados textos, nuestros ling\u00fcistas son capaces de traducir fielmente, con estilo y sin alejarse de la identidad de la marca. Para cualquier <strong>nueva colecci\u00f3n<\/strong> o <strong>campa\u00f1a publicitaria<\/strong>, Cultures Connection se adapta a su estrategia de <em>marketing<\/em> con seriedad y eficacia, respetando la confidencialidad. Nuestra amplia experiencia en proyectos de traducci\u00f3n multiling\u00fce permite responder a sus expectativas y a las de sus clientes extranjeros, que est\u00e1n deseosos de descubrir sus novedades y seguir las tendencias de <strong>moda y belleza<\/strong>.<\/p>\n\n\n\n<h2 class=\"wp-block-heading\">Nuestro saber hacer en todos los \u00e1mbitos<\/h2>\n\n\n\n<p>Alta costura, marroquiner\u00eda, maquillaje, joyer\u00eda, relojer\u00eda, perfumer\u00eda, decoraci\u00f3n, \u00f3ptica, o industria cosm\u00e9tica: Cultures Connection le propone <strong>servicios de traducci\u00f3n de calidad adaptados a sus necesidades<\/strong>. Nuestros traductores profesionales, expertos en lujo y belleza, se convertir\u00e1n en sus mejores aliados y le acompa\u00f1ar\u00e1n hacia el \u00e9xito internacional. Ya conf\u00edan en nosotros casas de moda prestigiosas y grandes grupos de lujo y moda, as\u00ed como empresas de producci\u00f3n que colaboran con las marcas de lujo m\u00e1s conocidas del mundo.<\/p>\n\n\n\n<h2 class=\"wp-block-heading\">Sus necesidades ling\u00fc\u00edsticas<\/h2>\n\n\n\n<p>Puede confiarnos cualquier tipo de archivo, podemos traducir cualquier tipo de formato, incluido su contenido audiovisual:<\/p>\n\n\n\n<ul class=\"wp-block-list\">\n<li>Anuncios de televisi\u00f3n e internet<\/li>\n\n\n\n<li>Cat\u00e1logos, instrucciones y fichas de productos<\/li>\n\n\n\n<li>Programas de desfiles<\/li>\n\n\n\n<li>Entrevistas y art\u00edculos de revistas<\/li>\n\n\n\n<li>Estudios y test de mercado<\/li>\n\n\n\n<li>Presentaciones<\/li>\n\n\n\n<li>Talleres, formaciones, tutoriales y gu\u00edas<\/li>\n\n\n\n<li>Campa\u00f1as de comunicaci\u00f3n digital<\/li>\n\n\n\n<li>Boletines informativos y blogs<\/li>\n\n\n\n<li>P\u00e1ginas web y aplicaciones<\/li>\n\n\n\n<li>Planes estrat\u00e9gicos<\/li>\n<\/ul>\n","protected":false},"excerpt":{"rendered":"<p>El arte de la belleza En Cultures Connection mostramos gran sensibilidad hacia la excelencia del lujo, valoramos el arte de la belleza y somos entusiastas [&#8230;]<\/p>\n<p><a class=\"btn btn-secondary understrap-read-more-link\" href=\"https:\/\/culturesconnection.com\/es\/nuestros-servicios-de-traduccion-de-moda-y-lujo\/\">Leer m\u00e1s&#8230;<span class=\"screen-reader-text\"> from Nuestros Servicios de Traducci\u00f3n de Moda y Lujo<\/span><\/a><\/p>\n","protected":false},"author":73,"featured_media":0,"parent":0,"menu_order":0,"comment_status":"closed","ping_status":"closed","template":"","meta":{"_acf_changed":false,"_editorskit_title_hidden":false,"_editorskit_reading_time":0,"_editorskit_is_block_options_detached":false,"_editorskit_block_options_position":"{}","footnotes":""},"class_list":["post-51546","page","type-page","status-publish","hentry"],"acf":[],"_links":{"self":[{"href":"https:\/\/culturesconnection.com\/es\/wp-json\/wp\/v2\/pages\/51546","targetHints":{"allow":["GET"]}}],"collection":[{"href":"https:\/\/culturesconnection.com\/es\/wp-json\/wp\/v2\/pages"}],"about":[{"href":"https:\/\/culturesconnection.com\/es\/wp-json\/wp\/v2\/types\/page"}],"author":[{"embeddable":true,"href":"https:\/\/culturesconnection.com\/es\/wp-json\/wp\/v2\/users\/73"}],"replies":[{"embeddable":true,"href":"https:\/\/culturesconnection.com\/es\/wp-json\/wp\/v2\/comments?post=51546"}],"version-history":[{"count":0,"href":"https:\/\/culturesconnection.com\/es\/wp-json\/wp\/v2\/pages\/51546\/revisions"}],"wp:attachment":[{"href":"https:\/\/culturesconnection.com\/es\/wp-json\/wp\/v2\/media?parent=51546"}],"curies":[{"name":"wp","href":"https:\/\/api.w.org\/{rel}","templated":true}]}}