{"id":4466,"date":"2015-11-19T17:51:16","date_gmt":"2015-11-19T15:51:16","guid":{"rendered":"http:\/\/culturesconnection.com\/es\/?page_id=4466"},"modified":"2024-09-27T00:06:34","modified_gmt":"2024-09-26T22:06:34","slug":"servicios-de-traduccion","status":"publish","type":"page","link":"https:\/\/culturesconnection.com\/es\/servicios-de-traduccion\/","title":{"rendered":"Servicios de Traducci\u00f3n | Servicios de calidad en todos los idiomas"},"content":{"rendered":"\n<h2 class=\"wp-block-heading\">Servicios de traducci\u00f3n profesional<\/h2>\n\n\n\n<p><span style=\"font-weight: 400;\">Culture Connection acompa\u00f1a a su empresa en su expansi\u00f3n internacional, ofreci\u00e9ndole una amplia gama de servicios de traducci\u00f3n que van desde la <strong>traducci\u00f3n t\u00e9cnica<\/strong> hasta la <strong>traducci\u00f3n de sitios web<\/strong>. Gracias a nuestra presencia en <a href=\"https:\/\/culturesconnection.com\/es\/agencia-de-traduccion-paris\/\">Par\u00eds<\/a>, <a href=\"https:\/\/culturesconnection.com\/es\/agencia-de-traduccion-niza\/\">Niza,<\/a>&nbsp;<a href=\"https:\/\/culturesconnection.com\/es\/agencia-de-traduccion-buenos-aires\/\">Buenos Aires<\/a> y <a href=\"https:\/\/culturesconnection.com\/es\/agencia-de-traduccion-nueva-york\/\">Nueva York<\/a> nuestra capacidad de respuesta es \u00f3ptima. <\/span><\/p>\n\n\n\n<p><span style=\"font-weight: 400;\">\u00bfNecesita una traducci\u00f3n urgente? Puede contar con nosotros, nuestra agencia de traducci\u00f3n est\u00e1 a su disposici\u00f3n m\u00e1s de <strong>18 horas<\/strong> por d\u00eda.<\/span><\/p>\n\n\n\n<h2 class=\"wp-block-heading\">Traducciones de calidad<\/h2>\n\n\n\n<p>Para nosotros, la calidad es una prioridad. Nuestros traductores son seleccionados en funci\u00f3n de sus diplomas y experiencia, y deben rendir una prueba de traducci\u00f3n en sus campos de especializaci\u00f3n. Todos utilizan un software de traducci\u00f3n asistida para poder traducir grandes vol\u00famenes de manera m\u00e1s r\u00e1pida y eficiente. Cada proyecto es supervisado por un jefe de proyecto y est\u00e1 sujeto a una correcci\u00f3n, una revisi\u00f3n y un control de calidad, seg\u00fan la f\u00f3rmula que prefiera el cliente.<\/p>\n\n\n\n<p>Ofrecemos nuestros servicios de traducci\u00f3n en cuatro f\u00f3rmulas pensadas espec\u00edficamente para satisfacer sus necesidades:<\/p>\n\n\n\n<ul class=\"wp-block-list\">\n<li><b>B\u00e1sica<\/b>:&nbsp;traducci\u00f3n r\u00e1pida y de bajo costo para documentos informativos de uso interno.<\/li>\n\n\n\n<li><b>Est\u00e1ndar<\/b>:&nbsp;traducci\u00f3n econ\u00f3mica y r\u00e1pida de grandes vol\u00famenes de documentos, informes o material informativo.<\/li>\n\n\n\n<li><b>Profesional<\/b>: ideal para las traducciones de documentos comerciales y marketing, donde la calidad es primordial.<\/li>\n\n\n\n<li><b>Premium<\/b>: servicios de traducci\u00f3n y revisi\u00f3n profesionales adaptados a traducciones de documentos especializados (documentos t\u00e9cnicos, cient\u00edficos y financieros) con destino a un amplio p\u00fablico.<\/li>\n<\/ul>\n\n\n\n<p>Como lo que debe prevalecer es la calidad, ofrecemos servicios de correcci\u00f3n, revisi\u00f3n y control de calidad.<\/p>\n\n\n\n<h2 class=\"wp-block-heading\">Traducciones especializadas<\/h2>\n\n\n\n<p>\u00bfCu\u00e1l es nuestra fortaleza? Gestionar proyectos de traducci\u00f3n para sectores de actividades muy distintas. Gracias a nuestra red, en constante crecimiento, de m\u00e1s de <strong>740 traductores profesionales<\/strong> en todo el mundo, podemos acompa\u00f1arlo en su desarrollo a nivel internacional. Como <a href=\"https:\/\/culturesconnection.com\/es\/\">empresa de traducci\u00f3n<\/a>, nuestra misi\u00f3n es encontrar el traductor m\u00e1s adecuado para sus traducciones especializadas.<\/p>\n","protected":false},"excerpt":{"rendered":"<p>Servicios de traducci\u00f3n profesional Culture Connection acompa\u00f1a a su empresa en su expansi\u00f3n internacional, ofreci\u00e9ndole una amplia gama de servicios de traducci\u00f3n que van desde [&#8230;]<\/p>\n<p><a class=\"btn btn-secondary understrap-read-more-link\" href=\"https:\/\/culturesconnection.com\/es\/servicios-de-traduccion\/\">Leer m\u00e1s&#8230;<span class=\"screen-reader-text\"> from Servicios de Traducci\u00f3n | Servicios de calidad en todos los idiomas<\/span><\/a><\/p>\n","protected":false},"author":26,"featured_media":19498,"parent":0,"menu_order":0,"comment_status":"closed","ping_status":"closed","template":"","meta":{"_acf_changed":false,"_editorskit_title_hidden":false,"_editorskit_reading_time":0,"_editorskit_is_block_options_detached":false,"_editorskit_block_options_position":"{}","footnotes":""},"class_list":["post-4466","page","type-page","status-publish","has-post-thumbnail","hentry"],"acf":[],"_links":{"self":[{"href":"https:\/\/culturesconnection.com\/es\/wp-json\/wp\/v2\/pages\/4466","targetHints":{"allow":["GET"]}}],"collection":[{"href":"https:\/\/culturesconnection.com\/es\/wp-json\/wp\/v2\/pages"}],"about":[{"href":"https:\/\/culturesconnection.com\/es\/wp-json\/wp\/v2\/types\/page"}],"author":[{"embeddable":true,"href":"https:\/\/culturesconnection.com\/es\/wp-json\/wp\/v2\/users\/26"}],"replies":[{"embeddable":true,"href":"https:\/\/culturesconnection.com\/es\/wp-json\/wp\/v2\/comments?post=4466"}],"version-history":[{"count":0,"href":"https:\/\/culturesconnection.com\/es\/wp-json\/wp\/v2\/pages\/4466\/revisions"}],"wp:featuredmedia":[{"embeddable":true,"href":"https:\/\/culturesconnection.com\/es\/wp-json\/wp\/v2\/media\/19498"}],"wp:attachment":[{"href":"https:\/\/culturesconnection.com\/es\/wp-json\/wp\/v2\/media?parent=4466"}],"curies":[{"name":"wp","href":"https:\/\/api.w.org\/{rel}","templated":true}]}}