{"id":4453,"date":"2015-11-16T20:09:55","date_gmt":"2015-11-16T18:09:55","guid":{"rendered":"http:\/\/culturesconnection.com\/es\/?page_id=4453"},"modified":"2022-12-02T14:28:50","modified_gmt":"2022-12-02T13:28:50","slug":"agencia-de-traduccion-buenos-aires","status":"publish","type":"page","link":"https:\/\/culturesconnection.com\/es\/agencia-de-traduccion-buenos-aires\/","title":{"rendered":"Nuestra agencia de traducci\u00f3n en Buenos Aires"},"content":{"rendered":"\n<h2 class=\"wp-block-heading\">Cultures Connection, la mejor agencia de traducci\u00f3n en Buenos Aires<\/h2>\n\n\n\n<p>Buenos Aires es un destino impostergable en Am\u00e9rica del Sur.<\/p>\n\n\n\n<p>Una de las ciudades m\u00e1s monumentales y animadas del continente, tambi\u00e9n es una mina de negocios internacionales. Aunque su actividad econ\u00f3mica se especializa en los servicios financieros, su diversidad es tan amplia y con tantas posibilidades de desarrollo que emprendedores j\u00f3venes y de experiencia de todo el mundo posan sus ojos en la capital argentina con miras a darle impulso a sus operaciones en el pa\u00eds.<\/p>\n\n\n\n<p><a href=\"https:\/\/culturesconnection.com\/es\/\">Cultures Connection<\/a> tiene oficinas en Buenos Aires a trav\u00e9s de las cuales ofrece servicios de traducci\u00f3n e interpretaci\u00f3n en <a href=\"https:\/\/culturesconnection.com\/es\/traductor-profesional\/\">40 idiomas y m\u00faltiples combinaciones ling\u00fc\u00edsticas<\/a> a organizaciones privadas y p\u00fablicas que se desempe\u00f1en en toda Sudam\u00e9rica.<\/p>\n\n\n\n<p>Un mercado desafiante requiere una voz de confianza.<\/p>\n\n\n\n<h2 class=\"wp-block-heading\">Buenos Aires, meca de oportunidades internacionales<\/h2>\n\n\n\n<p>Buenos Aires es la tercera ciudad en el mundo con econom\u00eda m\u00e1s diversificada.<\/p>\n\n\n\n<p>M\u00e1s del 20% de las 600 mil empresas instaladas en Argentina se encuentran en su capital, repartidas entre actividades comerciales y de servicios. Su posici\u00f3n estrat\u00e9gica en un pa\u00eds y un continente con oportunidades de desarrollo energ\u00e9tico, industrial y financiero hace que Buenos Aires aumente a\u00f1o a a\u00f1o su captaci\u00f3n de j\u00f3venes profesionales internacionales. Los n\u00fameros son elocuentes: el 21,1% de los 1.805.957 extranjeros que viven en el pa\u00eds, el de mayor inmigraci\u00f3n en Sudam\u00e9rica, residen en Buenos Aires.<\/p>\n\n\n\n<p>Buena parte de esta masa migratoria proviene de pa\u00edses de la regi\u00f3n como bolivianos, paraguayos y venezolanos, por lo que la comunidad latina se impone como preponderante. Minor\u00edas de espa\u00f1oles, italianos y franceses siempre tuvieron una presencia de relevancia. Los sectores asi\u00e1ticos y africanos tambi\u00e9n. Esta diversidad ha moldeado con fuerza el ser porte\u00f1o a lo largo de la historia.<\/p>\n\n\n\n<p>A su vez, Buenos Aires es uno de los destinos preferidos de los turistas por su gran oferta cultural de museos, teatros, conciertos y carnavales: recibe 5,5 millones de visitas al a\u00f1o. El casco hist\u00f3rico de la ciudad con sus instituciones pol\u00edticas y edificios hist\u00f3ricos, el barrio de San Telmo y su car\u00e1cter bohemio, La Boca y su herencia inmigratoria son algunos de los paseos imperdibles para los amantes del viaje. Esto trae consigo una innumerable cantidad de negocios vinculados a la hoteler\u00eda, gastronom\u00eda y el ocio.<\/p>\n\n\n\n<p>Una amalgama de culturas.<\/p>\n\n\n\n<h2 class=\"wp-block-heading\">Traducciones para un mercado con potencial<\/h2>\n\n\n\n<p>La traducci\u00f3n permite cruzar fronteras.<\/p>\n\n\n\n<p>Cultures Connection trabaja hace m\u00e1s de 10 a\u00f1os en Buenos Aires en <a href=\"https:\/\/culturesconnection.com\/es\/servicios-de-traduccion\/\">servicios de traducci\u00f3n<\/a> de documentos de los m\u00e1s diversos rubros con clientes instalados por toda Am\u00e9rica del Sur.<\/p>\n\n\n\n<p>Junto a una red internacional de m\u00e1s de 740 profesionales, elegidos por su disponibilidad inmediata, formaci\u00f3n y experiencia en los idiomas y temas requeridos, atendemos a las particularidades ling\u00fc\u00edsticas, las expresiones del rubro de trabajo y las referencias culturales del receptor de sus contenidos. As\u00ed nos aseguramos traducciones en idioma nativo, comprensibles y exactas.<\/p>\n\n\n\n<p>Con nosotros, tus documentos est\u00e1n en buenas manos.<\/p>\n\n\n\n<iframe src=\"https:\/\/www.google.com\/maps\/embed?pb=!1m14!1m8!1m3!1d6571.042431457632!2d-58.436823!3d-34.565676!3m2!1i1024!2i768!4f13.1!3m3!1m2!1s0x95bcb5b9a92d7155%3A0x92a6bc37f082fb54!2sGorostiaga%201663%2C%20C1426CTC%20CABA!5e0!3m2!1sen!2sar!4v1655497208682!5m2!1sen!2sar\" width=\"100%\" height=\"450\" style=\"border:0;\" allowfullscreen=\"\" loading=\"lazy\" referrerpolicy=\"no-referrer-when-downgrade\"><\/iframe>\n\n\n\n<h2 class=\"wp-block-heading\">Interpretaci\u00f3n de calidad en Buenos Aires<\/h2>\n\n\n\n<p>\u00bfUna charla t\u00e9cnica de especialistas extranjeros para un p\u00fablico local? \u00bfDirectivos de una multinacional viajan a tu filial de urgencia?<\/p>\n\n\n\n<p>Cultures Connection dispone de <a href=\"https:\/\/culturesconnection.com\/es\/interpretacion\/\">servicios de interpretaci\u00f3n<\/a> de conferencia, simult\u00e1nea y de enlace en m\u00faltiples idiomas para que tus reuniones, grandes o peque\u00f1as, en un solo idioma o varios, en simult\u00e1neo o en varias jornadas, siempre sean exitosas.<\/p>\n\n\n\n<p>Adem\u00e1s proporcionamos el equipamiento para que las interpretaciones, no importa en qu\u00e9 parte de Buenos Aires, Argentina o Am\u00e9rica Latina se encuentren, no tengan ning\u00fan inconveniente t\u00e9cnico que pueda perjudicar su correcta escucha.<\/p>\n\n\n\n<p>Con nosotros, tus presentaciones est\u00e1n en buenas manos.<\/p>\n","protected":false},"excerpt":{"rendered":"<p>Cultures Connection, la mejor agencia de traducci\u00f3n en Buenos Aires Buenos Aires es un destino impostergable en Am\u00e9rica del Sur. Una de las ciudades m\u00e1s [&#8230;]<\/p>\n<p><a class=\"btn btn-secondary understrap-read-more-link\" href=\"https:\/\/culturesconnection.com\/es\/agencia-de-traduccion-buenos-aires\/\">Leer m\u00e1s&#8230;<span class=\"screen-reader-text\"> from Nuestra agencia de traducci\u00f3n en Buenos Aires<\/span><\/a><\/p>\n","protected":false},"author":26,"featured_media":19588,"parent":0,"menu_order":0,"comment_status":"closed","ping_status":"closed","template":"","meta":{"_acf_changed":false,"_editorskit_title_hidden":false,"_editorskit_reading_time":2,"_editorskit_is_block_options_detached":false,"_editorskit_block_options_position":"{}","footnotes":""},"class_list":["post-4453","page","type-page","status-publish","has-post-thumbnail","hentry"],"acf":[],"_links":{"self":[{"href":"https:\/\/culturesconnection.com\/es\/wp-json\/wp\/v2\/pages\/4453","targetHints":{"allow":["GET"]}}],"collection":[{"href":"https:\/\/culturesconnection.com\/es\/wp-json\/wp\/v2\/pages"}],"about":[{"href":"https:\/\/culturesconnection.com\/es\/wp-json\/wp\/v2\/types\/page"}],"author":[{"embeddable":true,"href":"https:\/\/culturesconnection.com\/es\/wp-json\/wp\/v2\/users\/26"}],"replies":[{"embeddable":true,"href":"https:\/\/culturesconnection.com\/es\/wp-json\/wp\/v2\/comments?post=4453"}],"version-history":[{"count":0,"href":"https:\/\/culturesconnection.com\/es\/wp-json\/wp\/v2\/pages\/4453\/revisions"}],"wp:featuredmedia":[{"embeddable":true,"href":"https:\/\/culturesconnection.com\/es\/wp-json\/wp\/v2\/media\/19588"}],"wp:attachment":[{"href":"https:\/\/culturesconnection.com\/es\/wp-json\/wp\/v2\/media?parent=4453"}],"curies":[{"name":"wp","href":"https:\/\/api.w.org\/{rel}","templated":true}]}}