{"id":281,"date":"2013-06-16T07:24:20","date_gmt":"2013-06-16T06:24:20","guid":{"rendered":"http:\/\/cultures.dev:8888\/?page_id=281"},"modified":"2024-10-02T18:53:46","modified_gmt":"2024-10-02T16:53:46","slug":"traduccion-sitios-web","status":"publish","type":"page","link":"https:\/\/culturesconnection.com\/es\/traduccion-sitios-web\/","title":{"rendered":"Traducci\u00f3n de Sitios Web"},"content":{"rendered":"\n<h2 class=\"wp-block-heading\">Traducir su sitio web para dar una visibilidad global a&nbsp;su empresa<\/h2>\n\n\n\n<p>Traducir una p\u00e1gina web es la mejor manera de llegar a mercados extranjeros e incrementar sus ventas internacionales. Si bien es cierto que el ingl\u00e9s es un \u201cidioma global\u201c, y la gente en muchas partes del mundo lee y comprende ingl\u00e9s, los usuarios navegan en Internet en su idioma nativo. Adem\u00e1s, la gente se siente m\u00e1s a gusto al comprar un producto o servicio si se les habla en su propio idioma. La traducci\u00f3n de sitios web es un primer paso esencial hac\u00eda la internacionalizaci\u00f3n de su actividad, en particular cuando est\u00e1 relacionada con el <strong>comercio electr\u00f3nico<\/strong>. Sin embargo, hay que tener otros puntos en cuenta para asegurar el \u00e9xito de su p\u00e1gina web.<\/p>\n\n\n\n<h2 class=\"wp-block-heading\">Localizaci\u00f3n de sitio web: evite errores culturales<\/h2>\n\n\n\n<p>La traducci\u00f3n de un sitio web puede, por lo tanto, atraer miles de clientes. Internet abre un mercado internacional en un nuevo nivel y le da la posibilidad de contactar nuevos mercados tan f\u00e1cilmente como si fuesen sus vecinos. Sin embargo, las diferencias culturales pueden acarrear malentendidos e interferir con su mensaje. La traducci\u00f3n de su p\u00e1gina web, precisa y sensible a la cultura del lugar, es la clave para el \u00e9xito en los mercados en l\u00ednea.<\/p>\n\n\n\n<p>La traducci\u00f3n de sitios &nbsp;web o de p\u00e1ginas internet es un verdadero arte que algunas empresas subestiman a veces. Los ejemplos de errores de traducci\u00f3n abundan en la web y sorprende constatar que incluso grupos multinacionales cometen imprecisiones en este \u00e1mbito que pueden ser costosas en t\u00e9rminos de reputaci\u00f3n y de volumen de negocios.<\/p>\n\n\n\n<p>Cualquier esfuerzo de implementaci\u00f3n en un mercado debe ir acompa\u00f1ado de una<strong> traducci\u00f3n de sitio web de calidad <\/strong>y respetuosa de la cultura del pa\u00eds interesado. Conf\u00edenos sus proyectos de traducci\u00f3n, Cultures Connection es el socio ideal para el desarrollo internacional de sus actividades.<\/p>\n\n\n\n<h2 class=\"wp-block-heading\">Nuestros servicios de traducci\u00f3n de sitios web<\/h2>\n\n\n\n<p>Nuestra empresa de traducci\u00f3n recibe cada d\u00eda m\u00e1s demandas de clientes que desean <strong>traducir su sitio web en ingl\u00e9s<\/strong> u otra combinaci\u00f3n de lenguas. Nuestros traductores localizadores pueden traducir su &nbsp;p\u00e1gina web &nbsp;directamente en MS Word (.docx) o archivo de texto (.txt), en el CMS (WordPress, Joomla, Magento, PrestaShop\u2026) o en el c\u00f3digo fuente (.htm(l), .php, .asp, .xml, java\u2026) si quiere publicar la nueva versi\u00f3n de su sitio el m\u00e1s r\u00e1pidamente posible.<\/p>\n\n\n\n<p>Estamos especializados en la traducci\u00f3n de contenido web, sitios de comercio electr\u00f3nico, aplicaciones m\u00f3viles, plataformas comerciales, fichas de productos en sectores muy diversos como el turismo, la moda, la belleza, el deporte, la econom\u00eda, las finanzas, la salud, la alimentaci\u00f3n, la qu\u00edmica\u2026 Como complemento a la traducci\u00f3n de p\u00e1ginas web, proponemos un servicio de redacci\u00f3n de contenido web (redacci\u00f3n SEO) optimizado para la catalogaci\u00f3n.<\/p>\n\n\n\n<p><strong>Descubra <a href=\"https:\/\/culturesconnection.com\/es\/libros-blancos-y-folletos\/\" class=\"ek-link\">el folleto<\/a> de nuestra agencia de traducci\u00f3n.<\/strong><\/p>\n\n\n\n<h2 class=\"wp-block-heading\">Nuestras \u00faltimas traducciones de sitios web<\/h2>\n\n\n\n<ul class=\"wp-block-list\">\n<li><a href=\"https:\/\/culturesconnection.com\/es\/proyectos\/localizacion-de-sitios-web-ingles-aleman-e-commerce\/\">Traducci\u00f3n de sitios web ingl\u00e9s alem\u00e1n, e-commerce<\/a><\/li>\n\n\n\n<li><a href=\"https:\/\/culturesconnection.com\/es\/proyectos\/traduccion-frances-ingles-sitio-web\/\">Traducci\u00f3n franc\u00e9s ingl\u00e9s, sitio web<\/a><\/li>\n<\/ul>\n\n\n\n<p><a href=\"https:\/\/culturesconnection.com\/es\/lista-de-proyectos\/\"><\/a>&nbsp;<a href=\"https:\/\/culturesconnection.com\/es\/lista-de-proyectos\/\">Encuentre m\u00e1s proyectos<\/a><\/p>\n\n\n\n<h2 class=\"wp-block-heading\">Nuestros otros servicios de traducci\u00f3n profesional<\/h2>\n\n\n\n<ul class=\"wp-block-list\">\n<li><a href=\"https:\/\/culturesconnection.com\/es\/interpretacion\/\">Servicios de interpretaci\u00f3n<\/a><\/li>\n\n\n\n<li><a href=\"https:\/\/culturesconnection.com\/es\/creacion-de-contenidos-web\/\">Redacci\u00f3n de contenidos web<\/a><\/li>\n\n\n\n<li>Cursos de idiomas<\/li>\n<\/ul>\n","protected":false},"excerpt":{"rendered":"<p>Traducir su sitio web para dar una visibilidad global a&nbsp;su empresa Traducir una p\u00e1gina web es la mejor manera de llegar a mercados extranjeros e [&#8230;]<\/p>\n<p><a class=\"btn btn-secondary understrap-read-more-link\" href=\"https:\/\/culturesconnection.com\/es\/traduccion-sitios-web\/\">Leer m\u00e1s&#8230;<span class=\"screen-reader-text\"> from Traducci\u00f3n de Sitios Web<\/span><\/a><\/p>\n","protected":false},"author":2,"featured_media":698,"parent":0,"menu_order":0,"comment_status":"closed","ping_status":"closed","template":"","meta":{"_acf_changed":false,"_editorskit_title_hidden":false,"_editorskit_reading_time":2,"_editorskit_is_block_options_detached":false,"_editorskit_block_options_position":"{}","footnotes":""},"class_list":["post-281","page","type-page","status-publish","has-post-thumbnail","hentry"],"acf":[],"yoast_head":"<!-- This site is optimized with the Yoast SEO Premium plugin v23.4 (Yoast SEO v27.3) - https:\/\/yoast.com\/product\/yoast-seo-premium-wordpress\/ -->\n<title>Servicios de traducci\u00f3n p\u00e1ginas web &amp; sitios web<\/title>\n<meta name=\"description\" content=\"Nuestros servicios de traducci\u00f3n de p\u00e1ginas web: sitios de comercio electr\u00f3nico, aplicaciones m\u00f3viles, fichas de productos. \u00a1El presupuesto es gratis!\" \/>\n<meta name=\"robots\" content=\"index, follow, max-snippet:-1, max-image-preview:large, max-video-preview:-1\" \/>\n<link rel=\"canonical\" href=\"https:\/\/culturesconnection.com\/es\/traduccion-sitios-web\/\" \/>\n<meta property=\"og:locale\" content=\"es_ES\" \/>\n<meta property=\"og:type\" content=\"article\" \/>\n<meta property=\"og:title\" content=\"Traducci\u00f3n de Sitios Web\" \/>\n<meta property=\"og:description\" content=\"Nuestros servicios de traducci\u00f3n de p\u00e1ginas web: sitios de comercio electr\u00f3nico, aplicaciones m\u00f3viles, fichas de productos. \u00a1El presupuesto es gratis!\" \/>\n<meta property=\"og:url\" content=\"https:\/\/culturesconnection.com\/es\/traduccion-sitios-web\/\" \/>\n<meta property=\"og:site_name\" content=\"Cultures Connection\" \/>\n<meta property=\"article:publisher\" content=\"https:\/\/www.facebook.com\/CulturesConnection\" \/>\n<meta property=\"article:modified_time\" content=\"2024-10-02T16:53:46+00:00\" \/>\n<meta property=\"og:image\" content=\"https:\/\/culturesconnection.com\/wp-content\/uploads\/2013\/06\/bg_page_service_8.png\" \/>\n\t<meta property=\"og:image:width\" content=\"1440\" \/>\n\t<meta property=\"og:image:height\" content=\"570\" \/>\n\t<meta property=\"og:image:type\" content=\"image\/png\" \/>\n<meta name=\"twitter:card\" content=\"summary_large_image\" \/>\n<meta name=\"twitter:site\" content=\"@CulturesCo_\" \/>\n<meta name=\"twitter:label1\" content=\"Tiempo de lectura\" \/>\n\t<meta name=\"twitter:data1\" content=\"3 minutos\" \/>\n<script type=\"application\/ld+json\" class=\"yoast-schema-graph\">{\"@context\":\"https:\\\/\\\/schema.org\",\"@graph\":[{\"@type\":\"WebPage\",\"@id\":\"https:\\\/\\\/culturesconnection.com\\\/es\\\/traduccion-sitios-web\\\/\",\"url\":\"https:\\\/\\\/culturesconnection.com\\\/es\\\/traduccion-sitios-web\\\/\",\"name\":\"Servicios de traducci\u00f3n p\u00e1ginas web & sitios web\",\"isPartOf\":{\"@id\":\"https:\\\/\\\/culturesconnection.com\\\/fr\\\/#website\"},\"primaryImageOfPage\":{\"@id\":\"https:\\\/\\\/culturesconnection.com\\\/es\\\/traduccion-sitios-web\\\/#primaryimage\"},\"image\":{\"@id\":\"https:\\\/\\\/culturesconnection.com\\\/es\\\/traduccion-sitios-web\\\/#primaryimage\"},\"thumbnailUrl\":\"https:\\\/\\\/culturesconnection.com\\\/wp-content\\\/uploads\\\/2013\\\/06\\\/bg_page_service_8.png\",\"datePublished\":\"2013-06-16T06:24:20+00:00\",\"dateModified\":\"2024-10-02T16:53:46+00:00\",\"description\":\"Nuestros servicios de traducci\u00f3n de p\u00e1ginas web: sitios de comercio electr\u00f3nico, aplicaciones m\u00f3viles, fichas de productos. \u00a1El presupuesto es gratis!\",\"breadcrumb\":{\"@id\":\"https:\\\/\\\/culturesconnection.com\\\/es\\\/traduccion-sitios-web\\\/#breadcrumb\"},\"inLanguage\":\"es\",\"potentialAction\":[{\"@type\":\"ReadAction\",\"target\":[\"https:\\\/\\\/culturesconnection.com\\\/es\\\/traduccion-sitios-web\\\/\"]}]},{\"@type\":\"ImageObject\",\"inLanguage\":\"es\",\"@id\":\"https:\\\/\\\/culturesconnection.com\\\/es\\\/traduccion-sitios-web\\\/#primaryimage\",\"url\":\"https:\\\/\\\/culturesconnection.com\\\/wp-content\\\/uploads\\\/2013\\\/06\\\/bg_page_service_8.png\",\"contentUrl\":\"https:\\\/\\\/culturesconnection.com\\\/wp-content\\\/uploads\\\/2013\\\/06\\\/bg_page_service_8.png\",\"width\":1440,\"height\":570,\"caption\":\"traducir website\"},{\"@type\":\"BreadcrumbList\",\"@id\":\"https:\\\/\\\/culturesconnection.com\\\/es\\\/traduccion-sitios-web\\\/#breadcrumb\",\"itemListElement\":[{\"@type\":\"ListItem\",\"position\":1,\"name\":\"Home\",\"item\":\"https:\\\/\\\/culturesconnection.com\\\/es\\\/\"},{\"@type\":\"ListItem\",\"position\":2,\"name\":\"Traducci\u00f3n de Sitios Web\"}]},{\"@type\":\"WebSite\",\"@id\":\"https:\\\/\\\/culturesconnection.com\\\/fr\\\/#website\",\"url\":\"https:\\\/\\\/culturesconnection.com\\\/fr\\\/\",\"name\":\"Cultures Connection\",\"description\":\"Cultures Connection is a translation agency dedicated to the success of its international clients.\",\"publisher\":{\"@id\":\"https:\\\/\\\/culturesconnection.com\\\/fr\\\/#organization\"},\"potentialAction\":[{\"@type\":\"SearchAction\",\"target\":{\"@type\":\"EntryPoint\",\"urlTemplate\":\"https:\\\/\\\/culturesconnection.com\\\/fr\\\/?s={search_term_string}\"},\"query-input\":{\"@type\":\"PropertyValueSpecification\",\"valueRequired\":true,\"valueName\":\"search_term_string\"}}],\"inLanguage\":\"es\"},{\"@type\":\"Organization\",\"@id\":\"https:\\\/\\\/culturesconnection.com\\\/fr\\\/#organization\",\"name\":\"Cultures Connection\",\"url\":\"https:\\\/\\\/culturesconnection.com\\\/fr\\\/\",\"logo\":{\"@type\":\"ImageObject\",\"inLanguage\":\"es\",\"@id\":\"https:\\\/\\\/culturesconnection.com\\\/fr\\\/#\\\/schema\\\/logo\\\/image\\\/\",\"url\":\"https:\\\/\\\/culturesconnection.com\\\/wp-content\\\/uploads\\\/2022\\\/06\\\/cropped-favicon512x512.png\",\"contentUrl\":\"https:\\\/\\\/culturesconnection.com\\\/wp-content\\\/uploads\\\/2022\\\/06\\\/cropped-favicon512x512.png\",\"width\":512,\"height\":512,\"caption\":\"Cultures Connection\"},\"image\":{\"@id\":\"https:\\\/\\\/culturesconnection.com\\\/fr\\\/#\\\/schema\\\/logo\\\/image\\\/\"},\"sameAs\":[\"https:\\\/\\\/www.facebook.com\\\/CulturesConnection\",\"https:\\\/\\\/x.com\\\/CulturesCo_\"]}]}<\/script>\n<!-- \/ Yoast SEO Premium plugin. -->","yoast_head_json":{"title":"Servicios de traducci\u00f3n p\u00e1ginas web & sitios web","description":"Nuestros servicios de traducci\u00f3n de p\u00e1ginas web: sitios de comercio electr\u00f3nico, aplicaciones m\u00f3viles, fichas de productos. \u00a1El presupuesto es gratis!","robots":{"index":"index","follow":"follow","max-snippet":"max-snippet:-1","max-image-preview":"max-image-preview:large","max-video-preview":"max-video-preview:-1"},"canonical":"https:\/\/culturesconnection.com\/es\/traduccion-sitios-web\/","og_locale":"es_ES","og_type":"article","og_title":"Traducci\u00f3n de Sitios Web","og_description":"Nuestros servicios de traducci\u00f3n de p\u00e1ginas web: sitios de comercio electr\u00f3nico, aplicaciones m\u00f3viles, fichas de productos. \u00a1El presupuesto es gratis!","og_url":"https:\/\/culturesconnection.com\/es\/traduccion-sitios-web\/","og_site_name":"Cultures Connection","article_publisher":"https:\/\/www.facebook.com\/CulturesConnection","article_modified_time":"2024-10-02T16:53:46+00:00","og_image":[{"width":1440,"height":570,"url":"https:\/\/culturesconnection.com\/wp-content\/uploads\/2013\/06\/bg_page_service_8.png","type":"image\/png"}],"twitter_card":"summary_large_image","twitter_site":"@CulturesCo_","twitter_misc":{"Tiempo de lectura":"3 minutos"},"schema":{"@context":"https:\/\/schema.org","@graph":[{"@type":"WebPage","@id":"https:\/\/culturesconnection.com\/es\/traduccion-sitios-web\/","url":"https:\/\/culturesconnection.com\/es\/traduccion-sitios-web\/","name":"Servicios de traducci\u00f3n p\u00e1ginas web & sitios web","isPartOf":{"@id":"https:\/\/culturesconnection.com\/fr\/#website"},"primaryImageOfPage":{"@id":"https:\/\/culturesconnection.com\/es\/traduccion-sitios-web\/#primaryimage"},"image":{"@id":"https:\/\/culturesconnection.com\/es\/traduccion-sitios-web\/#primaryimage"},"thumbnailUrl":"https:\/\/culturesconnection.com\/wp-content\/uploads\/2013\/06\/bg_page_service_8.png","datePublished":"2013-06-16T06:24:20+00:00","dateModified":"2024-10-02T16:53:46+00:00","description":"Nuestros servicios de traducci\u00f3n de p\u00e1ginas web: sitios de comercio electr\u00f3nico, aplicaciones m\u00f3viles, fichas de productos. \u00a1El presupuesto es gratis!","breadcrumb":{"@id":"https:\/\/culturesconnection.com\/es\/traduccion-sitios-web\/#breadcrumb"},"inLanguage":"es","potentialAction":[{"@type":"ReadAction","target":["https:\/\/culturesconnection.com\/es\/traduccion-sitios-web\/"]}]},{"@type":"ImageObject","inLanguage":"es","@id":"https:\/\/culturesconnection.com\/es\/traduccion-sitios-web\/#primaryimage","url":"https:\/\/culturesconnection.com\/wp-content\/uploads\/2013\/06\/bg_page_service_8.png","contentUrl":"https:\/\/culturesconnection.com\/wp-content\/uploads\/2013\/06\/bg_page_service_8.png","width":1440,"height":570,"caption":"traducir website"},{"@type":"BreadcrumbList","@id":"https:\/\/culturesconnection.com\/es\/traduccion-sitios-web\/#breadcrumb","itemListElement":[{"@type":"ListItem","position":1,"name":"Home","item":"https:\/\/culturesconnection.com\/es\/"},{"@type":"ListItem","position":2,"name":"Traducci\u00f3n de Sitios Web"}]},{"@type":"WebSite","@id":"https:\/\/culturesconnection.com\/fr\/#website","url":"https:\/\/culturesconnection.com\/fr\/","name":"Cultures Connection","description":"Cultures Connection is a translation agency dedicated to the success of its international clients.","publisher":{"@id":"https:\/\/culturesconnection.com\/fr\/#organization"},"potentialAction":[{"@type":"SearchAction","target":{"@type":"EntryPoint","urlTemplate":"https:\/\/culturesconnection.com\/fr\/?s={search_term_string}"},"query-input":{"@type":"PropertyValueSpecification","valueRequired":true,"valueName":"search_term_string"}}],"inLanguage":"es"},{"@type":"Organization","@id":"https:\/\/culturesconnection.com\/fr\/#organization","name":"Cultures Connection","url":"https:\/\/culturesconnection.com\/fr\/","logo":{"@type":"ImageObject","inLanguage":"es","@id":"https:\/\/culturesconnection.com\/fr\/#\/schema\/logo\/image\/","url":"https:\/\/culturesconnection.com\/wp-content\/uploads\/2022\/06\/cropped-favicon512x512.png","contentUrl":"https:\/\/culturesconnection.com\/wp-content\/uploads\/2022\/06\/cropped-favicon512x512.png","width":512,"height":512,"caption":"Cultures Connection"},"image":{"@id":"https:\/\/culturesconnection.com\/fr\/#\/schema\/logo\/image\/"},"sameAs":["https:\/\/www.facebook.com\/CulturesConnection","https:\/\/x.com\/CulturesCo_"]}]}},"_links":{"self":[{"href":"https:\/\/culturesconnection.com\/es\/wp-json\/wp\/v2\/pages\/281","targetHints":{"allow":["GET"]}}],"collection":[{"href":"https:\/\/culturesconnection.com\/es\/wp-json\/wp\/v2\/pages"}],"about":[{"href":"https:\/\/culturesconnection.com\/es\/wp-json\/wp\/v2\/types\/page"}],"author":[{"embeddable":true,"href":"https:\/\/culturesconnection.com\/es\/wp-json\/wp\/v2\/users\/2"}],"replies":[{"embeddable":true,"href":"https:\/\/culturesconnection.com\/es\/wp-json\/wp\/v2\/comments?post=281"}],"version-history":[{"count":0,"href":"https:\/\/culturesconnection.com\/es\/wp-json\/wp\/v2\/pages\/281\/revisions"}],"wp:featuredmedia":[{"embeddable":true,"href":"https:\/\/culturesconnection.com\/es\/wp-json\/wp\/v2\/media\/698"}],"wp:attachment":[{"href":"https:\/\/culturesconnection.com\/es\/wp-json\/wp\/v2\/media?parent=281"}],"curies":[{"name":"wp","href":"https:\/\/api.w.org\/{rel}","templated":true}]}}