{"id":268,"date":"2013-06-16T07:14:18","date_gmt":"2013-06-16T06:14:18","guid":{"rendered":"http:\/\/cultures.dev:8888\/?page_id=268"},"modified":"2024-09-27T19:52:42","modified_gmt":"2024-09-27T17:52:42","slug":"traduccion-organizaciones-internacionales","status":"publish","type":"page","link":"https:\/\/culturesconnection.com\/es\/traduccion-organizaciones-internacionales\/","title":{"rendered":"Traducci\u00f3n para las Organizaciones Internacionales"},"content":{"rendered":"\n<h2 class=\"wp-block-heading\">Traducciones para organizaciones internacionales:<br>una cuesti\u00f3n de conocimiento<\/h2>\n\n\n\n<p>Nos especializamos en la traducci\u00f3n de documentos administrativos, financieros y legales e informes asociados con organizaciones internacionales: instituciones financieras internacionales (FMI, Banco mundial\u2026), agencias de las Naciones Unidas (OMS, UNESCO\u2026),&nbsp;instituciones europeas, ONG, etc. Contamos con <a href=\"https:\/\/culturesconnection.com\/es\/traductor-profesional\/\">una amplia red de traductores<\/a> confiables especializados en estas \u00e1reas, y cada uno cuenta con una vasta experiencia profesional en trabajos con organizaciones internacionales y con un profundo conocimiento de sus necesidades y metodolog\u00edas de trabajo.<\/p>\n\n\n\n<h2 class=\"wp-block-heading\">Clientes entre los m\u00e1s exigentes en cuanto a la calidad<\/h2>\n\n\n\n<p>Las organizaciones internacionales se preocupan especialmente por la calidad de sus traducciones. De manera acorde, creamos glosarios espec\u00edficos (por ejemplo para el sector de la biodiversidad)&nbsp;para cada organizaci\u00f3n con la que trabajamos, los cuales actualizamos y corregimos regularmente. Tenemos conocimiento profundo de todos los temas relacionados con las organizaciones internacionales, y por lo tanto podemos responder velozmente a los pedidos de nuestros clientes, al mismo tiempo que garantizamos cumplir con altos est\u00e1ndares de calidad. Prestar <a href=\"https:\/\/culturesconnection.com\/es\/servicios-de-traduccion\/\">servicios de traducciones<\/a> a organizaciones internacionales plantea un desaf\u00edo con respecto a la calidad y plazo de entrega, por lo cual es importante adoptar las mejores pr\u00e1cticas posibles; a su vez, estas pr\u00e1cticas se trasladan a nuestro trabajo en otras \u00e1reas de especializaci\u00f3n, como las&nbsp;<a href=\"https:\/\/culturesconnection.com\/es\/traduccion-financiera\/\">traducciones financieras<\/a>, <a href=\"https:\/\/culturesconnection.com\/es\/traduccion-juridica\/\">jur\u00eddicas&nbsp;<\/a>y <a href=\"https:\/\/culturesconnection.com\/es\/servicios-de-traduccion-cientifica\/\">cient\u00edficas<\/a>.<\/p>\n\n\n\n<h2 class=\"wp-block-heading\">Competencia y llamados a&nbsp;licitaci\u00f3n<\/h2>\n\n\n\n<p>Cada contrato para una organizaci\u00f3n internacional se distribuye luego de una solicitud de intereses y un llamado a licitaci\u00f3n. La competencia es muy dura, y muchas&nbsp;agencias de&nbsp;traducci\u00f3n&nbsp;se disputan estos contratos. Los llamados a licitaci\u00f3n plantean un desaf\u00edo a la calidad de nuestros procesos, nuestro equipo, y nuestra confiabilidad.&nbsp;Nuestra <a href=\"https:\/\/culturesconnection.com\/es\/\">empresa&nbsp;de traducci\u00f3n<\/a>&nbsp;trabaja desde 2007 para varias organizaciones internacionales, lo cual demuestra su capacidad de brindar servicios de alta calidad.<\/p>\n\n\n\n<h2 class=\"wp-block-heading\">Nuestras \u00faltimas traducciones para organizaciones internacionales<\/h2>\n\n\n\n<p><a href=\"https:\/\/culturesconnection.com\/es\/lista-de-proyectos\/\"><\/a>&nbsp;<a href=\"https:\/\/culturesconnection.com\/es\/lista-de-proyectos\/\">Encuentre m\u00e1s proyectos<\/a><\/p>\n\n\n\n<h2 class=\"wp-block-heading\">Nuestros otros servicios de traducci\u00f3n profesional<\/h2>\n\n\n\n<ul class=\"wp-block-list\">\n<li><a href=\"https:\/\/culturesconnection.com\/es\/interpretacion\/\">Servicios de interpretaci\u00f3n<\/a><\/li>\n\n\n\n<li><a href=\"https:\/\/culturesconnection.com\/es\/creacion-de-contenidos-web\/\">Redacci\u00f3n de contenidos web<\/a><\/li>\n<\/ul>\n","protected":false},"excerpt":{"rendered":"<p>Traducciones para organizaciones internacionales:una cuesti\u00f3n de conocimiento Nos especializamos en la traducci\u00f3n de documentos administrativos, financieros y legales e informes asociados con organizaciones internacionales: instituciones [&#8230;]<\/p>\n<p><a class=\"btn btn-secondary understrap-read-more-link\" href=\"https:\/\/culturesconnection.com\/es\/traduccion-organizaciones-internacionales\/\">Leer m\u00e1s&#8230;<span class=\"screen-reader-text\"> from Traducci\u00f3n para las Organizaciones Internacionales<\/span><\/a><\/p>\n","protected":false},"author":2,"featured_media":682,"parent":0,"menu_order":0,"comment_status":"closed","ping_status":"closed","template":"","meta":{"_acf_changed":false,"_editorskit_title_hidden":false,"_editorskit_reading_time":0,"_editorskit_is_block_options_detached":false,"_editorskit_block_options_position":"{}","footnotes":""},"class_list":["post-268","page","type-page","status-publish","has-post-thumbnail","hentry"],"acf":[],"_links":{"self":[{"href":"https:\/\/culturesconnection.com\/es\/wp-json\/wp\/v2\/pages\/268","targetHints":{"allow":["GET"]}}],"collection":[{"href":"https:\/\/culturesconnection.com\/es\/wp-json\/wp\/v2\/pages"}],"about":[{"href":"https:\/\/culturesconnection.com\/es\/wp-json\/wp\/v2\/types\/page"}],"author":[{"embeddable":true,"href":"https:\/\/culturesconnection.com\/es\/wp-json\/wp\/v2\/users\/2"}],"replies":[{"embeddable":true,"href":"https:\/\/culturesconnection.com\/es\/wp-json\/wp\/v2\/comments?post=268"}],"version-history":[{"count":0,"href":"https:\/\/culturesconnection.com\/es\/wp-json\/wp\/v2\/pages\/268\/revisions"}],"wp:featuredmedia":[{"embeddable":true,"href":"https:\/\/culturesconnection.com\/es\/wp-json\/wp\/v2\/media\/682"}],"wp:attachment":[{"href":"https:\/\/culturesconnection.com\/es\/wp-json\/wp\/v2\/media?parent=268"}],"curies":[{"name":"wp","href":"https:\/\/api.w.org\/{rel}","templated":true}]}}