{"id":259,"date":"2013-06-16T07:23:03","date_gmt":"2013-06-16T06:23:03","guid":{"rendered":"http:\/\/cultures.dev:8888\/?page_id=259"},"modified":"2024-09-27T00:27:58","modified_gmt":"2024-09-26T22:27:58","slug":"traduccion-juridica","status":"publish","type":"page","link":"https:\/\/culturesconnection.com\/es\/traduccion-juridica\/","title":{"rendered":"Traducci\u00f3n Jur\u00eddica"},"content":{"rendered":"\n<h2 class=\"wp-block-heading\">Traducci\u00f3n jur\u00eddica: experiencia y conocimiento<\/h2>\n\n\n\n<p>La traducci\u00f3n jur\u00eddica es un ejercicio intelectual complejo. Algunos conceptos jur\u00eddicos y t\u00e9rminos jur\u00eddicos no est\u00e1n compartidos por todos los pa\u00edses o todas las jurisdicciones y pueden no tener equivalentes. Un profundo conocimiento de las cuestiones legales relacionadas con los textos fuente y meta es por ello esencial, sin contar que cualquier error puede tener consecuencias graves, sobre todo en materia de derecho de sociedades. Huelga decir que en derecho, el idioma y su precisi\u00f3n son muy importantes.<\/p>\n\n\n\n<h2 class=\"wp-block-heading\">Nuestra agencia de traducci\u00f3n jur\u00eddica<\/h2>\n\n\n\n<p>Elegir nuestra <a href=\"https:\/\/culturesconnection.com\/es\/\">agencia de traducci\u00f3n jur\u00eddica<\/a> es la garant\u00eda de traducciones fiables, precisas y r\u00e1pidas. En Cultures Connection, contamos con vasta experiencia en la traducci\u00f3n de documentos legales muy diversos. Cumplimos rigurosamente con altos est\u00e1ndares de traducci\u00f3n de documentos legales. Para ello, le asignamos el trabajo solo a nuestro equipo de profesionales de traducci\u00f3n jur\u00eddica. Nuestros traductores y correctores tienen vasta experiencia en la industria legal, o recibieron una capacitaci\u00f3n especializada en traducci\u00f3n legal. Por ello, este tipo de <a href=\"https:\/\/culturesconnection.com\/es\/servicios-de-traduccion\/\">servicio de traducci\u00f3n<\/a> es generalmente m\u00e1s caro que cuando se trabaja sobre un texto menos complejo.<\/p>\n\n\n\n<h2 class=\"wp-block-heading\">Glosarios de terminolog\u00eda jur\u00eddica<\/h2>\n\n\n\n<p>Nuestro equipo de traductores legales crea y actualiza tambi\u00e9n glosarios de terminolog\u00eda legal. Para los clientes frecuentes, estos glosarios reflejan toda la&nbsp;terminolog\u00eda espec\u00edfica&nbsp;que requiere cada uno de ellos, para que cada traducci\u00f3n para el mismo cliente mantenga el mismo estilo.<\/p>\n\n\n\n<p>Le prestamos especial atenci\u00f3n a los detalles ling\u00fc\u00edsticos y legales, lo cual nos ha permitido establecer relaciones fuertes a largo plazo con firmas legales muy importantes, y con departamentos legales y de contratos de una cantidad creciente de empresas multinacionales.<\/p>\n\n\n\n<h2 class=\"wp-block-heading\">Servicios de traducci\u00f3n jur\u00eddica profesionales<\/h2>\n\n\n\n<p>Los documentos jur\u00eddicos que nuestra <a href=\"https:\/\/culturesconnection.com\/es\/agencia-de-traduccion\/\">empresa de traducci\u00f3n<\/a>&nbsp;traduce incluyen varios tipos de textos:<\/p>\n\n\n\n<ul class=\"wp-block-list\">\n<li>Contratos comerciales, contratos de venta, contratos de trabajo, contratos de distribuci\u00f3n<\/li>\n\n\n\n<li>Cl\u00e1usulas de no confidencialidad, clausulas de no competencia<\/li>\n\n\n\n<li>Condiciones generales<\/li>\n\n\n\n<li>Normas<\/li>\n\n\n\n<li>Presentaciones de denuncias<\/li>\n\n\n\n<li>Poderes<\/li>\n\n\n\n<li>Sucesi\u00f3n<\/li>\n\n\n\n<li>Procedimientos penales<\/li>\n\n\n\n<li>Demandas de divorcio<\/li>\n\n\n\n<li>Cartas de intenci\u00f3n<\/li>\n\n\n\n<li>Estatutos de sociedad<\/li>\n\n\n\n<li>Informes periciales\u2026<\/li>\n<\/ul>\n\n\n\n<h2 class=\"wp-block-heading\">Nuestras \u00faltimas traducciones jur\u00eddicas<\/h2>\n\n\n\n<ul class=\"wp-block-list\">\n<li><a href=\"https:\/\/culturesconnection.com\/es\/proyectos\/traduccion-urgente-frances-ingles-contrato-de-trabajo\/\">Traducci\u00f3n urgente franc\u00e9s ingl\u00e9s, contrato de trabajo<\/a><\/li>\n<\/ul>\n\n\n\n<p><a href=\"https:\/\/culturesconnection.com\/es\/lista-de-proyectos\/\"><\/a>&nbsp;<a href=\"https:\/\/culturesconnection.com\/es\/lista-de-proyectos\/\">Encuentre m\u00e1s proyectos<\/a><\/p>\n\n\n\n<h2 class=\"wp-block-heading\">Nuestros otros servicios de traducci\u00f3n profesional<\/h2>\n\n\n\n<ul class=\"wp-block-list\">\n<li><a href=\"https:\/\/culturesconnection.com\/es\/interpretacion\/\">Servicios de interpretaci\u00f3n<\/a><\/li>\n\n\n\n<li><a href=\"https:\/\/culturesconnection.com\/es\/creacion-de-contenidos-web\/\">Redacci\u00f3n de contenidos web<\/a><\/li>\n\n\n\n<li>Cursos de idiomas<\/li>\n<\/ul>\n","protected":false},"excerpt":{"rendered":"<p>Traducci\u00f3n jur\u00eddica: experiencia y conocimiento La traducci\u00f3n jur\u00eddica es un ejercicio intelectual complejo. Algunos conceptos jur\u00eddicos y t\u00e9rminos jur\u00eddicos no est\u00e1n compartidos por todos los [&#8230;]<\/p>\n<p><a class=\"btn btn-secondary understrap-read-more-link\" href=\"https:\/\/culturesconnection.com\/es\/traduccion-juridica\/\">Leer m\u00e1s&#8230;<span class=\"screen-reader-text\"> from Traducci\u00f3n Jur\u00eddica<\/span><\/a><\/p>\n","protected":false},"author":2,"featured_media":689,"parent":0,"menu_order":0,"comment_status":"closed","ping_status":"closed","template":"","meta":{"_acf_changed":false,"_editorskit_title_hidden":false,"_editorskit_reading_time":0,"_editorskit_is_block_options_detached":false,"_editorskit_block_options_position":"{}","footnotes":""},"class_list":["post-259","page","type-page","status-publish","has-post-thumbnail","hentry"],"acf":[],"_links":{"self":[{"href":"https:\/\/culturesconnection.com\/es\/wp-json\/wp\/v2\/pages\/259","targetHints":{"allow":["GET"]}}],"collection":[{"href":"https:\/\/culturesconnection.com\/es\/wp-json\/wp\/v2\/pages"}],"about":[{"href":"https:\/\/culturesconnection.com\/es\/wp-json\/wp\/v2\/types\/page"}],"author":[{"embeddable":true,"href":"https:\/\/culturesconnection.com\/es\/wp-json\/wp\/v2\/users\/2"}],"replies":[{"embeddable":true,"href":"https:\/\/culturesconnection.com\/es\/wp-json\/wp\/v2\/comments?post=259"}],"version-history":[{"count":0,"href":"https:\/\/culturesconnection.com\/es\/wp-json\/wp\/v2\/pages\/259\/revisions"}],"wp:featuredmedia":[{"embeddable":true,"href":"https:\/\/culturesconnection.com\/es\/wp-json\/wp\/v2\/media\/689"}],"wp:attachment":[{"href":"https:\/\/culturesconnection.com\/es\/wp-json\/wp\/v2\/media?parent=259"}],"curies":[{"name":"wp","href":"https:\/\/api.w.org\/{rel}","templated":true}]}}