{"id":20365,"date":"2020-06-02T08:39:08","date_gmt":"2020-06-02T07:39:08","guid":{"rendered":"http:\/\/culturesconnection.com\/?page_id=20365"},"modified":"2024-09-27T00:26:24","modified_gmt":"2024-09-26T22:26:24","slug":"servicios-de-traduccion-jurada","status":"publish","type":"page","link":"https:\/\/culturesconnection.com\/es\/servicios-de-traduccion-jurada\/","title":{"rendered":"Nuestros Servicios de Traducci\u00f3n Jurada"},"content":{"rendered":"\n<h2 class=\"wp-block-heading\" id=\"anchor\">Las caracter\u00edsticas de la traducci\u00f3n jurada<\/h2>\n\n\n\n<p>\u00bfDe qu\u00e9 hablamos cuando nos piden entregar una traducci\u00f3n jurada? Una traducci\u00f3n jurada, tambi\u00e9n conocida como traducci\u00f3n certificada, es aquella que presenta la firma y el sello de un traductor reconocido por los tribunales y las administraciones de gobierno de un determinado pa\u00eds. Es gracias a este aval oficial de la exactitud de la traducci\u00f3n respecto a un original que tiene la validez legal para ser presentada ante cualquier organismo p\u00fablico o privado.<\/p>\n\n\n\n<p>Puede ser un estatuto o un contrato profesional. Quiz\u00e1s se trate de una partida de nacimiento, un estado de cuenta bancario o un diploma acad\u00e9mico. Podr\u00eda estar destinada a la creaci\u00f3n de una empresa en otro pa\u00eds, a la obtenci\u00f3n de un permiso de residencia o a distintos tipos de licitaciones. Cualquiera sea el tipo de documento y el prop\u00f3sito de su presentaci\u00f3n, si el original contiene toda la informaci\u00f3n requerida para un procedimiento legal, su traducci\u00f3n jurada ser\u00e1 v\u00e1lida para la administraci\u00f3n correspondiente.<\/p>\n\n\n\n<p><a href=\"https:\/\/culturesconnection.com\/es\/agencia-de-traduccion-niza\/\">Cultures Connection trabaja en Niza<\/a> con una red de traductores oficiales para ofrecer servicios de traducci\u00f3n jurada o certificada de calidad, en el menor tiempo posible y al mejor precio.<\/p>\n\n\n\n<h2 class=\"wp-block-heading\" id=\"anchor\">\u00bfQu\u00e9 condiciones debe cumplir un traductor jurado?<\/h2>\n\n\n\n<p>No es posible ser un traductor jurado o perito traductor-int\u00e9rprete (ETI) si no se tiene un reconocimiento oficial del Poder Judicial de un pa\u00eds. En Francia, por ejemplo, cumplen esta funci\u00f3n los Tribunales de Primera Instancia (TPI) de cada ciudad.<\/p>\n\n\n\n<p>Cada naci\u00f3n tiene sus condiciones para nombrar traductores jurados, aunque por regla general un traductor jurado debe ser una persona f\u00edsica con un diploma oficial de traductor profesional que acredite una formaci\u00f3n universitaria de al menos cinco a\u00f1os. Otros dos requisitos fundamentales para el caso del Estado franc\u00e9s son ser mayor de edad y no tener antecedentes penales. La experiencia laboral y la combinaci\u00f3n de idiomas que se manejen tambi\u00e9n resultan claves sin ser excluyentes.<\/p>\n\n\n\n<p>El traductor profesional que obtenga el t\u00edtulo de traductor jurado aparecer\u00e1 en un listado de expertos confeccionado de manera oficial por el Poder Judicial y tendr\u00e1 la autoridad de traducir documentos con una certificaci\u00f3n reconocida por instancias administrativas y judiciales.<\/p>\n\n\n\n<h2 class=\"wp-block-heading\" id=\"anchor\">\u00bfPor qu\u00e9 realizar una traducci\u00f3n jurada en Niza con Cultures Connection?<\/h2>\n\n\n\n<p><a href=\"https:\/\/culturesconnection.com\/es\/\">Cultures Connection<\/a> sabe de la urgencia que supone entregar una traducci\u00f3n jurada o certificada para un tr\u00e1mite legal con fechas l\u00edmite, porque trabaja hace a\u00f1os con profesionales y particulares de las m\u00e1s variadas industrias.<\/p>\n\n\n\n<p>Desde Niza, en la Costa Azul, estamos asociados con traductores jurados reconocidos por los Tribunales de Primera Instancia de Francia. Los elegimos en base a los idiomas requeridos, a la experiencia en el sector al que pertenezca nuestro cliente o est\u00e9 destinado el proyecto y a los tiempos de entrega.<\/p>\n\n\n\n<p>Nuestros directores de proyectos mantienen un contacto fluido con nuestros clientes y traductores jurados, al disponer de una amplia disponibilidad horaria. Como la traducci\u00f3n jurada implica dominar un lenguaje t\u00e9cnico muy preciso, garantizan que las traducciones cumplan con estos altos est\u00e1ndares de calidad y con la informaci\u00f3n exacta necesaria para su correcta tramitaci\u00f3n.<\/p>\n\n\n\n<p>Le ofreceremos el mejor presupuesto en base al <a href=\"https:\/\/culturesconnection.com\/es\/traductor-profesional\/\">par de idiomas requerido<\/a>, la extensi\u00f3n de los documentos, el <a href=\"https:\/\/culturesconnection.com\/es\/servicios-de-traduccion\/\">tipo de traducci\u00f3n<\/a> y el plazo de entrega solicitado.<\/p>\n\n\n\n<p>\u00bfQuiere un servicio de traducci\u00f3n jurada que sea v\u00e1lida ante las administraciones de Francia? Cultures Connection es su mejor elecci\u00f3n.<\/p>\n","protected":false},"excerpt":{"rendered":"<p>Las caracter\u00edsticas de la traducci\u00f3n jurada \u00bfDe qu\u00e9 hablamos cuando nos piden entregar una traducci\u00f3n jurada? Una traducci\u00f3n jurada, tambi\u00e9n conocida como traducci\u00f3n certificada, es [&#8230;]<\/p>\n<p><a class=\"btn btn-secondary understrap-read-more-link\" href=\"https:\/\/culturesconnection.com\/es\/servicios-de-traduccion-jurada\/\">Leer m\u00e1s&#8230;<span class=\"screen-reader-text\"> from Nuestros Servicios de Traducci\u00f3n Jurada<\/span><\/a><\/p>\n","protected":false},"author":52,"featured_media":0,"parent":0,"menu_order":0,"comment_status":"closed","ping_status":"closed","template":"","meta":{"_acf_changed":false,"_editorskit_title_hidden":false,"_editorskit_reading_time":0,"_editorskit_is_block_options_detached":false,"_editorskit_block_options_position":"{}","footnotes":""},"class_list":["post-20365","page","type-page","status-publish","hentry"],"acf":[],"_links":{"self":[{"href":"https:\/\/culturesconnection.com\/es\/wp-json\/wp\/v2\/pages\/20365","targetHints":{"allow":["GET"]}}],"collection":[{"href":"https:\/\/culturesconnection.com\/es\/wp-json\/wp\/v2\/pages"}],"about":[{"href":"https:\/\/culturesconnection.com\/es\/wp-json\/wp\/v2\/types\/page"}],"author":[{"embeddable":true,"href":"https:\/\/culturesconnection.com\/es\/wp-json\/wp\/v2\/users\/52"}],"replies":[{"embeddable":true,"href":"https:\/\/culturesconnection.com\/es\/wp-json\/wp\/v2\/comments?post=20365"}],"version-history":[{"count":0,"href":"https:\/\/culturesconnection.com\/es\/wp-json\/wp\/v2\/pages\/20365\/revisions"}],"wp:attachment":[{"href":"https:\/\/culturesconnection.com\/es\/wp-json\/wp\/v2\/media?parent=20365"}],"curies":[{"name":"wp","href":"https:\/\/api.w.org\/{rel}","templated":true}]}}