{"id":13957,"date":"2020-01-06T18:04:42","date_gmt":"2020-01-06T17:04:42","guid":{"rendered":"http:\/\/culturesconnection.com\/?page_id=13957"},"modified":"2022-06-25T03:43:58","modified_gmt":"2022-06-25T01:43:58","slug":"traduccion-juridica-griego","status":"publish","type":"page","link":"https:\/\/culturesconnection.com\/es\/servicios-de-traduccion-de-griego\/traduccion-juridica-griego\/","title":{"rendered":"Traducci\u00f3n jur\u00eddica de griego"},"content":{"rendered":"\n<h2 class=\"wp-block-heading\">La traducci\u00f3n jur\u00eddica griego-espa\u00f1ol: precisi\u00f3n terminol\u00f3gica<\/h2>\n\n\n\n<p><a href=\"https:\/\/culturesconnection.com\/es\/traduccion-juridica\/\">La traducci\u00f3n jur\u00eddica<\/a> se caracteriza por constar de una terminolog\u00eda muy precisa que es muy importante conocer a la perfecci\u00f3n. En efecto, los conceptos jur\u00eddicos pueden variar de una cultura a otra y, a veces, puede que no exista un equivalente entre la lengua fuente y la lengua meta. Por esta raz\u00f3n, es esencial que conf\u00ede sus traducciones jur\u00eddicas de griego a traductores profesionales que dominan totalmente el vocabulario exacto y comprenden los aspectos legales de sus proyectos para ser capaces de efectuar servicios de traducci\u00f3n de la mejor calidad posible.&nbsp;<\/p>\n\n\n\n<h2 class=\"wp-block-heading\">Nuestra agencia de traducci\u00f3n jur\u00eddica<\/h2>\n\n\n\n<p>Gracias a la amplia experiencia de <a href=\"https:\/\/culturesconnection.com\/es\/\">nuestra agencia de traducci\u00f3n<\/a> en el \u00e1mbito jur\u00eddico, le aseguramos que obtendr\u00e1 traducciones r\u00e1pidas, fieles y precisas. En Cultures Connection le damos mucha importancia al rigor y la exactitud de sus productos, por ello solamente seleccionamos a traductores profesionales especializados en el sector jur\u00eddico que pueden demostrar experiencia concreta en el \u00e1mbito como abogados o juristas, o que han realizado una formaci\u00f3n jur\u00eddica para aprender todos los t\u00e9rminos y conceptos empleados. Todos nuestros colaboradores poseen un nivel excelente de lenguas, tanto en espa\u00f1ol como en griego, y traducen \u00fanicamente hacia su lengua materna, todo esto con el fin de proponer a nuestros clientes servicios de traducci\u00f3n de calidad y al mejor precio.<\/p>\n\n\n\n<h2 class=\"wp-block-heading\">Traducci\u00f3n de documentos jur\u00eddicos de griego<\/h2>\n\n\n\n<p>A continuaci\u00f3n, le presentamos varios ejemplos de&nbsp;<a href=\"https:\/\/culturesconnection.com\/es\/traduccion-juridica\/\">documentos legales<\/a>&nbsp;que nuestra agencia ya ha traducido con anterioridad:<\/p>\n\n\n\n<ul class=\"wp-block-list\"><li>Contratos de distribuci\u00f3n, de venta y de trabajo<\/li><li>Presentaci\u00f3n de denuncias<\/li><li>Procedimientos judiciales<\/li><li>T\u00e9rminos y condiciones<\/li><li>Informes periciales<\/li><li>Normativas<\/li><li>Documentos de tramitaci\u00f3n hereditaria<\/li><li>Demandas de divorcio<\/li><li>Cl\u00e1usulas de no competencia y acuerdos de confidencialidad<\/li><li>Cartas de intenci\u00f3n<\/li><li>Poderes<\/li><li>Levantamientos judiciales<\/li><li>Estatutos de sociedad<\/li><\/ul>\n\n\n\n<h3 class=\"wp-block-heading\">&nbsp;Traducciones jur\u00eddicas en todos los idiomas<\/h3>\n\n\n\n<ul class=\"wp-block-list\"><li><a href=\"https:\/\/culturesconnection.com\/es\/traduccion-juridica-de-ingles\/\">Traducci\u00f3n jur\u00eddica de ingl\u00e9s<\/a><\/li><li><a href=\"https:\/\/culturesconnection.com\/es\/traduccion-juridica-de-frances\/\">Traducci\u00f3n jur\u00eddica de franc\u00e9s<\/a><\/li><li><a href=\"https:\/\/culturesconnection.com\/es\/servicios-de-traduccion-juridica-de-aleman\/\">Traducci\u00f3n jur\u00eddica de alem\u00e1n<\/a><\/li><li><a href=\"https:\/\/culturesconnection.com\/es\/servicios-de-traduccion-juridica-de-chino\/\">Traducci\u00f3n jur\u00eddica de chino<\/a><\/li><li><a href=\"https:\/\/culturesconnection.com\/es\/traduccion-juridica-de-arabe\/\">Traducci\u00f3n jur\u00eddica de \u00e1rabe<\/a><\/li><li><a href=\"https:\/\/culturesconnection.com\/es\/traduccion-juridica-de-portugues\/\">Traducci\u00f3n jur\u00eddica de portugu\u00e9s<\/a><\/li><li><a href=\"https:\/\/culturesconnection.com\/es\/servicios-de-traduccion-juridica-de-italiano\/\">Traducci\u00f3n jur\u00eddica de italiano<\/a><\/li><li><a href=\"https:\/\/culturesconnection.com\/es\/traduccion-juridica-de-neerlandes\/\">Traducci\u00f3n jur\u00eddica de neerland\u00e9s<\/a><\/li><li><a href=\"https:\/\/culturesconnection.com\/es\/traduccion-juridica-de-turco\/\">Traducci\u00f3n jur\u00eddica de turco<\/a><\/li><li><a href=\"https:\/\/culturesconnection.com\/es\/traduccion-juridica-de-japones\/\">Traducci\u00f3n jur\u00eddica de japon\u00e9s<\/a><\/li><li><a href=\"https:\/\/culturesconnection.com\/es\/traduccion-juridica-de-ruso\/\">Traducci\u00f3n jur\u00eddica de ruso<\/a><\/li><\/ul>\n","protected":false},"excerpt":{"rendered":"<p>La traducci\u00f3n jur\u00eddica griego-espa\u00f1ol: precisi\u00f3n terminol\u00f3gica La traducci\u00f3n jur\u00eddica se caracteriza por constar de una terminolog\u00eda muy precisa que es muy importante conocer a la [&#8230;]<\/p>\n<p><a class=\"btn btn-secondary understrap-read-more-link\" href=\"https:\/\/culturesconnection.com\/es\/servicios-de-traduccion-de-griego\/traduccion-juridica-griego\/\">Leer m\u00e1s&#8230;<span class=\"screen-reader-text\"> from Traducci\u00f3n jur\u00eddica de griego<\/span><\/a><\/p>\n","protected":false},"author":53,"featured_media":24337,"parent":10979,"menu_order":0,"comment_status":"closed","ping_status":"closed","template":"","meta":{"_acf_changed":false,"_editorskit_title_hidden":false,"_editorskit_reading_time":0,"_editorskit_is_block_options_detached":false,"_editorskit_block_options_position":"{}","footnotes":""},"class_list":["post-13957","page","type-page","status-publish","has-post-thumbnail","hentry"],"acf":[],"_links":{"self":[{"href":"https:\/\/culturesconnection.com\/es\/wp-json\/wp\/v2\/pages\/13957","targetHints":{"allow":["GET"]}}],"collection":[{"href":"https:\/\/culturesconnection.com\/es\/wp-json\/wp\/v2\/pages"}],"about":[{"href":"https:\/\/culturesconnection.com\/es\/wp-json\/wp\/v2\/types\/page"}],"author":[{"embeddable":true,"href":"https:\/\/culturesconnection.com\/es\/wp-json\/wp\/v2\/users\/53"}],"replies":[{"embeddable":true,"href":"https:\/\/culturesconnection.com\/es\/wp-json\/wp\/v2\/comments?post=13957"}],"version-history":[{"count":0,"href":"https:\/\/culturesconnection.com\/es\/wp-json\/wp\/v2\/pages\/13957\/revisions"}],"up":[{"embeddable":true,"href":"https:\/\/culturesconnection.com\/es\/wp-json\/wp\/v2\/pages\/10979"}],"wp:featuredmedia":[{"embeddable":true,"href":"https:\/\/culturesconnection.com\/es\/wp-json\/wp\/v2\/media\/24337"}],"wp:attachment":[{"href":"https:\/\/culturesconnection.com\/es\/wp-json\/wp\/v2\/media?parent=13957"}],"curies":[{"name":"wp","href":"https:\/\/api.w.org\/{rel}","templated":true}]}}