{"id":13953,"date":"2020-01-06T17:40:38","date_gmt":"2020-01-06T16:40:38","guid":{"rendered":"http:\/\/culturesconnection.com\/?page_id=13953"},"modified":"2022-06-25T03:44:24","modified_gmt":"2022-06-25T01:44:24","slug":"traduccion-cientifica-de-griego","status":"publish","type":"page","link":"https:\/\/culturesconnection.com\/es\/servicios-de-traduccion-de-griego\/traduccion-cientifica-de-griego\/","title":{"rendered":"Traducci\u00f3n cient\u00edfica de griego"},"content":{"rendered":"\n<h2 class=\"wp-block-heading\">EXPERTOS EN TRADUCCI\u00d3N CIENT\u00cdFICA GRIEGO-ESPA\u00d1OL A SU SERVICIO<\/h2>\n\n\n\n<p>La <a href=\"https:\/\/culturesconnection.com\/es\/traduccion-cientifica\/\">traducci\u00f3n cient\u00edfica<\/a> representa un gran desaf\u00edo debido a la complejidad y tecnicidad del vocabulario empleado. En efecto, el traductor experto debe conocer todos los t\u00e9rminos t\u00e9cnicos en los dos idiomas para ser capaz de traducir un documento cient\u00edfico. Y no tiene margen de error, ya que las consecuencias pueden llegar a convertirse en dram\u00e1ticas. El traductor cient\u00edfico tambi\u00e9n est\u00e1 especializado generalmente en uno o varios subdominios como, por ejemplo, la microbiolog\u00eda, las neurociencias o la inform\u00e1tica. Esto le garantiza unos servicios de traducci\u00f3n de griego precisos, rigurosos y de calidad.<\/p>\n\n\n\n<h2 class=\"wp-block-heading\">NUESTRA AGENCIA DE TRADUCCI\u00d3N<\/h2>\n\n\n\n<p>Nuestra agencia de traducci\u00f3n, que posee una amplia experiencia en el \u00e1mbito de la traducci\u00f3n cient\u00edfica, le propone prestaciones de gran calidad y, ante todo, de una gran precisi\u00f3n. En Cultures Connection podemos estar orgullosos de escoger a traductores competentes que pueden demostrar una amplia experiencia en el campo y un excelente nivel ling\u00fc\u00edstico, tanto en su lengua materna como en su segunda lengua. Todos nuestros traductores est\u00e1n especializados en su \u00e1mbito para que sus traducciones sean lo m\u00e1s fieles posibles. Conf\u00ede en <a href=\"https:\/\/culturesconnection.com\/es\/\">nuestra agencia de traducci\u00f3n<\/a> para sus pr\u00f3ximas traducciones cient\u00edficas de griego.<\/p>\n\n\n\n<h2 class=\"wp-block-heading\">SUS DOCUMENTOS CIENT\u00cdFICOS DE GRIEGO<\/h2>\n\n\n\n<p>Traducimos muchos tipos de&nbsp;<a href=\"https:\/\/culturesconnection.com\/es\/traduccion-cientifica\/\">documentos<\/a>&nbsp;desde y hacia el griego. A continuaci\u00f3n, le presentamos una breve lista de proyectos en los que trabajamos a diario:<\/p>\n\n\n\n<ul class=\"wp-block-list\"><li>L\u00e9xicos, enciclopedias cient\u00edficas y glosarios<\/li><li>Documentos t\u00e9cnicos y art\u00edculos de investigaci\u00f3n<\/li><li>Manuales del operario y de usuario<\/li><li>Ensayos de laboratorio, procedimientos de ensayos<\/li><li>Documentos jur\u00eddicos, patentes y directivas<\/li><li>Pliegos de condiciones<\/li><li>Proyectos y estudios de mercado multipa\u00eds<\/li><li>Programas de simulaci\u00f3n (biotecnolog\u00eda, medio ambiente, rehabilitaci\u00f3n de \u00e1reas industriales)<\/li><li>Presentaciones multimedia y v\u00eddeos<\/li><li>Traducci\u00f3n y localizaci\u00f3n de p\u00e1ginas web<\/li><li>Traducci\u00f3n de instrucciones t\u00e9cnicas, presentaciones de congreso<\/li><\/ul>\n\n\n\n<h3 class=\"wp-block-heading\">&nbsp;Traducciones cient\u00edficas en todos los idiomas<\/h3>\n\n\n\n<ul class=\"wp-block-list\"><li><a href=\"https:\/\/culturesconnection.com\/es\/traduccion-cientifica-de-ingles\/\">Traducci\u00f3n cient\u00edfica de ingl\u00e9s<\/a><\/li><li><a href=\"https:\/\/culturesconnection.com\/es\/traduccion-cientifica-de-aleman\/\">Traducci\u00f3n cient\u00edfica de alem\u00e1n<\/a><\/li><li><a href=\"https:\/\/culturesconnection.com\/es\/servicios-de-traduccion-cientifica-de-chino\/\">Traducci\u00f3n cient\u00edfica de chino<\/a><\/li><li><a href=\"https:\/\/culturesconnection.com\/es\/traduccion-cientifica-de-arabe\/\">Traducci\u00f3n cient\u00edfica de \u00e1rabe<\/a><\/li><li><a href=\"https:\/\/culturesconnection.com\/es\/traduccion-cientifica-de-portugues\/\">Traducci\u00f3n cient\u00edfica de portugu\u00e9s<\/a><\/li><li><a href=\"https:\/\/culturesconnection.com\/es\/traduccion-cientifica-de-italiano\/\">Traducci\u00f3n cient\u00edfica de italiano<\/a><\/li><li><a href=\"https:\/\/culturesconnection.com\/es\/traduccion-cientifica-de-neerlandes\/\">Traducci\u00f3n cient\u00edfica de neerland\u00e9s<\/a><\/li><li><a href=\"https:\/\/culturesconnection.com\/es\/traduccion-cientifica-de-turco\/\">Traducci\u00f3n cient\u00edfica de turco<\/a><\/li><li><a href=\"https:\/\/culturesconnection.com\/es\/traduccion-cientifica-de-japones\/\">Traducci\u00f3n cient\u00edfica de japon\u00e9s<\/a><\/li><li><a href=\"https:\/\/culturesconnection.com\/es\/traduccion-cientifica-de-ruso\/\">Traducci\u00f3n cient\u00edfica de ruso<\/a><\/li><\/ul>\n","protected":false},"excerpt":{"rendered":"<p>EXPERTOS EN TRADUCCI\u00d3N CIENT\u00cdFICA GRIEGO-ESPA\u00d1OL A SU SERVICIO La traducci\u00f3n cient\u00edfica representa un gran desaf\u00edo debido a la complejidad y tecnicidad del vocabulario empleado. En [&#8230;]<\/p>\n<p><a class=\"btn btn-secondary understrap-read-more-link\" href=\"https:\/\/culturesconnection.com\/es\/servicios-de-traduccion-de-griego\/traduccion-cientifica-de-griego\/\">Leer m\u00e1s&#8230;<span class=\"screen-reader-text\"> from Traducci\u00f3n cient\u00edfica de griego<\/span><\/a><\/p>\n","protected":false},"author":53,"featured_media":24337,"parent":10979,"menu_order":0,"comment_status":"closed","ping_status":"closed","template":"","meta":{"_acf_changed":false,"_editorskit_title_hidden":false,"_editorskit_reading_time":0,"_editorskit_is_block_options_detached":false,"_editorskit_block_options_position":"{}","footnotes":""},"class_list":["post-13953","page","type-page","status-publish","has-post-thumbnail","hentry"],"acf":[],"_links":{"self":[{"href":"https:\/\/culturesconnection.com\/es\/wp-json\/wp\/v2\/pages\/13953","targetHints":{"allow":["GET"]}}],"collection":[{"href":"https:\/\/culturesconnection.com\/es\/wp-json\/wp\/v2\/pages"}],"about":[{"href":"https:\/\/culturesconnection.com\/es\/wp-json\/wp\/v2\/types\/page"}],"author":[{"embeddable":true,"href":"https:\/\/culturesconnection.com\/es\/wp-json\/wp\/v2\/users\/53"}],"replies":[{"embeddable":true,"href":"https:\/\/culturesconnection.com\/es\/wp-json\/wp\/v2\/comments?post=13953"}],"version-history":[{"count":0,"href":"https:\/\/culturesconnection.com\/es\/wp-json\/wp\/v2\/pages\/13953\/revisions"}],"up":[{"embeddable":true,"href":"https:\/\/culturesconnection.com\/es\/wp-json\/wp\/v2\/pages\/10979"}],"wp:featuredmedia":[{"embeddable":true,"href":"https:\/\/culturesconnection.com\/es\/wp-json\/wp\/v2\/media\/24337"}],"wp:attachment":[{"href":"https:\/\/culturesconnection.com\/es\/wp-json\/wp\/v2\/media?parent=13953"}],"curies":[{"name":"wp","href":"https:\/\/api.w.org\/{rel}","templated":true}]}}