{"id":13946,"date":"2020-01-07T11:34:22","date_gmt":"2020-01-07T10:34:22","guid":{"rendered":"http:\/\/culturesconnection.com\/?page_id=13946"},"modified":"2022-06-25T03:44:48","modified_gmt":"2022-06-25T01:44:48","slug":"traduccion-comercial-de-griego","status":"publish","type":"page","link":"https:\/\/culturesconnection.com\/es\/servicios-de-traduccion-de-griego\/traduccion-comercial-de-griego\/","title":{"rendered":"Traducci\u00f3n comercial de griego"},"content":{"rendered":"\n<h2 class=\"wp-block-heading\">Traducci\u00f3n comercial espa\u00f1ol-franc\u00e9s: una decisi\u00f3n estrat\u00e9gica<\/h2>\n\n\n\n<p>\u00bfTiene documentos comerciales que traducir al griego y no sabe a qui\u00e9n acudir? Ya puede dejar de buscar, Cultures Connection tiene la soluci\u00f3n a sus problemas. <a href=\"https:\/\/culturesconnection.com\/es\/traduccion-comercial\/\">La traducci\u00f3n comercial<\/a> es muy importante, especialmente si desea ampliar sus relaciones comerciales. Cuando presenta documentos en el idioma de sus futuros socios, la diferencia es notable en t\u00e9rminos de persuasi\u00f3n y de \u00e9xito. Pero para ello, debe acudir a traductores especializados en traducci\u00f3n comercial que conozcan a la perfecci\u00f3n las sutilezas de su campo. En efecto, el aspecto cultural es muy importante en este \u00e1mbito y debe tenerse en cuenta a la hora de realizar traducciones con el fin de evitar equ\u00edvocos. Para ello, conf\u00ede sus documentos a nuestra agencia de traducci\u00f3n.<\/p>\n\n\n\n<h2 class=\"wp-block-heading\">Nuestra agencia de traducci\u00f3n<\/h2>\n\n\n\n<p>En Cultures Connection, proponemos servicios de traducci\u00f3n realizados \u00fanicamente por especialistas ling\u00fc\u00edsticos que conocen todos los entresijos de su trabajo y de su especialidad. Nuestros traductores experimentados de griego poseen una amplia experiencia adquirida sobre el terreno, la mayor\u00eda de las veces en una empresa especializada. Lo m\u00e1s importante para nosotros es recurrir a traductores nativos capaces de conocer las variedades culturales de su propio pa\u00eds, pa\u00eds al que pertenecen tambi\u00e9n sus posibles socios comerciales. Por todas estas razones deber\u00eda escoger <a href=\"https:\/\/culturesconnection.com\/es\/\">nuestra agencia de traducci\u00f3n<\/a> para obtener servicios fiables, de calidad y a precios competitivos.<\/p>\n\n\n\n<h2 class=\"wp-block-heading\">SUS DOCUMENTOS COMERCIALES DE GRIEGO<\/h2>\n\n\n\n<p>A continuaci\u00f3n encontrar\u00e1 una lista que incluye todos los documentos comerciales que Cultures Connection traduce al griego:<\/p>\n\n\n\n<ul class=\"wp-block-list\"><li>Folletos<\/li><li>Panfletos<\/li><li>Tarjetas de presentaci\u00f3n<\/li><li>Comunicados<\/li><li>Campa\u00f1as<\/li><li>P\u00e1ginas web<\/li><li>Cat\u00e1logos<\/li><li>Presentaciones<\/li><li>Material publicitario<\/li><li>Estudios de mercado<\/li><li>Cartas comerciales<\/li><li>Libros blancos<\/li><li>Publicidad<\/li><\/ul>\n\n\n\n<h3 class=\"wp-block-heading\">&nbsp;Traducci\u00f3n comercial en todos los idiomas<\/h3>\n\n\n\n<ul class=\"wp-block-list\"><li><a href=\"https:\/\/culturesconnection.com\/es\/traduccion-comercial-de-ingles\/\">Traducci\u00f3n comercial de ingl\u00e9s<\/a><\/li><li><a href=\"https:\/\/culturesconnection.com\/es\/traduccion-comercial-de-frances\/\">Traducci\u00f3n comercial de franc\u00e9s<\/a><\/li><li><a href=\"https:\/\/culturesconnection.com\/es\/traduccion-comercial-al-aleman\/\">Traducci\u00f3n comercial de alem\u00e1n<\/a><\/li><li><a href=\"https:\/\/culturesconnection.com\/es\/servicios-de-traduccion-comercial-de-chino\/\">Traducci\u00f3n comercial de chino<\/a><\/li><li><a href=\"https:\/\/culturesconnection.com\/es\/traduccion-comercial-al-arabe\/\">Traducci\u00f3n comercial de \u00e1rabe<\/a><\/li><li><a href=\"https:\/\/culturesconnection.com\/es\/traduccion-comercial-de-portugues\/\">Traducci\u00f3n comercial de portugu\u00e9s<\/a><\/li><li><a href=\"https:\/\/culturesconnection.com\/es\/traduccion-comercial-de-neerlandes\/\">Traducci\u00f3n comercial de neerland\u00e9s<\/a><\/li><li><a href=\"https:\/\/culturesconnection.com\/es\/traduccion-comercial-de-turco\/\">Traducci\u00f3n comercial de turco<\/a><\/li><li><a href=\"https:\/\/culturesconnection.com\/es\/traduccion-comercial-de-japones\/\">Traducci\u00f3n comercial de japon\u00e9s<\/a><\/li><li><a href=\"https:\/\/culturesconnection.com\/es\/traduccion-comercial-de-ruso\/\">Traducci\u00f3n comercial de ruso<\/a><\/li><\/ul>\n","protected":false},"excerpt":{"rendered":"<p>Traducci\u00f3n comercial espa\u00f1ol-franc\u00e9s: una decisi\u00f3n estrat\u00e9gica \u00bfTiene documentos comerciales que traducir al griego y no sabe a qui\u00e9n acudir? Ya puede dejar de buscar, Cultures [&#8230;]<\/p>\n<p><a class=\"btn btn-secondary understrap-read-more-link\" href=\"https:\/\/culturesconnection.com\/es\/servicios-de-traduccion-de-griego\/traduccion-comercial-de-griego\/\">Leer m\u00e1s&#8230;<span class=\"screen-reader-text\"> from Traducci\u00f3n comercial de griego<\/span><\/a><\/p>\n","protected":false},"author":53,"featured_media":0,"parent":10979,"menu_order":0,"comment_status":"closed","ping_status":"closed","template":"","meta":{"_acf_changed":false,"_editorskit_title_hidden":false,"_editorskit_reading_time":0,"_editorskit_is_block_options_detached":false,"_editorskit_block_options_position":"{}","footnotes":""},"class_list":["post-13946","page","type-page","status-publish","hentry"],"acf":[],"_links":{"self":[{"href":"https:\/\/culturesconnection.com\/es\/wp-json\/wp\/v2\/pages\/13946","targetHints":{"allow":["GET"]}}],"collection":[{"href":"https:\/\/culturesconnection.com\/es\/wp-json\/wp\/v2\/pages"}],"about":[{"href":"https:\/\/culturesconnection.com\/es\/wp-json\/wp\/v2\/types\/page"}],"author":[{"embeddable":true,"href":"https:\/\/culturesconnection.com\/es\/wp-json\/wp\/v2\/users\/53"}],"replies":[{"embeddable":true,"href":"https:\/\/culturesconnection.com\/es\/wp-json\/wp\/v2\/comments?post=13946"}],"version-history":[{"count":0,"href":"https:\/\/culturesconnection.com\/es\/wp-json\/wp\/v2\/pages\/13946\/revisions"}],"up":[{"embeddable":true,"href":"https:\/\/culturesconnection.com\/es\/wp-json\/wp\/v2\/pages\/10979"}],"wp:attachment":[{"href":"https:\/\/culturesconnection.com\/es\/wp-json\/wp\/v2\/media?parent=13946"}],"curies":[{"name":"wp","href":"https:\/\/api.w.org\/{rel}","templated":true}]}}